{"id":19084,"date":"2024-04-23T15:46:34","date_gmt":"2024-04-23T13:46:34","guid":{"rendered":"https:\/\/www.dmd.eu\/?post_type=product&#038;p=19084"},"modified":"2026-04-08T17:02:05","modified_gmt":"2026-04-08T15:02:05","slug":"yellow-retro","status":"publish","type":"product","link":"https:\/\/dmd.eu\/es\/prodotto\/cascos-jet\/cascos-retro\/yellow-retro\/","title":{"rendered":"YELLOW"},"content":{"rendered":"<p>El <strong>casco jet Retro Yellow<\/strong> se distingue por su color amarillo brillante con un efecto brillante. Introducido en 1975, este color naci\u00f3 en oposici\u00f3n al blanco de los cascos est\u00e1ndar y cambi\u00f3 por completo la tendencia de la \u00e9poca. Un casco que no pasa desapercibido, apto para el motorista de car\u00e1cter alegre.<\/p>\n","protected":false},"excerpt":{"rendered":"<p>El casco jet Retro Yellow se distingue por su color amarillo brillante con un efecto brillante. Introducido en 1975, este color naci\u00f3 en oposici\u00f3n al blanco de los cascos est\u00e1ndar y cambi\u00f3 por completo la tendencia de la \u00e9poca. Un casco que no pasa desapercibido, apto para el motorista de car\u00e1cter alegre.<\/p>\n","protected":false},"featured_media":42184,"comment_status":"closed","ping_status":"closed","template":"","meta":{"_acf_changed":false},"product_brand":[],"product_cat":[458,459],"product_tag":[],"giftcard-category":[],"class_list":{"0":"post-19084","1":"product","2":"type-product","3":"status-publish","4":"has-post-thumbnail","6":"product_cat-cascos-jet","7":"product_cat-cascos-retro","9":"first","10":"instock","11":"taxable","12":"shipping-taxable","13":"purchasable","14":"product-type-variable"},"acf":[],"jetpack_sharing_enabled":true,"_links":{"self":[{"href":"https:\/\/dmd.eu\/es\/wp-json\/wp\/v2\/product\/19084","targetHints":{"allow":["GET"]}}],"collection":[{"href":"https:\/\/dmd.eu\/es\/wp-json\/wp\/v2\/product"}],"about":[{"href":"https:\/\/dmd.eu\/es\/wp-json\/wp\/v2\/types\/product"}],"replies":[{"embeddable":true,"href":"https:\/\/dmd.eu\/es\/wp-json\/wp\/v2\/comments?post=19084"}],"wp:featuredmedia":[{"embeddable":true,"href":"https:\/\/dmd.eu\/es\/wp-json\/wp\/v2\/media\/42184"}],"wp:attachment":[{"href":"https:\/\/dmd.eu\/es\/wp-json\/wp\/v2\/media?parent=19084"}],"wp:term":[{"taxonomy":"product_brand","embeddable":true,"href":"https:\/\/dmd.eu\/es\/wp-json\/wp\/v2\/product_brand?post=19084"},{"taxonomy":"product_cat","embeddable":true,"href":"https:\/\/dmd.eu\/es\/wp-json\/wp\/v2\/product_cat?post=19084"},{"taxonomy":"product_tag","embeddable":true,"href":"https:\/\/dmd.eu\/es\/wp-json\/wp\/v2\/product_tag?post=19084"},{"taxonomy":"giftcard-category","embeddable":true,"href":"https:\/\/dmd.eu\/es\/wp-json\/wp\/v2\/giftcard-category?post=19084"}],"curies":[{"name":"wp","href":"https:\/\/api.w.org\/{rel}","templated":true}]}}