{"id":19011,"date":"2024-04-23T15:21:27","date_gmt":"2024-04-23T13:21:27","guid":{"rendered":"https:\/\/www.dmd.eu\/?post_type=product&#038;p=19011"},"modified":"2026-01-21T12:39:17","modified_gmt":"2026-01-21T11:39:17","slug":"caffe-retro","status":"publish","type":"product","link":"https:\/\/dmd.eu\/es\/prodotto\/cascos-jet\/cascos-retro\/caffe-retro\/","title":{"rendered":"CAFF\u00c8"},"content":{"rendered":"<p>El <strong>casco jet Retro Caff\u00e8<\/strong>\u00a0est\u00e1 fabricado en color &#8220;caf\u00e9&#8221; con acabado mate. La sencillez de este modelo lo convierte en un accesorio perfecto para combinar con tu moto, ya sea Custom,<br \/>\nVintage o Caf\u00e9 Racer. Tambi\u00e9n es un modelo ideal para el motorista que busca un casco c\u00f3modo, peque\u00f1o, seguro y original.<\/p>\n","protected":false},"excerpt":{"rendered":"<p>El casco jet Retro Caff\u00e8\u00a0est\u00e1 fabricado en color &#8220;caf\u00e9&#8221; con acabado mate. La sencillez de este modelo lo convierte en un accesorio perfecto para combinar con tu moto, ya sea Custom, Vintage o Caf\u00e9 Racer. Tambi\u00e9n es un modelo ideal para el motorista que busca un casco c\u00f3modo, peque\u00f1o, seguro y original.<\/p>\n","protected":false},"featured_media":42362,"comment_status":"closed","ping_status":"closed","template":"","meta":{"_acf_changed":false},"product_brand":[],"product_cat":[458,459],"product_tag":[],"giftcard-category":[],"class_list":{"0":"post-19011","1":"product","2":"type-product","3":"status-publish","4":"has-post-thumbnail","6":"product_cat-cascos-jet","7":"product_cat-cascos-retro","9":"first","10":"instock","11":"taxable","12":"shipping-taxable","13":"purchasable","14":"product-type-variable"},"acf":[],"jetpack_sharing_enabled":true,"_links":{"self":[{"href":"https:\/\/dmd.eu\/es\/wp-json\/wp\/v2\/product\/19011","targetHints":{"allow":["GET"]}}],"collection":[{"href":"https:\/\/dmd.eu\/es\/wp-json\/wp\/v2\/product"}],"about":[{"href":"https:\/\/dmd.eu\/es\/wp-json\/wp\/v2\/types\/product"}],"replies":[{"embeddable":true,"href":"https:\/\/dmd.eu\/es\/wp-json\/wp\/v2\/comments?post=19011"}],"wp:featuredmedia":[{"embeddable":true,"href":"https:\/\/dmd.eu\/es\/wp-json\/wp\/v2\/media\/42362"}],"wp:attachment":[{"href":"https:\/\/dmd.eu\/es\/wp-json\/wp\/v2\/media?parent=19011"}],"wp:term":[{"taxonomy":"product_brand","embeddable":true,"href":"https:\/\/dmd.eu\/es\/wp-json\/wp\/v2\/product_brand?post=19011"},{"taxonomy":"product_cat","embeddable":true,"href":"https:\/\/dmd.eu\/es\/wp-json\/wp\/v2\/product_cat?post=19011"},{"taxonomy":"product_tag","embeddable":true,"href":"https:\/\/dmd.eu\/es\/wp-json\/wp\/v2\/product_tag?post=19011"},{"taxonomy":"giftcard-category","embeddable":true,"href":"https:\/\/dmd.eu\/es\/wp-json\/wp\/v2\/giftcard-category?post=19011"}],"curies":[{"name":"wp","href":"https:\/\/api.w.org\/{rel}","templated":true}]}}