{"id":18953,"date":"2024-04-23T15:10:50","date_gmt":"2024-04-23T13:10:50","guid":{"rendered":"https:\/\/www.dmd.eu\/?post_type=product&#038;p=18953"},"modified":"2025-12-02T00:14:07","modified_gmt":"2025-12-01T23:14:07","slug":"cipria-retro","status":"publish","type":"product","link":"https:\/\/dmd.eu\/es\/prodotto\/cascos-jet\/cascos-retro\/cipria-retro\/","title":{"rendered":"CIPRIA"},"content":{"rendered":"<p>El <strong>casco jet Retro Cipria <\/strong>a\u00f1ade un toque elegante a la colecci\u00f3n jet Retro.<br \/>\nDirigido principalmente al mundo femenino, es brillante, peque\u00f1o, seguro y c\u00f3modo. El monocromo rosa lo hace \u00fanico e inconfundible.<\/p>\n","protected":false},"excerpt":{"rendered":"<p>El casco jet Retro Cipria a\u00f1ade un toque elegante a la colecci\u00f3n jet Retro. Dirigido principalmente al mundo femenino, es brillante, peque\u00f1o, seguro y c\u00f3modo. El monocromo rosa lo hace \u00fanico e inconfundible.<\/p>\n","protected":false},"featured_media":41401,"comment_status":"closed","ping_status":"closed","template":"","meta":{"_acf_changed":false},"product_brand":[],"product_cat":[458,459],"product_tag":[],"giftcard-category":[],"class_list":{"0":"post-18953","1":"product","2":"type-product","3":"status-publish","4":"has-post-thumbnail","6":"product_cat-cascos-jet","7":"product_cat-cascos-retro","9":"first","10":"instock","11":"taxable","12":"shipping-taxable","13":"purchasable","14":"product-type-variable"},"acf":[],"jetpack_sharing_enabled":true,"_links":{"self":[{"href":"https:\/\/dmd.eu\/es\/wp-json\/wp\/v2\/product\/18953","targetHints":{"allow":["GET"]}}],"collection":[{"href":"https:\/\/dmd.eu\/es\/wp-json\/wp\/v2\/product"}],"about":[{"href":"https:\/\/dmd.eu\/es\/wp-json\/wp\/v2\/types\/product"}],"replies":[{"embeddable":true,"href":"https:\/\/dmd.eu\/es\/wp-json\/wp\/v2\/comments?post=18953"}],"wp:featuredmedia":[{"embeddable":true,"href":"https:\/\/dmd.eu\/es\/wp-json\/wp\/v2\/media\/41401"}],"wp:attachment":[{"href":"https:\/\/dmd.eu\/es\/wp-json\/wp\/v2\/media?parent=18953"}],"wp:term":[{"taxonomy":"product_brand","embeddable":true,"href":"https:\/\/dmd.eu\/es\/wp-json\/wp\/v2\/product_brand?post=18953"},{"taxonomy":"product_cat","embeddable":true,"href":"https:\/\/dmd.eu\/es\/wp-json\/wp\/v2\/product_cat?post=18953"},{"taxonomy":"product_tag","embeddable":true,"href":"https:\/\/dmd.eu\/es\/wp-json\/wp\/v2\/product_tag?post=18953"},{"taxonomy":"giftcard-category","embeddable":true,"href":"https:\/\/dmd.eu\/es\/wp-json\/wp\/v2\/giftcard-category?post=18953"}],"curies":[{"name":"wp","href":"https:\/\/api.w.org\/{rel}","templated":true}]}}