{"id":18300,"date":"2024-03-21T10:01:15","date_gmt":"2024-03-21T09:01:15","guid":{"rendered":"https:\/\/www.dmd.eu\/?post_type=product&#038;p=18300"},"modified":"2026-03-26T22:39:37","modified_gmt":"2026-03-26T21:39:37","slug":"ghost-green-2","status":"publish","type":"product","link":"https:\/\/dmd.eu\/es\/prodotto\/cascos-integrales\/accessorios-integrales\/ghost-green-2\/","title":{"rendered":"GHOST GREEN"},"content":{"rendered":"<p>El <strong>accesorio Ghost Green<\/strong> est\u00e1 dise\u00f1ado para los cascos de moto DMD Retro, Vintage, Racer y Seventyfive. Se trata de una m\u00e1scara fabricada en color verde con personalizaci\u00f3n en la banda el\u00e1stica, lo que confiere car\u00e1cter a este accesorio. Con un design inconfundible que recuerda a las gafas utilizadas en los a\u00f1os 70, la Ghost Green para cascos de moto DMD est\u00e1 disponible con lentes transparentes u oscuras. Se puede adquirir por separado una lente de recambio transparente, oscura, espejada o amarilla.<\/p>\n","protected":false},"excerpt":{"rendered":"<p>El accesorio Ghost Green est\u00e1 dise\u00f1ado para los cascos de moto DMD Retro, Vintage, Racer y Seventyfive. Se trata de una m\u00e1scara fabricada en color verde con personalizaci\u00f3n en la banda el\u00e1stica, lo que confiere car\u00e1cter a este accesorio. Con un design inconfundible que recuerda a las gafas utilizadas en los a\u00f1os 70, la Ghost [&hellip;]<\/p>\n","protected":false},"featured_media":18191,"comment_status":"closed","ping_status":"closed","template":"","meta":{"_acf_changed":false},"product_brand":[],"product_cat":[184,364,461,458],"product_tag":[],"giftcard-category":[],"class_list":{"0":"post-18300","1":"product","2":"type-product","3":"status-publish","4":"has-post-thumbnail","6":"product_cat-accessorios-cascos","7":"product_cat-accessorios-integrales","8":"product_cat-cascos-integrales","9":"product_cat-cascos-jet","11":"first","12":"instock","13":"taxable","14":"shipping-taxable","15":"purchasable","16":"product-type-variable"},"acf":[],"jetpack_sharing_enabled":true,"_links":{"self":[{"href":"https:\/\/dmd.eu\/es\/wp-json\/wp\/v2\/product\/18300","targetHints":{"allow":["GET"]}}],"collection":[{"href":"https:\/\/dmd.eu\/es\/wp-json\/wp\/v2\/product"}],"about":[{"href":"https:\/\/dmd.eu\/es\/wp-json\/wp\/v2\/types\/product"}],"replies":[{"embeddable":true,"href":"https:\/\/dmd.eu\/es\/wp-json\/wp\/v2\/comments?post=18300"}],"wp:featuredmedia":[{"embeddable":true,"href":"https:\/\/dmd.eu\/es\/wp-json\/wp\/v2\/media\/18191"}],"wp:attachment":[{"href":"https:\/\/dmd.eu\/es\/wp-json\/wp\/v2\/media?parent=18300"}],"wp:term":[{"taxonomy":"product_brand","embeddable":true,"href":"https:\/\/dmd.eu\/es\/wp-json\/wp\/v2\/product_brand?post=18300"},{"taxonomy":"product_cat","embeddable":true,"href":"https:\/\/dmd.eu\/es\/wp-json\/wp\/v2\/product_cat?post=18300"},{"taxonomy":"product_tag","embeddable":true,"href":"https:\/\/dmd.eu\/es\/wp-json\/wp\/v2\/product_tag?post=18300"},{"taxonomy":"giftcard-category","embeddable":true,"href":"https:\/\/dmd.eu\/es\/wp-json\/wp\/v2\/giftcard-category?post=18300"}],"curies":[{"name":"wp","href":"https:\/\/api.w.org\/{rel}","templated":true}]}}