{"id":17568,"date":"2024-03-19T11:52:54","date_gmt":"2024-03-19T10:52:54","guid":{"rendered":"https:\/\/www.dmd.eu\/?post_type=product&#038;p=17568"},"modified":"2025-12-02T00:14:09","modified_gmt":"2025-12-01T23:14:09","slug":"fury-beast-grey","status":"publish","type":"product","link":"https:\/\/dmd.eu\/es\/prodotto\/ventas\/vestimenta-sale\/fury-beast-grey\/","title":{"rendered":"FURY BEAST GREY"},"content":{"rendered":"<p>La <strong>camiseta<\/strong> de cuello redondo <strong>Fury Beast Grey<\/strong> est\u00e1 hecha para ofrecer la m\u00e1xima comodidad. Ideal para cualquier estaci\u00f3n del a\u00f1o, fabricada en algod\u00f3n 100% en color gris.<br \/>\nPresenta una impresi\u00f3n serigrafiada con letras y gr\u00e1ficos esenciales.<\/p>\n","protected":false},"excerpt":{"rendered":"<p>La camiseta de cuello redondo Fury Beast Grey est\u00e1 hecha para ofrecer la m\u00e1xima comodidad. Ideal para cualquier estaci\u00f3n del a\u00f1o, fabricada en algod\u00f3n 100% en color gris. Presenta una impresi\u00f3n serigrafiada con letras y gr\u00e1ficos esenciales.<\/p>\n","protected":false},"featured_media":17616,"comment_status":"closed","ping_status":"closed","template":"","meta":{"_acf_changed":false},"product_brand":[],"product_cat":[410,420],"product_tag":[],"giftcard-category":[],"class_list":{"0":"post-17568","1":"product","2":"type-product","3":"status-publish","4":"has-post-thumbnail","6":"product_cat-ventas","7":"product_cat-vestimenta-sale","9":"first","10":"instock","11":"sale","12":"taxable","13":"shipping-taxable","14":"purchasable","15":"product-type-variable"},"acf":[],"jetpack_sharing_enabled":true,"_links":{"self":[{"href":"https:\/\/dmd.eu\/es\/wp-json\/wp\/v2\/product\/17568","targetHints":{"allow":["GET"]}}],"collection":[{"href":"https:\/\/dmd.eu\/es\/wp-json\/wp\/v2\/product"}],"about":[{"href":"https:\/\/dmd.eu\/es\/wp-json\/wp\/v2\/types\/product"}],"replies":[{"embeddable":true,"href":"https:\/\/dmd.eu\/es\/wp-json\/wp\/v2\/comments?post=17568"}],"wp:featuredmedia":[{"embeddable":true,"href":"https:\/\/dmd.eu\/es\/wp-json\/wp\/v2\/media\/17616"}],"wp:attachment":[{"href":"https:\/\/dmd.eu\/es\/wp-json\/wp\/v2\/media?parent=17568"}],"wp:term":[{"taxonomy":"product_brand","embeddable":true,"href":"https:\/\/dmd.eu\/es\/wp-json\/wp\/v2\/product_brand?post=17568"},{"taxonomy":"product_cat","embeddable":true,"href":"https:\/\/dmd.eu\/es\/wp-json\/wp\/v2\/product_cat?post=17568"},{"taxonomy":"product_tag","embeddable":true,"href":"https:\/\/dmd.eu\/es\/wp-json\/wp\/v2\/product_tag?post=17568"},{"taxonomy":"giftcard-category","embeddable":true,"href":"https:\/\/dmd.eu\/es\/wp-json\/wp\/v2\/giftcard-category?post=17568"}],"curies":[{"name":"wp","href":"https:\/\/api.w.org\/{rel}","templated":true}]}}