{"id":17355,"date":"2024-03-18T12:15:20","date_gmt":"2024-03-18T11:15:20","guid":{"rendered":"https:\/\/www.dmd.eu\/?post_type=product&#038;p=17355"},"modified":"2025-12-02T00:14:10","modified_gmt":"2025-12-01T23:14:10","slug":"t-shirt-i-hate-everyone","status":"publish","type":"product","link":"https:\/\/dmd.eu\/es\/prodotto\/ropa-de-moto\/tshirts-fleeces-es\/t-shirt-i-hate-everyone\/","title":{"rendered":"I HATE EVERYONE"},"content":{"rendered":"<p>La <strong>camiseta<\/strong> de cuello redondo<strong> I Hate Everyone<\/strong> est\u00e1 hecha para ofrecer la m\u00e1xima comodidad. Ideal para cualquier estaci\u00f3n del a\u00f1o, fabricada en algod\u00f3n 100% en color off-white.<br \/>\nCuenta con el ic\u00f3nico estampado serigrafiado negro en la parte posterior.<\/p>\n","protected":false},"excerpt":{"rendered":"<p>La camiseta de cuello redondo I Hate Everyone est\u00e1 hecha para ofrecer la m\u00e1xima comodidad. Ideal para cualquier estaci\u00f3n del a\u00f1o, fabricada en algod\u00f3n 100% en color off-white. Cuenta con el ic\u00f3nico estampado serigrafiado negro en la parte posterior.<\/p>\n","protected":false},"featured_media":17408,"comment_status":"closed","ping_status":"closed","template":"","meta":{"_acf_changed":false},"product_brand":[],"product_cat":[265,471],"product_tag":[],"giftcard-category":[],"class_list":{"0":"post-17355","1":"product","2":"type-product","3":"status-publish","4":"has-post-thumbnail","6":"product_cat-ropa-de-moto","7":"product_cat-tshirts-fleeces-es","9":"first","10":"instock","11":"taxable","12":"shipping-taxable","13":"purchasable","14":"product-type-variable"},"acf":[],"jetpack_sharing_enabled":true,"_links":{"self":[{"href":"https:\/\/dmd.eu\/es\/wp-json\/wp\/v2\/product\/17355","targetHints":{"allow":["GET"]}}],"collection":[{"href":"https:\/\/dmd.eu\/es\/wp-json\/wp\/v2\/product"}],"about":[{"href":"https:\/\/dmd.eu\/es\/wp-json\/wp\/v2\/types\/product"}],"replies":[{"embeddable":true,"href":"https:\/\/dmd.eu\/es\/wp-json\/wp\/v2\/comments?post=17355"}],"wp:featuredmedia":[{"embeddable":true,"href":"https:\/\/dmd.eu\/es\/wp-json\/wp\/v2\/media\/17408"}],"wp:attachment":[{"href":"https:\/\/dmd.eu\/es\/wp-json\/wp\/v2\/media?parent=17355"}],"wp:term":[{"taxonomy":"product_brand","embeddable":true,"href":"https:\/\/dmd.eu\/es\/wp-json\/wp\/v2\/product_brand?post=17355"},{"taxonomy":"product_cat","embeddable":true,"href":"https:\/\/dmd.eu\/es\/wp-json\/wp\/v2\/product_cat?post=17355"},{"taxonomy":"product_tag","embeddable":true,"href":"https:\/\/dmd.eu\/es\/wp-json\/wp\/v2\/product_tag?post=17355"},{"taxonomy":"giftcard-category","embeddable":true,"href":"https:\/\/dmd.eu\/es\/wp-json\/wp\/v2\/giftcard-category?post=17355"}],"curies":[{"name":"wp","href":"https:\/\/api.w.org\/{rel}","templated":true}]}}