{"id":16823,"date":"2024-03-15T15:12:41","date_gmt":"2024-03-15T14:12:41","guid":{"rendered":"https:\/\/www.dmd.eu\/?post_type=product&#038;p=16823"},"modified":"2025-12-02T00:10:58","modified_gmt":"2025-12-01T23:10:58","slug":"proteccion-espalda","status":"publish","type":"product","link":"https:\/\/dmd.eu\/es\/prodotto\/ropa-de-moto\/cazadoras\/proteccion-espalda\/","title":{"rendered":"PROTECCI\u00d3N ESPALDA"},"content":{"rendered":"<p>Protecci\u00f3n espalda de colocar en el bolsillo espec\u00edfico para asegurar una proteja dorsal.<br \/>\nFabricado con material ViscoFlex (nueva formulaci\u00f3n suave y eficiente).<br \/>\nIndicado para todas la chaquetas DMD.<\/p>\n","protected":false},"excerpt":{"rendered":"<p>Protecci\u00f3n espalda de colocar en el bolsillo espec\u00edfico para asegurar una proteja dorsal. Fabricado con material ViscoFlex (nueva formulaci\u00f3n suave y eficiente). Indicado para todas la chaquetas DMD.<\/p>\n","protected":false},"featured_media":16851,"comment_status":"closed","ping_status":"closed","template":"","meta":{"_acf_changed":false},"product_brand":[],"product_cat":[369,265],"product_tag":[],"giftcard-category":[],"class_list":{"0":"post-16823","1":"product","2":"type-product","3":"status-publish","4":"has-post-thumbnail","6":"product_cat-cazadoras","7":"product_cat-ropa-de-moto","9":"first","10":"instock","11":"taxable","12":"shipping-taxable","13":"purchasable","14":"product-type-simple"},"acf":[],"jetpack_sharing_enabled":true,"_links":{"self":[{"href":"https:\/\/dmd.eu\/es\/wp-json\/wp\/v2\/product\/16823","targetHints":{"allow":["GET"]}}],"collection":[{"href":"https:\/\/dmd.eu\/es\/wp-json\/wp\/v2\/product"}],"about":[{"href":"https:\/\/dmd.eu\/es\/wp-json\/wp\/v2\/types\/product"}],"replies":[{"embeddable":true,"href":"https:\/\/dmd.eu\/es\/wp-json\/wp\/v2\/comments?post=16823"}],"wp:featuredmedia":[{"embeddable":true,"href":"https:\/\/dmd.eu\/es\/wp-json\/wp\/v2\/media\/16851"}],"wp:attachment":[{"href":"https:\/\/dmd.eu\/es\/wp-json\/wp\/v2\/media?parent=16823"}],"wp:term":[{"taxonomy":"product_brand","embeddable":true,"href":"https:\/\/dmd.eu\/es\/wp-json\/wp\/v2\/product_brand?post=16823"},{"taxonomy":"product_cat","embeddable":true,"href":"https:\/\/dmd.eu\/es\/wp-json\/wp\/v2\/product_cat?post=16823"},{"taxonomy":"product_tag","embeddable":true,"href":"https:\/\/dmd.eu\/es\/wp-json\/wp\/v2\/product_tag?post=16823"},{"taxonomy":"giftcard-category","embeddable":true,"href":"https:\/\/dmd.eu\/es\/wp-json\/wp\/v2\/giftcard-category?post=16823"}],"curies":[{"name":"wp","href":"https:\/\/api.w.org\/{rel}","templated":true}]}}