{"id":16740,"date":"2024-03-14T17:50:18","date_gmt":"2024-03-14T16:50:18","guid":{"rendered":"https:\/\/www.dmd.eu\/?post_type=product&#038;p=16740"},"modified":"2025-12-02T00:14:13","modified_gmt":"2025-12-01T23:14:13","slug":"chaleco-black-leather","status":"publish","type":"product","link":"https:\/\/dmd.eu\/es\/prodotto\/ventas\/vestimenta-sale\/chaleco-black-leather\/","title":{"rendered":"CHALECO BLACK LEATHER"},"content":{"rendered":"<p>El <strong>chaleco<\/strong> de cuero sin mangas es una prenda con un aut\u00e9ntico look Vintage, indispensable para todo aficionado a las motos. Este modelo corto est\u00e1 lleno de detalles, como los bolsillos cruzados de f\u00e1cil acceso para los que siempre van en moto. Confeccionado en Italia.<\/p>\n","protected":false},"excerpt":{"rendered":"<p>El chaleco de cuero sin mangas es una prenda con un aut\u00e9ntico look Vintage, indispensable para todo aficionado a las motos. Este modelo corto est\u00e1 lleno de detalles, como los bolsillos cruzados de f\u00e1cil acceso para los que siempre van en moto. Confeccionado en Italia.<\/p>\n","protected":false},"featured_media":16772,"comment_status":"closed","ping_status":"closed","template":"","meta":{"_acf_changed":false},"product_brand":[],"product_cat":[410,420],"product_tag":[],"giftcard-category":[],"class_list":{"0":"post-16740","1":"product","2":"type-product","3":"status-publish","4":"has-post-thumbnail","6":"product_cat-ventas","7":"product_cat-vestimenta-sale","9":"first","10":"instock","11":"sale","12":"taxable","13":"shipping-taxable","14":"purchasable","15":"product-type-variable"},"acf":[],"jetpack_sharing_enabled":true,"_links":{"self":[{"href":"https:\/\/dmd.eu\/es\/wp-json\/wp\/v2\/product\/16740","targetHints":{"allow":["GET"]}}],"collection":[{"href":"https:\/\/dmd.eu\/es\/wp-json\/wp\/v2\/product"}],"about":[{"href":"https:\/\/dmd.eu\/es\/wp-json\/wp\/v2\/types\/product"}],"replies":[{"embeddable":true,"href":"https:\/\/dmd.eu\/es\/wp-json\/wp\/v2\/comments?post=16740"}],"wp:featuredmedia":[{"embeddable":true,"href":"https:\/\/dmd.eu\/es\/wp-json\/wp\/v2\/media\/16772"}],"wp:attachment":[{"href":"https:\/\/dmd.eu\/es\/wp-json\/wp\/v2\/media?parent=16740"}],"wp:term":[{"taxonomy":"product_brand","embeddable":true,"href":"https:\/\/dmd.eu\/es\/wp-json\/wp\/v2\/product_brand?post=16740"},{"taxonomy":"product_cat","embeddable":true,"href":"https:\/\/dmd.eu\/es\/wp-json\/wp\/v2\/product_cat?post=16740"},{"taxonomy":"product_tag","embeddable":true,"href":"https:\/\/dmd.eu\/es\/wp-json\/wp\/v2\/product_tag?post=16740"},{"taxonomy":"giftcard-category","embeddable":true,"href":"https:\/\/dmd.eu\/es\/wp-json\/wp\/v2\/giftcard-category?post=16740"}],"curies":[{"name":"wp","href":"https:\/\/api.w.org\/{rel}","templated":true}]}}