{"id":16598,"date":"2024-03-14T17:21:37","date_gmt":"2024-03-14T16:21:37","guid":{"rendered":"https:\/\/www.dmd.eu\/?post_type=product&#038;p=16598"},"modified":"2025-12-02T00:14:13","modified_gmt":"2025-12-01T23:14:13","slug":"solo-rider-brown-no-homologada","status":"publish","type":"product","link":"https:\/\/dmd.eu\/es\/prodotto\/ventas\/vestimenta-sale\/solo-rider-brown-no-homologada\/","title":{"rendered":"SOLO RIDER BROWN (NO HOMOLOGADA)"},"content":{"rendered":"<p>El modelo <strong>Solo Rider<\/strong> de algod\u00f3n encerado impermeable es la cl\u00e1sica chaqueta de moto caf\u00e9 racer, apta para todo tipo de motos.<br \/>\nEl modelo es rico en detalles, incluidos los parches acolchados en los hombros y los codos que recuerdan a las chaquetas utilizadas en las carreras de motos de los a\u00f1os 20.<\/p>\n","protected":false},"excerpt":{"rendered":"<p>El modelo Solo Rider de algod\u00f3n encerado impermeable es la cl\u00e1sica chaqueta de moto caf\u00e9 racer, apta para todo tipo de motos. El modelo es rico en detalles, incluidos los parches acolchados en los hombros y los codos que recuerdan a las chaquetas utilizadas en las carreras de motos de los a\u00f1os 20.<\/p>\n","protected":false},"featured_media":16643,"comment_status":"closed","ping_status":"closed","template":"","meta":{"_acf_changed":false},"product_brand":[],"product_cat":[410,420],"product_tag":[],"giftcard-category":[],"class_list":{"0":"post-16598","1":"product","2":"type-product","3":"status-publish","4":"has-post-thumbnail","6":"product_cat-ventas","7":"product_cat-vestimenta-sale","9":"first","10":"instock","11":"sale","12":"taxable","13":"shipping-taxable","14":"purchasable","15":"product-type-variable"},"acf":[],"jetpack_sharing_enabled":true,"_links":{"self":[{"href":"https:\/\/dmd.eu\/es\/wp-json\/wp\/v2\/product\/16598","targetHints":{"allow":["GET"]}}],"collection":[{"href":"https:\/\/dmd.eu\/es\/wp-json\/wp\/v2\/product"}],"about":[{"href":"https:\/\/dmd.eu\/es\/wp-json\/wp\/v2\/types\/product"}],"replies":[{"embeddable":true,"href":"https:\/\/dmd.eu\/es\/wp-json\/wp\/v2\/comments?post=16598"}],"wp:featuredmedia":[{"embeddable":true,"href":"https:\/\/dmd.eu\/es\/wp-json\/wp\/v2\/media\/16643"}],"wp:attachment":[{"href":"https:\/\/dmd.eu\/es\/wp-json\/wp\/v2\/media?parent=16598"}],"wp:term":[{"taxonomy":"product_brand","embeddable":true,"href":"https:\/\/dmd.eu\/es\/wp-json\/wp\/v2\/product_brand?post=16598"},{"taxonomy":"product_cat","embeddable":true,"href":"https:\/\/dmd.eu\/es\/wp-json\/wp\/v2\/product_cat?post=16598"},{"taxonomy":"product_tag","embeddable":true,"href":"https:\/\/dmd.eu\/es\/wp-json\/wp\/v2\/product_tag?post=16598"},{"taxonomy":"giftcard-category","embeddable":true,"href":"https:\/\/dmd.eu\/es\/wp-json\/wp\/v2\/giftcard-category?post=16598"}],"curies":[{"name":"wp","href":"https:\/\/api.w.org\/{rel}","templated":true}]}}