{"id":16545,"date":"2024-03-14T17:05:52","date_gmt":"2024-03-14T16:05:52","guid":{"rendered":"https:\/\/www.dmd.eu\/?post_type=product&#038;p=16545"},"modified":"2025-12-02T00:14:14","modified_gmt":"2025-12-01T23:14:14","slug":"shirt-orange-no-homologada","status":"publish","type":"product","link":"https:\/\/dmd.eu\/es\/prodotto\/ventas\/vestimenta-sale\/shirt-orange-no-homologada\/","title":{"rendered":"SHIRT ORANGE (NO HOMOLOGADA)"},"content":{"rendered":"<p>El modelo de<strong> chaqueta Shirt<\/strong> de algod\u00f3n encerado impermeable se identifica por sus l\u00edneas limpias en perfecto estilo caf\u00e9 racer y apto para todo tipo de motoristas.<\/p>\n","protected":false},"excerpt":{"rendered":"<p>El modelo de chaqueta Shirt de algod\u00f3n encerado impermeable se identifica por sus l\u00edneas limpias en perfecto estilo caf\u00e9 racer y apto para todo tipo de motoristas.<\/p>\n","protected":false},"featured_media":16569,"comment_status":"closed","ping_status":"closed","template":"","meta":{"_acf_changed":false},"product_brand":[],"product_cat":[410,420],"product_tag":[],"giftcard-category":[],"class_list":{"0":"post-16545","1":"product","2":"type-product","3":"status-publish","4":"has-post-thumbnail","6":"product_cat-ventas","7":"product_cat-vestimenta-sale","9":"first","10":"outofstock","11":"sale","12":"taxable","13":"shipping-taxable","14":"purchasable","15":"product-type-variable"},"acf":[],"jetpack_sharing_enabled":true,"_links":{"self":[{"href":"https:\/\/dmd.eu\/es\/wp-json\/wp\/v2\/product\/16545","targetHints":{"allow":["GET"]}}],"collection":[{"href":"https:\/\/dmd.eu\/es\/wp-json\/wp\/v2\/product"}],"about":[{"href":"https:\/\/dmd.eu\/es\/wp-json\/wp\/v2\/types\/product"}],"replies":[{"embeddable":true,"href":"https:\/\/dmd.eu\/es\/wp-json\/wp\/v2\/comments?post=16545"}],"wp:featuredmedia":[{"embeddable":true,"href":"https:\/\/dmd.eu\/es\/wp-json\/wp\/v2\/media\/16569"}],"wp:attachment":[{"href":"https:\/\/dmd.eu\/es\/wp-json\/wp\/v2\/media?parent=16545"}],"wp:term":[{"taxonomy":"product_brand","embeddable":true,"href":"https:\/\/dmd.eu\/es\/wp-json\/wp\/v2\/product_brand?post=16545"},{"taxonomy":"product_cat","embeddable":true,"href":"https:\/\/dmd.eu\/es\/wp-json\/wp\/v2\/product_cat?post=16545"},{"taxonomy":"product_tag","embeddable":true,"href":"https:\/\/dmd.eu\/es\/wp-json\/wp\/v2\/product_tag?post=16545"},{"taxonomy":"giftcard-category","embeddable":true,"href":"https:\/\/dmd.eu\/es\/wp-json\/wp\/v2\/giftcard-category?post=16545"}],"curies":[{"name":"wp","href":"https:\/\/api.w.org\/{rel}","templated":true}]}}