{"id":16356,"date":"2024-03-14T16:32:21","date_gmt":"2024-03-14T15:32:21","guid":{"rendered":"https:\/\/www.dmd.eu\/?post_type=product&#038;p=16356"},"modified":"2025-12-02T00:14:15","modified_gmt":"2025-12-01T23:14:15","slug":"chiodo-piel-no-homologado","status":"publish","type":"product","link":"https:\/\/dmd.eu\/es\/prodotto\/ventas\/vestimenta-sale\/chiodo-piel-no-homologado\/","title":{"rendered":"CHIODO DE CUERO (NO HOMOLOGADO)"},"content":{"rendered":"<p>Una chaqueta que ha encontrado su lugar en la mayor\u00eda de los estilos a lo largo de las d\u00e9cadas.<\/p>\n<p>Nace en 1913 en una peque\u00f1a tienda en el Lower East Side, NY, a pedido de un motociclista que quer\u00eda una chaqueta con cremalleras y que protegiera del fr\u00edo y la lluvia. Hoy se ha convertido en una pieza legendaria y usada por todos los moteros: la cl\u00e1sica chaqueta de cuero negro de los bikers.<\/p>\n","protected":false},"excerpt":{"rendered":"<p>Una chaqueta que ha encontrado su lugar en la mayor\u00eda de los estilos a lo largo de las d\u00e9cadas. Nace en 1913 en una peque\u00f1a tienda en el Lower East Side, NY, a pedido de un motociclista que quer\u00eda una chaqueta con cremalleras y que protegiera del fr\u00edo y la lluvia. Hoy se ha convertido [&hellip;]<\/p>\n","protected":false},"featured_media":16376,"comment_status":"closed","ping_status":"closed","template":"","meta":{"_acf_changed":false},"product_brand":[],"product_cat":[410,420],"product_tag":[],"giftcard-category":[],"class_list":{"0":"post-16356","1":"product","2":"type-product","3":"status-publish","4":"has-post-thumbnail","6":"product_cat-ventas","7":"product_cat-vestimenta-sale","9":"first","10":"instock","11":"sale","12":"taxable","13":"shipping-taxable","14":"purchasable","15":"product-type-variable"},"acf":[],"jetpack_sharing_enabled":true,"_links":{"self":[{"href":"https:\/\/dmd.eu\/es\/wp-json\/wp\/v2\/product\/16356","targetHints":{"allow":["GET"]}}],"collection":[{"href":"https:\/\/dmd.eu\/es\/wp-json\/wp\/v2\/product"}],"about":[{"href":"https:\/\/dmd.eu\/es\/wp-json\/wp\/v2\/types\/product"}],"replies":[{"embeddable":true,"href":"https:\/\/dmd.eu\/es\/wp-json\/wp\/v2\/comments?post=16356"}],"wp:featuredmedia":[{"embeddable":true,"href":"https:\/\/dmd.eu\/es\/wp-json\/wp\/v2\/media\/16376"}],"wp:attachment":[{"href":"https:\/\/dmd.eu\/es\/wp-json\/wp\/v2\/media?parent=16356"}],"wp:term":[{"taxonomy":"product_brand","embeddable":true,"href":"https:\/\/dmd.eu\/es\/wp-json\/wp\/v2\/product_brand?post=16356"},{"taxonomy":"product_cat","embeddable":true,"href":"https:\/\/dmd.eu\/es\/wp-json\/wp\/v2\/product_cat?post=16356"},{"taxonomy":"product_tag","embeddable":true,"href":"https:\/\/dmd.eu\/es\/wp-json\/wp\/v2\/product_tag?post=16356"},{"taxonomy":"giftcard-category","embeddable":true,"href":"https:\/\/dmd.eu\/es\/wp-json\/wp\/v2\/giftcard-category?post=16356"}],"curies":[{"name":"wp","href":"https:\/\/api.w.org\/{rel}","templated":true}]}}