{"id":16119,"date":"2024-03-14T11:50:23","date_gmt":"2024-03-14T10:50:23","guid":{"rendered":"https:\/\/www.dmd.eu\/?post_type=product&#038;p=16119"},"modified":"2025-12-02T00:14:15","modified_gmt":"2025-12-01T23:14:15","slug":"bunny-blue-no-homologada","status":"publish","type":"product","link":"https:\/\/dmd.eu\/es\/prodotto\/ventas\/vestimenta-sale\/bunny-blue-no-homologada\/","title":{"rendered":"BUNNY BLUE (NO HOMOLOGADA)"},"content":{"rendered":"<p>La <strong>chaqueta <\/strong>modelo <strong>Bunny<\/strong> es ideal para aquellos que buscan un look caf\u00e9 racer sin pasarse.<\/p>\n<p>Confeccionada en nuestro exclusivo algod\u00f3n encerado impermeable, es una chaqueta para quienes buscan una l\u00ednea simple e ideal para salidas urbanas.<br \/>\nAdem\u00e1s, la costura central a\u00f1ade un detalle llamativo, sin comprometer la silueta cl\u00e1sica.<\/p>\n","protected":false},"excerpt":{"rendered":"<p>La chaqueta modelo Bunny es ideal para aquellos que buscan un look caf\u00e9 racer sin pasarse. Confeccionada en nuestro exclusivo algod\u00f3n encerado impermeable, es una chaqueta para quienes buscan una l\u00ednea simple e ideal para salidas urbanas. Adem\u00e1s, la costura central a\u00f1ade un detalle llamativo, sin comprometer la silueta cl\u00e1sica.<\/p>\n","protected":false},"featured_media":16152,"comment_status":"closed","ping_status":"closed","template":"","meta":{"_acf_changed":false},"product_brand":[],"product_cat":[410,420],"product_tag":[],"giftcard-category":[],"class_list":{"0":"post-16119","1":"product","2":"type-product","3":"status-publish","4":"has-post-thumbnail","6":"product_cat-ventas","7":"product_cat-vestimenta-sale","9":"first","10":"instock","11":"sale","12":"taxable","13":"shipping-taxable","14":"purchasable","15":"product-type-variable"},"acf":[],"jetpack_sharing_enabled":true,"_links":{"self":[{"href":"https:\/\/dmd.eu\/es\/wp-json\/wp\/v2\/product\/16119","targetHints":{"allow":["GET"]}}],"collection":[{"href":"https:\/\/dmd.eu\/es\/wp-json\/wp\/v2\/product"}],"about":[{"href":"https:\/\/dmd.eu\/es\/wp-json\/wp\/v2\/types\/product"}],"replies":[{"embeddable":true,"href":"https:\/\/dmd.eu\/es\/wp-json\/wp\/v2\/comments?post=16119"}],"wp:featuredmedia":[{"embeddable":true,"href":"https:\/\/dmd.eu\/es\/wp-json\/wp\/v2\/media\/16152"}],"wp:attachment":[{"href":"https:\/\/dmd.eu\/es\/wp-json\/wp\/v2\/media?parent=16119"}],"wp:term":[{"taxonomy":"product_brand","embeddable":true,"href":"https:\/\/dmd.eu\/es\/wp-json\/wp\/v2\/product_brand?post=16119"},{"taxonomy":"product_cat","embeddable":true,"href":"https:\/\/dmd.eu\/es\/wp-json\/wp\/v2\/product_cat?post=16119"},{"taxonomy":"product_tag","embeddable":true,"href":"https:\/\/dmd.eu\/es\/wp-json\/wp\/v2\/product_tag?post=16119"},{"taxonomy":"giftcard-category","embeddable":true,"href":"https:\/\/dmd.eu\/es\/wp-json\/wp\/v2\/giftcard-category?post=16119"}],"curies":[{"name":"wp","href":"https:\/\/api.w.org\/{rel}","templated":true}]}}