{"id":16103,"date":"2024-03-14T10:48:11","date_gmt":"2024-03-14T09:48:11","guid":{"rendered":"https:\/\/www.dmd.eu\/?post_type=product&#038;p=16103"},"modified":"2026-02-23T12:50:56","modified_gmt":"2026-02-23T11:50:56","slug":"bones","status":"publish","type":"product","link":"https:\/\/dmd.eu\/es\/prodotto\/ropa-de-moto\/bandanas\/bones\/","title":{"rendered":"BONES"},"content":{"rendered":"<p>La <strong>bandana de moto Bones<\/strong> est\u00e1 fabricada \u00edntegramente en Italia en algod\u00f3n y seda.<br data-start=\"6360\" data-end=\"6363\" \/>Pr\u00e1ctica y vers\u00e1til, es una pieza cl\u00e1sica para todos los bikers y un accesorio \u00fatil para protegerse del fr\u00edo, el viento y los insectos.<br data-start=\"6498\" data-end=\"6501\" \/>Presenta gr\u00e1ficas y motivos atractivos realizados en exclusiva para DMD.<\/p>\n","protected":false},"excerpt":{"rendered":"<p>La bandana de moto Bones est\u00e1 fabricada \u00edntegramente en Italia en algod\u00f3n y seda.Pr\u00e1ctica y vers\u00e1til, es una pieza cl\u00e1sica para todos los bikers y un accesorio \u00fatil para protegerse del fr\u00edo, el viento y los insectos.Presenta gr\u00e1ficas y motivos atractivos realizados en exclusiva para DMD.<\/p>\n","protected":false},"featured_media":16096,"comment_status":"closed","ping_status":"closed","template":"","meta":{"_acf_changed":false},"product_brand":[],"product_cat":[359,265],"product_tag":[],"giftcard-category":[],"class_list":{"0":"post-16103","1":"product","2":"type-product","3":"status-publish","4":"has-post-thumbnail","6":"product_cat-bandanas","7":"product_cat-ropa-de-moto","9":"first","10":"instock","11":"taxable","12":"shipping-taxable","13":"purchasable","14":"product-type-simple"},"acf":[],"jetpack_sharing_enabled":true,"_links":{"self":[{"href":"https:\/\/dmd.eu\/es\/wp-json\/wp\/v2\/product\/16103","targetHints":{"allow":["GET"]}}],"collection":[{"href":"https:\/\/dmd.eu\/es\/wp-json\/wp\/v2\/product"}],"about":[{"href":"https:\/\/dmd.eu\/es\/wp-json\/wp\/v2\/types\/product"}],"replies":[{"embeddable":true,"href":"https:\/\/dmd.eu\/es\/wp-json\/wp\/v2\/comments?post=16103"}],"wp:featuredmedia":[{"embeddable":true,"href":"https:\/\/dmd.eu\/es\/wp-json\/wp\/v2\/media\/16096"}],"wp:attachment":[{"href":"https:\/\/dmd.eu\/es\/wp-json\/wp\/v2\/media?parent=16103"}],"wp:term":[{"taxonomy":"product_brand","embeddable":true,"href":"https:\/\/dmd.eu\/es\/wp-json\/wp\/v2\/product_brand?post=16103"},{"taxonomy":"product_cat","embeddable":true,"href":"https:\/\/dmd.eu\/es\/wp-json\/wp\/v2\/product_cat?post=16103"},{"taxonomy":"product_tag","embeddable":true,"href":"https:\/\/dmd.eu\/es\/wp-json\/wp\/v2\/product_tag?post=16103"},{"taxonomy":"giftcard-category","embeddable":true,"href":"https:\/\/dmd.eu\/es\/wp-json\/wp\/v2\/giftcard-category?post=16103"}],"curies":[{"name":"wp","href":"https:\/\/api.w.org\/{rel}","templated":true}]}}