{"id":15009,"date":"2024-02-08T16:27:51","date_gmt":"2024-02-08T15:27:51","guid":{"rendered":"https:\/\/www.dmd.eu\/?post_type=product&#038;p=15009"},"modified":"2025-12-17T10:41:17","modified_gmt":"2025-12-17T09:41:17","slug":"powder","status":"publish","type":"product","link":"https:\/\/dmd.eu\/es\/prodotto\/cascos-de-nieve\/powder\/","title":{"rendered":"POWDER"},"content":{"rendered":"<p>La colecci\u00f3n de esqu\u00ed va dirigida a los amantes del esqu\u00ed, a quien prefiere el snowboard, ya sea en el snowpark o en freeride, a quien simplemente quiere divertirse en las pistas y a todos los aficionados de la monta\u00f1a.<\/p>\n","protected":false},"excerpt":{"rendered":"<p>La colecci\u00f3n de esqu\u00ed va dirigida a los amantes del esqu\u00ed, a quien prefiere el snowboard, ya sea en el snowpark o en freeride, a quien simplemente quiere divertirse en las pistas y a todos los aficionados de la monta\u00f1a.<\/p>\n","protected":false},"featured_media":15040,"comment_status":"closed","ping_status":"closed","template":"","meta":{"_acf_changed":false},"product_brand":[],"product_cat":[428],"product_tag":[],"giftcard-category":[],"class_list":{"0":"post-15009","1":"product","2":"type-product","3":"status-publish","4":"has-post-thumbnail","6":"product_cat-cascos-de-nieve","8":"first","9":"instock","10":"sale","11":"taxable","12":"shipping-taxable","13":"purchasable","14":"product-type-variable"},"acf":[],"jetpack_sharing_enabled":true,"_links":{"self":[{"href":"https:\/\/dmd.eu\/es\/wp-json\/wp\/v2\/product\/15009","targetHints":{"allow":["GET"]}}],"collection":[{"href":"https:\/\/dmd.eu\/es\/wp-json\/wp\/v2\/product"}],"about":[{"href":"https:\/\/dmd.eu\/es\/wp-json\/wp\/v2\/types\/product"}],"replies":[{"embeddable":true,"href":"https:\/\/dmd.eu\/es\/wp-json\/wp\/v2\/comments?post=15009"}],"wp:featuredmedia":[{"embeddable":true,"href":"https:\/\/dmd.eu\/es\/wp-json\/wp\/v2\/media\/15040"}],"wp:attachment":[{"href":"https:\/\/dmd.eu\/es\/wp-json\/wp\/v2\/media?parent=15009"}],"wp:term":[{"taxonomy":"product_brand","embeddable":true,"href":"https:\/\/dmd.eu\/es\/wp-json\/wp\/v2\/product_brand?post=15009"},{"taxonomy":"product_cat","embeddable":true,"href":"https:\/\/dmd.eu\/es\/wp-json\/wp\/v2\/product_cat?post=15009"},{"taxonomy":"product_tag","embeddable":true,"href":"https:\/\/dmd.eu\/es\/wp-json\/wp\/v2\/product_tag?post=15009"},{"taxonomy":"giftcard-category","embeddable":true,"href":"https:\/\/dmd.eu\/es\/wp-json\/wp\/v2\/giftcard-category?post=15009"}],"curies":[{"name":"wp","href":"https:\/\/api.w.org\/{rel}","templated":true}]}}