{"id":14288,"date":"2024-02-08T11:39:23","date_gmt":"2024-02-08T10:39:23","guid":{"rendered":"https:\/\/www.dmd.eu\/?post_type=product&#038;p=14288"},"modified":"2025-12-02T00:14:20","modified_gmt":"2025-12-01T23:14:20","slug":"bee-copia","status":"publish","type":"product","link":"https:\/\/dmd.eu\/es\/prodotto\/cascos-de-nieve\/bee-copia\/","title":{"rendered":"HAWAIIAN"},"content":{"rendered":"<p>La colecci\u00f3n de esqu\u00ed va dirigida a los amantes del esqu\u00ed, a quien prefiere el snowboard, ya sea en el snowpark o en freeride, a quien simplemente quiere divertirse en las pistas y a todos los aficionados de la monta\u00f1a.<\/p>\n","protected":false},"excerpt":{"rendered":"<p>La colecci\u00f3n de esqu\u00ed va dirigida a los amantes del esqu\u00ed, a quien prefiere el snowboard, ya sea en el snowpark o en freeride, a quien simplemente quiere divertirse en las pistas y a todos los aficionados de la monta\u00f1a.<\/p>\n","protected":false},"featured_media":14339,"comment_status":"closed","ping_status":"closed","template":"","meta":{"_acf_changed":false},"product_brand":[],"product_cat":[428],"product_tag":[],"giftcard-category":[],"class_list":{"0":"post-14288","1":"product","2":"type-product","3":"status-publish","4":"has-post-thumbnail","6":"product_cat-cascos-de-nieve","8":"first","9":"instock","10":"sale","11":"taxable","12":"shipping-taxable","13":"purchasable","14":"product-type-variable"},"acf":[],"jetpack_sharing_enabled":true,"_links":{"self":[{"href":"https:\/\/dmd.eu\/es\/wp-json\/wp\/v2\/product\/14288","targetHints":{"allow":["GET"]}}],"collection":[{"href":"https:\/\/dmd.eu\/es\/wp-json\/wp\/v2\/product"}],"about":[{"href":"https:\/\/dmd.eu\/es\/wp-json\/wp\/v2\/types\/product"}],"replies":[{"embeddable":true,"href":"https:\/\/dmd.eu\/es\/wp-json\/wp\/v2\/comments?post=14288"}],"wp:featuredmedia":[{"embeddable":true,"href":"https:\/\/dmd.eu\/es\/wp-json\/wp\/v2\/media\/14339"}],"wp:attachment":[{"href":"https:\/\/dmd.eu\/es\/wp-json\/wp\/v2\/media?parent=14288"}],"wp:term":[{"taxonomy":"product_brand","embeddable":true,"href":"https:\/\/dmd.eu\/es\/wp-json\/wp\/v2\/product_brand?post=14288"},{"taxonomy":"product_cat","embeddable":true,"href":"https:\/\/dmd.eu\/es\/wp-json\/wp\/v2\/product_cat?post=14288"},{"taxonomy":"product_tag","embeddable":true,"href":"https:\/\/dmd.eu\/es\/wp-json\/wp\/v2\/product_tag?post=14288"},{"taxonomy":"giftcard-category","embeddable":true,"href":"https:\/\/dmd.eu\/es\/wp-json\/wp\/v2\/giftcard-category?post=14288"}],"curies":[{"name":"wp","href":"https:\/\/api.w.org\/{rel}","templated":true}]}}