{"id":12527,"date":"2023-08-21T11:24:16","date_gmt":"2023-08-21T09:24:16","guid":{"rendered":"https:\/\/www.dmd.eu\/product\/sin%20categor\u00eda\/rivale-hawk\/"},"modified":"2024-05-15T12:54:09","modified_gmt":"2024-05-15T10:54:09","slug":"rivale-hawk","status":"publish","type":"product","link":"https:\/\/dmd.eu\/es\/prodotto\/ventas\/cascos-sale\/rivale-hawk\/","title":{"rendered":"RIVALE HAWK"},"content":{"rendered":"<p>El <strong>casco integral Rivale Hawk<\/strong>\u00a0tiene un design esencial que esconde un concentrado de innovaci\u00f3n y tecnolog\u00eda. Gracias a una nueva fibra tricompuesta, hemos logrado crear un producto supercompacto que, sin embargo, cumple todas las normas de seguridad modernas y ofrece un ajuste c\u00f3modo. Un casco integral de sabor cl\u00e1sico que rinde homenaje a los a\u00f1os locos del automovilismo.<br \/>\nImpresionante en esta variante con tres l\u00edneas en tonos c\u00e1lidos sobre fondo gris y negro.<br \/>\nFabricado en Italia, con pasi\u00f3n.<\/p>\n","protected":false},"excerpt":{"rendered":"<p>El casco integral Rivale Hawk\u00a0tiene un design esencial que esconde un concentrado de innovaci\u00f3n y tecnolog\u00eda. Gracias a una nueva fibra tricompuesta, hemos logrado crear un producto supercompacto que, sin embargo, cumple todas las normas de seguridad modernas y ofrece un ajuste c\u00f3modo. Un casco integral de sabor cl\u00e1sico que rinde homenaje a los a\u00f1os [&hellip;]<\/p>\n","protected":false},"featured_media":23533,"comment_status":"closed","ping_status":"closed","template":"","meta":{"_acf_changed":false},"product_brand":[],"product_cat":[423,410],"product_tag":[],"giftcard-category":[],"class_list":{"0":"post-12527","1":"product","2":"type-product","3":"status-publish","4":"has-post-thumbnail","6":"product_cat-cascos-sale","7":"product_cat-ventas","9":"first","10":"instock","11":"sale","12":"taxable","13":"shipping-taxable","14":"purchasable","15":"product-type-variable"},"acf":[],"jetpack_sharing_enabled":true,"_links":{"self":[{"href":"https:\/\/dmd.eu\/es\/wp-json\/wp\/v2\/product\/12527","targetHints":{"allow":["GET"]}}],"collection":[{"href":"https:\/\/dmd.eu\/es\/wp-json\/wp\/v2\/product"}],"about":[{"href":"https:\/\/dmd.eu\/es\/wp-json\/wp\/v2\/types\/product"}],"replies":[{"embeddable":true,"href":"https:\/\/dmd.eu\/es\/wp-json\/wp\/v2\/comments?post=12527"}],"wp:featuredmedia":[{"embeddable":true,"href":"https:\/\/dmd.eu\/es\/wp-json\/wp\/v2\/media\/23533"}],"wp:attachment":[{"href":"https:\/\/dmd.eu\/es\/wp-json\/wp\/v2\/media?parent=12527"}],"wp:term":[{"taxonomy":"product_brand","embeddable":true,"href":"https:\/\/dmd.eu\/es\/wp-json\/wp\/v2\/product_brand?post=12527"},{"taxonomy":"product_cat","embeddable":true,"href":"https:\/\/dmd.eu\/es\/wp-json\/wp\/v2\/product_cat?post=12527"},{"taxonomy":"product_tag","embeddable":true,"href":"https:\/\/dmd.eu\/es\/wp-json\/wp\/v2\/product_tag?post=12527"},{"taxonomy":"giftcard-category","embeddable":true,"href":"https:\/\/dmd.eu\/es\/wp-json\/wp\/v2\/giftcard-category?post=12527"}],"curies":[{"name":"wp","href":"https:\/\/api.w.org\/{rel}","templated":true}]}}