{"id":1189,"date":"2023-08-07T10:59:27","date_gmt":"2023-08-07T08:59:27","guid":{"rendered":"https:\/\/www.dmd.eu\/product\/sin%20categor\u00eda\/lisbona\/"},"modified":"2025-12-02T00:14:46","modified_gmt":"2025-12-01T23:14:46","slug":"lisbona","status":"publish","type":"product","link":"https:\/\/dmd.eu\/es\/prodotto\/cascos-oro\/lisbona\/","title":{"rendered":"LISBONA"},"content":{"rendered":"<p>El<strong> casco integral Seventyfive Lisbona<\/strong> tiene una base de color gris brillante con detalles de cuero blanco y el forro interior marron.<br \/>\nComo todos los productos de la colecci\u00f3n oro, est\u00e1 hecho de materiales de alta calidad que lo hacen ligero, suave y particularmente c\u00f3modo.<br \/>\nLa base neutra, enriquecida por el toque de color en los bordes, hace que combine con cualquier tipo de moto, ya sea Custom, Vintage o Caf\u00e9 Racer.<\/p>\n","protected":false},"excerpt":{"rendered":"<p>El casco integral Seventyfive Lisbona tiene una base de color gris brillante con detalles de cuero blanco y el forro interior marron. Como todos los productos de la colecci\u00f3n oro, est\u00e1 hecho de materiales de alta calidad que lo hacen ligero, suave y particularmente c\u00f3modo. La base neutra, enriquecida por el toque de color en [&hellip;]<\/p>\n","protected":false},"featured_media":805,"comment_status":"closed","ping_status":"closed","template":"","meta":{"_acf_changed":false},"product_brand":[],"product_cat":[58],"product_tag":[],"giftcard-category":[],"class_list":{"0":"post-1189","1":"product","2":"type-product","3":"status-publish","4":"has-post-thumbnail","6":"product_cat-cascos-oro","8":"first","9":"instock","10":"sale","11":"taxable","12":"shipping-taxable","13":"purchasable","14":"product-type-variable"},"acf":[],"jetpack_sharing_enabled":true,"_links":{"self":[{"href":"https:\/\/dmd.eu\/es\/wp-json\/wp\/v2\/product\/1189","targetHints":{"allow":["GET"]}}],"collection":[{"href":"https:\/\/dmd.eu\/es\/wp-json\/wp\/v2\/product"}],"about":[{"href":"https:\/\/dmd.eu\/es\/wp-json\/wp\/v2\/types\/product"}],"replies":[{"embeddable":true,"href":"https:\/\/dmd.eu\/es\/wp-json\/wp\/v2\/comments?post=1189"}],"wp:featuredmedia":[{"embeddable":true,"href":"https:\/\/dmd.eu\/es\/wp-json\/wp\/v2\/media\/805"}],"wp:attachment":[{"href":"https:\/\/dmd.eu\/es\/wp-json\/wp\/v2\/media?parent=1189"}],"wp:term":[{"taxonomy":"product_brand","embeddable":true,"href":"https:\/\/dmd.eu\/es\/wp-json\/wp\/v2\/product_brand?post=1189"},{"taxonomy":"product_cat","embeddable":true,"href":"https:\/\/dmd.eu\/es\/wp-json\/wp\/v2\/product_cat?post=1189"},{"taxonomy":"product_tag","embeddable":true,"href":"https:\/\/dmd.eu\/es\/wp-json\/wp\/v2\/product_tag?post=1189"},{"taxonomy":"giftcard-category","embeddable":true,"href":"https:\/\/dmd.eu\/es\/wp-json\/wp\/v2\/giftcard-category?post=1189"}],"curies":[{"name":"wp","href":"https:\/\/api.w.org\/{rel}","templated":true}]}}