{"id":1088,"date":"2023-08-07T10:59:29","date_gmt":"2023-08-07T08:59:29","guid":{"rendered":"https:\/\/www.dmd.eu\/product\/sin%20categor\u00eda\/milwaukee\/"},"modified":"2025-12-02T00:14:45","modified_gmt":"2025-12-01T23:14:45","slug":"milwaukee","status":"publish","type":"product","link":"https:\/\/dmd.eu\/es\/prodotto\/cascos-oro\/milwaukee\/","title":{"rendered":"MILWAUKEE"},"content":{"rendered":"<p>El<strong> casco jet Vintage Milwaukee<\/strong> debe su nombre a la ciudad donde naci\u00f3 el mito de las motos Harley- Davidson. Se presenta en los colores que distinguen a esta ic\u00f3nica marca, es decir, base negro mate con ribete e interior de cuero naranja.<br \/>\nComo todos los productos de la colecci\u00f3n oro, est\u00e1 hecho de materiales de alta calidad que lo hacen ligero, suave y particularmente c\u00f3modo.<br \/>\nLa base neutra, enriquecida por el toque de color del ribete de cuero, hace que combine con cualquier tipo de moto, ya sea una moto Custom, Vintage o Caf\u00e9 racer.<\/p>\n","protected":false},"excerpt":{"rendered":"<p>El casco jet Vintage Milwaukee debe su nombre a la ciudad donde naci\u00f3 el mito de las motos Harley- Davidson. Se presenta en los colores que distinguen a esta ic\u00f3nica marca, es decir, base negro mate con ribete e interior de cuero naranja. Como todos los productos de la colecci\u00f3n oro, est\u00e1 hecho de materiales [&hellip;]<\/p>\n","protected":false},"featured_media":493,"comment_status":"closed","ping_status":"closed","template":"","meta":{"_acf_changed":false},"product_brand":[],"product_cat":[58],"product_tag":[],"giftcard-category":[],"class_list":{"0":"post-1088","1":"product","2":"type-product","3":"status-publish","4":"has-post-thumbnail","6":"product_cat-cascos-oro","8":"first","9":"instock","10":"sale","11":"taxable","12":"shipping-taxable","13":"purchasable","14":"product-type-variable"},"acf":[],"jetpack_sharing_enabled":true,"_links":{"self":[{"href":"https:\/\/dmd.eu\/es\/wp-json\/wp\/v2\/product\/1088","targetHints":{"allow":["GET"]}}],"collection":[{"href":"https:\/\/dmd.eu\/es\/wp-json\/wp\/v2\/product"}],"about":[{"href":"https:\/\/dmd.eu\/es\/wp-json\/wp\/v2\/types\/product"}],"replies":[{"embeddable":true,"href":"https:\/\/dmd.eu\/es\/wp-json\/wp\/v2\/comments?post=1088"}],"wp:featuredmedia":[{"embeddable":true,"href":"https:\/\/dmd.eu\/es\/wp-json\/wp\/v2\/media\/493"}],"wp:attachment":[{"href":"https:\/\/dmd.eu\/es\/wp-json\/wp\/v2\/media?parent=1088"}],"wp:term":[{"taxonomy":"product_brand","embeddable":true,"href":"https:\/\/dmd.eu\/es\/wp-json\/wp\/v2\/product_brand?post=1088"},{"taxonomy":"product_cat","embeddable":true,"href":"https:\/\/dmd.eu\/es\/wp-json\/wp\/v2\/product_cat?post=1088"},{"taxonomy":"product_tag","embeddable":true,"href":"https:\/\/dmd.eu\/es\/wp-json\/wp\/v2\/product_tag?post=1088"},{"taxonomy":"giftcard-category","embeddable":true,"href":"https:\/\/dmd.eu\/es\/wp-json\/wp\/v2\/giftcard-category?post=1088"}],"curies":[{"name":"wp","href":"https:\/\/api.w.org\/{rel}","templated":true}]}}