{"id":1060,"date":"2023-08-07T10:59:30","date_gmt":"2023-08-07T08:59:30","guid":{"rendered":"https:\/\/www.dmd.eu\/product\/sin%20categor\u00eda\/roma\/"},"modified":"2025-12-02T00:14:45","modified_gmt":"2025-12-01T23:14:45","slug":"roma","status":"publish","type":"product","link":"https:\/\/dmd.eu\/es\/prodotto\/cascos-oro\/roma\/","title":{"rendered":"ROMA SOLID"},"content":{"rendered":"<p>El<strong> casco jet Vintage Roma Solid<\/strong> de la Collezione Oro es de color crema brillante con detalles e interior en color marr\u00f3n. Como todos los productos de la colecci\u00f3n oro, est\u00e1 fabricado con materiales de alta calidad que lo hacen ligero, suave y particularmente c\u00f3modo. Dedicado a todos los pilotos que aman un producto de calidad, capaz de satisfacer todas las normas de seguridad modernas.<br \/>\nPru\u00e9balo en tu motocicleta Custom, Vintage, Caf\u00e8 racer, Harley Davidson, Triumph, BMW, Honda, Guzzi, e Indian.<\/p>\n","protected":false},"excerpt":{"rendered":"<p>El casco jet Vintage Roma Solid de la Collezione Oro es de color crema brillante con detalles e interior en color marr\u00f3n. Como todos los productos de la colecci\u00f3n oro, est\u00e1 fabricado con materiales de alta calidad que lo hacen ligero, suave y particularmente c\u00f3modo. Dedicado a todos los pilotos que aman un producto de [&hellip;]<\/p>\n","protected":false},"featured_media":426,"comment_status":"closed","ping_status":"closed","template":"","meta":{"_acf_changed":false},"product_brand":[],"product_cat":[58],"product_tag":[],"giftcard-category":[],"class_list":{"0":"post-1060","1":"product","2":"type-product","3":"status-publish","4":"has-post-thumbnail","6":"product_cat-cascos-oro","8":"first","9":"instock","10":"sale","11":"taxable","12":"shipping-taxable","13":"purchasable","14":"product-type-variable"},"acf":[],"jetpack_sharing_enabled":true,"_links":{"self":[{"href":"https:\/\/dmd.eu\/es\/wp-json\/wp\/v2\/product\/1060","targetHints":{"allow":["GET"]}}],"collection":[{"href":"https:\/\/dmd.eu\/es\/wp-json\/wp\/v2\/product"}],"about":[{"href":"https:\/\/dmd.eu\/es\/wp-json\/wp\/v2\/types\/product"}],"replies":[{"embeddable":true,"href":"https:\/\/dmd.eu\/es\/wp-json\/wp\/v2\/comments?post=1060"}],"wp:featuredmedia":[{"embeddable":true,"href":"https:\/\/dmd.eu\/es\/wp-json\/wp\/v2\/media\/426"}],"wp:attachment":[{"href":"https:\/\/dmd.eu\/es\/wp-json\/wp\/v2\/media?parent=1060"}],"wp:term":[{"taxonomy":"product_brand","embeddable":true,"href":"https:\/\/dmd.eu\/es\/wp-json\/wp\/v2\/product_brand?post=1060"},{"taxonomy":"product_cat","embeddable":true,"href":"https:\/\/dmd.eu\/es\/wp-json\/wp\/v2\/product_cat?post=1060"},{"taxonomy":"product_tag","embeddable":true,"href":"https:\/\/dmd.eu\/es\/wp-json\/wp\/v2\/product_tag?post=1060"},{"taxonomy":"giftcard-category","embeddable":true,"href":"https:\/\/dmd.eu\/es\/wp-json\/wp\/v2\/giftcard-category?post=1060"}],"curies":[{"name":"wp","href":"https:\/\/api.w.org\/{rel}","templated":true}]}}