{"id":10096,"date":"2023-09-03T07:53:25","date_gmt":"2023-09-03T05:53:25","guid":{"rendered":"https:\/\/www.dmd.eu\/product\/sin%20categor\u00eda\/gilet-blue-cotton-waxed\/"},"modified":"2025-12-02T00:14:21","modified_gmt":"2025-12-01T23:14:21","slug":"chaleco-blue","status":"publish","type":"product","link":"https:\/\/dmd.eu\/es\/prodotto\/ropa-de-moto\/chaleco\/chaleco-blue\/","title":{"rendered":"CHALECO BLUE"},"content":{"rendered":"<p>El <strong>chaleco<\/strong> sin mangas de algod\u00f3n encerado es una prenda con un aut\u00e9ntico look Vintage, indispensable para todo aficionado a las motos. Este modelo corto est\u00e1 lleno de detalles, como los bolsillos cruzados de f\u00e1cil acceso para los que siempre van en moto. Confeccionado en color azul oscuro.<\/p>\n<p>\ud83c\uddee\ud83c\uddf9 Hergestellt in Italien, mit Leidenschaft.<\/p>\n","protected":false},"excerpt":{"rendered":"<p>El chaleco sin mangas de algod\u00f3n encerado es una prenda con un aut\u00e9ntico look Vintage, indispensable para todo aficionado a las motos. Este modelo corto est\u00e1 lleno de detalles, como los bolsillos cruzados de f\u00e1cil acceso para los que siempre van en moto. Confeccionado en color azul oscuro. \ud83c\uddee\ud83c\uddf9 Hergestellt in Italien, mit Leidenschaft.<\/p>\n","protected":false},"featured_media":9552,"comment_status":"closed","ping_status":"closed","template":"","meta":{"_acf_changed":false},"product_brand":[],"product_cat":[4746,265],"product_tag":[],"giftcard-category":[],"class_list":{"0":"post-10096","1":"product","2":"type-product","3":"status-publish","4":"has-post-thumbnail","6":"product_cat-chaleco","7":"product_cat-ropa-de-moto","9":"first","10":"instock","11":"taxable","12":"shipping-taxable","13":"purchasable","14":"product-type-variable"},"acf":[],"jetpack_sharing_enabled":true,"_links":{"self":[{"href":"https:\/\/dmd.eu\/es\/wp-json\/wp\/v2\/product\/10096","targetHints":{"allow":["GET"]}}],"collection":[{"href":"https:\/\/dmd.eu\/es\/wp-json\/wp\/v2\/product"}],"about":[{"href":"https:\/\/dmd.eu\/es\/wp-json\/wp\/v2\/types\/product"}],"replies":[{"embeddable":true,"href":"https:\/\/dmd.eu\/es\/wp-json\/wp\/v2\/comments?post=10096"}],"wp:featuredmedia":[{"embeddable":true,"href":"https:\/\/dmd.eu\/es\/wp-json\/wp\/v2\/media\/9552"}],"wp:attachment":[{"href":"https:\/\/dmd.eu\/es\/wp-json\/wp\/v2\/media?parent=10096"}],"wp:term":[{"taxonomy":"product_brand","embeddable":true,"href":"https:\/\/dmd.eu\/es\/wp-json\/wp\/v2\/product_brand?post=10096"},{"taxonomy":"product_cat","embeddable":true,"href":"https:\/\/dmd.eu\/es\/wp-json\/wp\/v2\/product_cat?post=10096"},{"taxonomy":"product_tag","embeddable":true,"href":"https:\/\/dmd.eu\/es\/wp-json\/wp\/v2\/product_tag?post=10096"},{"taxonomy":"giftcard-category","embeddable":true,"href":"https:\/\/dmd.eu\/es\/wp-json\/wp\/v2\/giftcard-category?post=10096"}],"curies":[{"name":"wp","href":"https:\/\/api.w.org\/{rel}","templated":true}]}}