{"id":10059,"date":"2023-09-03T07:53:22","date_gmt":"2023-09-03T05:53:22","guid":{"rendered":"https:\/\/www.dmd.eu\/product\/sin%20categor\u00eda\/bunny-blue-waxed-cotton\/"},"modified":"2025-05-20T15:22:43","modified_gmt":"2025-05-20T13:22:43","slug":"bunny-blue","status":"publish","type":"product","link":"https:\/\/dmd.eu\/es\/prodotto\/ropa-de-moto\/cazadoras\/bunny-blue\/","title":{"rendered":"BUNNY BLUE"},"content":{"rendered":"<p><strong>Chaqueta de moto Bunny<\/strong>\u00a0protectora y homologada. Certificaci\u00f3n CE: AA.<\/p>\n<p>La chaqueta modelo Bunny es ideal para aquellos que buscan un look caf\u00e9 racer sin pasarse.<br \/>\nConfeccionada en nuestro exclusivo algod\u00f3n encerado impermeable, es una chaqueta para quienes buscan una l\u00ednea simple e ideal para salidas urbanas.<br \/>\nAdem\u00e1s, la costura central a\u00f1ade un detalle llamativo, sin comprometer la silueta cl\u00e1sica.<\/p>\n","protected":false},"excerpt":{"rendered":"<p>Chaqueta de moto Bunny\u00a0protectora y homologada. Certificaci\u00f3n CE: AA. La chaqueta modelo Bunny es ideal para aquellos que buscan un look caf\u00e9 racer sin pasarse. Confeccionada en nuestro exclusivo algod\u00f3n encerado impermeable, es una chaqueta para quienes buscan una l\u00ednea simple e ideal para salidas urbanas. Adem\u00e1s, la costura central a\u00f1ade un detalle llamativo, sin [&hellip;]<\/p>\n","protected":false},"featured_media":9447,"comment_status":"closed","ping_status":"closed","template":"","meta":{"_acf_changed":false},"product_brand":[],"product_cat":[369,265],"product_tag":[],"giftcard-category":[],"class_list":{"0":"post-10059","1":"product","2":"type-product","3":"status-publish","4":"has-post-thumbnail","6":"product_cat-cazadoras","7":"product_cat-ropa-de-moto","9":"first","10":"outofstock","11":"sale","12":"taxable","13":"shipping-taxable","14":"purchasable","15":"product-type-variable"},"acf":[],"jetpack_sharing_enabled":true,"_links":{"self":[{"href":"https:\/\/dmd.eu\/es\/wp-json\/wp\/v2\/product\/10059","targetHints":{"allow":["GET"]}}],"collection":[{"href":"https:\/\/dmd.eu\/es\/wp-json\/wp\/v2\/product"}],"about":[{"href":"https:\/\/dmd.eu\/es\/wp-json\/wp\/v2\/types\/product"}],"replies":[{"embeddable":true,"href":"https:\/\/dmd.eu\/es\/wp-json\/wp\/v2\/comments?post=10059"}],"wp:featuredmedia":[{"embeddable":true,"href":"https:\/\/dmd.eu\/es\/wp-json\/wp\/v2\/media\/9447"}],"wp:attachment":[{"href":"https:\/\/dmd.eu\/es\/wp-json\/wp\/v2\/media?parent=10059"}],"wp:term":[{"taxonomy":"product_brand","embeddable":true,"href":"https:\/\/dmd.eu\/es\/wp-json\/wp\/v2\/product_brand?post=10059"},{"taxonomy":"product_cat","embeddable":true,"href":"https:\/\/dmd.eu\/es\/wp-json\/wp\/v2\/product_cat?post=10059"},{"taxonomy":"product_tag","embeddable":true,"href":"https:\/\/dmd.eu\/es\/wp-json\/wp\/v2\/product_tag?post=10059"},{"taxonomy":"giftcard-category","embeddable":true,"href":"https:\/\/dmd.eu\/es\/wp-json\/wp\/v2\/giftcard-category?post=10059"}],"curies":[{"name":"wp","href":"https:\/\/api.w.org\/{rel}","templated":true}]}}