{"id":10031,"date":"2023-09-03T07:53:24","date_gmt":"2023-09-03T05:53:24","guid":{"rendered":"https:\/\/www.dmd.eu\/product\/sin%20categor\u00eda\/blouse-black-cotton\/"},"modified":"2025-12-02T01:57:29","modified_gmt":"2025-12-02T00:57:29","slug":"blouse-black","status":"publish","type":"product","link":"https:\/\/dmd.eu\/es\/prodotto\/ropa-de-moto\/cazadoras\/blouse-black\/","title":{"rendered":"BLOUSE BLACK"},"content":{"rendered":"<p><strong>Chaqueta de moto Blouse<\/strong> protectora y homologada. Certificaci\u00f3n CE: A.<\/p>\n<p>El modelo de chaqueta Blouse de algod\u00f3n y fibras mixtas se identifica por sus l\u00edneas limpias en perfecto estilo caf\u00e9 racer y apto para todo tipo de motoristas.<\/p>\n<p>\ud83c\uddee\ud83c\uddf9 Hergestellt in Italien, mit Leidenschaft.<\/p>\n","protected":false},"excerpt":{"rendered":"<p>Chaqueta de moto Blouse protectora y homologada. Certificaci\u00f3n CE: A. El modelo de chaqueta Blouse de algod\u00f3n y fibras mixtas se identifica por sus l\u00edneas limpias en perfecto estilo caf\u00e9 racer y apto para todo tipo de motoristas. \ud83c\uddee\ud83c\uddf9 Hergestellt in Italien, mit Leidenschaft.<\/p>\n","protected":false},"featured_media":9302,"comment_status":"closed","ping_status":"closed","template":"","meta":{"_acf_changed":false},"product_brand":[],"product_cat":[369,265],"product_tag":[],"giftcard-category":[],"class_list":{"0":"post-10031","1":"product","2":"type-product","3":"status-publish","4":"has-post-thumbnail","6":"product_cat-cazadoras","7":"product_cat-ropa-de-moto","9":"first","10":"instock","11":"taxable","12":"shipping-taxable","13":"purchasable","14":"product-type-variable"},"acf":[],"jetpack_sharing_enabled":true,"_links":{"self":[{"href":"https:\/\/dmd.eu\/es\/wp-json\/wp\/v2\/product\/10031","targetHints":{"allow":["GET"]}}],"collection":[{"href":"https:\/\/dmd.eu\/es\/wp-json\/wp\/v2\/product"}],"about":[{"href":"https:\/\/dmd.eu\/es\/wp-json\/wp\/v2\/types\/product"}],"replies":[{"embeddable":true,"href":"https:\/\/dmd.eu\/es\/wp-json\/wp\/v2\/comments?post=10031"}],"wp:featuredmedia":[{"embeddable":true,"href":"https:\/\/dmd.eu\/es\/wp-json\/wp\/v2\/media\/9302"}],"wp:attachment":[{"href":"https:\/\/dmd.eu\/es\/wp-json\/wp\/v2\/media?parent=10031"}],"wp:term":[{"taxonomy":"product_brand","embeddable":true,"href":"https:\/\/dmd.eu\/es\/wp-json\/wp\/v2\/product_brand?post=10031"},{"taxonomy":"product_cat","embeddable":true,"href":"https:\/\/dmd.eu\/es\/wp-json\/wp\/v2\/product_cat?post=10031"},{"taxonomy":"product_tag","embeddable":true,"href":"https:\/\/dmd.eu\/es\/wp-json\/wp\/v2\/product_tag?post=10031"},{"taxonomy":"giftcard-category","embeddable":true,"href":"https:\/\/dmd.eu\/es\/wp-json\/wp\/v2\/giftcard-category?post=10031"}],"curies":[{"name":"wp","href":"https:\/\/api.w.org\/{rel}","templated":true}]}}