{"id":55839,"date":"2026-04-10T10:00:35","date_gmt":"2026-04-10T08:00:35","guid":{"rendered":"https:\/\/dmd.eu\/sesiaco-x-dmd\/"},"modified":"2026-04-17T18:33:54","modified_gmt":"2026-04-17T16:33:54","slug":"sesiaco-x-dmd","status":"publish","type":"page","link":"https:\/\/dmd.eu\/es\/sesiaco-x-dmd\/","title":{"rendered":"SESIA&amp;CO. X DMD"},"content":{"rendered":"  <div id=\"b-categorypage-block_3edfc4d715b23479fc47735a530000df\" class=\"conteiner\">\n    <div class=\"header-category\">\n      <h1 class=\"big-text\">SESIA&#038;CO. x DMD<\/h1>\n      <div class=\"category-text--desktop\">\n        <p data-start=\"3647\" data-end=\"3986\"><strong>DESIGN, ARTESAN\u00cdA Y ESTILO SOBRE DOS RUEDAS<\/strong><\/p>\n<p data-start=\"3647\" data-end=\"3986\">La colaboraci\u00f3n entre Sesia&amp;Co. y DMD da vida a una colecci\u00f3n exclusiva que combina est\u00e9tica, investigaci\u00f3n y tradici\u00f3n. DMD, empresa italiana reconocida a nivel internacional por sus cascos de dise\u00f1o ic\u00f3nico, se une a la elegancia sofisticada de Sesia&amp;Co. en un proyecto \u00fanico donde el casco se convierte en un verdadero objeto de estilo.<\/p>\n<p data-start=\"3988\" data-end=\"4242\">La colecci\u00f3n presenta cinco cascos DMD reinterpretados en los refinados tonos Cappuccino, Cielo, Salvia, Hierro y Azafr\u00e1n. Una paleta inspirada en el mundo del dise\u00f1o de interiores, pensada para quienes buscan coherencia est\u00e9tica incluso fuera del hogar.<\/p>\n<p data-start=\"4244\" data-end=\"4621\">Esta colaboraci\u00f3n fusiona la est\u00e9tica vintage distintiva de DMD con la innovaci\u00f3n tecnol\u00f3gica y la calidad de fabricaci\u00f3n, dando lugar a productos que garantizan seguridad, confort y autenticidad Made in Italy. El resultado es una colecci\u00f3n que supera la funci\u00f3n t\u00e9cnica del casco, transform\u00e1ndolo en un elemento de dise\u00f1o capaz de dialogar con el estilo de vida contempor\u00e1neo.<\/p>\n<p data-start=\"4623\" data-end=\"4709\" data-is-last-node=\"\" data-is-only-node=\"\">Descubre la colecci\u00f3n Sesia&amp;Co. x DMD y elige el casco que mejor interpreta tu estilo.<\/p>\n      <\/div>\n      <button class=\"link-anchor more-info-button\">Leer m\u00e1s<\/button>\n    <\/div>\n    <div class=\"image-page\" style=\"background-image:url('https:\/\/dmd.eu\/wp-content\/webp-express\/webp-images\/uploads\/2026\/04\/CATEGORIA.jpg.webp');\">\n    <\/div>\n    \n    <div class=\"more-info\">\n      <div id=\"info\" class=\"conteiner\">\n        <div class=\"box medium category-text--mobile\">\n          <p data-start=\"3647\" data-end=\"3986\"><strong>DESIGN, ARTESAN\u00cdA Y ESTILO SOBRE DOS RUEDAS<\/strong><\/p>\n<p data-start=\"3647\" data-end=\"3986\">La colaboraci\u00f3n entre Sesia&amp;Co. y DMD da vida a una colecci\u00f3n exclusiva que combina est\u00e9tica, investigaci\u00f3n y tradici\u00f3n. DMD, empresa italiana reconocida a nivel internacional por sus cascos de dise\u00f1o ic\u00f3nico, se une a la elegancia sofisticada de Sesia&amp;Co. en un proyecto \u00fanico donde el casco se convierte en un verdadero objeto de estilo.<\/p>\n<p data-start=\"3988\" data-end=\"4242\">La colecci\u00f3n presenta cinco cascos DMD reinterpretados en los refinados tonos Cappuccino, Cielo, Salvia, Hierro y Azafr\u00e1n. Una paleta inspirada en el mundo del dise\u00f1o de interiores, pensada para quienes buscan coherencia est\u00e9tica incluso fuera del hogar.<\/p>\n<p data-start=\"4244\" data-end=\"4621\">Esta colaboraci\u00f3n fusiona la est\u00e9tica vintage distintiva de DMD con la innovaci\u00f3n tecnol\u00f3gica y la calidad de fabricaci\u00f3n, dando lugar a productos que garantizan seguridad, confort y autenticidad Made in Italy. El resultado es una colecci\u00f3n que supera la funci\u00f3n t\u00e9cnica del casco, transform\u00e1ndolo en un elemento de dise\u00f1o capaz de dialogar con el estilo de vida contempor\u00e1neo.<\/p>\n<p data-start=\"4623\" data-end=\"4709\" data-is-last-node=\"\" data-is-only-node=\"\">Descubre la colecci\u00f3n Sesia&amp;Co. x DMD y elige el casco que mejor interpreta tu estilo.<\/p>\n        <\/div>\n        <div class=\"box medium\">\n          <h4>POR QU\u00c9 ELEGIR LOS CASCOS JET DE MOTO RETRO?<\/h4>\n<p>El dise\u00f1o y la creatividad que caracterizan a los productos de la categor\u00eda <strong>jet Retro<\/strong>, completan un casco realizado respetando el <strong>nuevo est\u00e1ndar de seguridad ECE 22.06<\/strong>. Si conduces una moto Custom, Caf\u00e8 racer o un scooter la colecci\u00f3n de cascos jet Retro DMD regala la libertad de un semiintegral sin renunciar a l\u00edneas exclusivas, estilo original y dise\u00f1o actual.<br \/>\nLa l\u00ednea de modelos es muy rica, perfecta para satisfacer cualquier look.<\/p>\n        <\/div>\n        <div class=\"box medium\">\n          <h4>UN PAR DE INFORMACIONES \u00daTILES PARA TODO MOTORISTA:<\/h4>\n<ul>\n<li>El casco se completa con tres botones \u00fatiles para montar una visera m\u00f3vil y\/o una cara;<\/li>\n<li>Para la seguridad de todos los motociclistas recomendamos cambiar el casco cada tres a\u00f1os.<\/li>\n<\/ul>\n<p>Conduce tu moto con total libertad y seguridad eligiendo el casco semi integral jet Retro que prefieras, entre los modelos del cat\u00e1logo DMD.<\/p>\n        <\/div>\n      <\/div>\n    <\/div>\n\n    <div class=\"filter-row\">\n                <\/div>\n\n          \n<a href=\"https:\/\/dmd.eu\/es\/prodotto\/sesiaeco-x-dmd\/zafferano\/\" class=\"product-preview w-inline-block\" data-ix=\"hover-product\">\n    <img decoding=\"async\" src=\"https:\/\/dmd.eu\/wp-content\/webp-express\/webp-images\/uploads\/2026\/04\/SESIACO-X-DMD-Retro-Zafferano-dx-1.jpg.webp\" loading=\"lazy\" alt=\"dmd.eu - ZAFFERANO\" class=\"product-image\">\n  <div class=\"title-product-content\">\n    <h3 class=\"extra-small-title\">ZAFFERANO<\/h3>\n    <div>\n      <span class=\"woocommerce-Price-amount amount\"><bdi>289,00<span class=\"woocommerce-Price-currencySymbol\">&euro;<\/span><\/bdi><\/span><span>\n    <\/div>\n  <\/div>\n    <\/a>\n<a href=\"https:\/\/dmd.eu\/es\/prodotto\/sesiaeco-x-dmd\/cappuccino\/\" class=\"product-preview w-inline-block\" data-ix=\"hover-product\">\n    <img decoding=\"async\" src=\"https:\/\/dmd.eu\/wp-content\/webp-express\/webp-images\/uploads\/2026\/04\/SESIACO-X-DMD-Retro-Cappuccino-dx.jpg.webp\" loading=\"lazy\" alt=\"dmd.eu - CAPPUCCINO\" class=\"product-image\">\n  <div class=\"title-product-content\">\n    <h3 class=\"extra-small-title\">CAPPUCCINO<\/h3>\n    <div>\n      <span class=\"woocommerce-Price-amount amount\"><bdi>289,00<span class=\"woocommerce-Price-currencySymbol\">&euro;<\/span><\/bdi><\/span><span>\n    <\/div>\n  <\/div>\n    <\/a>\n<a href=\"https:\/\/dmd.eu\/es\/prodotto\/sesiaeco-x-dmd\/cielo\/\" class=\"product-preview w-inline-block\" data-ix=\"hover-product\">\n    <img decoding=\"async\" src=\"https:\/\/dmd.eu\/wp-content\/webp-express\/webp-images\/uploads\/2026\/04\/SESIACO-X-DMD-Retro-Cielo-dx.jpg.webp\" loading=\"lazy\" alt=\"dmd.eu - CIELO\" class=\"product-image\">\n  <div class=\"title-product-content\">\n    <h3 class=\"extra-small-title\">CIELO<\/h3>\n    <div>\n      <span class=\"woocommerce-Price-amount amount\"><bdi>289,00<span class=\"woocommerce-Price-currencySymbol\">&euro;<\/span><\/bdi><\/span><span>\n    <\/div>\n  <\/div>\n    <\/a>\n<a href=\"https:\/\/dmd.eu\/es\/prodotto\/sesiaeco-x-dmd\/salvia\/\" class=\"product-preview w-inline-block\" data-ix=\"hover-product\">\n    <img decoding=\"async\" src=\"https:\/\/dmd.eu\/wp-content\/webp-express\/webp-images\/uploads\/2026\/04\/SESIACO-X-DMD-Retro-Salvia-dx.jpg.webp\" loading=\"lazy\" alt=\"dmd.eu - SALVIA\" class=\"product-image\">\n  <div class=\"title-product-content\">\n    <h3 class=\"extra-small-title\">SALVIA<\/h3>\n    <div>\n      <span class=\"woocommerce-Price-amount amount\"><bdi>289,00<span class=\"woocommerce-Price-currencySymbol\">&euro;<\/span><\/bdi><\/span><span>\n    <\/div>\n  <\/div>\n    <\/a>\n<a href=\"https:\/\/dmd.eu\/es\/prodotto\/sesiaeco-x-dmd\/ferro\/\" class=\"product-preview w-inline-block\" data-ix=\"hover-product\">\n    <img decoding=\"async\" src=\"https:\/\/dmd.eu\/wp-content\/webp-express\/webp-images\/uploads\/2026\/04\/SESIACO-X-DMD-Retro-Ferro-dx.jpg.webp\" loading=\"lazy\" alt=\"dmd.eu - FERRO\" class=\"product-image\">\n  <div class=\"title-product-content\">\n    <h3 class=\"extra-small-title\">FERRO<\/h3>\n    <div>\n      <span class=\"woocommerce-Price-amount amount\"><bdi>289,00<span class=\"woocommerce-Price-currencySymbol\">&euro;<\/span><\/bdi><\/span><span>\n    <\/div>\n  <\/div>\n    <\/a>  <\/div>","protected":false},"excerpt":{"rendered":"","protected":false},"author":8,"featured_media":0,"parent":0,"menu_order":0,"comment_status":"closed","ping_status":"closed","template":"","meta":{"_acf_changed":true,"footnotes":""},"class_list":["post-55839","page","type-page","status-publish","hentry"],"acf":[],"jetpack_sharing_enabled":true,"_links":{"self":[{"href":"https:\/\/dmd.eu\/es\/wp-json\/wp\/v2\/pages\/55839","targetHints":{"allow":["GET"]}}],"collection":[{"href":"https:\/\/dmd.eu\/es\/wp-json\/wp\/v2\/pages"}],"about":[{"href":"https:\/\/dmd.eu\/es\/wp-json\/wp\/v2\/types\/page"}],"author":[{"embeddable":true,"href":"https:\/\/dmd.eu\/es\/wp-json\/wp\/v2\/users\/8"}],"replies":[{"embeddable":true,"href":"https:\/\/dmd.eu\/es\/wp-json\/wp\/v2\/comments?post=55839"}],"version-history":[{"count":0,"href":"https:\/\/dmd.eu\/es\/wp-json\/wp\/v2\/pages\/55839\/revisions"}],"wp:attachment":[{"href":"https:\/\/dmd.eu\/es\/wp-json\/wp\/v2\/media?parent=55839"}],"curies":[{"name":"wp","href":"https:\/\/api.w.org\/{rel}","templated":true}]}}