{"id":50489,"date":"2025-11-11T09:37:48","date_gmt":"2025-11-11T08:37:48","guid":{"rendered":"https:\/\/dmd.eu\/ropa-de-moto\/gilet\/"},"modified":"2025-12-02T11:01:51","modified_gmt":"2025-12-02T10:01:51","slug":"gilet","status":"publish","type":"page","link":"https:\/\/dmd.eu\/es\/ropa-de-moto\/gilet\/","title":{"rendered":"CHALECOS"},"content":{"rendered":"  <div id=\"b-categorypage-block_05461c9c79a4593bd27fcbc2756f71cc\" class=\"conteiner\">\n    <div class=\"header-category\">\n      <h1 class=\"big-text\">CHALECOS<\/h1>\n      <div class=\"category-text--desktop\">\n        <p data-start=\"112\" data-end=\"343\">La colecci\u00f3n de chalecos con la marca DMD es adecuada para todo tipo de motociclistas.<br data-start=\"198\" data-end=\"201\" \/>Estos modelos est\u00e1n llenos de detalles, como los bolsillos diagonales que permiten un acceso f\u00e1cil para quienes siempre est\u00e1n sobre la moto.<\/p>\n<p data-start=\"345\" data-end=\"385\">\ud83c\uddee\ud83c\uddf9 Producto en Italia, con pasi\u00f3n.<\/p>\n      <\/div>\n      <button class=\"link-anchor more-info-button\"><\/button>\n    <\/div>\n    <div class=\"image-page\" style=\"background-image:url('https:\/\/dmd.eu\/wp-content\/webp-express\/webp-images\/uploads\/2025\/12\/GILET.jpg.webp');\">\n    <\/div>\n    \n    <div class=\"more-info\">\n      <div id=\"info\" class=\"conteiner\">\n        <div class=\"box medium category-text--mobile\">\n          <p data-start=\"112\" data-end=\"343\">La colecci\u00f3n de chalecos con la marca DMD es adecuada para todo tipo de motociclistas.<br data-start=\"198\" data-end=\"201\" \/>Estos modelos est\u00e1n llenos de detalles, como los bolsillos diagonales que permiten un acceso f\u00e1cil para quienes siempre est\u00e1n sobre la moto.<\/p>\n<p data-start=\"345\" data-end=\"385\">\ud83c\uddee\ud83c\uddf9 Producto en Italia, con pasi\u00f3n.<\/p>\n        <\/div>\n        <div class=\"box medium\">\n                  <\/div>\n        <div class=\"box medium\">\n                  <\/div>\n      <\/div>\n    <\/div>\n\n    <div class=\"filter-row\">\n                <\/div>\n\n          \n<a href=\"https:\/\/dmd.eu\/es\/prodotto\/ropa-de-moto\/chaleco\/chaleco-green\/\" class=\"product-preview w-inline-block\" data-ix=\"hover-product\">\n    <img decoding=\"async\" src=\"https:\/\/dmd.eu\/wp-content\/webp-express\/webp-images\/uploads\/2023\/09\/DMD-Gilet-green-cotton-waxed-front.jpg.webp\" loading=\"lazy\" alt=\"dmd.eu - CHALECO GREEN\" class=\"product-image\">\n  <div class=\"title-product-content\">\n    <h3 class=\"extra-small-title\">CHALECO GREEN<\/h3>\n    <div>\n      <span class=\"woocommerce-Price-amount amount\"><bdi>150,00<span class=\"woocommerce-Price-currencySymbol\">&euro;<\/span><\/bdi><\/span><span>\n    <\/div>\n  <\/div>\n    <\/a>\n<a href=\"https:\/\/dmd.eu\/es\/prodotto\/ropa-de-moto\/chaleco\/chaleco-tobacco\/\" class=\"product-preview w-inline-block\" data-ix=\"hover-product\">\n    <img decoding=\"async\" src=\"https:\/\/dmd.eu\/wp-content\/webp-express\/webp-images\/uploads\/2025\/10\/DMD-Gilet-green-cotton-waxed-front.jpg.webp\" loading=\"lazy\" alt=\"dmd.eu - CHALECO TOBACCO\" class=\"product-image\">\n  <div class=\"title-product-content\">\n    <h3 class=\"extra-small-title\">CHALECO TOBACCO<\/h3>\n    <div>\n      <span class=\"woocommerce-Price-amount amount\"><bdi>150,00<span class=\"woocommerce-Price-currencySymbol\">&euro;<\/span><\/bdi><\/span><span>\n    <\/div>\n  <\/div>\n    <\/a>\n<a href=\"https:\/\/dmd.eu\/es\/prodotto\/ropa-de-moto\/chaleco\/chaleco-blue\/\" class=\"product-preview w-inline-block\" data-ix=\"hover-product\">\n    <img decoding=\"async\" src=\"https:\/\/dmd.eu\/wp-content\/webp-express\/webp-images\/uploads\/2023\/09\/DMD-Gilet-blue-cotton-waxed-front.jpg.webp\" loading=\"lazy\" alt=\"dmd.eu - CHALECO BLUE\" class=\"product-image\">\n  <div class=\"title-product-content\">\n    <h3 class=\"extra-small-title\">CHALECO BLUE<\/h3>\n    <div>\n      <span class=\"woocommerce-Price-amount amount\"><bdi>150,00<span class=\"woocommerce-Price-currencySymbol\">&euro;<\/span><\/bdi><\/span><span>\n    <\/div>\n  <\/div>\n    <\/a>\n<a href=\"https:\/\/dmd.eu\/es\/prodotto\/ropa-de-moto\/chaleco\/chaleco-sand\/\" class=\"product-preview w-inline-block\" data-ix=\"hover-product\">\n    <img decoding=\"async\" src=\"https:\/\/dmd.eu\/wp-content\/webp-express\/webp-images\/uploads\/2023\/09\/DMD-Gilet-sand-cotton-waxed-front-2.jpg.webp\" loading=\"lazy\" alt=\"dmd.eu - CHALECO SAND\" class=\"product-image\">\n  <div class=\"title-product-content\">\n    <h3 class=\"extra-small-title\">CHALECO SAND<\/h3>\n    <div>\n      <span class=\"woocommerce-Price-amount amount\"><bdi>150,00<span class=\"woocommerce-Price-currencySymbol\">&euro;<\/span><\/bdi><\/span><span>\n    <\/div>\n  <\/div>\n    <\/a>\n<a href=\"https:\/\/dmd.eu\/es\/prodotto\/ropa-de-moto\/chaleco\/chaleco-olive\/\" class=\"product-preview w-inline-block\" data-ix=\"hover-product\">\n    <img decoding=\"async\" src=\"https:\/\/dmd.eu\/wp-content\/webp-express\/webp-images\/uploads\/2023\/09\/DMD-Gilet-olive-cotton-waxed-front.jpg.webp\" loading=\"lazy\" alt=\"dmd.eu - CHALECO OLIVE\" class=\"product-image\">\n  <div class=\"title-product-content\">\n    <h3 class=\"extra-small-title\">CHALECO OLIVE<\/h3>\n    <div>\n      <span class=\"woocommerce-Price-amount amount\"><bdi>150,00<span class=\"woocommerce-Price-currencySymbol\">&euro;<\/span><\/bdi><\/span><span>\n    <\/div>\n  <\/div>\n    <\/a>\n<a href=\"https:\/\/dmd.eu\/es\/prodotto\/ropa-de-moto\/chaleco\/chaleco-black\/\" class=\"product-preview w-inline-block\" data-ix=\"hover-product\">\n    <img decoding=\"async\" src=\"https:\/\/dmd.eu\/wp-content\/webp-express\/webp-images\/uploads\/2023\/09\/DMD-Gilet-black-cotton-waxed-front.jpg.webp\" loading=\"lazy\" alt=\"dmd.eu - CHALECO BLACK\" class=\"product-image\">\n  <div class=\"title-product-content\">\n    <h3 class=\"extra-small-title\">CHALECO BLACK<\/h3>\n    <div>\n      <span class=\"woocommerce-Price-amount amount\"><bdi>150,00<span class=\"woocommerce-Price-currencySymbol\">&euro;<\/span><\/bdi><\/span><span>\n    <\/div>\n  <\/div>\n    <\/a>\n<a href=\"https:\/\/dmd.eu\/es\/prodotto\/ropa-de-moto\/chaleco\/chaleco-jeans\/\" class=\"product-preview w-inline-block\" data-ix=\"hover-product\">\n    <img decoding=\"async\" src=\"https:\/\/dmd.eu\/wp-content\/webp-express\/webp-images\/uploads\/2023\/09\/DMD-Gilet-Jeans-front.jpg.webp\" loading=\"lazy\" alt=\"dmd.eu - CHALECO JEANS\" class=\"product-image\">\n  <div class=\"title-product-content\">\n    <h3 class=\"extra-small-title\">CHALECO JEANS<\/h3>\n    <div>\n      <span class=\"woocommerce-Price-amount amount\"><bdi>150,00<span class=\"woocommerce-Price-currencySymbol\">&euro;<\/span><\/bdi><\/span><span>\n    <\/div>\n  <\/div>\n    <\/a>  <\/div>","protected":false},"excerpt":{"rendered":"","protected":false},"author":8,"featured_media":0,"parent":12542,"menu_order":0,"comment_status":"closed","ping_status":"closed","template":"","meta":{"_acf_changed":true,"footnotes":""},"class_list":["post-50489","page","type-page","status-publish","hentry"],"acf":[],"jetpack_sharing_enabled":true,"_links":{"self":[{"href":"https:\/\/dmd.eu\/es\/wp-json\/wp\/v2\/pages\/50489","targetHints":{"allow":["GET"]}}],"collection":[{"href":"https:\/\/dmd.eu\/es\/wp-json\/wp\/v2\/pages"}],"about":[{"href":"https:\/\/dmd.eu\/es\/wp-json\/wp\/v2\/types\/page"}],"author":[{"embeddable":true,"href":"https:\/\/dmd.eu\/es\/wp-json\/wp\/v2\/users\/8"}],"replies":[{"embeddable":true,"href":"https:\/\/dmd.eu\/es\/wp-json\/wp\/v2\/comments?post=50489"}],"version-history":[{"count":0,"href":"https:\/\/dmd.eu\/es\/wp-json\/wp\/v2\/pages\/50489\/revisions"}],"up":[{"embeddable":true,"href":"https:\/\/dmd.eu\/es\/wp-json\/wp\/v2\/pages\/12542"}],"wp:attachment":[{"href":"https:\/\/dmd.eu\/es\/wp-json\/wp\/v2\/media?parent=50489"}],"curies":[{"name":"wp","href":"https:\/\/api.w.org\/{rel}","templated":true}]}}