{"id":24475,"date":"2024-05-15T14:32:22","date_gmt":"2024-05-15T12:32:22","guid":{"rendered":"https:\/\/www.dmd.eu\/cascos-moto-integrales\/rivale-06\/"},"modified":"2025-12-02T11:00:44","modified_gmt":"2025-12-02T10:00:44","slug":"rivale-06","status":"publish","type":"page","link":"https:\/\/dmd.eu\/es\/cascos-moto-integrales\/rivale-06\/","title":{"rendered":"RIVALE ECE 22.06"},"content":{"rendered":"  <div id=\"b-categorypage-block_7bb5bf5242cd95f24071d286b38879bd\" class=\"conteiner\">\n    <div class=\"header-category\">\n      <h1 class=\"big-text\">CASCOS INTEGRALES RIVALE<br \/>\r\nECE 22.06<\/h1>\n      <div class=\"category-text--desktop\">\n        <p>Los <strong>cascos integrales<\/strong> de la colecci\u00f3n <strong>Rivale<\/strong> esconden un concentrado de innovaci\u00f3n y tecnolog\u00eda.<br \/>\nGracias a una nueva fibra tricompuesta, hemos logrado crear un producto supercompacto con un dise\u00f1o esencial que cumple todas las normas de seguridad modernas y ofrece un ajuste c\u00f3modo. Un casco integral de aspecto cl\u00e1sico que homenajea los a\u00f1os locos del automovilismo.<br \/>\nDisponible en dos calotas, de la XS a la XL.<\/p>\n<p>\ud83c\uddee\ud83c\uddf9 Hecho en Italia, con pasi\u00f3n.<\/p>\n      <\/div>\n      <button class=\"link-anchor more-info-button\">Leer m\u00e1s<\/button>\n    <\/div>\n    <div class=\"image-page\" style=\"background-image:url('https:\/\/dmd.eu\/wp-content\/webp-express\/webp-images\/uploads\/2025\/12\/RIVALE.jpg.webp');\">\n    <\/div>\n    \n    <div class=\"more-info\">\n      <div id=\"info\" class=\"conteiner\">\n        <div class=\"box medium category-text--mobile\">\n          <p>Los <strong>cascos integrales<\/strong> de la colecci\u00f3n <strong>Rivale<\/strong> esconden un concentrado de innovaci\u00f3n y tecnolog\u00eda.<br \/>\nGracias a una nueva fibra tricompuesta, hemos logrado crear un producto supercompacto con un dise\u00f1o esencial que cumple todas las normas de seguridad modernas y ofrece un ajuste c\u00f3modo. Un casco integral de aspecto cl\u00e1sico que homenajea los a\u00f1os locos del automovilismo.<br \/>\nDisponible en dos calotas, de la XS a la XL.<\/p>\n<p>\ud83c\uddee\ud83c\uddf9 Hecho en Italia, con pasi\u00f3n.<\/p>\n        <\/div>\n        <div class=\"box medium\">\n          <h4>POR QU\u00c9 ELEGIR LOS CASCOS INTEGRALES DE MOTO RIVALE?<\/h4>\n<p>Los <strong>cascos integrales<\/strong> de la colecci\u00f3n<strong> Rivale<\/strong> tienen una calota \u00fanica de fibra tricompuesta, ligera pero resistente a los impactos. Su moderno design permite a cada motociclista revivir la emoci\u00f3n de las carreras de los a\u00f1os 70.<br \/>\nEl estilo de los cascos integrales Rivale DMD se adapta perfectamente a las motos de estilo automovil\u00edstico. Para elegir la talla adecuada, sigue la gu\u00eda de tallas que encontrar\u00e1s en el interior de cada ficha de producto y encuentra la talla que corresponde al tama\u00f1o de tu cabeza. Recuerda que es posible modificar el interior del casco, cambiando la talla, si la talla de la calota es la misma.<\/p>\n        <\/div>\n        <div class=\"box medium\">\n          <h4>UN PAR DE INFORMACIONES \u00daTILES PARA TODO MOTORISTA:<\/h4>\n<ul>\n<li>Todos los cascos integrales Rivale incorporan un cierre de doble anilla, para garantizarte una seguridad absoluta;<\/li>\n<li>Todos los cascos de la colecci\u00f3n tienen visera clara, con lente Pinlock incluida; no obstante, es posible adquirir la variante oscura por separado.<\/li>\n<\/ul>\n<p>Descubre los cascos integrales en todas las versiones disponibles: b\u00e1sica, gr\u00e1fica o metalizada. Conduzca con estilo con un casco integral de la colecci\u00f3n Rivale.<\/p>\n        <\/div>\n      <\/div>\n    <\/div>\n\n    <div class=\"filter-row\">\n                <\/div>\n\n          \n<a href=\"https:\/\/dmd.eu\/es\/prodotto\/cascos-integrales\/cascos-rivale-06\/rivale-red-eye\/\" class=\"product-preview w-inline-block\" data-ix=\"hover-product\">\n    <img decoding=\"async\" src=\"https:\/\/dmd.eu\/wp-content\/webp-express\/webp-images\/uploads\/2026\/01\/DMD-Rivale-Red-Eye-dx-1.jpg.webp\" loading=\"lazy\" alt=\"dmd.eu - RIVALE RED EYE\" class=\"product-image\">\n  <div class=\"title-product-content\">\n    <h3 class=\"extra-small-title\">RIVALE RED EYE<\/h3>\n    <div>\n      <span class=\"woocommerce-Price-amount amount\"><bdi>549,00<span class=\"woocommerce-Price-currencySymbol\">&euro;<\/span><\/bdi><\/span><span>\n    <\/div>\n  <\/div>\n    <\/a>\n<a href=\"https:\/\/dmd.eu\/es\/prodotto\/cascos-integrales\/cascos-rivale-06\/rivale-panther\/\" class=\"product-preview w-inline-block\" data-ix=\"hover-product\">\n    <img decoding=\"async\" src=\"https:\/\/dmd.eu\/wp-content\/webp-express\/webp-images\/uploads\/2026\/01\/DMD-Rivale-Panther-dx-1.jpg.webp\" loading=\"lazy\" alt=\"dmd.eu - RIVALE PANTHER\" class=\"product-image\">\n  <div class=\"title-product-content\">\n    <h3 class=\"extra-small-title\">RIVALE PANTHER<\/h3>\n    <div>\n      <span class=\"woocommerce-Price-amount amount\"><bdi>579,00<span class=\"woocommerce-Price-currencySymbol\">&euro;<\/span><\/bdi><\/span><span>\n    <\/div>\n  <\/div>\n    <\/a>\n<a href=\"https:\/\/dmd.eu\/es\/prodotto\/cascos-integrales\/cascos-rivale-06\/rivale-carbon\/\" class=\"product-preview w-inline-block\" data-ix=\"hover-product\">\n    <img decoding=\"async\" src=\"https:\/\/dmd.eu\/wp-content\/webp-express\/webp-images\/uploads\/2026\/01\/DMD-Rivale-Carbon-dx.jpg.webp\" loading=\"lazy\" alt=\"dmd.eu - RIVALE CARBON\" class=\"product-image\">\n  <div class=\"title-product-content\">\n    <h3 class=\"extra-small-title\">RIVALE CARBON<\/h3>\n    <div>\n      <span class=\"woocommerce-Price-amount amount\"><bdi>599,00<span class=\"woocommerce-Price-currencySymbol\">&euro;<\/span><\/bdi><\/span><span>\n    <\/div>\n  <\/div>\n    <\/a>\n<a href=\"https:\/\/dmd.eu\/es\/prodotto\/cascos-integrales\/cascos-rivale-06\/rivale-buzz\/\" class=\"product-preview w-inline-block\" data-ix=\"hover-product\">\n    <img decoding=\"async\" src=\"https:\/\/dmd.eu\/wp-content\/webp-express\/webp-images\/uploads\/2025\/01\/DMD-Rivale-Buzz-dx-3.jpg.webp\" loading=\"lazy\" alt=\"dmd.eu - RIVALE BUZZ\" class=\"product-image\">\n  <div class=\"title-product-content\">\n    <h3 class=\"extra-small-title\">RIVALE BUZZ<\/h3>\n    <div>\n      <span class=\"woocommerce-Price-amount amount\"><bdi>579,00<span class=\"woocommerce-Price-currencySymbol\">&euro;<\/span><\/bdi><\/span><span>\n    <\/div>\n  <\/div>\n    <\/a>\n<a href=\"https:\/\/dmd.eu\/es\/prodotto\/cascos-integrales\/cascos-rivale-06\/rivale-cream-06\/\" class=\"product-preview w-inline-block\" data-ix=\"hover-product\">\n    <img decoding=\"async\" src=\"https:\/\/dmd.eu\/wp-content\/webp-express\/webp-images\/uploads\/2024\/05\/DMD-Rivale-Cream-dx.jpg.webp\" loading=\"lazy\" alt=\"dmd.eu - RIVALE CREAM\" class=\"product-image\">\n  <div class=\"title-product-content\">\n    <h3 class=\"extra-small-title\">RIVALE CREAM<\/h3>\n    <div>\n      <span class=\"woocommerce-Price-amount amount\"><bdi>479,00<span class=\"woocommerce-Price-currencySymbol\">&euro;<\/span><\/bdi><\/span><span>\n    <\/div>\n  <\/div>\n    <\/a>\n<a href=\"https:\/\/dmd.eu\/es\/prodotto\/cascos-integrales\/cascos-rivale-06\/rivale-matt-black-06\/\" class=\"product-preview w-inline-block\" data-ix=\"hover-product\">\n    <img decoding=\"async\" src=\"https:\/\/dmd.eu\/wp-content\/webp-express\/webp-images\/uploads\/2024\/05\/DMD-Rivale-Matt-Black-dx-2.jpg.webp\" loading=\"lazy\" alt=\"dmd.eu - RIVALE MATT BLACK\" class=\"product-image\">\n  <div class=\"title-product-content\">\n    <h3 class=\"extra-small-title\">RIVALE MATT BLACK<\/h3>\n    <div>\n      <span class=\"woocommerce-Price-amount amount\"><bdi>479,00<span class=\"woocommerce-Price-currencySymbol\">&euro;<\/span><\/bdi><\/span><span>\n    <\/div>\n  <\/div>\n    <\/a>\n<a href=\"https:\/\/dmd.eu\/es\/prodotto\/cascos-integrales\/cascos-rivale-06\/rivale-hawk-06\/\" class=\"product-preview w-inline-block\" data-ix=\"hover-product\">\n    <img decoding=\"async\" src=\"https:\/\/dmd.eu\/wp-content\/webp-express\/webp-images\/uploads\/2024\/05\/DMD-Rivale-Hawk-dx-1.jpg.webp\" loading=\"lazy\" alt=\"dmd.eu - RIVALE HAWK\" class=\"product-image\">\n  <div class=\"title-product-content\">\n    <h3 class=\"extra-small-title\">RIVALE HAWK<\/h3>\n    <div>\n      <span class=\"woocommerce-Price-amount amount\"><bdi>579,00<span class=\"woocommerce-Price-currencySymbol\">&euro;<\/span><\/bdi><\/span><span>\n    <\/div>\n  <\/div>\n    <\/a>\n<a href=\"https:\/\/dmd.eu\/es\/prodotto\/cascos-integrales\/cascos-rivale-06\/rivale-blade-06\/\" class=\"product-preview w-inline-block\" data-ix=\"hover-product\">\n    <img decoding=\"async\" src=\"https:\/\/dmd.eu\/wp-content\/webp-express\/webp-images\/uploads\/2024\/05\/DMD-Rivale-Blade-dx-1.jpg.webp\" loading=\"lazy\" alt=\"dmd.eu - RIVALE BLADE\" class=\"product-image\">\n  <div class=\"title-product-content\">\n    <h3 class=\"extra-small-title\">RIVALE BLADE<\/h3>\n    <div>\n      <span class=\"woocommerce-Price-amount amount\"><bdi>579,00<span class=\"woocommerce-Price-currencySymbol\">&euro;<\/span><\/bdi><\/span><span>\n    <\/div>\n  <\/div>\n    <\/a>\n<a href=\"https:\/\/dmd.eu\/es\/prodotto\/cascos-integrales\/cascos-rivale-06\/rivale-crayon-grey-06\/\" class=\"product-preview w-inline-block\" data-ix=\"hover-product\">\n    <img decoding=\"async\" src=\"https:\/\/dmd.eu\/wp-content\/webp-express\/webp-images\/uploads\/2024\/05\/DMD-Rivale-Crayon-Grey-dx-1.jpg.webp\" loading=\"lazy\" alt=\"dmd.eu - RIVALE CRAYON GREY\" class=\"product-image\">\n  <div class=\"title-product-content\">\n    <h3 class=\"extra-small-title\">RIVALE CRAYON GREY<\/h3>\n    <div>\n      <span class=\"woocommerce-Price-amount amount\"><bdi>479,00<span class=\"woocommerce-Price-currencySymbol\">&euro;<\/span><\/bdi><\/span><span>\n    <\/div>\n  <\/div>\n    <\/a>\n<a href=\"https:\/\/dmd.eu\/es\/prodotto\/cascos-integrales\/cascos-rivale-06\/rivale-white\/\" class=\"product-preview w-inline-block\" data-ix=\"hover-product\">\n    <img decoding=\"async\" src=\"https:\/\/dmd.eu\/wp-content\/webp-express\/webp-images\/uploads\/2024\/05\/DMD-Rivale-White-dx.jpg.webp\" loading=\"lazy\" alt=\"dmd.eu - RIVALE WHITE\" class=\"product-image\">\n  <div class=\"title-product-content\">\n    <h3 class=\"extra-small-title\">RIVALE WHITE<\/h3>\n    <div>\n      <span class=\"woocommerce-Price-amount amount\"><bdi>479,00<span class=\"woocommerce-Price-currencySymbol\">&euro;<\/span><\/bdi><\/span><span>\n    <\/div>\n  <\/div>\n    <\/a>\n<a href=\"https:\/\/dmd.eu\/es\/prodotto\/cascos-integrales\/cascos-rivale-06\/rivale-wot\/\" class=\"product-preview w-inline-block\" data-ix=\"hover-product\">\n    <img decoding=\"async\" src=\"https:\/\/dmd.eu\/wp-content\/uploads\/2024\/05\/DMD-Rivale-Wot-Front-scaled.jpg\" loading=\"lazy\" alt=\"dmd.eu - RIVALE WOT\" class=\"product-image\">\n  <div class=\"title-product-content\">\n    <h3 class=\"extra-small-title\">RIVALE WOT<\/h3>\n    <div>\n      <span class=\"woocommerce-Price-amount amount\"><bdi>549,00<span class=\"woocommerce-Price-currencySymbol\">&euro;<\/span><\/bdi><\/span><span>\n    <\/div>\n  <\/div>\n    <\/a>\n<a href=\"https:\/\/dmd.eu\/es\/prodotto\/cascos-integrales\/cascos-rivale-06\/rivale-fuoco\/\" class=\"product-preview w-inline-block\" data-ix=\"hover-product\">\n    <img decoding=\"async\" src=\"https:\/\/dmd.eu\/wp-content\/webp-express\/webp-images\/uploads\/2024\/05\/DMD-Rivale-Fuoco-dx-1.jpg.webp\" loading=\"lazy\" alt=\"dmd.eu - RIVALE FUOCO\" class=\"product-image\">\n  <div class=\"title-product-content\">\n    <h3 class=\"extra-small-title\">RIVALE FUOCO<\/h3>\n    <div>\n      <span class=\"woocommerce-Price-amount amount\"><bdi>549,00<span class=\"woocommerce-Price-currencySymbol\">&euro;<\/span><\/bdi><\/span><span>\n    <\/div>\n  <\/div>\n    <\/a>\n<a href=\"https:\/\/dmd.eu\/es\/prodotto\/cascos-integrales\/cascos-rivale-06\/rivale-acqua\/\" class=\"product-preview w-inline-block\" data-ix=\"hover-product\">\n    <img decoding=\"async\" src=\"https:\/\/dmd.eu\/wp-content\/webp-express\/webp-images\/uploads\/2024\/05\/DMD-Rivale-Acqua-dx-1.jpg.webp\" loading=\"lazy\" alt=\"dmd.eu - RIVALE ACQUA\" class=\"product-image\">\n  <div class=\"title-product-content\">\n    <h3 class=\"extra-small-title\">RIVALE ACQUA<\/h3>\n    <div>\n      <span class=\"woocommerce-Price-amount amount\"><bdi>549,00<span class=\"woocommerce-Price-currencySymbol\">&euro;<\/span><\/bdi><\/span><span>\n    <\/div>\n  <\/div>\n    <\/a>\n<a href=\"https:\/\/dmd.eu\/es\/prodotto\/cascos-integrales\/cascos-rivale-06\/rivale-racing-06\/\" class=\"product-preview w-inline-block\" data-ix=\"hover-product\">\n    <img decoding=\"async\" src=\"https:\/\/dmd.eu\/wp-content\/webp-express\/webp-images\/uploads\/2024\/05\/DMD-Rivale-Racing-front-2.jpg.webp\" loading=\"lazy\" alt=\"dmd.eu - RIVALE RACING BLACK\" class=\"product-image\">\n  <div class=\"title-product-content\">\n    <h3 class=\"extra-small-title\">RIVALE RACING BLACK<\/h3>\n    <div>\n      <span class=\"woocommerce-Price-amount amount\"><bdi>525,00<span class=\"woocommerce-Price-currencySymbol\">&euro;<\/span><\/bdi><\/span><span>\n    <\/div>\n  <\/div>\n    <\/a>\n<a href=\"https:\/\/dmd.eu\/es\/prodotto\/cascos-integrales\/cascos-rivale-06\/rivale-gp-06\/\" class=\"product-preview w-inline-block\" data-ix=\"hover-product\">\n    <img decoding=\"async\" src=\"https:\/\/dmd.eu\/wp-content\/webp-express\/webp-images\/uploads\/2024\/05\/DMD-Rivale-GP-front-4.jpg.webp\" loading=\"lazy\" alt=\"dmd.eu - RIVALE GP\" class=\"product-image\">\n  <div class=\"title-product-content\">\n    <h3 class=\"extra-small-title\">RIVALE GP<\/h3>\n    <div>\n      <span class=\"woocommerce-Price-amount amount\"><bdi>549,00<span class=\"woocommerce-Price-currencySymbol\">&euro;<\/span><\/bdi><\/span><span>\n    <\/div>\n  <\/div>\n    <\/a>\n<a href=\"https:\/\/dmd.eu\/es\/prodotto\/cascos-integrales\/cascos-rivale-06\/rivale-solid-black-06\/\" class=\"product-preview w-inline-block\" data-ix=\"hover-product\">\n    <img decoding=\"async\" src=\"https:\/\/dmd.eu\/wp-content\/webp-express\/webp-images\/uploads\/2024\/05\/DMD-Rivale-Racing-dx-1.jpg.webp\" loading=\"lazy\" alt=\"dmd.eu - RIVALE SOLID BLACK\" class=\"product-image\">\n  <div class=\"title-product-content\">\n    <h3 class=\"extra-small-title\">RIVALE SOLID BLACK<\/h3>\n    <div>\n      <span class=\"woocommerce-Price-amount amount\"><bdi>479,00<span class=\"woocommerce-Price-currencySymbol\">&euro;<\/span><\/bdi><\/span><span>\n    <\/div>\n  <\/div>\n    <\/a>\n<a href=\"https:\/\/dmd.eu\/es\/prodotto\/cascos-integrales\/cascos-rivale-06\/rivale-rame-06\/\" class=\"product-preview w-inline-block\" data-ix=\"hover-product\">\n    <img decoding=\"async\" src=\"https:\/\/dmd.eu\/wp-content\/webp-express\/webp-images\/uploads\/2024\/05\/DMD-Rivale-Rame-dx-1.jpg.webp\" loading=\"lazy\" alt=\"dmd.eu - RIVALE RAME\" class=\"product-image\">\n  <div class=\"title-product-content\">\n    <h3 class=\"extra-small-title\">RIVALE RAME<\/h3>\n    <div>\n      <span class=\"woocommerce-Price-amount amount\"><bdi>479,00<span class=\"woocommerce-Price-currencySymbol\">&euro;<\/span><\/bdi><\/span><span>\n    <\/div>\n  <\/div>\n    <\/a>  <\/div>","protected":false},"excerpt":{"rendered":"","protected":false},"author":8,"featured_media":0,"parent":12614,"menu_order":0,"comment_status":"closed","ping_status":"closed","template":"","meta":{"_acf_changed":true,"footnotes":""},"class_list":["post-24475","page","type-page","status-publish","hentry"],"acf":[],"jetpack_sharing_enabled":true,"_links":{"self":[{"href":"https:\/\/dmd.eu\/es\/wp-json\/wp\/v2\/pages\/24475","targetHints":{"allow":["GET"]}}],"collection":[{"href":"https:\/\/dmd.eu\/es\/wp-json\/wp\/v2\/pages"}],"about":[{"href":"https:\/\/dmd.eu\/es\/wp-json\/wp\/v2\/types\/page"}],"author":[{"embeddable":true,"href":"https:\/\/dmd.eu\/es\/wp-json\/wp\/v2\/users\/8"}],"replies":[{"embeddable":true,"href":"https:\/\/dmd.eu\/es\/wp-json\/wp\/v2\/comments?post=24475"}],"version-history":[{"count":0,"href":"https:\/\/dmd.eu\/es\/wp-json\/wp\/v2\/pages\/24475\/revisions"}],"up":[{"embeddable":true,"href":"https:\/\/dmd.eu\/es\/wp-json\/wp\/v2\/pages\/12614"}],"wp:attachment":[{"href":"https:\/\/dmd.eu\/es\/wp-json\/wp\/v2\/media?parent=24475"}],"curies":[{"name":"wp","href":"https:\/\/api.w.org\/{rel}","templated":true}]}}