{"id":18537,"date":"2024-04-03T12:01:48","date_gmt":"2024-04-03T10:01:48","guid":{"rendered":"https:\/\/www.dmd.eu\/cascos-moto-integrales\/seventyseven\/"},"modified":"2025-12-02T11:00:56","modified_gmt":"2025-12-02T10:00:56","slug":"seventyseven","status":"publish","type":"page","link":"https:\/\/dmd.eu\/es\/cascos-moto-integrales\/seventyseven\/","title":{"rendered":"SEVENTYSEVEN"},"content":{"rendered":"  <div id=\"b-categorypage-block_0140a0e6792281416f20eabf75a8d92d\" class=\"conteiner\">\n    <div class=\"header-category\">\n      <h1 class=\"big-text\">CASCOS INTEGRALES DE MOTO SEVENTYSEVEN<\/h1>\n      <div class=\"category-text--desktop\">\n        <p>Los cascos integrales Seventyseven reviven el dise\u00f1o de la famosa y adorada calota de los a\u00f1os 70. Protector y seguro, estos modelos son muy ligeros. La gran apertura frontal y las ventilaciones aportan un toque agresivo, mientras que la visera interna retr\u00e1ctil para el sol hace que el casco sea c\u00f3modo, pr\u00e1ctico y seguro.<\/p>\n<p>Todos los modelos de esta categor\u00eda cuentan con la nueva homologaci\u00f3n ECE 22.06.<\/p>\n<p>\ud83c\uddee\ud83c\uddf9 Hecho en Italia, con pasi\u00f3n.<\/p>\n      <\/div>\n      <button class=\"link-anchor more-info-button\">Leer m\u00e1s<\/button>\n    <\/div>\n    <div class=\"image-page\" style=\"background-image:url('https:\/\/dmd.eu\/wp-content\/webp-express\/webp-images\/uploads\/2025\/12\/SEVENTYSEVEN.jpg.webp');\">\n    <\/div>\n    \n    <div class=\"more-info\">\n      <div id=\"info\" class=\"conteiner\">\n        <div class=\"box medium category-text--mobile\">\n          <p>Los cascos integrales Seventyseven reviven el dise\u00f1o de la famosa y adorada calota de los a\u00f1os 70. Protector y seguro, estos modelos son muy ligeros. La gran apertura frontal y las ventilaciones aportan un toque agresivo, mientras que la visera interna retr\u00e1ctil para el sol hace que el casco sea c\u00f3modo, pr\u00e1ctico y seguro.<\/p>\n<p>Todos los modelos de esta categor\u00eda cuentan con la nueva homologaci\u00f3n ECE 22.06.<\/p>\n<p>\ud83c\uddee\ud83c\uddf9 Hecho en Italia, con pasi\u00f3n.<\/p>\n        <\/div>\n        <div class=\"box medium\">\n          <p><strong>\u00bfPOR QU\u00c9 ELEGIR LOS CASCOS INTEGRALES SEVENTYSEVEN?<\/strong><\/p>\n<p>Los cascos integrales Seventyseven cuentan con una exclusiva carcasa de kevlar y carbono, que es ligera al usarla pero altamente resistente a los impactos. Su dise\u00f1o moderno permite a cada motorista revivir la emoci\u00f3n de las carreras de los a\u00f1os setenta. Al redise\u00f1ar el aspecto t\u00edpico, hemos transformado estos cascos en verdaderos accesorios de moda, pensados para adaptarse a cualquier estilo y completar tu look, sin renunciar nunca a la seguridad y la comodidad.<\/p>\n<p>El estilo de los cascos integrales Seventyseven DMD se adapta perfectamente a motos Custom, Vintage, Caf\u00e9 Racer, Harley Davidson, Triumph, BMW, Honda, Guzzi e Indian.<\/p>\n<p>Para elegir la talla adecuada, consulta la gu\u00eda de tallas en cada ficha de producto y encuentra la medida que corresponde al tama\u00f1o de tu cabeza. Recuerda que es posible ajustar el interior del casco, cambiando la talla, siempre que el tama\u00f1o de la carcasa sea el mismo.<\/p>\n        <\/div>\n        <div class=\"box medium\">\n          <p><strong>ALGUNOS DATOS \u00daTILES PARA CADA MOTOCICLISTA:<\/strong><\/p>\n<p>Todos los cascos integrales Seventyseven est\u00e1n equipados con un cierre de doble anilla para garantizarte m\u00e1xima seguridad.<br \/>\nTodos los cascos de la colecci\u00f3n tambi\u00e9n disponen de una visera interior solar retr\u00e1ctil.<\/p>\n<p>Descubre los cascos integrales en todas las versiones disponibles: b\u00e1sica, gr\u00e1fica o metalizada. Conduce con seguridad y estilo con un casco integral de la colecci\u00f3n Seventyseven.<\/p>\n        <\/div>\n      <\/div>\n    <\/div>\n\n    <div class=\"filter-row\">\n                <\/div>\n\n          \n<a href=\"https:\/\/dmd.eu\/es\/prodotto\/cascos-integrales\/cascos-seventyseven\/seventyseven-solid-black\/\" class=\"product-preview w-inline-block\" data-ix=\"hover-product\">\n    <img decoding=\"async\" src=\"https:\/\/dmd.eu\/wp-content\/webp-express\/webp-images\/uploads\/2024\/11\/DMD-Seventyseven-Solid-Black-dx-2.jpg.webp\" loading=\"lazy\" alt=\"dmd.eu - SEVENTYSEVEN SOLID BLACK\" class=\"product-image\">\n  <div class=\"title-product-content\">\n    <h3 class=\"extra-small-title\">SEVENTYSEVEN SOLID BLACK<\/h3>\n    <div>\n      <span class=\"woocommerce-Price-amount amount\"><bdi>399,00<span class=\"woocommerce-Price-currencySymbol\">&euro;<\/span><\/bdi><\/span><span>\n    <\/div>\n  <\/div>\n    <\/a>\n<a href=\"https:\/\/dmd.eu\/es\/prodotto\/cascos-integrales\/cascos-seventyseven\/seventyseven-matt-black\/\" class=\"product-preview w-inline-block\" data-ix=\"hover-product\">\n    <img decoding=\"async\" src=\"https:\/\/dmd.eu\/wp-content\/webp-express\/webp-images\/uploads\/2024\/11\/DMD-Seventyseven-Matt-Black-dx-1.jpg.webp\" loading=\"lazy\" alt=\"dmd.eu - SEVENTYSEVEN MATT BLACK\" class=\"product-image\">\n  <div class=\"title-product-content\">\n    <h3 class=\"extra-small-title\">SEVENTYSEVEN MATT BLACK<\/h3>\n    <div>\n      <span class=\"woocommerce-Price-amount amount\"><bdi>399,00<span class=\"woocommerce-Price-currencySymbol\">&euro;<\/span><\/bdi><\/span><span>\n    <\/div>\n  <\/div>\n    <\/a>\n<a href=\"https:\/\/dmd.eu\/es\/prodotto\/cascos-integrales\/cascos-seventyseven\/seventyseven-crayon-grey\/\" class=\"product-preview w-inline-block\" data-ix=\"hover-product\">\n    <img decoding=\"async\" src=\"https:\/\/dmd.eu\/wp-content\/webp-express\/webp-images\/uploads\/2024\/11\/DMD-Seventyseven-Crayon-Grey-dx-2.jpg.webp\" loading=\"lazy\" alt=\"dmd.eu - SEVENTYSEVEN CRAYON GREY\" class=\"product-image\">\n  <div class=\"title-product-content\">\n    <h3 class=\"extra-small-title\">SEVENTYSEVEN CRAYON GREY<\/h3>\n    <div>\n      <span class=\"woocommerce-Price-amount amount\"><bdi>399,00<span class=\"woocommerce-Price-currencySymbol\">&euro;<\/span><\/bdi><\/span><span>\n    <\/div>\n  <\/div>\n    <\/a>\n<a href=\"https:\/\/dmd.eu\/es\/prodotto\/cascos-integrales\/cascos-seventyseven\/seventyseven-white\/\" class=\"product-preview w-inline-block\" data-ix=\"hover-product\">\n    <img decoding=\"async\" src=\"https:\/\/dmd.eu\/wp-content\/webp-express\/webp-images\/uploads\/2024\/11\/DMD-Seventyseven-White-dx-1.jpg.webp\" loading=\"lazy\" alt=\"dmd.eu - SEVENTYSEVEN WHITE\" class=\"product-image\">\n  <div class=\"title-product-content\">\n    <h3 class=\"extra-small-title\">SEVENTYSEVEN WHITE<\/h3>\n    <div>\n      <span class=\"woocommerce-Price-amount amount\"><bdi>399,00<span class=\"woocommerce-Price-currencySymbol\">&euro;<\/span><\/bdi><\/span><span>\n    <\/div>\n  <\/div>\n    <\/a>\n<a href=\"https:\/\/dmd.eu\/es\/prodotto\/cascos-integrales\/cascos-seventyseven\/seventyseven-cream\/\" class=\"product-preview w-inline-block\" data-ix=\"hover-product\">\n    <img decoding=\"async\" src=\"https:\/\/dmd.eu\/wp-content\/webp-express\/webp-images\/uploads\/2024\/11\/DMD-Seventyseven-Cream-dx-2.jpg.webp\" loading=\"lazy\" alt=\"dmd.eu - SEVENTYSEVEN CREAM\" class=\"product-image\">\n  <div class=\"title-product-content\">\n    <h3 class=\"extra-small-title\">SEVENTYSEVEN CREAM<\/h3>\n    <div>\n      <span class=\"woocommerce-Price-amount amount\"><bdi>399,00<span class=\"woocommerce-Price-currencySymbol\">&euro;<\/span><\/bdi><\/span><span>\n    <\/div>\n  <\/div>\n    <\/a>\n<a href=\"https:\/\/dmd.eu\/es\/prodotto\/cascos-integrales\/cascos-seventyseven\/seventyseven-yellow\/\" class=\"product-preview w-inline-block\" data-ix=\"hover-product\">\n    <img decoding=\"async\" src=\"https:\/\/dmd.eu\/wp-content\/webp-express\/webp-images\/uploads\/2024\/11\/DMD-Seventyseven-Yellow-dx-3.jpg.webp\" loading=\"lazy\" alt=\"dmd.eu - SEVENTYSEVEN YELLOW\" class=\"product-image\">\n  <div class=\"title-product-content\">\n    <h3 class=\"extra-small-title\">SEVENTYSEVEN YELLOW<\/h3>\n    <div>\n      <span class=\"woocommerce-Price-amount amount\"><bdi>399,00<span class=\"woocommerce-Price-currencySymbol\">&euro;<\/span><\/bdi><\/span><span>\n    <\/div>\n  <\/div>\n    <\/a>\n<a href=\"https:\/\/dmd.eu\/es\/prodotto\/cascos-integrales\/cascos-seventyseven\/seventyseven-sailor\/\" class=\"product-preview w-inline-block\" data-ix=\"hover-product\">\n    <img decoding=\"async\" src=\"https:\/\/dmd.eu\/wp-content\/webp-express\/webp-images\/uploads\/2025\/02\/DMD-Seventyseven-Sailor-dx-1.jpg.webp\" loading=\"lazy\" alt=\"dmd.eu - SEVENTYSEVEN SAILOR\" class=\"product-image\">\n  <div class=\"title-product-content\">\n    <h3 class=\"extra-small-title\">SEVENTYSEVEN SAILOR<\/h3>\n    <div>\n      <span class=\"woocommerce-Price-amount amount\"><bdi>459,00<span class=\"woocommerce-Price-currencySymbol\">&euro;<\/span><\/bdi><\/span><span>\n    <\/div>\n  <\/div>\n    <\/a>\n<a href=\"https:\/\/dmd.eu\/es\/prodotto\/cascos-integrales\/cascos-seventyseven\/seventyseven-waves\/\" class=\"product-preview w-inline-block\" data-ix=\"hover-product\">\n    <img decoding=\"async\" src=\"https:\/\/dmd.eu\/wp-content\/webp-express\/webp-images\/uploads\/2025\/02\/DMD-Seventyseven-Waves-dx-2.jpg.webp\" loading=\"lazy\" alt=\"dmd.eu - SEVENTYSEVEN WAVES\" class=\"product-image\">\n  <div class=\"title-product-content\">\n    <h3 class=\"extra-small-title\">SEVENTYSEVEN WAVES<\/h3>\n    <div>\n      <span class=\"woocommerce-Price-amount amount\"><bdi>459,00<span class=\"woocommerce-Price-currencySymbol\">&euro;<\/span><\/bdi><\/span><span>\n    <\/div>\n  <\/div>\n    <\/a>\n<a href=\"https:\/\/dmd.eu\/es\/prodotto\/cascos-integrales\/cascos-seventyseven\/seventyseven-flower-power\/\" class=\"product-preview w-inline-block\" data-ix=\"hover-product\">\n    <img decoding=\"async\" src=\"https:\/\/dmd.eu\/wp-content\/webp-express\/webp-images\/uploads\/2025\/02\/DMD-Seventyseven-Flower-Power-dx-2.jpg.webp\" loading=\"lazy\" alt=\"dmd.eu - SEVENTYSEVEN FLOWER POWER\" class=\"product-image\">\n  <div class=\"title-product-content\">\n    <h3 class=\"extra-small-title\">SEVENTYSEVEN FLOWER POWER<\/h3>\n    <div>\n      <span class=\"woocommerce-Price-amount amount\"><bdi>459,00<span class=\"woocommerce-Price-currencySymbol\">&euro;<\/span><\/bdi><\/span><span>\n    <\/div>\n  <\/div>\n    <\/a>  <\/div>","protected":false},"excerpt":{"rendered":"","protected":false},"author":8,"featured_media":0,"parent":12614,"menu_order":0,"comment_status":"closed","ping_status":"closed","template":"","meta":{"_acf_changed":true,"footnotes":""},"class_list":["post-18537","page","type-page","status-publish","hentry"],"acf":[],"jetpack_sharing_enabled":true,"_links":{"self":[{"href":"https:\/\/dmd.eu\/es\/wp-json\/wp\/v2\/pages\/18537","targetHints":{"allow":["GET"]}}],"collection":[{"href":"https:\/\/dmd.eu\/es\/wp-json\/wp\/v2\/pages"}],"about":[{"href":"https:\/\/dmd.eu\/es\/wp-json\/wp\/v2\/types\/page"}],"author":[{"embeddable":true,"href":"https:\/\/dmd.eu\/es\/wp-json\/wp\/v2\/users\/8"}],"replies":[{"embeddable":true,"href":"https:\/\/dmd.eu\/es\/wp-json\/wp\/v2\/comments?post=18537"}],"version-history":[{"count":0,"href":"https:\/\/dmd.eu\/es\/wp-json\/wp\/v2\/pages\/18537\/revisions"}],"up":[{"embeddable":true,"href":"https:\/\/dmd.eu\/es\/wp-json\/wp\/v2\/pages\/12614"}],"wp:attachment":[{"href":"https:\/\/dmd.eu\/es\/wp-json\/wp\/v2\/media?parent=18537"}],"curies":[{"name":"wp","href":"https:\/\/api.w.org\/{rel}","templated":true}]}}