{"id":17473,"date":"2024-03-18T12:42:20","date_gmt":"2024-03-18T11:42:20","guid":{"rendered":"https:\/\/www.dmd.eu\/ropa-de-moto\/t-shirts-fleeces\/"},"modified":"2025-10-16T12:52:43","modified_gmt":"2025-10-16T10:52:43","slug":"t-shirts-fleeces","status":"publish","type":"page","link":"https:\/\/dmd.eu\/es\/ropa-de-moto\/t-shirts-fleeces\/","title":{"rendered":"T-SHIRTS &#038; FLEECES"},"content":{"rendered":"  <div id=\"b-categorypage-block_7e36d073a6329e58e73021b804ff12c8\" class=\"conteiner\">\n    <div class=\"header-category\">\n      <h1 class=\"big-text\">CAMISETAS &#038; SUDADERAS<br \/>\r\n<\/h1>\n      <div class=\"category-text--desktop\">\n        <p>La colecci\u00f3n de <strong>camisetas <\/strong>y<strong> sudaderas<\/strong> de de DMD se caracteriza por la calidad, la atenci\u00f3n al detalle y la artesan\u00eda italiana.<\/p>\n<p>\ud83c\uddee\ud83c\uddf9 Hecho en Italia, con pasi\u00f3n.<\/p>\n      <\/div>\n      <button class=\"link-anchor more-info-button\">Leer m\u00e1s<\/button>\n    <\/div>\n    <div class=\"image-page\" style=\"background-image:url('https:\/\/dmd.eu\/wp-content\/webp-express\/webp-images\/uploads\/2024\/04\/t-shirtsfleeces.jpg.webp');\">\n    <\/div>\n    \n    <div class=\"more-info\">\n      <div id=\"info\" class=\"conteiner\">\n        <div class=\"box medium category-text--mobile\">\n          <p>La colecci\u00f3n de <strong>camisetas <\/strong>y<strong> sudaderas<\/strong> de de DMD se caracteriza por la calidad, la atenci\u00f3n al detalle y la artesan\u00eda italiana.<\/p>\n<p>\ud83c\uddee\ud83c\uddf9 Hecho en Italia, con pasi\u00f3n.<\/p>\n        <\/div>\n        <div class=\"box medium\">\n          <h4><strong>\u00bfPOR QU\u00c9 ELEGIR LAS CHAQUETAS DE MOTO?<\/strong><\/h4>\n<p>Las <strong>camisetas y sudaderas<\/strong> para moto son Made in Italy, con la m\u00e1xima atenci\u00f3n al detalle y la artesan\u00eda; dedicadas a quienes est\u00e1n siempre en movimiento.<\/p>\n        <\/div>\n        <div class=\"box medium\">\n          <h4>UN PAR DE INFORMAZIONES \u00daTILES PARA TODO MOTORISTA:<\/h4>\n<ul>\n<li>Hecho de 100% algod\u00f3n;<\/li>\n<li>Estampas realizadas con serigrafia.<\/li>\n<\/ul>\n<p>En el sill\u00edn de tu moto, elige una camiseta y sudadera de DMD, fabricadas \u00edntegramente en Italia.<\/p>\n        <\/div>\n      <\/div>\n    <\/div>\n\n    <div class=\"filter-row\">\n                <\/div>\n\n          \n<a href=\"https:\/\/dmd.eu\/es\/prodotto\/ropa-de-moto\/tshirts-fleeces-es\/t-shirt-stay-punk\/\" class=\"product-preview w-inline-block\" data-ix=\"hover-product\">\n    <img decoding=\"async\" src=\"https:\/\/dmd.eu\/wp-content\/webp-express\/webp-images\/uploads\/2024\/03\/DMD-T-shirt-Stay-Punk-front.jpg.webp\" loading=\"lazy\" alt=\"dmd.eu - STAY PUNK\" class=\"product-image\">\n  <div class=\"title-product-content\">\n    <h3 class=\"extra-small-title\">STAY PUNK<\/h3>\n    <div>\n      <span class=\"woocommerce-Price-amount amount\"><bdi>49,00<span class=\"woocommerce-Price-currencySymbol\">&euro;<\/span><\/bdi><\/span><span>\n    <\/div>\n  <\/div>\n    <\/a>\n<a href=\"https:\/\/dmd.eu\/es\/prodotto\/ropa-de-moto\/tshirts-fleeces-es\/t-shirt-wot-no-bike\/\" class=\"product-preview w-inline-block\" data-ix=\"hover-product\">\n    <img decoding=\"async\" src=\"https:\/\/dmd.eu\/wp-content\/webp-express\/webp-images\/uploads\/2024\/03\/DMD-T-shirt-Wot-No-Bike-front.jpg.webp\" loading=\"lazy\" alt=\"dmd.eu - WOT? NO BIKE\" class=\"product-image\">\n  <div class=\"title-product-content\">\n    <h3 class=\"extra-small-title\">WOT? NO BIKE<\/h3>\n    <div>\n      <span class=\"woocommerce-Price-amount amount\"><bdi>49,00<span class=\"woocommerce-Price-currencySymbol\">&euro;<\/span><\/bdi><\/span><span>\n    <\/div>\n  <\/div>\n    <\/a>\n<a href=\"https:\/\/dmd.eu\/es\/prodotto\/ropa-de-moto\/tshirts-fleeces-es\/t-shirt-never-too-old\/\" class=\"product-preview w-inline-block\" data-ix=\"hover-product\">\n    <img decoding=\"async\" src=\"https:\/\/dmd.eu\/wp-content\/webp-express\/webp-images\/uploads\/2024\/03\/DMD-T-shirt-Never-Too-Old-front.jpg.webp\" loading=\"lazy\" alt=\"dmd.eu - NEVER TOO OLD\" class=\"product-image\">\n  <div class=\"title-product-content\">\n    <h3 class=\"extra-small-title\">NEVER TOO OLD<\/h3>\n    <div>\n      <span class=\"woocommerce-Price-amount amount\"><bdi>49,00<span class=\"woocommerce-Price-currencySymbol\">&euro;<\/span><\/bdi><\/span><span>\n    <\/div>\n  <\/div>\n    <\/a>\n<a href=\"https:\/\/dmd.eu\/es\/prodotto\/ropa-de-moto\/tshirts-fleeces-es\/t-shirt-lone-rider\/\" class=\"product-preview w-inline-block\" data-ix=\"hover-product\">\n    <img decoding=\"async\" src=\"https:\/\/dmd.eu\/wp-content\/webp-express\/webp-images\/uploads\/2024\/03\/DMD-T-shirt-Lone-Rider-front.jpg.webp\" loading=\"lazy\" alt=\"dmd.eu - LONE RIDER\" class=\"product-image\">\n  <div class=\"title-product-content\">\n    <h3 class=\"extra-small-title\">LONE RIDER<\/h3>\n    <div>\n      <span class=\"woocommerce-Price-amount amount\"><bdi>49,00<span class=\"woocommerce-Price-currencySymbol\">&euro;<\/span><\/bdi><\/span><span>\n    <\/div>\n  <\/div>\n    <\/a>\n<a href=\"https:\/\/dmd.eu\/es\/prodotto\/ropa-de-moto\/tshirts-fleeces-es\/t-shirt-i-hate-everyone\/\" class=\"product-preview w-inline-block\" data-ix=\"hover-product\">\n    <img decoding=\"async\" src=\"https:\/\/dmd.eu\/wp-content\/webp-express\/webp-images\/uploads\/2024\/03\/DMD-T-shirt-I-Hate-Everyone-rear.jpg.webp\" loading=\"lazy\" alt=\"dmd.eu - I HATE EVERYONE\" class=\"product-image\">\n  <div class=\"title-product-content\">\n    <h3 class=\"extra-small-title\">I HATE EVERYONE<\/h3>\n    <div>\n      <span class=\"woocommerce-Price-amount amount\"><bdi>49,00<span class=\"woocommerce-Price-currencySymbol\">&euro;<\/span><\/bdi><\/span><span>\n    <\/div>\n  <\/div>\n    <\/a>\n<a href=\"https:\/\/dmd.eu\/es\/prodotto\/ropa-de-moto\/tshirts-fleeces-es\/t-shirt-stay-wild\/\" class=\"product-preview w-inline-block\" data-ix=\"hover-product\">\n    <img decoding=\"async\" src=\"https:\/\/dmd.eu\/wp-content\/webp-express\/webp-images\/uploads\/2024\/03\/DMD-T-shirt-Stay-Wild-front.jpg.webp\" loading=\"lazy\" alt=\"dmd.eu - STAY WILD\" class=\"product-image\">\n  <div class=\"title-product-content\">\n    <h3 class=\"extra-small-title\">STAY WILD<\/h3>\n    <div>\n      <span class=\"woocommerce-Price-amount amount\"><bdi>49,00<span class=\"woocommerce-Price-currencySymbol\">&euro;<\/span><\/bdi><\/span><span>\n    <\/div>\n  <\/div>\n    <\/a>\n<a href=\"https:\/\/dmd.eu\/es\/prodotto\/ropa-de-moto\/tshirts-fleeces-es\/fleece-stay-wild\/\" class=\"product-preview w-inline-block\" data-ix=\"hover-product\">\n    <img decoding=\"async\" src=\"https:\/\/dmd.eu\/wp-content\/webp-express\/webp-images\/uploads\/2024\/03\/DMD-Fleece-Stay-Wild-rear.jpg.webp\" loading=\"lazy\" alt=\"dmd.eu - STAY WILD\" class=\"product-image\">\n  <div class=\"title-product-content\">\n    <h3 class=\"extra-small-title\">STAY WILD<\/h3>\n    <div>\n      <span class=\"woocommerce-Price-amount amount\"><bdi>85,00<span class=\"woocommerce-Price-currencySymbol\">&euro;<\/span><\/bdi><\/span><span>\n    <\/div>\n  <\/div>\n    <\/a>  <\/div>","protected":false},"excerpt":{"rendered":"","protected":false},"author":8,"featured_media":0,"parent":12542,"menu_order":0,"comment_status":"closed","ping_status":"closed","template":"","meta":{"_acf_changed":true,"footnotes":""},"class_list":["post-17473","page","type-page","status-publish","hentry"],"acf":[],"jetpack_sharing_enabled":true,"_links":{"self":[{"href":"https:\/\/dmd.eu\/es\/wp-json\/wp\/v2\/pages\/17473","targetHints":{"allow":["GET"]}}],"collection":[{"href":"https:\/\/dmd.eu\/es\/wp-json\/wp\/v2\/pages"}],"about":[{"href":"https:\/\/dmd.eu\/es\/wp-json\/wp\/v2\/types\/page"}],"author":[{"embeddable":true,"href":"https:\/\/dmd.eu\/es\/wp-json\/wp\/v2\/users\/8"}],"replies":[{"embeddable":true,"href":"https:\/\/dmd.eu\/es\/wp-json\/wp\/v2\/comments?post=17473"}],"version-history":[{"count":0,"href":"https:\/\/dmd.eu\/es\/wp-json\/wp\/v2\/pages\/17473\/revisions"}],"up":[{"embeddable":true,"href":"https:\/\/dmd.eu\/es\/wp-json\/wp\/v2\/pages\/12542"}],"wp:attachment":[{"href":"https:\/\/dmd.eu\/es\/wp-json\/wp\/v2\/media?parent=17473"}],"curies":[{"name":"wp","href":"https:\/\/api.w.org\/{rel}","templated":true}]}}