{"id":14167,"date":"2024-02-05T11:57:17","date_gmt":"2024-02-05T10:57:17","guid":{"rendered":"https:\/\/www.dmd.eu\/caschi-da-sci\/"},"modified":"2026-01-12T17:30:15","modified_gmt":"2026-01-12T16:30:15","slug":"cascos-de-esqui","status":"publish","type":"page","link":"https:\/\/dmd.eu\/es\/cascos-de-esqui\/","title":{"rendered":"CASCOS DE ESQU\u00cd"},"content":{"rendered":"  <div id=\"b-categorypage-block_1ab43beba81be01ed155eaf5848f747f\" class=\"conteiner\">\n    <div class=\"header-category\">\n      <h1 class=\"big-text\">CASCOS DE ESQU\u00cd<\/h1>\n      <div class=\"category-text--desktop\">\n        <p>DMD, empresa l\u00edder en la fabricaci\u00f3n de cascos de moto, ha utilizado su experiencia y tecnolog\u00eda para producir una colecci\u00f3n de <strong>cascos de esqu\u00ed, snowboard y todos los deportes invernales<\/strong>. La colecci\u00f3n va dirigida a los amantes del esqu\u00ed, a quien prefiere el snowboard, ya sea en el snowpark o en freeride, a quien simplemente quiere divertirse en las pistas y a todos los aficionados de la monta\u00f1a.<\/p>\n      <\/div>\n      <button class=\"link-anchor more-info-button\">Leer m\u00e1s<\/button>\n    <\/div>\n    <div class=\"image-page\" style=\"background-image:url('https:\/\/dmd.eu\/wp-content\/webp-express\/webp-images\/uploads\/2026\/01\/snow_winter-sale.jpg.webp');\">\n    <\/div>\n    \n    <div class=\"more-info\">\n      <div id=\"info\" class=\"conteiner\">\n        <div class=\"box medium category-text--mobile\">\n          <p>DMD, empresa l\u00edder en la fabricaci\u00f3n de cascos de moto, ha utilizado su experiencia y tecnolog\u00eda para producir una colecci\u00f3n de <strong>cascos de esqu\u00ed, snowboard y todos los deportes invernales<\/strong>. La colecci\u00f3n va dirigida a los amantes del esqu\u00ed, a quien prefiere el snowboard, ya sea en el snowpark o en freeride, a quien simplemente quiere divertirse en las pistas y a todos los aficionados de la monta\u00f1a.<\/p>\n        <\/div>\n        <div class=\"box medium\">\n          <h4>\u00bfPOR QU\u00c9 ELEGIR UN CASCO DE NIEVE DMD?<\/h4>\n<p>El <strong>casco de esqu\u00ed<\/strong> y snowboard DMD ha sido dise\u00f1ado incluyendo materiales y tecnolog\u00eda de vanguardia y est\u00e1 homologado con arreglo a los est\u00e1ndares de seguridad m\u00e1s avanzados, ofreciendo un elevado nivel de protecci\u00f3n y confort.<\/p>\n        <\/div>\n        <div class=\"box medium\">\n          <h4>QUELQUES INFORMATIONS UTILES POUR TOUS LOS ESQUIADORES:<\/h4>\n<ul>\n<li>3 calotas de tama\u00f1o diferente para mayor comodidad y confort;<\/li>\n<li>Peso: 365 gr.<\/li>\n<\/ul>\n<p>Ligero, sutil, c\u00f3modo, con una amoldabilidad excelente, el casco de nieve DMD est\u00e1 disponible en varios modelos, cada uno con una personalizaci\u00f3n diferente y grafismos creados ad hoc por artistas que colaboran en exclusiva con la empresa.<\/p>\n        <\/div>\n      <\/div>\n    <\/div>\n\n    <div class=\"filter-row\">\n                <\/div>\n\n          \n<a href=\"https:\/\/dmd.eu\/es\/prodotto\/cascos-de-nieve\/yetiwhite\/\" class=\"product-preview w-inline-block\" data-ix=\"hover-product\">\n    <img decoding=\"async\" src=\"https:\/\/dmd.eu\/wp-content\/webp-express\/webp-images\/uploads\/2024\/10\/DMD-Yeti-sx.jpg.webp\" loading=\"lazy\" alt=\"dmd.eu - YETI WHITE\" class=\"product-image\">\n  <div class=\"title-product-content\">\n    <h3 class=\"extra-small-title\">YETI WHITE<\/h3>\n    <div>\n      <del aria-hidden=\"true\"><span class=\"woocommerce-Price-amount amount\"><bdi>130,00<span class=\"woocommerce-Price-currencySymbol\">&euro;<\/span><\/bdi><\/span><\/del> <span class=\"screen-reader-text\">El precio original era: 130,00&euro;.<\/span><ins aria-hidden=\"true\"><span class=\"woocommerce-Price-amount amount\"><bdi>100,00<span class=\"woocommerce-Price-currencySymbol\">&euro;<\/span><\/bdi><\/span><\/ins><span class=\"screen-reader-text\">El precio actual es: 100,00&euro;.<\/span><span>\n    <\/div>\n  <\/div>\n    <\/a>\n<a href=\"https:\/\/dmd.eu\/es\/prodotto\/cascos-de-nieve\/pro\/\" class=\"product-preview w-inline-block\" data-ix=\"hover-product\">\n    <img decoding=\"async\" src=\"https:\/\/dmd.eu\/wp-content\/webp-express\/webp-images\/uploads\/2024\/02\/DMD-Pro-sx.jpg.webp\" loading=\"lazy\" alt=\"dmd.eu - PRO\" class=\"product-image\">\n  <div class=\"title-product-content\">\n    <h3 class=\"extra-small-title\">PRO<\/h3>\n    <div>\n      <del aria-hidden=\"true\"><span class=\"woocommerce-Price-amount amount\"><bdi>130,00<span class=\"woocommerce-Price-currencySymbol\">&euro;<\/span><\/bdi><\/span><\/del> <span class=\"screen-reader-text\">El precio original era: 130,00&euro;.<\/span><ins aria-hidden=\"true\"><span class=\"woocommerce-Price-amount amount\"><bdi>100,00<span class=\"woocommerce-Price-currencySymbol\">&euro;<\/span><\/bdi><\/span><\/ins><span class=\"screen-reader-text\">El precio actual es: 100,00&euro;.<\/span><span>\n    <\/div>\n  <\/div>\n    <\/a>\n<a href=\"https:\/\/dmd.eu\/es\/prodotto\/cascos-de-nieve\/eighty\/\" class=\"product-preview w-inline-block\" data-ix=\"hover-product\">\n    <img decoding=\"async\" src=\"https:\/\/dmd.eu\/wp-content\/webp-express\/webp-images\/uploads\/2024\/02\/DMD-Eighty-sx.jpg.webp\" loading=\"lazy\" alt=\"dmd.eu - EIGHTY\" class=\"product-image\">\n  <div class=\"title-product-content\">\n    <h3 class=\"extra-small-title\">EIGHTY<\/h3>\n    <div>\n      <del aria-hidden=\"true\"><span class=\"woocommerce-Price-amount amount\"><bdi>130,00<span class=\"woocommerce-Price-currencySymbol\">&euro;<\/span><\/bdi><\/span><\/del> <span class=\"screen-reader-text\">El precio original era: 130,00&euro;.<\/span><ins aria-hidden=\"true\"><span class=\"woocommerce-Price-amount amount\"><bdi>100,00<span class=\"woocommerce-Price-currencySymbol\">&euro;<\/span><\/bdi><\/span><\/ins><span class=\"screen-reader-text\">El precio actual es: 100,00&euro;.<\/span><span>\n    <\/div>\n  <\/div>\n    <\/a>\n<a href=\"https:\/\/dmd.eu\/es\/prodotto\/cascos-de-nieve\/flower-4\/\" class=\"product-preview w-inline-block\" data-ix=\"hover-product\">\n    <img decoding=\"async\" src=\"https:\/\/dmd.eu\/wp-content\/webp-express\/webp-images\/uploads\/2024\/02\/DMD-Flower-sx.jpg.webp\" loading=\"lazy\" alt=\"dmd.eu - FLOWER\" class=\"product-image\">\n  <div class=\"title-product-content\">\n    <h3 class=\"extra-small-title\">FLOWER<\/h3>\n    <div>\n      <del aria-hidden=\"true\"><span class=\"woocommerce-Price-amount amount\"><bdi>130,00<span class=\"woocommerce-Price-currencySymbol\">&euro;<\/span><\/bdi><\/span><\/del> <span class=\"screen-reader-text\">El precio original era: 130,00&euro;.<\/span><ins aria-hidden=\"true\"><span class=\"woocommerce-Price-amount amount\"><bdi>100,00<span class=\"woocommerce-Price-currencySymbol\">&euro;<\/span><\/bdi><\/span><\/ins><span class=\"screen-reader-text\">El precio actual es: 100,00&euro;.<\/span><span>\n    <\/div>\n  <\/div>\n    <\/a>\n<a href=\"https:\/\/dmd.eu\/es\/prodotto\/cascos-de-nieve\/ridge\/\" class=\"product-preview w-inline-block\" data-ix=\"hover-product\">\n    <img decoding=\"async\" src=\"https:\/\/dmd.eu\/wp-content\/webp-express\/webp-images\/uploads\/2024\/02\/DMD-Ridge-sx.jpg.webp\" loading=\"lazy\" alt=\"dmd.eu - RIDGE\" class=\"product-image\">\n  <div class=\"title-product-content\">\n    <h3 class=\"extra-small-title\">RIDGE<\/h3>\n    <div>\n      <del aria-hidden=\"true\"><span class=\"woocommerce-Price-amount amount\"><bdi>130,00<span class=\"woocommerce-Price-currencySymbol\">&euro;<\/span><\/bdi><\/span><\/del> <span class=\"screen-reader-text\">El precio original era: 130,00&euro;.<\/span><ins aria-hidden=\"true\"><span class=\"woocommerce-Price-amount amount\"><bdi>100,00<span class=\"woocommerce-Price-currencySymbol\">&euro;<\/span><\/bdi><\/span><\/ins><span class=\"screen-reader-text\">El precio actual es: 100,00&euro;.<\/span><span>\n    <\/div>\n  <\/div>\n    <\/a>\n<a href=\"https:\/\/dmd.eu\/es\/prodotto\/cascos-de-nieve\/jungle\/\" class=\"product-preview w-inline-block\" data-ix=\"hover-product\">\n    <img decoding=\"async\" src=\"https:\/\/dmd.eu\/wp-content\/webp-express\/webp-images\/uploads\/2024\/02\/DMD-Jungle-sx.jpg.webp\" loading=\"lazy\" alt=\"dmd.eu - JUNGLE\" class=\"product-image\">\n  <div class=\"title-product-content\">\n    <h3 class=\"extra-small-title\">JUNGLE<\/h3>\n    <div>\n      <del aria-hidden=\"true\"><span class=\"woocommerce-Price-amount amount\"><bdi>130,00<span class=\"woocommerce-Price-currencySymbol\">&euro;<\/span><\/bdi><\/span><\/del> <span class=\"screen-reader-text\">El precio original era: 130,00&euro;.<\/span><ins aria-hidden=\"true\"><span class=\"woocommerce-Price-amount amount\"><bdi>100,00<span class=\"woocommerce-Price-currencySymbol\">&euro;<\/span><\/bdi><\/span><\/ins><span class=\"screen-reader-text\">El precio actual es: 100,00&euro;.<\/span><span>\n    <\/div>\n  <\/div>\n    <\/a>\n<a href=\"https:\/\/dmd.eu\/es\/prodotto\/cascos-de-nieve\/wild\/\" class=\"product-preview w-inline-block\" data-ix=\"hover-product\">\n    <img decoding=\"async\" src=\"https:\/\/dmd.eu\/wp-content\/webp-express\/webp-images\/uploads\/2024\/02\/DMD-Wild-sx.jpg.webp\" loading=\"lazy\" alt=\"dmd.eu - WILD\" class=\"product-image\">\n  <div class=\"title-product-content\">\n    <h3 class=\"extra-small-title\">WILD<\/h3>\n    <div>\n      <del aria-hidden=\"true\"><span class=\"woocommerce-Price-amount amount\"><bdi>130,00<span class=\"woocommerce-Price-currencySymbol\">&euro;<\/span><\/bdi><\/span><\/del> <span class=\"screen-reader-text\">El precio original era: 130,00&euro;.<\/span><ins aria-hidden=\"true\"><span class=\"woocommerce-Price-amount amount\"><bdi>100,00<span class=\"woocommerce-Price-currencySymbol\">&euro;<\/span><\/bdi><\/span><\/ins><span class=\"screen-reader-text\">El precio actual es: 100,00&euro;.<\/span><span>\n    <\/div>\n  <\/div>\n    <\/a>\n<a href=\"https:\/\/dmd.eu\/es\/prodotto\/cascos-de-nieve\/flash\/\" class=\"product-preview w-inline-block\" data-ix=\"hover-product\">\n    <img decoding=\"async\" src=\"https:\/\/dmd.eu\/wp-content\/webp-express\/webp-images\/uploads\/2024\/02\/DMD-Flash-sx.jpg.webp\" loading=\"lazy\" alt=\"dmd.eu - FLASH\" class=\"product-image\">\n  <div class=\"title-product-content\">\n    <h3 class=\"extra-small-title\">FLASH<\/h3>\n    <div>\n      <del aria-hidden=\"true\"><span class=\"woocommerce-Price-amount amount\"><bdi>130,00<span class=\"woocommerce-Price-currencySymbol\">&euro;<\/span><\/bdi><\/span><\/del> <span class=\"screen-reader-text\">El precio original era: 130,00&euro;.<\/span><ins aria-hidden=\"true\"><span class=\"woocommerce-Price-amount amount\"><bdi>100,00<span class=\"woocommerce-Price-currencySymbol\">&euro;<\/span><\/bdi><\/span><\/ins><span class=\"screen-reader-text\">El precio actual es: 100,00&euro;.<\/span><span>\n    <\/div>\n  <\/div>\n    <\/a>\n<a href=\"https:\/\/dmd.eu\/es\/prodotto\/cascos-de-nieve\/yeti\/\" class=\"product-preview w-inline-block\" data-ix=\"hover-product\">\n    <img decoding=\"async\" src=\"https:\/\/dmd.eu\/wp-content\/webp-express\/webp-images\/uploads\/2024\/02\/DMD-Yeti-sx.jpg.webp\" loading=\"lazy\" alt=\"dmd.eu - YETI\" class=\"product-image\">\n  <div class=\"title-product-content\">\n    <h3 class=\"extra-small-title\">YETI<\/h3>\n    <div>\n      <del aria-hidden=\"true\"><span class=\"woocommerce-Price-amount amount\"><bdi>130,00<span class=\"woocommerce-Price-currencySymbol\">&euro;<\/span><\/bdi><\/span><\/del> <span class=\"screen-reader-text\">El precio original era: 130,00&euro;.<\/span><ins aria-hidden=\"true\"><span class=\"woocommerce-Price-amount amount\"><bdi>100,00<span class=\"woocommerce-Price-currencySymbol\">&euro;<\/span><\/bdi><\/span><\/ins><span class=\"screen-reader-text\">El precio actual es: 100,00&euro;.<\/span><span>\n    <\/div>\n  <\/div>\n    <\/a>\n<a href=\"https:\/\/dmd.eu\/es\/prodotto\/cascos-de-nieve\/powder\/\" class=\"product-preview w-inline-block\" data-ix=\"hover-product\">\n    <img decoding=\"async\" src=\"https:\/\/dmd.eu\/wp-content\/webp-express\/webp-images\/uploads\/2024\/02\/DMD-Powder-sx.jpg.webp\" loading=\"lazy\" alt=\"dmd.eu - POWDER\" class=\"product-image\">\n  <div class=\"title-product-content\">\n    <h3 class=\"extra-small-title\">POWDER<\/h3>\n    <div>\n      <del aria-hidden=\"true\"><span class=\"woocommerce-Price-amount amount\"><bdi>130,00<span class=\"woocommerce-Price-currencySymbol\">&euro;<\/span><\/bdi><\/span><\/del> <span class=\"screen-reader-text\">El precio original era: 130,00&euro;.<\/span><ins aria-hidden=\"true\"><span class=\"woocommerce-Price-amount amount\"><bdi>100,00<span class=\"woocommerce-Price-currencySymbol\">&euro;<\/span><\/bdi><\/span><\/ins><span class=\"screen-reader-text\">El precio actual es: 100,00&euro;.<\/span><span>\n    <\/div>\n  <\/div>\n    <\/a>\n<a href=\"https:\/\/dmd.eu\/es\/prodotto\/cascos-de-nieve\/bee-copia\/\" class=\"product-preview w-inline-block\" data-ix=\"hover-product\">\n    <img decoding=\"async\" src=\"https:\/\/dmd.eu\/wp-content\/webp-express\/webp-images\/uploads\/2024\/02\/DMD-Hawaiian-sx-1.jpg.webp\" loading=\"lazy\" alt=\"dmd.eu - HAWAIIAN\" class=\"product-image\">\n  <div class=\"title-product-content\">\n    <h3 class=\"extra-small-title\">HAWAIIAN<\/h3>\n    <div>\n      <del aria-hidden=\"true\"><span class=\"woocommerce-Price-amount amount\"><bdi>130,00<span class=\"woocommerce-Price-currencySymbol\">&euro;<\/span><\/bdi><\/span><\/del> <span class=\"screen-reader-text\">El precio original era: 130,00&euro;.<\/span><ins aria-hidden=\"true\"><span class=\"woocommerce-Price-amount amount\"><bdi>70,00<span class=\"woocommerce-Price-currencySymbol\">&euro;<\/span><\/bdi><\/span><\/ins><span class=\"screen-reader-text\">El precio actual es: 70,00&euro;.<\/span><span>\n    <\/div>\n  <\/div>\n    <\/a>\n<a href=\"https:\/\/dmd.eu\/es\/prodotto\/cascos-de-nieve\/geisha\/\" class=\"product-preview w-inline-block\" data-ix=\"hover-product\">\n    <img decoding=\"async\" src=\"https:\/\/dmd.eu\/wp-content\/webp-express\/webp-images\/uploads\/2024\/02\/DMD-Geisha-sx.jpg.webp\" loading=\"lazy\" alt=\"dmd.eu - GEISHA\" class=\"product-image\">\n  <div class=\"title-product-content\">\n    <h3 class=\"extra-small-title\">GEISHA<\/h3>\n    <div>\n      <del aria-hidden=\"true\"><span class=\"woocommerce-Price-amount amount\"><bdi>130,00<span class=\"woocommerce-Price-currencySymbol\">&euro;<\/span><\/bdi><\/span><\/del> <span class=\"screen-reader-text\">El precio original era: 130,00&euro;.<\/span><ins aria-hidden=\"true\"><span class=\"woocommerce-Price-amount amount\"><bdi>70,00<span class=\"woocommerce-Price-currencySymbol\">&euro;<\/span><\/bdi><\/span><\/ins><span class=\"screen-reader-text\">El precio actual es: 70,00&euro;.<\/span><span>\n    <\/div>\n  <\/div>\n    <\/a>\n<a href=\"https:\/\/dmd.eu\/es\/prodotto\/cascos-de-nieve\/bee\/\" class=\"product-preview w-inline-block\" data-ix=\"hover-product\">\n    <img decoding=\"async\" src=\"https:\/\/dmd.eu\/wp-content\/webp-express\/webp-images\/uploads\/2024\/02\/DMD-Bee-sx.jpg.webp\" loading=\"lazy\" alt=\"dmd.eu - BEE\" class=\"product-image\">\n  <div class=\"title-product-content\">\n    <h3 class=\"extra-small-title\">BEE<\/h3>\n    <div>\n      <del aria-hidden=\"true\"><span class=\"woocommerce-Price-amount amount\"><bdi>130,00<span class=\"woocommerce-Price-currencySymbol\">&euro;<\/span><\/bdi><\/span><\/del> <span class=\"screen-reader-text\">El precio original era: 130,00&euro;.<\/span><ins aria-hidden=\"true\"><span class=\"woocommerce-Price-amount amount\"><bdi>70,00<span class=\"woocommerce-Price-currencySymbol\">&euro;<\/span><\/bdi><\/span><\/ins><span class=\"screen-reader-text\">El precio actual es: 70,00&euro;.<\/span><span>\n    <\/div>\n  <\/div>\n    <\/a>\n<a href=\"https:\/\/dmd.eu\/es\/prodotto\/cascos-de-nieve\/tricky\/\" class=\"product-preview w-inline-block\" data-ix=\"hover-product\">\n    <img decoding=\"async\" src=\"https:\/\/dmd.eu\/wp-content\/webp-express\/webp-images\/uploads\/2024\/02\/DMD-Tricky-sx.jpg.webp\" loading=\"lazy\" alt=\"dmd.eu - TRICKY\" class=\"product-image\">\n  <div class=\"title-product-content\">\n    <h3 class=\"extra-small-title\">TRICKY<\/h3>\n    <div>\n      <del aria-hidden=\"true\"><span class=\"woocommerce-Price-amount amount\"><bdi>130,00<span class=\"woocommerce-Price-currencySymbol\">&euro;<\/span><\/bdi><\/span><\/del> <span class=\"screen-reader-text\">El precio original era: 130,00&euro;.<\/span><ins aria-hidden=\"true\"><span class=\"woocommerce-Price-amount amount\"><bdi>70,00<span class=\"woocommerce-Price-currencySymbol\">&euro;<\/span><\/bdi><\/span><\/ins><span class=\"screen-reader-text\">El precio actual es: 70,00&euro;.<\/span><span>\n    <\/div>\n  <\/div>\n    <\/a>\n<a href=\"https:\/\/dmd.eu\/es\/prodotto\/cascos-de-nieve\/roses\/\" class=\"product-preview w-inline-block\" data-ix=\"hover-product\">\n    <img decoding=\"async\" src=\"https:\/\/dmd.eu\/wp-content\/webp-express\/webp-images\/uploads\/2024\/02\/DMD-Roses-sx.jpg.webp\" loading=\"lazy\" alt=\"dmd.eu - ROSES\" class=\"product-image\">\n  <div class=\"title-product-content\">\n    <h3 class=\"extra-small-title\">ROSES<\/h3>\n    <div>\n      <del aria-hidden=\"true\"><span class=\"woocommerce-Price-amount amount\"><bdi>130,00<span class=\"woocommerce-Price-currencySymbol\">&euro;<\/span><\/bdi><\/span><\/del> <span class=\"screen-reader-text\">El precio original era: 130,00&euro;.<\/span><ins aria-hidden=\"true\"><span class=\"woocommerce-Price-amount amount\"><bdi>70,00<span class=\"woocommerce-Price-currencySymbol\">&euro;<\/span><\/bdi><\/span><\/ins><span class=\"screen-reader-text\">El precio actual es: 70,00&euro;.<\/span><span>\n    <\/div>\n  <\/div>\n    <\/a>  <\/div>","protected":false},"excerpt":{"rendered":"","protected":false},"author":8,"featured_media":0,"parent":0,"menu_order":0,"comment_status":"closed","ping_status":"closed","template":"","meta":{"_acf_changed":true,"footnotes":""},"class_list":["post-14167","page","type-page","status-publish","hentry"],"acf":[],"jetpack_sharing_enabled":true,"_links":{"self":[{"href":"https:\/\/dmd.eu\/es\/wp-json\/wp\/v2\/pages\/14167","targetHints":{"allow":["GET"]}}],"collection":[{"href":"https:\/\/dmd.eu\/es\/wp-json\/wp\/v2\/pages"}],"about":[{"href":"https:\/\/dmd.eu\/es\/wp-json\/wp\/v2\/types\/page"}],"author":[{"embeddable":true,"href":"https:\/\/dmd.eu\/es\/wp-json\/wp\/v2\/users\/8"}],"replies":[{"embeddable":true,"href":"https:\/\/dmd.eu\/es\/wp-json\/wp\/v2\/comments?post=14167"}],"version-history":[{"count":0,"href":"https:\/\/dmd.eu\/es\/wp-json\/wp\/v2\/pages\/14167\/revisions"}],"wp:attachment":[{"href":"https:\/\/dmd.eu\/es\/wp-json\/wp\/v2\/media?parent=14167"}],"curies":[{"name":"wp","href":"https:\/\/api.w.org\/{rel}","templated":true}]}}