{"id":13873,"date":"2022-08-05T15:23:17","date_gmt":"2022-08-05T13:23:17","guid":{"rendered":"https:\/\/www.dmd.eu\/privacy-policy\/"},"modified":"2025-02-03T12:02:22","modified_gmt":"2025-02-03T11:02:22","slug":"privacy-policy","status":"publish","type":"page","link":"https:\/\/dmd.eu\/es\/privacy-policy\/","title":{"rendered":"PRIVACY POLICY"},"content":{"rendered":"  <div id=\"b-pagesidebar-block_7f848c25a7f63212788385f7924a0eb8\" class=\"big-content\">\n    <div class=\"header-page info\">\n      <h1 class=\"medium-text\">PRIVACY POLICY<\/h1>\n    <\/div>\n    <div class=\"menu-content\">\n          <a href=\"https:\/\/www.iubenda.com\/privacy-policy\/62101159\" target=\"_blank\" class=\"uppercase link-menu-page w-inline-block\" rel=\"noopener\">\n        <div>Privacy<\/div>\n                <img decoding=\"async\" src=\"https:\/\/dmd.eu\/wp-content\/themes\/dmd2023\/images\/ico-link.svg\" loading=\"lazy\" alt=\"\" class=\"ico-menu\">\n              <\/a>\n          <a href=\"https:\/\/dmd.eu\/es\/condiciones-legales\/\" class=\"uppercase link-menu-page w-inline-block\">\n        <div>CONDICIONES LEGALES<\/div>\n              <\/a>\n          <a href=\"https:\/\/www.iubenda.com\/privacy-policy\/62101159\/cookie-policy\" target=\"_blank\" class=\"uppercase link-menu-page w-inline-block\" rel=\"noopener\">\n        <div>Cookies Policy<\/div>\n                <img decoding=\"async\" src=\"https:\/\/dmd.eu\/wp-content\/themes\/dmd2023\/images\/ico-link.svg\" loading=\"lazy\" alt=\"\" class=\"ico-menu\">\n              <\/a>\n        <\/div>\n    <div class=\"page-content\">\n      <p>En esta p\u00e1gina puedes encontrar todas las informaci\u00f3nes necesarias para consultar nuestras pol\u00edticas.<\/p>\n<p>Pincha el elemento correspondiente del men\u00fa a continuaci\u00f3n.<\/p>\n    <\/div>\n  <\/div>\n","protected":false},"excerpt":{"rendered":"","protected":false},"author":2,"featured_media":0,"parent":0,"menu_order":0,"comment_status":"closed","ping_status":"closed","template":"","meta":{"_acf_changed":false,"footnotes":""},"class_list":["post-13873","page","type-page","status-publish","hentry"],"acf":[],"jetpack_sharing_enabled":true,"_links":{"self":[{"href":"https:\/\/dmd.eu\/es\/wp-json\/wp\/v2\/pages\/13873","targetHints":{"allow":["GET"]}}],"collection":[{"href":"https:\/\/dmd.eu\/es\/wp-json\/wp\/v2\/pages"}],"about":[{"href":"https:\/\/dmd.eu\/es\/wp-json\/wp\/v2\/types\/page"}],"author":[{"embeddable":true,"href":"https:\/\/dmd.eu\/es\/wp-json\/wp\/v2\/users\/2"}],"replies":[{"embeddable":true,"href":"https:\/\/dmd.eu\/es\/wp-json\/wp\/v2\/comments?post=13873"}],"version-history":[{"count":0,"href":"https:\/\/dmd.eu\/es\/wp-json\/wp\/v2\/pages\/13873\/revisions"}],"wp:attachment":[{"href":"https:\/\/dmd.eu\/es\/wp-json\/wp\/v2\/media?parent=13873"}],"curies":[{"name":"wp","href":"https:\/\/api.w.org\/{rel}","templated":true}]}}