{"id":13868,"date":"2022-08-24T09:16:29","date_gmt":"2022-08-24T07:16:29","guid":{"rendered":"https:\/\/www.dmd.eu\/spedizioni\/"},"modified":"2025-10-20T14:18:32","modified_gmt":"2025-10-20T12:18:32","slug":"envio","status":"publish","type":"page","link":"https:\/\/dmd.eu\/es\/envio\/","title":{"rendered":"ENVIO"},"content":{"rendered":"  <div id=\"b-pagesidebar-block_7a6ae373656dabd14aa1ffbc7dd84af2\" class=\"big-content\">\n    <div class=\"header-page info\">\n      <h1 class=\"medium-text\">ENVIO<\/h1>\n    <\/div>\n    <div class=\"menu-content\">\n          <a href=\"https:\/\/dmd.eu\/info-pagamenti\/\"   class=\"uppercase link-menu-page w-inline-block\">\n        <div>Pagamenti<\/div>\n              <\/a>\n          <a href=\"https:\/\/dmd.eu\/spedizioni\/\"   class=\"uppercase link-menu-page w-inline-block\">\n        <div>Spedizioni<\/div>\n              <\/a>\n          <a href=\"https:\/\/dmd.eu\/resi\/\"   class=\"uppercase link-menu-page w-inline-block\">\n        <div>Resi<\/div>\n              <\/a>\n          <a href=\"https:\/\/www.dmd.eu\/wp-content\/uploads\/2022\/08\/DMD-Certification.jpg\"  target=\"_blank\" class=\"uppercase link-menu-page w-inline-block\">\n        <div>Certificazioni<\/div>\n                <img decoding=\"async\" src=\"https:\/\/dmd.eu\/wp-content\/themes\/dmd2023\/images\/ico-link.svg\" loading=\"lazy\" alt=\"\" class=\"ico-menu\">\n              <\/a>\n          <a href=\"https:\/\/dmd.eu\/faq\/\"   class=\"uppercase link-menu-page w-inline-block\">\n        <div>FAQ<\/div>\n              <\/a>\n        <\/div>\n    <div class=\"page-content\">\n      <h4><strong>ITALIA \u2013 Env\u00edo STANDARD gratuito para pedidos superiores a \u20ac 100,00<\/strong><br \/>\n<strong>EUROPA (Francia, Alemania, <\/strong><span class=\"Y2IQFc\" lang=\"es\">Espa\u00f1a, Pa\u00edses Bajos, B\u00e9lgica, Austria y Luseemburgo)<br \/>\n<\/span><strong>Env\u00edo STANDARD gratuito para pedidos superiores a \u20ac 199,00<\/strong><\/h4>\n<p>DMD envia en Italia y en toda Europa mediante BRT\/DHL\/DPD\/SDA\/FEDEX\/GLS\/TNT.<br \/>\nTodos los paquetes enviados son empaquetados con cuidado<br \/>\nLa mercanc\u00eda est\u00e1 acompa\u00f1ada de la factura con la cantidad y el valor de la mercanc\u00eda en euros.<\/p>\n<h3>Seguro gratuito<\/h3>\n<p>DMD garantiza para todos sus env\u00edos un seguro gratuito contra robo y\/o da\u00f1os accidentales.<br \/>\nEl seguro es v\u00e1lido hasta la entrega de la mercanc\u00eda.<\/p>\n<h3>Env\u00edo de los pedidos<\/h3>\n<p>Todos los pedidos regularmente introducidos y pagados ser\u00e1n enviados dentro de 3 d\u00edas laborables: todos los env\u00edos parten de Ozone S.r.l., Bergamo (Italia), s\u00f3lo en los d\u00edas laborables, de Lunes a Viernes, de 9.00 a 17:30.<br \/>\nLos pedidos efectuados el S\u00e1bado y el Domingo ser\u00e1n enviados el Lunes siguiente.<\/p>\n<p>Tenga en cuenta que durante los periodos de rebajas o promociones especiales, los plazos de tramitaci\u00f3n de los pedidos pueden ampliarse hasta 10 d\u00edas laborables.<\/p>\n<h3>Tracking Number<\/h3>\n<p>El env\u00edo puede ser localizado en cualquier momento gracias al servicio puesto a disposici\u00f3n por BRT\/DHL\/DPD\/SDA\/FEDEX\/GLS\/TNT: El cliente recibir\u00e1 un email de confirmaci\u00f3n de env\u00edo del orden con el c\u00f3digo (tracking number) de BRT\/DHL\/DPD\/SDA\/FEDEX\/GLS\/TNT con el cual podr\u00e1 localizar en cualquier momento su env\u00edo.<\/p>\n<h3>Tiempos de entrega &amp; Gastos de env\u00edo<\/h3>\n<p>ITALIA<\/p>\n<p>Standard Delivery (7 d\u00edas laborables): env\u00edo gratis con pedidos superiores a \u20ac 100,00<\/p>\n<p>PA\u00cdSES EUROPEOS: Francia, Alemania<strong>, <\/strong><span class=\"Y2IQFc\" lang=\"es\">Espa\u00f1a, Pa\u00edses Bajos, B\u00e9lgica, Austria y Luseemburgo &#8211; <\/span>Standard Delivery (7 d\u00edas laborables): env\u00edo gratis con pedidos superiores a \u20ac 199,00<\/p>\n<p>Para los siguientes Pa\u00edses: Albania, Croacia, Grecia, Hungr\u00eda, Eslovaquia, Bulgaria, Portugal, Islas Baleares, Irlanda, Suiza, Polonia, Estonia, Letonia, Lituania, Suecia, UK, Bulgaria, Rep\u00fablica Checa, Rumania y Eslovenia\u00a0 los gastos de env\u00edo son \u20ac 30,00<\/p>\n<p>Para los siguientes Pa\u00edses: Finlandia, Noruega, Chipre, Malta, Islandia, Islas Azores y Islas Canarias los gastos de env\u00edo son \u20ac 60,00<\/p>\n<p>Resto del mundo: \u20ac 90,00.<\/p>\n<p>Para entregas fuera de la Uni\u00f3n Europea, el cliente es responsable de todos los impuestos y aranceles aduaneros pagados al transportista al recibir el paquete.<\/p>\n<p>En caso de pedidos inferiores a \u20ac 100,00 en Italia o \u20ac199,00 en Europa los gastos del env\u00edo est\u00e1ndar ser\u00e1n los siguientes:<\/p>\n<p>ITALIA: \u20ac 9,00<br \/>\nPA\u00cdSES EUROPEOS UE: \u20ac 12,00<\/p>\n    <\/div>\n  <\/div>\n","protected":false},"excerpt":{"rendered":"","protected":false},"author":2,"featured_media":0,"parent":0,"menu_order":0,"comment_status":"closed","ping_status":"closed","template":"","meta":{"_acf_changed":true,"footnotes":""},"class_list":["post-13868","page","type-page","status-publish","hentry"],"acf":[],"jetpack_sharing_enabled":true,"_links":{"self":[{"href":"https:\/\/dmd.eu\/es\/wp-json\/wp\/v2\/pages\/13868","targetHints":{"allow":["GET"]}}],"collection":[{"href":"https:\/\/dmd.eu\/es\/wp-json\/wp\/v2\/pages"}],"about":[{"href":"https:\/\/dmd.eu\/es\/wp-json\/wp\/v2\/types\/page"}],"author":[{"embeddable":true,"href":"https:\/\/dmd.eu\/es\/wp-json\/wp\/v2\/users\/2"}],"replies":[{"embeddable":true,"href":"https:\/\/dmd.eu\/es\/wp-json\/wp\/v2\/comments?post=13868"}],"version-history":[{"count":0,"href":"https:\/\/dmd.eu\/es\/wp-json\/wp\/v2\/pages\/13868\/revisions"}],"wp:attachment":[{"href":"https:\/\/dmd.eu\/es\/wp-json\/wp\/v2\/media?parent=13868"}],"curies":[{"name":"wp","href":"https:\/\/api.w.org\/{rel}","templated":true}]}}