{"id":13867,"date":"2024-01-10T15:24:00","date_gmt":"2024-01-10T14:24:00","guid":{"rendered":"https:\/\/www.dmd.eu\/?page_id=13867"},"modified":"2026-03-04T12:22:06","modified_gmt":"2026-03-04T11:22:06","slug":"devoluciones","status":"publish","type":"page","link":"https:\/\/dmd.eu\/es\/devoluciones\/","title":{"rendered":"DEVOLUCIONES"},"content":{"rendered":"  <div id=\"b-pagesidebar-block_bfc39411eefc762632f20de925e85789\" class=\"big-content\">\n    <div class=\"header-page info\">\n      <h1 class=\"medium-text\">DEVOLUCIONES<\/h1>\n    <\/div>\n    <div class=\"menu-content\">\n          <a href=\"https:\/\/dmd.eu\/info-pagamenti\/\"   class=\"uppercase link-menu-page w-inline-block\">\n        <div>Pagamenti<\/div>\n              <\/a>\n          <a href=\"https:\/\/dmd.eu\/spedizioni\/\"   class=\"uppercase link-menu-page w-inline-block\">\n        <div>Spedizioni<\/div>\n              <\/a>\n          <a href=\"https:\/\/dmd.eu\/resi\/\"   class=\"uppercase link-menu-page w-inline-block\">\n        <div>Resi<\/div>\n              <\/a>\n          <a href=\"https:\/\/www.dmd.eu\/wp-content\/uploads\/2022\/08\/DMD-Certification.jpg\"  target=\"_blank\" class=\"uppercase link-menu-page w-inline-block\">\n        <div>Certificazioni<\/div>\n                <img decoding=\"async\" src=\"https:\/\/dmd.eu\/wp-content\/themes\/dmd2023\/images\/ico-link.svg\" loading=\"lazy\" alt=\"\" class=\"ico-menu\">\n              <\/a>\n          <a href=\"https:\/\/dmd.eu\/faq\/\"   class=\"uppercase link-menu-page w-inline-block\">\n        <div>FAQ<\/div>\n              <\/a>\n        <\/div>\n    <div class=\"page-content\">\n      <h2 data-start=\"4063\" data-end=\"4088\">DEVOLUCIONES Y CAMBIOS<\/h2>\n<p data-start=\"4090\" data-end=\"4267\">Si no est\u00e1s satisfecho con tu compra, puedes devolver o cambiar uno o m\u00e1s productos <strong data-start=\"4174\" data-end=\"4232\">dentro de los 14 d\u00edas siguientes a la fecha de entrega<\/strong> de tu pedido, asegur\u00e1ndote de que:<\/p>\n<p data-start=\"4269\" data-end=\"4414\">Los productos est\u00e9n en <strong data-start=\"4292\" data-end=\"4339\">las mismas condiciones en que los recibiste<\/strong>, completos con <strong data-start=\"4355\" data-end=\"4413\">embalaje original, etiquetas, protecciones y pel\u00edculas<\/strong>.<\/p>\n<p data-start=\"4416\" data-end=\"4547\">Los art\u00edculos <strong data-start=\"4430\" data-end=\"4547\">sin embalaje original, que presenten signos de uso o que est\u00e9n da\u00f1ados no podr\u00e1n ser reembolsados ni sustituidos.<\/strong><\/p>\n<p data-start=\"4549\" data-end=\"4612\">La mercanc\u00eda a devolver debe enviarse a la siguiente direcci\u00f3n:<\/p>\n<p data-start=\"4614\" data-end=\"4636\"><strong data-start=\"4614\" data-end=\"4636\">Empresa: OZONE SRL<\/strong><\/p>\n<p data-start=\"4638\" data-end=\"4699\">Via Legnano, 31<br data-start=\"4653\" data-end=\"4656\" \/>24124 Bergamo<br data-start=\"4669\" data-end=\"4672\" \/>ITALIA<br data-start=\"4678\" data-end=\"4681\" \/>Tel +39.035.362006<\/p>\n<p data-start=\"4701\" data-end=\"4757\">Los <strong data-start=\"4705\" data-end=\"4757\">gastos de devoluci\u00f3n corren a cargo del cliente.<\/strong><\/p>\n<p data-start=\"4759\" data-end=\"4953\">Para todas las entregas <strong data-start=\"4783\" data-end=\"4801\">fuera de la UE<\/strong>, el cliente es responsable de todos los <strong data-start=\"4842\" data-end=\"4877\">impuestos y aranceles aduaneros<\/strong> que deben pagarse al transportista en el momento de la entrega del paquete.<\/p>\n<p data-start=\"4955\" data-end=\"5269\">Los gastos de devoluci\u00f3n corren a cargo del cliente. Todos los costes asociados a la devoluci\u00f3n, incluidos posibles gastos de env\u00edo, gesti\u00f3n, aranceles aduaneros y gastos de importaci\u00f3n (especialmente para env\u00edos procedentes de pa\u00edses fuera de la UE), ser\u00e1n <strong data-start=\"5213\" data-end=\"5269\">deducidos del importe del reembolso correspondiente.<\/strong><\/p>\n<p data-start=\"5271\" data-end=\"5462\">Para los residentes en <strong data-start=\"5294\" data-end=\"5317\">Suiza y Reino Unido<\/strong>, antes de realizar una devoluci\u00f3n o cambio de talla, les pedimos amablemente que nos contacten por correo electr\u00f3nico en la siguiente direcci\u00f3n:<\/p>\n<p data-start=\"5464\" data-end=\"5478\"><a class=\"decorated-link cursor-pointer\" rel=\"noopener\" data-start=\"5464\" data-end=\"5478\">contact@dmd.eu<\/a><\/p>\n<p data-start=\"5480\" data-end=\"5538\">El coste de la recogida es de aproximadamente <strong data-start=\"5526\" data-end=\"5538\">40,00 \u20ac.<\/strong><\/p>\n<p data-start=\"5540\" data-end=\"5727\">En caso de <strong data-start=\"5551\" data-end=\"5609\">incumplimiento de alguna de las condiciones anteriores<\/strong>, DMD se reserva el derecho de no aceptar la mercanc\u00eda devuelta y de reenviarla al cliente <strong data-start=\"5700\" data-end=\"5727\">a cargo de este \u00faltimo.<\/strong><\/p>\n<p data-start=\"5729\" data-end=\"5844\">DMD no se hace responsable de cualquier <strong data-start=\"5769\" data-end=\"5844\">p\u00e9rdida o da\u00f1o debido a un embalaje inadecuado o retraso en la entrega.<\/strong><\/p>\n<h2 data-start=\"5846\" data-end=\"5858\">Reembolso<\/h2>\n<p data-start=\"5860\" data-end=\"6046\">En caso de desistimiento, procederemos al <strong data-start=\"5902\" data-end=\"5953\">reembolso del precio de los productos devueltos<\/strong>.<br data-start=\"5954\" data-end=\"5957\" \/>Quedan excluidos del reembolso <strong data-start=\"5988\" data-end=\"6046\">los gastos de env\u00edo de la entrega original del pedido.<\/strong><\/p>\n<h2><strong>\u00bf<\/strong>QU\u00c9 PASA DESPU\u00c9S?<\/h2>\n<p>Su devoluci\u00f3n o cambio ser\u00e1 aceptado dentro de los 3 d\u00edas h\u00e1biles desde la entrega del paquete a nuestro almac\u00e9n. Despu\u00e9s de la aceptaci\u00f3n, nos ocuparemos del reembolso o env\u00edo del nuevo pedido. Los gastos de transporte corren por nuestra cuenta para los pa\u00edses de la UE (Italia, Francia, Alemania, B\u00e9lgica, Espa\u00f1a, Austria, Pa\u00edses Bajos y Luxemburgo). Para otros pa\u00edses, puede ser necesario un cargo por el env\u00edo.<\/p>\n<h2>DERECHO DE RESCRISI\u00d3N<\/h2>\n<p>Con respecto a los derechos del cliente y para garantizarle la m\u00e1xima satisfacci\u00f3n, DMD se compromete a reconocer al cliente el derecho de rescisi\u00f3n, seg\u00fan el Decreto Legislativo 22 Mayo 1999, n. 185 \u201cActuaci\u00f3n de la directriz 97\/7\/CE con respeto a al protecci\u00f3n de los consumidores en el campo de los contratos a distancia\u201d.<\/p>\n<p>En cualquier caso, para m\u00e1s informaci\u00f3n, podr\u00e1 contactarnos via mail a la siguiente direcci\u00f3n: <a href=\"mailto:contact@dmd.eu\">contact@dmd.eu<\/a>.<\/p>\n    <\/div>\n  <\/div>\n","protected":false},"excerpt":{"rendered":"","protected":false},"author":1,"featured_media":0,"parent":0,"menu_order":0,"comment_status":"closed","ping_status":"closed","template":"","meta":{"_acf_changed":true,"footnotes":""},"class_list":["post-13867","page","type-page","status-publish","hentry"],"acf":[],"jetpack_sharing_enabled":true,"_links":{"self":[{"href":"https:\/\/dmd.eu\/es\/wp-json\/wp\/v2\/pages\/13867","targetHints":{"allow":["GET"]}}],"collection":[{"href":"https:\/\/dmd.eu\/es\/wp-json\/wp\/v2\/pages"}],"about":[{"href":"https:\/\/dmd.eu\/es\/wp-json\/wp\/v2\/types\/page"}],"author":[{"embeddable":true,"href":"https:\/\/dmd.eu\/es\/wp-json\/wp\/v2\/users\/1"}],"replies":[{"embeddable":true,"href":"https:\/\/dmd.eu\/es\/wp-json\/wp\/v2\/comments?post=13867"}],"version-history":[{"count":0,"href":"https:\/\/dmd.eu\/es\/wp-json\/wp\/v2\/pages\/13867\/revisions"}],"wp:attachment":[{"href":"https:\/\/dmd.eu\/es\/wp-json\/wp\/v2\/media?parent=13867"}],"curies":[{"name":"wp","href":"https:\/\/api.w.org\/{rel}","templated":true}]}}