{"id":13866,"date":"2022-08-19T17:16:39","date_gmt":"2022-08-19T15:16:39","guid":{"rendered":"https:\/\/www.dmd.eu\/pagamenti\/"},"modified":"2025-02-03T12:01:56","modified_gmt":"2025-02-03T11:01:56","slug":"pagos","status":"publish","type":"page","link":"https:\/\/dmd.eu\/es\/pagos\/","title":{"rendered":"PAGOS"},"content":{"rendered":"  <div id=\"b-pagesidebar-block_9ebbd12ab0a889dc8398c8eddf441c8b\" class=\"big-content\">\n    <div class=\"header-page info\">\n      <h1 class=\"medium-text\">PAGOS<\/h1>\n    <\/div>\n    <div class=\"menu-content\">\n          <a href=\"https:\/\/dmd.eu\/de\/zahlungen\/\"   class=\"uppercase link-menu-page w-inline-block\">\n        <div>Zahlungen<\/div>\n              <\/a>\n          <a href=\"https:\/\/dmd.eu\/de\/versand\/\"   class=\"uppercase link-menu-page w-inline-block\">\n        <div>Versand<\/div>\n              <\/a>\n          <a href=\"https:\/\/dmd.eu\/de\/rueckgabe\/\"   class=\"uppercase link-menu-page w-inline-block\">\n        <div>R\u00fcckgaben<\/div>\n              <\/a>\n          <a href=\"https:\/\/www.dmd.eu\/wp-content\/uploads\/2022\/08\/DMD-Certification.jpg\"   class=\"uppercase link-menu-page w-inline-block\">\n        <div>Zertifikate<\/div>\n              <\/a>\n          <a href=\"https:\/\/dmd.eu\/de\/faq\/\"   class=\"uppercase link-menu-page w-inline-block\">\n        <div>FAQ<\/div>\n              <\/a>\n        <\/div>\n    <div class=\"page-content\">\n      <p>DMD ofrece dos modalidades de pago:\u00a0<strong>tarjeta de cr\u00e9dito<\/strong>\u00a0y\u00a0<strong>transferencia bancaria<\/strong><\/p>\n<h2><strong>Tarjeta de cr\u00e9dito<\/strong><\/h2>\n<p>Para garantizar la seguridad de sus clientes, DMD utiliza los servicios de pago con tarjeta de cr\u00e9dito , ofrecido por la sociedad l\u00edder desde a\u00f1os en los pagos electr\u00f3nicos: PAYPAL.<br \/>\nEste sistema permite aceptar pagos, con toda seguridad, efectuados con tarjeta de cr\u00e9dito:<\/p>\n<ul>\n<li style=\"list-style-type: none;\">\n<ul>\n<li>Visa<\/li>\n<li>Visa Electron<\/li>\n<li>MasterCard<\/li>\n<li>PostePay<\/li>\n<li>Cuenta de PayPal<\/li>\n<li>Klarna<\/li>\n<\/ul>\n<\/li>\n<\/ul>\n<p><strong>Pago con Klarna:<\/strong><\/p>\n<p>Si compras con Klarna recibes tu pedido inmediatamente y pagas en 3 cuotas.<\/p>\n<p>Despu\u00e9s de confirmar la informaci\u00f3n del pedido, se te pedir\u00e1 que inicies sesi\u00f3n en tu cuenta de Klarna para completar el pago. Si no tienes uno, puedes crearlo desde la p\u00e1gina de inicio de sesi\u00f3n de Klarna antes de finalizar el pedido.<\/p>\n<p><strong>\u00bfPor qu\u00e9 raz\u00f3n puede ser rechazada mi tarjeta de cr\u00e9dito?<br \/>\n<\/strong>Tu tarjeta puede ser rechazada por el sistema por una de las siguientes razones:<\/p>\n<ul>\n<li>La tarjeta puede estar caducada. Comprueba que tu tarjeta no exceda la fecha de validez.<\/li>\n<li>Puede que hayas excedido el importe permitido para efectuar compras y por eso te consejamos consultar con tu banco.<\/li>\n<li>Puede que alg\u00fan dato introducido est\u00e9 incorrecto. Comprueba que hayas rellenado correctamente todos los campos necesarios.<\/li>\n<\/ul>\n<p><strong>\u00bfEs seguro usar mi tarjeta de cr\u00e9dito en la web?<\/strong><\/p>\n<p>Paypal protege tu privacidad y los datos financieros y personales con avanzados sistemas de critograf\u00eda autom\u00e1tica. Para m\u00e1s informaciones visita el sitio\u00a0<a href=\"http:\/\/www.paypal.com\/\" target=\"_blank\" rel=\"noopener\">www.paypal.com<\/a>.<\/p>\n<h2>Transferencia bancaria anticipada<\/h2>\n<p>En el caso de pago con transferencia bancaria anticipada, recibir\u00e1s un email con el importe exacto y todas las informaciones necesarias para efectuar el pago.<br \/>\nLa transferencia tiene que ser efectuada dentro de 3 d\u00edas laborables de la fecha de aceptaci\u00f3n del pedido.<\/p>\n<p>La causal del pago tiene que tener:<\/p>\n<ul>\n<li>el n\u00famero de referencia del orden<\/li>\n<li>nombre y apellido del titular del orden.<\/li>\n<\/ul>\n<p><strong>Aconsejamos de env\u00edar copia de la transferencia bancaria (n\u00famero CRO) mediante email a\u00a0<a href=\"mailto:contact@dmd.eu\">contact@dmd.eu<\/a>.<\/strong><\/p>\n<p>&nbsp;<\/p>\n<p>El orden ser\u00e1 enviado s\u00f3lo despu\u00e9s del recibo del abono.<\/p>\n<p>&nbsp;<\/p>\n<p><strong>Los c\u00f3digos bancarios son:<\/strong><\/p>\n<p><strong>Titular: Ozone S.r.l.<br \/>\n<\/strong><strong>Banco: UNICREDIT<\/strong><br \/>\n<strong>IBAN: IT78J0200811100000100938037<\/strong><br \/>\n<strong>BIC: UNCRITM1300<\/strong><\/p>\n    <\/div>\n  <\/div>\n","protected":false},"excerpt":{"rendered":"","protected":false},"author":2,"featured_media":0,"parent":0,"menu_order":0,"comment_status":"closed","ping_status":"closed","template":"","meta":{"_acf_changed":true,"footnotes":""},"class_list":["post-13866","page","type-page","status-publish","hentry"],"acf":[],"jetpack_sharing_enabled":true,"_links":{"self":[{"href":"https:\/\/dmd.eu\/es\/wp-json\/wp\/v2\/pages\/13866","targetHints":{"allow":["GET"]}}],"collection":[{"href":"https:\/\/dmd.eu\/es\/wp-json\/wp\/v2\/pages"}],"about":[{"href":"https:\/\/dmd.eu\/es\/wp-json\/wp\/v2\/types\/page"}],"author":[{"embeddable":true,"href":"https:\/\/dmd.eu\/es\/wp-json\/wp\/v2\/users\/2"}],"replies":[{"embeddable":true,"href":"https:\/\/dmd.eu\/es\/wp-json\/wp\/v2\/comments?post=13866"}],"version-history":[{"count":0,"href":"https:\/\/dmd.eu\/es\/wp-json\/wp\/v2\/pages\/13866\/revisions"}],"wp:attachment":[{"href":"https:\/\/dmd.eu\/es\/wp-json\/wp\/v2\/media?parent=13866"}],"curies":[{"name":"wp","href":"https:\/\/api.w.org\/{rel}","templated":true}]}}