{"id":13842,"date":"2022-08-24T16:24:35","date_gmt":"2022-08-24T14:24:35","guid":{"rendered":"https:\/\/www.dmd.eu\/chi-siamo\/"},"modified":"2025-02-03T12:02:36","modified_gmt":"2025-02-03T11:02:36","slug":"quienes-somos","status":"publish","type":"page","link":"https:\/\/dmd.eu\/es\/quienes-somos\/","title":{"rendered":"QUI\u00c9NES SOMOS"},"content":{"rendered":"  <div id=b-videoembed-block_db6b73466472080c1d8604b598f26a24 class=\"box-pharagraph\">\n    <div style=\"padding-top:56.27659574468085%\" class=\"video w-video w-embed\">\n      <iframe loading=\"lazy\" title=\"vimeo-player\" src=\"https:\/\/player.vimeo.com\/video\/570219037?title=0&#038;byline=0&#038;portrait=0&#038;muted=1&#038;autoplay=1\" width=\"640\" height=\"360\" frameborder=\"0\" allowfullscreen><\/iframe>    <\/div>\n  <\/div>\n\n\n  <div class=\"box-pharagraph\">\n    <h1 class=\"big-text\">A Passion through generations<br><\/h1>\n    <p>DMD es una empresa familiar que naci\u00f3 en B\u00e9rgamo, en 1975. Conocida en Italia y Europa por sus cascos Vintage, hoy DMD es apreciada en todo el mundo y reconocida como una verdadera empresa de dise\u00f1o que desarrolla productos innovadores para satisfacer las necesidades de todos los motociclistas.<br \/>\n<strong>Calidad, atenci\u00f3n al detalle y artesan\u00eda mezcladas con un inconfundible estilo italiano: \u00a1esta es la misi\u00f3n de DMD!<\/strong><\/p>\n  <\/div>\n\n\n  <div class=\"box-content \">\n    <div class=\"box-txt\">\n      <h1 class=\"big-text\">HISTORIA<\/h1>\n      <p>Amilcare, corredor aficionado de enduro, en el 1975 decidi\u00f3 de empezar trabajando como importador y distribuidor de productos de moto.<br \/>\nUna historia que empieza hace mucho tiempo, no en Bergamo sino en California.<br \/>\n\u00bfPor qu\u00e9 California? Porque all\u00e1, ayer como hoy, nace el futuro.<br \/>\nDespu\u00e9s, con el nacimiento de sus 3 hijos y gracias al know-how adquirido en el curso de los a\u00f1os, decidi\u00f3 de crear su propia marca de cascos: DMD.<br \/>\nDMD es el acr\u00f3nimo de los nombres de sus tres hijos: Davide, Michela e Danila.<\/p>\n      <blockquote>\n        &#8220;DMD es todo para m\u00ed, es parte de mi vida. He logrado unir el trabajo, la familia y la grande pasi\u00f3n en un cocktail fenomenal\u201d&#8221;        <br><br>\n        <span class=\"sign\">Amilcare<\/span>\n      <\/blockquote>\n          <\/div>\n    <div class=\"box-image\">\n      <picture><source srcset=\"https:\/\/dmd.eu\/wp-content\/webp-express\/webp-images\/uploads\/2022\/08\/amilcare-dmd.png.webp\" type=\"image\/webp\"><source srcset=\"https:\/\/dmd.eu\/wp-content\/uploads\/2022\/08\/amilcare-dmd.png\" type=\"image\/jpeg\"><img decoding=\"async\" src=\"https:\/\/dmd.eu\/wp-content\/uploads\/2022\/08\/amilcare-dmd.png\" alt=\"DMD Helmets - QUI\u00c9NES SOMOS\"><\/picture>    <\/div>\n  <\/div>\n\n\n  <div class=\"box-content invert\">\n    <div class=\"box-txt\">\n      <h1 class=\"big-text\">TRADICI\u00d3N<\/h1>\n      <p>DMD se inspira en una m\u00e1gica era de grandes cambios que eran los legendarios a\u00f1os 70.<br \/>\nLa empresa intent\u00f3 de reactualizar los cascos de este periodo m\u00e1gico manteniendo un estilo vintage y combin\u00e1ndolo con los modernos est\u00e1ndares de homologaci\u00f3n siguiendo siempre dos principios fundamentales: seguridad y design.<\/p>\n      <blockquote>\n        \u201cDMD es creatividad en el respeto de la tradici\u00f3n.\u201d        <br><br>\n        <span class=\"sign\">Davide<\/span>\n      <\/blockquote>\n          <\/div>\n    <div class=\"box-image\">\n      <picture><source srcset=\"https:\/\/dmd.eu\/wp-content\/webp-express\/webp-images\/uploads\/2022\/08\/davide-dmd.png.webp\" type=\"image\/webp\"><source srcset=\"https:\/\/dmd.eu\/wp-content\/uploads\/2022\/08\/davide-dmd.png\" type=\"image\/jpeg\"><img decoding=\"async\" src=\"https:\/\/dmd.eu\/wp-content\/uploads\/2022\/08\/davide-dmd.png\" alt=\"DMD Helmets - QUI\u00c9NES SOMOS\"><\/picture>    <\/div>\n  <\/div>\n\n\n  <div class=\"box-content \">\n    <div class=\"box-txt\">\n      <h1 class=\"big-text\">SEGURIDAD<\/h1>\n      <p>DMD es sin\u00f3nimo de calidad y seguridad.<br \/>\nLa seguridad ocupa el primer lugar durante el dise\u00f1o de los cascos que son probados antes de ser echados en el mercado. La mejor manera de probar un producto como el casco que se utiliza durante mucho tiempo y en diferentes condiciones clim\u00e1ticas es el viaje.<br \/>\nProbarlo permite de ver las mejoras que se pueden hacer en t\u00e9rminos de seguridad y comfort.<\/p>\n      <blockquote>\n        \u201cDMD interpreta mi deseo de ser libre y de hecho uno de nuestros eslog\u00e1nes es Stay Wild\u201d        <br><br>\n        <span class=\"sign\">Michela<\/span>\n      <\/blockquote>\n          <\/div>\n    <div class=\"box-image\">\n      <picture><source srcset=\"https:\/\/dmd.eu\/wp-content\/webp-express\/webp-images\/uploads\/2022\/08\/michela-dmd.png.webp\" type=\"image\/webp\"><source srcset=\"https:\/\/dmd.eu\/wp-content\/uploads\/2022\/08\/michela-dmd.png\" type=\"image\/jpeg\"><img decoding=\"async\" src=\"https:\/\/dmd.eu\/wp-content\/uploads\/2022\/08\/michela-dmd.png\" alt=\"DMD Helmets - QUI\u00c9NES SOMOS\"><\/picture>    <\/div>\n  <\/div>\n\n\n  <div class=\"box-content invert\">\n    <div class=\"box-txt\">\n      <h1 class=\"big-text\">CREATIVIDAD<\/h1>\n      <p>DMD es el risultado de un trabajo de equipo con diferentes personalidades que juntas, con una pizca de locura, permiten de desarrollar productos y conceptos \u201ccool\u201d.<br \/>\nDespu\u00e9s de haber anticipado la tendencia retro, caf\u00e9 racer y scrambler, DMD busca siempre nuevas ideas, participando en los principales eventos de motocicletas en Europa y en todo el mundo.<\/p>\n      <blockquote>\n        \u201cDMD trata de estar siempre un paso adelante.\u201d        <br><br>\n        <span class=\"sign\">Danila<\/span>\n      <\/blockquote>\n          <\/div>\n    <div class=\"box-image\">\n      <picture><source srcset=\"https:\/\/dmd.eu\/wp-content\/webp-express\/webp-images\/uploads\/2022\/08\/danila-dmd.png.webp\" type=\"image\/webp\"><source srcset=\"https:\/\/dmd.eu\/wp-content\/uploads\/2022\/08\/danila-dmd.png\" type=\"image\/jpeg\"><img decoding=\"async\" src=\"https:\/\/dmd.eu\/wp-content\/uploads\/2022\/08\/danila-dmd.png\" alt=\"DMD Helmets - QUI\u00c9NES SOMOS\"><\/picture>    <\/div>\n  <\/div>\n","protected":false},"excerpt":{"rendered":"","protected":false},"author":2,"featured_media":0,"parent":0,"menu_order":0,"comment_status":"closed","ping_status":"closed","template":"","meta":{"_acf_changed":true,"footnotes":""},"class_list":["post-13842","page","type-page","status-publish","hentry"],"acf":[],"jetpack_sharing_enabled":true,"_links":{"self":[{"href":"https:\/\/dmd.eu\/es\/wp-json\/wp\/v2\/pages\/13842","targetHints":{"allow":["GET"]}}],"collection":[{"href":"https:\/\/dmd.eu\/es\/wp-json\/wp\/v2\/pages"}],"about":[{"href":"https:\/\/dmd.eu\/es\/wp-json\/wp\/v2\/types\/page"}],"author":[{"embeddable":true,"href":"https:\/\/dmd.eu\/es\/wp-json\/wp\/v2\/users\/2"}],"replies":[{"embeddable":true,"href":"https:\/\/dmd.eu\/es\/wp-json\/wp\/v2\/comments?post=13842"}],"version-history":[{"count":0,"href":"https:\/\/dmd.eu\/es\/wp-json\/wp\/v2\/pages\/13842\/revisions"}],"wp:attachment":[{"href":"https:\/\/dmd.eu\/es\/wp-json\/wp\/v2\/media?parent=13842"}],"curies":[{"name":"wp","href":"https:\/\/api.w.org\/{rel}","templated":true}]}}