{"id":12632,"date":"2023-10-04T15:20:18","date_gmt":"2023-10-04T13:20:18","guid":{"rendered":"https:\/\/www.dmd.eu\/caschi-moto-custom\/"},"modified":"2026-02-25T09:59:13","modified_gmt":"2026-02-25T08:59:13","slug":"cascos-moto-custom-handmade","status":"publish","type":"page","link":"https:\/\/dmd.eu\/es\/cascos-moto-custom-handmade\/","title":{"rendered":"HANDMADE"},"content":{"rendered":"  <div id=\"b-categorypage-block_02bdf568a30d393d04e9c54ee40d8d55\" class=\"conteiner\">\n    <div class=\"header-category\">\n      <h1 class=\"big-text\">CASCOS CUSTOM HANDMADE<\/h1>\n      <div class=\"category-text--desktop\">\n        <p>La colecci\u00f3n <strong>Handmade<\/strong> incluye una selecci\u00f3n de cascos pintados a mano. Esta colecci\u00f3n de cascos jet y integrales es \u00fanica en estilo y artesan\u00eda. Exclusivos y \u00fanicos en dise\u00f1o y gr\u00e1 cos, son productos muy apreciados y buscados por todos los motoristas.<\/p>\n      <\/div>\n      <button class=\"link-anchor more-info-button\">Leer m\u00e1s<\/button>\n    <\/div>\n    <div class=\"image-page\" style=\"background-image:url('https:\/\/dmd.eu\/wp-content\/webp-express\/webp-images\/uploads\/2026\/02\/HANDMADE-3.jpg.webp');\">\n    <\/div>\n    \n    <div class=\"more-info\">\n      <div id=\"info\" class=\"conteiner\">\n        <div class=\"box medium category-text--mobile\">\n          <p>La colecci\u00f3n <strong>Handmade<\/strong> incluye una selecci\u00f3n de cascos pintados a mano. Esta colecci\u00f3n de cascos jet y integrales es \u00fanica en estilo y artesan\u00eda. Exclusivos y \u00fanicos en dise\u00f1o y gr\u00e1 cos, son productos muy apreciados y buscados por todos los motoristas.<\/p>\n        <\/div>\n        <div class=\"box medium\">\n          <h4>POR QU\u00c9 ELEGIR CASCOS HANDMADE?<\/h4>\n<p>Pintado a mano: \u00e9ste es el punto de fuerza de la colecci\u00f3n <strong>Handmade<\/strong>. Consulta los gr\u00e1ficos del cat\u00e1logo DMD, que dan a cada casco un efecto Vintage. Se utiliza una pintura especial que tiene un efecto Crackle. La b\u00fasqueda de la exclusividad en cascos artesanales personalizados es lo que hace que esta l\u00ednea de cascos especial, tanto jet como integral. El proceso de creaci\u00f3n hace que cada art\u00edculo sea \u00fanico a partir de una idea y una pasi\u00f3n irresistible por las motos. Los cascos no son personalizables, pero su creatividad no tardar\u00e1 en conquistarte. Seguro que encuentras el producto que se adapta a ti.<\/p>\n        <\/div>\n        <div class=\"box medium\">\n          <h4>UN PAR DE INFORMACIONES \u00daTILES PARA TODO MOTORISTA:<\/h4>\n<ul>\n<li>Al ser cascos homologados, te ofrecen seguridad y confort de alto nivel;<\/li>\n<li>Los gr\u00e1ficos Vintage hacen que se adapten a cualquier look y estilo.<\/li>\n<\/ul>\n<p>Reg\u00e1late un producto tan exclusivo como tu pasi\u00f3n. Elige un casco Handmade personalizado.<\/p>\n        <\/div>\n      <\/div>\n    <\/div>\n\n    <div class=\"filter-row\">\n                <\/div>\n\n          \n<a href=\"https:\/\/dmd.eu\/es\/prodotto\/cascos-handmade\/league\/\" class=\"product-preview w-inline-block\" data-ix=\"hover-product\">\n    <img decoding=\"async\" src=\"https:\/\/dmd.eu\/wp-content\/webp-express\/webp-images\/uploads\/2026\/01\/DMD-Handmade-League-Front.jpg.webp\" loading=\"lazy\" alt=\"dmd.eu - LEAGUE\" class=\"product-image\">\n  <div class=\"title-product-content\">\n    <h3 class=\"extra-small-title\">LEAGUE<\/h3>\n    <div>\n      <span class=\"woocommerce-Price-amount amount\"><bdi>890,00<span class=\"woocommerce-Price-currencySymbol\">&euro;<\/span><\/bdi><\/span><span>\n    <\/div>\n  <\/div>\n    <\/a>\n<a href=\"https:\/\/dmd.eu\/es\/prodotto\/cascos-handmade\/silk\/\" class=\"product-preview w-inline-block\" data-ix=\"hover-product\">\n    <img decoding=\"async\" src=\"https:\/\/dmd.eu\/wp-content\/webp-express\/webp-images\/uploads\/2026\/01\/DMD-Handmade-Silk-Front.jpg.webp\" loading=\"lazy\" alt=\"dmd.eu - SILK\" class=\"product-image\">\n  <div class=\"title-product-content\">\n    <h3 class=\"extra-small-title\">SILK<\/h3>\n    <div>\n      <span class=\"woocommerce-Price-amount amount\"><bdi>890,00<span class=\"woocommerce-Price-currencySymbol\">&euro;<\/span><\/bdi><\/span><span>\n    <\/div>\n  <\/div>\n    <\/a>\n<a href=\"https:\/\/dmd.eu\/es\/prodotto\/cascos-handmade\/smile-gold-leaf\/\" class=\"product-preview w-inline-block\" data-ix=\"hover-product\">\n    <img decoding=\"async\" src=\"https:\/\/dmd.eu\/wp-content\/webp-express\/webp-images\/uploads\/2025\/01\/DMD-Handmade-Smile-Gold-SX.jpg.webp\" loading=\"lazy\" alt=\"dmd.eu - SMILE GOLD LEAF\" class=\"product-image\">\n  <div class=\"title-product-content\">\n    <h3 class=\"extra-small-title\">SMILE GOLD LEAF<\/h3>\n    <div>\n      <span class=\"woocommerce-Price-amount amount\"><bdi>890,00<span class=\"woocommerce-Price-currencySymbol\">&euro;<\/span><\/bdi><\/span><span>\n    <\/div>\n  <\/div>\n    <\/a>\n<a href=\"https:\/\/dmd.eu\/es\/prodotto\/cascos-handmade\/glam\/\" class=\"product-preview w-inline-block\" data-ix=\"hover-product\">\n    <img decoding=\"async\" src=\"https:\/\/dmd.eu\/wp-content\/webp-express\/webp-images\/uploads\/2026\/01\/DMD-Handmade-Glam-SX.jpg.webp\" loading=\"lazy\" alt=\"dmd.eu - GLAM\" class=\"product-image\">\n  <div class=\"title-product-content\">\n    <h3 class=\"extra-small-title\">GLAM<\/h3>\n    <div>\n      <span class=\"woocommerce-Price-amount amount\"><bdi>890,00<span class=\"woocommerce-Price-currencySymbol\">&euro;<\/span><\/bdi><\/span><span>\n    <\/div>\n  <\/div>\n    <\/a>\n<a href=\"https:\/\/dmd.eu\/es\/prodotto\/cascos-handmade\/parallel\/\" class=\"product-preview w-inline-block\" data-ix=\"hover-product\">\n    <img decoding=\"async\" src=\"https:\/\/dmd.eu\/wp-content\/webp-express\/webp-images\/uploads\/2026\/01\/DMD-Handmade-Parallel-sx.jpg.webp\" loading=\"lazy\" alt=\"dmd.eu - PARALLEL\" class=\"product-image\">\n  <div class=\"title-product-content\">\n    <h3 class=\"extra-small-title\">PARALLEL<\/h3>\n    <div>\n      <span class=\"woocommerce-Price-amount amount\"><bdi>990,00<span class=\"woocommerce-Price-currencySymbol\">&euro;<\/span><\/bdi><\/span><span>\n    <\/div>\n  <\/div>\n    <\/a>\n<a href=\"https:\/\/dmd.eu\/es\/prodotto\/cascos-handmade\/arrow-gold-leaf\/\" class=\"product-preview w-inline-block\" data-ix=\"hover-product\">\n    <img decoding=\"async\" src=\"https:\/\/dmd.eu\/wp-content\/webp-express\/webp-images\/uploads\/2025\/01\/DMD-Handmade-Arrow-Gold-Leaf-front.jpg.webp\" loading=\"lazy\" alt=\"dmd.eu - ARROW GOLD LEAF\" class=\"product-image\">\n  <div class=\"title-product-content\">\n    <h3 class=\"extra-small-title\">ARROW GOLD LEAF<\/h3>\n    <div>\n      <span class=\"woocommerce-Price-amount amount\"><bdi>990,00<span class=\"woocommerce-Price-currencySymbol\">&euro;<\/span><\/bdi><\/span><span>\n    <\/div>\n  <\/div>\n    <\/a>\n<a href=\"https:\/\/dmd.eu\/es\/prodotto\/cascos-handmade\/turtle\/\" class=\"product-preview w-inline-block\" data-ix=\"hover-product\">\n    <img decoding=\"async\" src=\"https:\/\/dmd.eu\/wp-content\/webp-express\/webp-images\/uploads\/2026\/01\/DMD-Handmade-Turtle-sx.jpg.webp\" loading=\"lazy\" alt=\"dmd.eu - TURTLE\" class=\"product-image\">\n  <div class=\"title-product-content\">\n    <h3 class=\"extra-small-title\">TURTLE<\/h3>\n    <div>\n      <span class=\"woocommerce-Price-amount amount\"><bdi>990,00<span class=\"woocommerce-Price-currencySymbol\">&euro;<\/span><\/bdi><\/span><span>\n    <\/div>\n  <\/div>\n    <\/a>\n<a href=\"https:\/\/dmd.eu\/es\/prodotto\/cascos-handmade\/line\/\" class=\"product-preview w-inline-block\" data-ix=\"hover-product\">\n    <img decoding=\"async\" src=\"https:\/\/dmd.eu\/wp-content\/webp-express\/webp-images\/uploads\/2025\/01\/DMD-Rivale-Buzz-sx-1.jpg.webp\" loading=\"lazy\" alt=\"dmd.eu - LINE\" class=\"product-image\">\n  <div class=\"title-product-content\">\n    <h3 class=\"extra-small-title\">LINE<\/h3>\n    <div>\n      <span class=\"woocommerce-Price-amount amount\"><bdi>990,00<span class=\"woocommerce-Price-currencySymbol\">&euro;<\/span><\/bdi><\/span><span>\n    <\/div>\n  <\/div>\n    <\/a>  <\/div>","protected":false},"excerpt":{"rendered":"","protected":false},"author":2,"featured_media":0,"parent":0,"menu_order":0,"comment_status":"closed","ping_status":"closed","template":"","meta":{"_acf_changed":true,"footnotes":""},"class_list":["post-12632","page","type-page","status-publish","hentry"],"acf":[],"jetpack_sharing_enabled":true,"_links":{"self":[{"href":"https:\/\/dmd.eu\/es\/wp-json\/wp\/v2\/pages\/12632","targetHints":{"allow":["GET"]}}],"collection":[{"href":"https:\/\/dmd.eu\/es\/wp-json\/wp\/v2\/pages"}],"about":[{"href":"https:\/\/dmd.eu\/es\/wp-json\/wp\/v2\/types\/page"}],"author":[{"embeddable":true,"href":"https:\/\/dmd.eu\/es\/wp-json\/wp\/v2\/users\/2"}],"replies":[{"embeddable":true,"href":"https:\/\/dmd.eu\/es\/wp-json\/wp\/v2\/comments?post=12632"}],"version-history":[{"count":0,"href":"https:\/\/dmd.eu\/es\/wp-json\/wp\/v2\/pages\/12632\/revisions"}],"wp:attachment":[{"href":"https:\/\/dmd.eu\/es\/wp-json\/wp\/v2\/media?parent=12632"}],"curies":[{"name":"wp","href":"https:\/\/api.w.org\/{rel}","templated":true}]}}