{"id":12631,"date":"2023-10-04T15:01:00","date_gmt":"2023-10-04T13:01:00","guid":{"rendered":"https:\/\/www.dmd.eu\/caschi-moto-jet\/vintage-semi-integrali\/"},"modified":"2025-02-03T12:08:52","modified_gmt":"2025-02-03T11:08:52","slug":"vintage-semi-integrales","status":"publish","type":"page","link":"https:\/\/dmd.eu\/es\/cascos-moto-jet\/vintage-semi-integrales\/","title":{"rendered":"VINTAGE"},"content":{"rendered":"  <div id=\"b-categorypage-block_e31a2593a752978278b828540fcddb12\" class=\"conteiner\">\n    <div class=\"header-category\">\n      <h1 class=\"big-text\">CASCOS JET VINTAGE<br \/>\r\nECE 22.05<\/h1>\n      <div class=\"category-text--desktop\">\n        <p>El <strong>casco jet Vintage<\/strong> es una nueva versi\u00f3n de la famosa e ic\u00f3nica calota de los a\u00f1os 70. El objetivo de la empresa era modificar la forma tradicional del casco en una versi\u00f3n retro para obtener un accesorio de moda y de estilo, con un dise\u00f1o original.<br \/>\nPara aquellos que nunca renuncian a adoptar un nuevo estilo, pero siempre cuidan la seguridad y el confort, los cascos semi integrales jet Vintage brindan el m\u00e1ximo confort, alta seguridad y un dise\u00f1o siempre original.<\/p>\n      <\/div>\n      <button class=\"link-anchor more-info-button\">Leer m\u00e1s<\/button>\n    <\/div>\n    <div class=\"image-page\" style=\"background-image:url('https:\/\/dmd.eu\/wp-content\/webp-express\/webp-images\/uploads\/2024\/04\/vintage.jpg.webp');\">\n    <\/div>\n    \n    <div class=\"more-info\">\n      <div id=\"info\" class=\"conteiner\">\n        <div class=\"box medium category-text--mobile\">\n          <p>El <strong>casco jet Vintage<\/strong> es una nueva versi\u00f3n de la famosa e ic\u00f3nica calota de los a\u00f1os 70. El objetivo de la empresa era modificar la forma tradicional del casco en una versi\u00f3n retro para obtener un accesorio de moda y de estilo, con un dise\u00f1o original.<br \/>\nPara aquellos que nunca renuncian a adoptar un nuevo estilo, pero siempre cuidan la seguridad y el confort, los cascos semi integrales jet Vintage brindan el m\u00e1ximo confort, alta seguridad y un dise\u00f1o siempre original.<\/p>\n        <\/div>\n        <div class=\"box medium\">\n          <h4><strong>POR QU\u00c9 ELEGIR LOS CASCOS JET DE MOTO VINTAGE?<\/strong><\/h4>\n<p>El dise\u00f1o y la creatividad que caracterizan a los productos de la categor\u00eda<strong> jet Vintage<\/strong>, completan un casco realizado respetando los est\u00e1ndares de seguridad modernos. Si conduces una moto Custom, Caf\u00e8 racer o un scooter la colecci\u00f3n de cascos jet Vintage DMD regala la libertad de un semi-integral sin renunciar a l\u00edneas exclusivas, estilo original y dise\u00f1o actual.<br \/>\nLa l\u00ednea de modelos es muy rica, perfecta para satisfacer cualquier look.<\/p>\n        <\/div>\n        <div class=\"box medium\">\n          <p><strong>\u00a0UN PAR DE DATOS \u00daTILES PARA TODOS LOS MOTORISTAS:<\/strong><\/p>\n<ul>\n<li>El casco se completa con tres botones \u00fatiles para montar una visera m\u00f3vil y\/o una cara;<\/li>\n<li>Para la seguridad de todos los motociclistas recomendamos cambiar el casco cada tres a\u00f1os.<\/li>\n<\/ul>\n<p>Conduce tu moto con total libertad y seguridad eligiendo el casco semi integral jet Vintage que prefieras, entre los modelos del cat\u00e1logo DMD.<\/p>\n        <\/div>\n      <\/div>\n    <\/div>\n\n    <div class=\"filter-row\">\n                <\/div>\n\n          <div class=\"box full-width\">\n        <h2>Ning\u00fan producto encontrado<\/h2>\n      <\/div>\n    <\/div>","protected":false},"excerpt":{"rendered":"","protected":false},"author":2,"featured_media":0,"parent":12625,"menu_order":0,"comment_status":"closed","ping_status":"closed","template":"","meta":{"_acf_changed":true,"footnotes":""},"class_list":["post-12631","page","type-page","status-publish","hentry"],"acf":[],"jetpack_sharing_enabled":true,"_links":{"self":[{"href":"https:\/\/dmd.eu\/es\/wp-json\/wp\/v2\/pages\/12631","targetHints":{"allow":["GET"]}}],"collection":[{"href":"https:\/\/dmd.eu\/es\/wp-json\/wp\/v2\/pages"}],"about":[{"href":"https:\/\/dmd.eu\/es\/wp-json\/wp\/v2\/types\/page"}],"author":[{"embeddable":true,"href":"https:\/\/dmd.eu\/es\/wp-json\/wp\/v2\/users\/2"}],"replies":[{"embeddable":true,"href":"https:\/\/dmd.eu\/es\/wp-json\/wp\/v2\/comments?post=12631"}],"version-history":[{"count":0,"href":"https:\/\/dmd.eu\/es\/wp-json\/wp\/v2\/pages\/12631\/revisions"}],"up":[{"embeddable":true,"href":"https:\/\/dmd.eu\/es\/wp-json\/wp\/v2\/pages\/12625"}],"wp:attachment":[{"href":"https:\/\/dmd.eu\/es\/wp-json\/wp\/v2\/media?parent=12631"}],"curies":[{"name":"wp","href":"https:\/\/api.w.org\/{rel}","templated":true}]}}