{"id":12629,"date":"2023-10-04T14:52:40","date_gmt":"2023-10-04T12:52:40","guid":{"rendered":"https:\/\/www.dmd.eu\/caschi-moto-jet\/p1-demi-jet-visiera\/"},"modified":"2026-03-24T15:31:43","modified_gmt":"2026-03-24T14:31:43","slug":"p1-demi-jet-visera","status":"publish","type":"page","link":"https:\/\/dmd.eu\/es\/cascos-moto-jet\/p1-demi-jet-visera\/","title":{"rendered":"P1"},"content":{"rendered":"  <div id=\"b-categorypage-block_479cf045f9c5da61cc94a76e11b83ac1\" class=\"conteiner\">\n    <div class=\"header-category\">\n      <h1 class=\"big-text\">CASCOS DEMI-JET P1<\/h1>\n      <div class=\"category-text--desktop\">\n        <p>Los <strong>cascos <\/strong>semi integrales<strong> demi jet<\/strong> son los modelos ideales para llevar en los trayectos cortos diarios en moto o scooter. Ligeros y c\u00f3modos, se adaptan perfectamente a cada necesidad y a cada trayecto. Por eso tambi\u00e9n los llamamos cascos jet muy compactos.<\/p>\n<p>\ud83c\uddee\ud83c\uddf9 Hecho en Italia, con pasi\u00f3n.<\/p>\n      <\/div>\n      <button class=\"link-anchor more-info-button\">Leer m\u00e1s<\/button>\n    <\/div>\n    <div class=\"image-page\" style=\"background-image:url('https:\/\/dmd.eu\/wp-content\/webp-express\/webp-images\/uploads\/2026\/03\/p1-new_2026.jpg.webp');\">\n    <\/div>\n    \n    <div class=\"more-info\">\n      <div id=\"info\" class=\"conteiner\">\n        <div class=\"box medium category-text--mobile\">\n          <p>Los <strong>cascos <\/strong>semi integrales<strong> demi jet<\/strong> son los modelos ideales para llevar en los trayectos cortos diarios en moto o scooter. Ligeros y c\u00f3modos, se adaptan perfectamente a cada necesidad y a cada trayecto. Por eso tambi\u00e9n los llamamos cascos jet muy compactos.<\/p>\n<p>\ud83c\uddee\ud83c\uddf9 Hecho en Italia, con pasi\u00f3n.<\/p>\n        <\/div>\n        <div class=\"box medium\">\n          <h4>POR QU\u00c9 ELEGIR UN CASCO DEMI-JET?<\/h4>\n<p>El <strong>casco demi jet P1<\/strong> se inspira en los cascos de los a\u00f1os 70, pero se completa con una visera de \u00faltima generaci\u00f3n, larga, transparente y desmontable. Gracias a un sencillo sistema, la visera se puede desmontar y montar. Adem\u00e1s, resulta muy \u00fatil en invierno como accesorio que protege contra el viento y el fr\u00edo.<br \/>\nSin embargo, cuando hace buen tiempo, el casco demi jet tambi\u00e9n puede llevarse con visera en su variante oscura.<br \/>\nDisponible en diferentes colores, tiene calota de bra de vidrio, interior desmontable y lavable y cierre de anilla, para la m\u00e1xima seguridad mientras conduces tu moto.<\/p>\n        <\/div>\n        <div class=\"box medium\">\n          <h4>UN PAR DE INFORMACIONES \u00daTILES PARA TODO MOTORISTA:<\/h4>\n<p data-start=\"1191\" data-end=\"1544\">La diferencia entre un casco Jet Retro y un Demi Jet P1 radica principalmente en la visera: en el primero es opcional, mientras que en el segundo est\u00e1 integrada, aunque sigue siendo desmontable. El Demi Jet P1 tambi\u00e9n destaca por sus detalles premium, como los tornillos de titanio y los anillos de la visera en carbono, que realzan su calidad y dise\u00f1o.<\/p>\n<p data-start=\"1546\" data-end=\"1628\">Recuerda que el interior es lavable, simplemente retir\u00e1ndolo antes de la limpieza.<\/p>\n<p data-start=\"1630\" data-end=\"1720\">Elige tu Demi Jet y \u00fasalo en todas las estaciones para una conducci\u00f3n cada vez m\u00e1s c\u00f3moda.<\/p>\n        <\/div>\n      <\/div>\n    <\/div>\n\n    <div class=\"filter-row\">\n                <\/div>\n\n          \n<a href=\"https:\/\/dmd.eu\/es\/prodotto\/cascos-jet\/cascos-p1\/p1-cream\/\" class=\"product-preview w-inline-block\" data-ix=\"hover-product\">\n    <img decoding=\"async\" src=\"https:\/\/dmd.eu\/wp-content\/webp-express\/webp-images\/uploads\/2026\/01\/DMD-P1-Cream-DX.jpg.webp\" loading=\"lazy\" alt=\"dmd.eu - P1 CREAM\" class=\"product-image\">\n  <div class=\"title-product-content\">\n    <h3 class=\"extra-small-title\">P1 CREAM<\/h3>\n    <div>\n      <span class=\"woocommerce-Price-amount amount\"><bdi>239,00<span class=\"woocommerce-Price-currencySymbol\">&euro;<\/span><\/bdi><\/span><span>\n    <\/div>\n  <\/div>\n    <\/a>\n<a href=\"https:\/\/dmd.eu\/es\/prodotto\/cascos-jet\/cascos-p1\/p1-matt-grey\/\" class=\"product-preview w-inline-block\" data-ix=\"hover-product\">\n    <img decoding=\"async\" src=\"https:\/\/dmd.eu\/wp-content\/webp-express\/webp-images\/uploads\/2025\/02\/DMD-P1-Matt-Grey-DX-2.jpg.webp\" loading=\"lazy\" alt=\"dmd.eu - P1 MATT GREY\" class=\"product-image\">\n  <div class=\"title-product-content\">\n    <h3 class=\"extra-small-title\">P1 MATT GREY<\/h3>\n    <div>\n      <span class=\"woocommerce-Price-amount amount\"><bdi>239,00<span class=\"woocommerce-Price-currencySymbol\">&euro;<\/span><\/bdi><\/span><span>\n    <\/div>\n  <\/div>\n    <\/a>\n<a href=\"https:\/\/dmd.eu\/es\/prodotto\/cascos-jet\/cascos-p1\/p1-black\/\" class=\"product-preview w-inline-block\" data-ix=\"hover-product\">\n    <img decoding=\"async\" src=\"https:\/\/dmd.eu\/wp-content\/webp-express\/webp-images\/uploads\/2025\/02\/DMD-P1-Black-DX-1.jpg.webp\" loading=\"lazy\" alt=\"dmd.eu - P1 BLACK\" class=\"product-image\">\n  <div class=\"title-product-content\">\n    <h3 class=\"extra-small-title\">P1 BLACK<\/h3>\n    <div>\n      <span class=\"woocommerce-Price-amount amount\"><bdi>239,00<span class=\"woocommerce-Price-currencySymbol\">&euro;<\/span><\/bdi><\/span><span>\n    <\/div>\n  <\/div>\n    <\/a>\n<a href=\"https:\/\/dmd.eu\/es\/prodotto\/cascos-jet\/cascos-p1\/p1-white\/\" class=\"product-preview w-inline-block\" data-ix=\"hover-product\">\n    <img decoding=\"async\" src=\"https:\/\/dmd.eu\/wp-content\/webp-express\/webp-images\/uploads\/2025\/02\/DMD-P1-White-DX-2.jpg.webp\" loading=\"lazy\" alt=\"dmd.eu - P1 WHITE\" class=\"product-image\">\n  <div class=\"title-product-content\">\n    <h3 class=\"extra-small-title\">P1 WHITE<\/h3>\n    <div>\n      <span class=\"woocommerce-Price-amount amount\"><bdi>239,00<span class=\"woocommerce-Price-currencySymbol\">&euro;<\/span><\/bdi><\/span><span>\n    <\/div>\n  <\/div>\n    <\/a>\n<a href=\"https:\/\/dmd.eu\/es\/prodotto\/cascos-jet\/cascos-p1\/p1-aluminium\/\" class=\"product-preview w-inline-block\" data-ix=\"hover-product\">\n    <img decoding=\"async\" src=\"https:\/\/dmd.eu\/wp-content\/webp-express\/webp-images\/uploads\/2025\/02\/DMD-P1-Aluminium-DX-1.jpg.webp\" loading=\"lazy\" alt=\"dmd.eu - P1 ALUMINIUM\" class=\"product-image\">\n  <div class=\"title-product-content\">\n    <h3 class=\"extra-small-title\">P1 ALUMINIUM<\/h3>\n    <div>\n      <span class=\"woocommerce-Price-amount amount\"><bdi>239,00<span class=\"woocommerce-Price-currencySymbol\">&euro;<\/span><\/bdi><\/span><span>\n    <\/div>\n  <\/div>\n    <\/a>\n<a href=\"https:\/\/dmd.eu\/es\/prodotto\/cascos-jet\/cascos-p1\/p1-olive-gold\/\" class=\"product-preview w-inline-block\" data-ix=\"hover-product\">\n    <img decoding=\"async\" src=\"https:\/\/dmd.eu\/wp-content\/webp-express\/webp-images\/uploads\/2025\/02\/DMD-P1-Olive-DX.jpg.webp\" loading=\"lazy\" alt=\"dmd.eu - P1 OLIVE GOLD\" class=\"product-image\">\n  <div class=\"title-product-content\">\n    <h3 class=\"extra-small-title\">P1 OLIVE GOLD<\/h3>\n    <div>\n      <span class=\"woocommerce-Price-amount amount\"><bdi>239,00<span class=\"woocommerce-Price-currencySymbol\">&euro;<\/span><\/bdi><\/span><span>\n    <\/div>\n  <\/div>\n    <\/a>\n<a href=\"https:\/\/dmd.eu\/es\/prodotto\/cascos-jet\/cascos-p1\/p1-cipria\/\" class=\"product-preview w-inline-block\" data-ix=\"hover-product\">\n    <img decoding=\"async\" src=\"https:\/\/dmd.eu\/wp-content\/webp-express\/webp-images\/uploads\/2025\/02\/DMD-P1-Cipria-DX-2.jpg.webp\" loading=\"lazy\" alt=\"dmd.eu - P1 CIPRIA\" class=\"product-image\">\n  <div class=\"title-product-content\">\n    <h3 class=\"extra-small-title\">P1 CIPRIA<\/h3>\n    <div>\n      <span class=\"woocommerce-Price-amount amount\"><bdi>239,00<span class=\"woocommerce-Price-currencySymbol\">&euro;<\/span><\/bdi><\/span><span>\n    <\/div>\n  <\/div>\n    <\/a>\n<a href=\"https:\/\/dmd.eu\/es\/prodotto\/cascos-jet\/cascos-p1\/p1-caffe\/\" class=\"product-preview w-inline-block\" data-ix=\"hover-product\">\n    <img decoding=\"async\" src=\"https:\/\/dmd.eu\/wp-content\/webp-express\/webp-images\/uploads\/2025\/02\/DMD-P1-Caffe\u0300-DX-1.jpg.webp\" loading=\"lazy\" alt=\"dmd.eu - P1 CAFF\u00c8\" class=\"product-image\">\n  <div class=\"title-product-content\">\n    <h3 class=\"extra-small-title\">P1 CAFF\u00c8<\/h3>\n    <div>\n      <span class=\"woocommerce-Price-amount amount\"><bdi>239,00<span class=\"woocommerce-Price-currencySymbol\">&euro;<\/span><\/bdi><\/span><span>\n    <\/div>\n  <\/div>\n    <\/a>\n<a href=\"https:\/\/dmd.eu\/es\/prodotto\/cascos-jet\/cascos-p1\/p1-matt-black\/\" class=\"product-preview w-inline-block\" data-ix=\"hover-product\">\n    <img decoding=\"async\" src=\"https:\/\/dmd.eu\/wp-content\/webp-express\/webp-images\/uploads\/2023\/08\/DMD-P1-Matt-Black-DX-3.jpg.webp\" loading=\"lazy\" alt=\"dmd.eu - P1 MATT BLACK\" class=\"product-image\">\n  <div class=\"title-product-content\">\n    <h3 class=\"extra-small-title\">P1 MATT BLACK<\/h3>\n    <div>\n      <span class=\"woocommerce-Price-amount amount\"><bdi>239,00<span class=\"woocommerce-Price-currencySymbol\">&euro;<\/span><\/bdi><\/span><span>\n    <\/div>\n  <\/div>\n    <\/a>\n<a href=\"https:\/\/dmd.eu\/es\/prodotto\/cascos-jet\/cascos-p1\/p1-star-grey\/\" class=\"product-preview w-inline-block\" data-ix=\"hover-product\">\n    <img decoding=\"async\" src=\"https:\/\/dmd.eu\/wp-content\/webp-express\/webp-images\/uploads\/2023\/08\/DMD-P1-Star-Grey-DX-2.jpg.webp\" loading=\"lazy\" alt=\"dmd.eu - P1 STAR GREY\" class=\"product-image\">\n  <div class=\"title-product-content\">\n    <h3 class=\"extra-small-title\">P1 STAR GREY<\/h3>\n    <div>\n      <span class=\"woocommerce-Price-amount amount\"><bdi>249,00<span class=\"woocommerce-Price-currencySymbol\">&euro;<\/span><\/bdi><\/span><span>\n    <\/div>\n  <\/div>\n    <\/a>\n<a href=\"https:\/\/dmd.eu\/es\/prodotto\/cascos-jet\/cascos-p1\/p1-star-white\/\" class=\"product-preview w-inline-block\" data-ix=\"hover-product\">\n    <img decoding=\"async\" src=\"https:\/\/dmd.eu\/wp-content\/webp-express\/webp-images\/uploads\/2023\/08\/DMD-P1-Star-White-DX-2.jpg.webp\" loading=\"lazy\" alt=\"dmd.eu - P1 STAR WHITE\" class=\"product-image\">\n  <div class=\"title-product-content\">\n    <h3 class=\"extra-small-title\">P1 STAR WHITE<\/h3>\n    <div>\n      <span class=\"woocommerce-Price-amount amount\"><bdi>249,00<span class=\"woocommerce-Price-currencySymbol\">&euro;<\/span><\/bdi><\/span><span>\n    <\/div>\n  <\/div>\n    <\/a>\n<a href=\"https:\/\/dmd.eu\/es\/prodotto\/cascos-jet\/cascos-p1\/p1-star-green\/\" class=\"product-preview w-inline-block\" data-ix=\"hover-product\">\n    <img decoding=\"async\" src=\"https:\/\/dmd.eu\/wp-content\/webp-express\/webp-images\/uploads\/2023\/08\/DMD-P1-Star-Green-DX-1.jpg.webp\" loading=\"lazy\" alt=\"dmd.eu - P1 STAR GREEN\" class=\"product-image\">\n  <div class=\"title-product-content\">\n    <h3 class=\"extra-small-title\">P1 STAR GREEN<\/h3>\n    <div>\n      <span class=\"woocommerce-Price-amount amount\"><bdi>249,00<span class=\"woocommerce-Price-currencySymbol\">&euro;<\/span><\/bdi><\/span><span>\n    <\/div>\n  <\/div>\n    <\/a>  <\/div>","protected":false},"excerpt":{"rendered":"","protected":false},"author":2,"featured_media":0,"parent":12625,"menu_order":0,"comment_status":"closed","ping_status":"closed","template":"","meta":{"_acf_changed":true,"footnotes":""},"class_list":["post-12629","page","type-page","status-publish","hentry"],"acf":[],"jetpack_sharing_enabled":true,"_links":{"self":[{"href":"https:\/\/dmd.eu\/es\/wp-json\/wp\/v2\/pages\/12629","targetHints":{"allow":["GET"]}}],"collection":[{"href":"https:\/\/dmd.eu\/es\/wp-json\/wp\/v2\/pages"}],"about":[{"href":"https:\/\/dmd.eu\/es\/wp-json\/wp\/v2\/types\/page"}],"author":[{"embeddable":true,"href":"https:\/\/dmd.eu\/es\/wp-json\/wp\/v2\/users\/2"}],"replies":[{"embeddable":true,"href":"https:\/\/dmd.eu\/es\/wp-json\/wp\/v2\/comments?post=12629"}],"version-history":[{"count":0,"href":"https:\/\/dmd.eu\/es\/wp-json\/wp\/v2\/pages\/12629\/revisions"}],"up":[{"embeddable":true,"href":"https:\/\/dmd.eu\/es\/wp-json\/wp\/v2\/pages\/12625"}],"wp:attachment":[{"href":"https:\/\/dmd.eu\/es\/wp-json\/wp\/v2\/media?parent=12629"}],"curies":[{"name":"wp","href":"https:\/\/api.w.org\/{rel}","templated":true}]}}