{"id":12627,"date":"2023-10-04T14:46:46","date_gmt":"2023-10-04T12:46:46","guid":{"rendered":"https:\/\/www.dmd.eu\/caschi-moto-jet\/accessori-jet\/"},"modified":"2025-12-02T11:00:17","modified_gmt":"2025-12-02T10:00:17","slug":"accesorios-jet","status":"publish","type":"page","link":"https:\/\/dmd.eu\/es\/cascos-moto-jet\/accesorios-jet\/","title":{"rendered":"ACCESORIOS"},"content":{"rendered":"  <div id=\"b-categorypage-block_34f3465e9f8a34c42e7e4bd68ffcae78\" class=\"conteiner\">\n    <div class=\"header-category\">\n      <h1 class=\"big-text\">ACCESORIOS PARA CASCOS JET<\/h1>\n      <div class=\"category-text--desktop\">\n        <p>\u00bfQu\u00e9 <strong>accesorios<\/strong> dise\u00f1ados para <strong>cascos jet<\/strong> son perfectos para completar tu look? DMD te presenta una colecci\u00f3n de viseras y visores compatibles, que protegen al motorista del aire fr\u00eda y del viento. Todos estos accesorios de alta calidad son exclusivos y est\u00e1n dise\u00f1ados para la l\u00ednea de cascos jet y demi-jet.<\/p>\n      <\/div>\n      <button class=\"link-anchor more-info-button\">Leer m\u00e1s<\/button>\n    <\/div>\n    <div class=\"image-page\" style=\"background-image:url('https:\/\/dmd.eu\/wp-content\/webp-express\/webp-images\/uploads\/2025\/12\/ACCESSORI-JET.jpg.webp');\">\n    <\/div>\n    \n    <div class=\"more-info\">\n      <div id=\"info\" class=\"conteiner\">\n        <div class=\"box medium category-text--mobile\">\n          <p>\u00bfQu\u00e9 <strong>accesorios<\/strong> dise\u00f1ados para <strong>cascos jet<\/strong> son perfectos para completar tu look? DMD te presenta una colecci\u00f3n de viseras y visores compatibles, que protegen al motorista del aire fr\u00eda y del viento. Todos estos accesorios de alta calidad son exclusivos y est\u00e1n dise\u00f1ados para la l\u00ednea de cascos jet y demi-jet.<\/p>\n        <\/div>\n        <div class=\"box medium\">\n          <h4>POR QU\u00c9 COMPRAR ACCESORIOS JET VINTAGE?<\/h4>\n<p>Los <strong>accesorios<\/strong> y viseras<strong> jet<\/strong> completan tu look motero a\u00f1adiendo un toque de estilo a tu out t y un extra de comodidad, adem\u00e1s de ser funcionales cuando utilizas un casco jet. Siguiendo las caracter\u00edsticas de la colecci\u00f3n, recuerdan un estilo limpio y de inspiraci\u00f3n vintage. Tanto siconduces una custom, una caf\u00e9 racer o un scooter, las viseras de los cascos jet te protegen del viento y la lluvia.<\/p>\n        <\/div>\n        <div class=\"box medium\">\n          <h4>UN PAR DE INFORMACIONES \u00daTILES PARA TODO MOTORISTA:<\/h4>\n<ul>\n<li>A la hora de elegir una buena visera, recuerda tener en cuenta el modelo de casco. No todas las viseras son compatibles con todos los modelos de casco;<\/li>\n<li>Las viseras son resistentes a los ara\u00f1azos; sin embargo, es mejor no tratarlas con productos qu\u00edmicos agresivos.<\/li>\n<\/ul>\n<p>L\u00edmpielas con agua tibia y jab\u00f3n neutro frotando con un pa\u00f1o de micro bra. Elige entre los accesorios para cascos jet la visera, m\u00e1scara o visor que mejor se adapte a tu look y te proteja mientras conduces tu moto.<\/p>\n        <\/div>\n      <\/div>\n    <\/div>\n\n    <div class=\"filter-row\">\n                <\/div>\n\n          \n<a href=\"https:\/\/dmd.eu\/es\/prodotto\/cascos-integrales\/accessorios-integrales\/soporte-para-cascos\/\" class=\"product-preview w-inline-block\" data-ix=\"hover-product\">\n    <img decoding=\"async\" src=\"https:\/\/dmd.eu\/wp-content\/webp-express\/webp-images\/uploads\/2025\/07\/DMD-Accessory-Porta-Casco.jpg.webp\" loading=\"lazy\" alt=\"dmd.eu - SOPORTE PARA CASCOS\" class=\"product-image\">\n  <div class=\"title-product-content\">\n    <h3 class=\"extra-small-title\">SOPORTE PARA CASCOS<\/h3>\n    <div>\n      <span class=\"woocommerce-Price-amount amount\"><bdi>25,00<span class=\"woocommerce-Price-currencySymbol\">&euro;<\/span><\/bdi><\/span><span>\n    <\/div>\n  <\/div>\n    <\/a>\n<a href=\"https:\/\/dmd.eu\/es\/prodotto\/cascos-integrales\/accessorios-integrales\/ghost\/\" class=\"product-preview w-inline-block\" data-ix=\"hover-product\">\n    <img decoding=\"async\" src=\"https:\/\/dmd.eu\/wp-content\/webp-express\/webp-images\/uploads\/2023\/09\/DMD-Accessory-Ghost-clear-solo.jpg.webp\" loading=\"lazy\" alt=\"dmd.eu - GHOST\" class=\"product-image\">\n  <div class=\"title-product-content\">\n    <h3 class=\"extra-small-title\">GHOST<\/h3>\n    <div>\n      <span class=\"woocommerce-Price-amount amount\" aria-hidden=\"true\"><bdi>79,00<span class=\"woocommerce-Price-currencySymbol\">&euro;<\/span><\/bdi><\/span> <span aria-hidden=\"true\">&#8211;<\/span> <span class=\"woocommerce-Price-amount amount\" aria-hidden=\"true\"><bdi>85,00<span class=\"woocommerce-Price-currencySymbol\">&euro;<\/span><\/bdi><\/span><span class=\"screen-reader-text\">Rango de precios: desde 79,00&euro; hasta 85,00&euro;<\/span><span>\n    <\/div>\n  <\/div>\n    <\/a>\n<a href=\"https:\/\/dmd.eu\/es\/prodotto\/cascos-integrales\/accessorios-integrales\/ghost-white\/\" class=\"product-preview w-inline-block\" data-ix=\"hover-product\">\n    <img decoding=\"async\" src=\"https:\/\/dmd.eu\/wp-content\/webp-express\/webp-images\/uploads\/2023\/08\/DMD-Accessory-Ghost-white-clear-solo-1.jpg.webp\" loading=\"lazy\" alt=\"dmd.eu - GHOST WHITE\" class=\"product-image\">\n  <div class=\"title-product-content\">\n    <h3 class=\"extra-small-title\">GHOST WHITE<\/h3>\n    <div>\n      <span class=\"woocommerce-Price-amount amount\" aria-hidden=\"true\"><bdi>79,00<span class=\"woocommerce-Price-currencySymbol\">&euro;<\/span><\/bdi><\/span> <span aria-hidden=\"true\">&#8211;<\/span> <span class=\"woocommerce-Price-amount amount\" aria-hidden=\"true\"><bdi>85,00<span class=\"woocommerce-Price-currencySymbol\">&euro;<\/span><\/bdi><\/span><span class=\"screen-reader-text\">Rango de precios: desde 79,00&euro; hasta 85,00&euro;<\/span><span>\n    <\/div>\n  <\/div>\n    <\/a>\n<a href=\"https:\/\/dmd.eu\/es\/prodotto\/cascos-integrales\/accessorios-integrales\/ghost-green-2\/\" class=\"product-preview w-inline-block\" data-ix=\"hover-product\">\n    <img decoding=\"async\" src=\"https:\/\/dmd.eu\/wp-content\/webp-express\/webp-images\/uploads\/2024\/03\/DMD-Accessory-Ghost-GREEN-CLEAR-solo.jpg.webp\" loading=\"lazy\" alt=\"dmd.eu - GHOST GREEN\" class=\"product-image\">\n  <div class=\"title-product-content\">\n    <h3 class=\"extra-small-title\">GHOST GREEN<\/h3>\n    <div>\n      <span class=\"woocommerce-Price-amount amount\" aria-hidden=\"true\"><bdi>79,00<span class=\"woocommerce-Price-currencySymbol\">&euro;<\/span><\/bdi><\/span> <span aria-hidden=\"true\">&#8211;<\/span> <span class=\"woocommerce-Price-amount amount\" aria-hidden=\"true\"><bdi>85,00<span class=\"woocommerce-Price-currencySymbol\">&euro;<\/span><\/bdi><\/span><span class=\"screen-reader-text\">Rango de precios: desde 79,00&euro; hasta 85,00&euro;<\/span><span>\n    <\/div>\n  <\/div>\n    <\/a>\n<a href=\"https:\/\/dmd.eu\/es\/prodotto\/cascos-integrales\/accessorios-integrales\/lente-de-reemplazo-ghost\/\" class=\"product-preview w-inline-block\" data-ix=\"hover-product\">\n    <img decoding=\"async\" src=\"https:\/\/dmd.eu\/wp-content\/webp-express\/webp-images\/uploads\/2023\/09\/DMD-accessory-ghost-yellow-lens-1.jpg.webp\" loading=\"lazy\" alt=\"dmd.eu - LENTE DE RECAMBIO GHOST\" class=\"product-image\">\n  <div class=\"title-product-content\">\n    <h3 class=\"extra-small-title\">LENTE DE RECAMBIO GHOST<\/h3>\n    <div>\n      <span class=\"woocommerce-Price-amount amount\" aria-hidden=\"true\"><bdi>18,00<span class=\"woocommerce-Price-currencySymbol\">&euro;<\/span><\/bdi><\/span> <span aria-hidden=\"true\">&#8211;<\/span> <span class=\"woocommerce-Price-amount amount\" aria-hidden=\"true\"><bdi>31,00<span class=\"woocommerce-Price-currencySymbol\">&euro;<\/span><\/bdi><\/span><span class=\"screen-reader-text\">Rango de precios: desde 18,00&euro; hasta 31,00&euro;<\/span><span>\n    <\/div>\n  <\/div>\n    <\/a>\n<a href=\"https:\/\/dmd.eu\/es\/prodotto\/cascos-jet\/accessorios-cascos\/goggle\/\" class=\"product-preview w-inline-block\" data-ix=\"hover-product\">\n    <img decoding=\"async\" src=\"https:\/\/dmd.eu\/wp-content\/webp-express\/webp-images\/uploads\/2023\/08\/DMD-Accessory-Goggle-clear-singolo.jpg.webp\" loading=\"lazy\" alt=\"dmd.eu - GOGGLE\" class=\"product-image\">\n  <div class=\"title-product-content\">\n    <h3 class=\"extra-small-title\">GOGGLE<\/h3>\n    <div>\n      <span class=\"woocommerce-Price-amount amount\" aria-hidden=\"true\"><bdi>44,00<span class=\"woocommerce-Price-currencySymbol\">&euro;<\/span><\/bdi><\/span> <span aria-hidden=\"true\">&#8211;<\/span> <span class=\"woocommerce-Price-amount amount\" aria-hidden=\"true\"><bdi>81,00<span class=\"woocommerce-Price-currencySymbol\">&euro;<\/span><\/bdi><\/span><span class=\"screen-reader-text\">Rango de precios: desde 44,00&euro; hasta 81,00&euro;<\/span><span>\n    <\/div>\n  <\/div>\n    <\/a>\n<a href=\"https:\/\/dmd.eu\/es\/prodotto\/cascos-jet\/accessorios-cascos\/standard-peak\/\" class=\"product-preview w-inline-block\" data-ix=\"hover-product\">\n    <img decoding=\"async\" src=\"https:\/\/dmd.eu\/wp-content\/webp-express\/webp-images\/uploads\/2023\/08\/DMD-Accessory-Standard-Peak-solo.jpg.webp\" loading=\"lazy\" alt=\"dmd.eu - STANDARD PEAK\" class=\"product-image\">\n  <div class=\"title-product-content\">\n    <h3 class=\"extra-small-title\">STANDARD PEAK<\/h3>\n    <div>\n      <span class=\"woocommerce-Price-amount amount\"><bdi>12,00<span class=\"woocommerce-Price-currencySymbol\">&euro;<\/span><\/bdi><\/span><span>\n    <\/div>\n  <\/div>\n    <\/a>\n<a href=\"https:\/\/dmd.eu\/es\/prodotto\/cascos-jet\/accessorios-cascos\/off-road-peak\/\" class=\"product-preview w-inline-block\" data-ix=\"hover-product\">\n    <img decoding=\"async\" src=\"https:\/\/dmd.eu\/wp-content\/webp-express\/webp-images\/uploads\/2023\/08\/DMD-Accessory-Offroad-Peak-solo-white-copertina.jpg.webp\" loading=\"lazy\" alt=\"dmd.eu - OFF-ROAD PEAK\" class=\"product-image\">\n  <div class=\"title-product-content\">\n    <h3 class=\"extra-small-title\">OFF-ROAD PEAK<\/h3>\n    <div>\n      <span class=\"woocommerce-Price-amount amount\"><bdi>18,00<span class=\"woocommerce-Price-currencySymbol\">&euro;<\/span><\/bdi><\/span><span>\n    <\/div>\n  <\/div>\n    <\/a>\n<a href=\"https:\/\/dmd.eu\/es\/prodotto\/cascos-jet\/accessorios-cascos\/big-visor\/\" class=\"product-preview w-inline-block\" data-ix=\"hover-product\">\n    <img decoding=\"async\" src=\"https:\/\/dmd.eu\/wp-content\/webp-express\/webp-images\/uploads\/2023\/08\/DMD-Accessory-Big-Visor-clear-singolo-1.jpg.webp\" loading=\"lazy\" alt=\"dmd.eu - BIG VISOR\" class=\"product-image\">\n  <div class=\"title-product-content\">\n    <h3 class=\"extra-small-title\">BIG VISOR<\/h3>\n    <div>\n      <span class=\"woocommerce-Price-amount amount\" aria-hidden=\"true\"><bdi>44,00<span class=\"woocommerce-Price-currencySymbol\">&euro;<\/span><\/bdi><\/span> <span aria-hidden=\"true\">&#8211;<\/span> <span class=\"woocommerce-Price-amount amount\" aria-hidden=\"true\"><bdi>49,00<span class=\"woocommerce-Price-currencySymbol\">&euro;<\/span><\/bdi><\/span><span class=\"screen-reader-text\">Rango de precios: desde 44,00&euro; hasta 49,00&euro;<\/span><span>\n    <\/div>\n  <\/div>\n    <\/a>\n<a href=\"https:\/\/dmd.eu\/es\/prodotto\/cascos-jet\/accessorios-cascos\/bubble-visor\/\" class=\"product-preview w-inline-block\" data-ix=\"hover-product\">\n    <img decoding=\"async\" src=\"https:\/\/dmd.eu\/wp-content\/webp-express\/webp-images\/uploads\/2023\/08\/DMD-Accessory-Bubble-visor-clear-singolo.jpg.webp\" loading=\"lazy\" alt=\"dmd.eu - BUBBLE VISOR\" class=\"product-image\">\n  <div class=\"title-product-content\">\n    <h3 class=\"extra-small-title\">BUBBLE VISOR<\/h3>\n    <div>\n      <span class=\"woocommerce-Price-amount amount\" aria-hidden=\"true\"><bdi>39,00<span class=\"woocommerce-Price-currencySymbol\">&euro;<\/span><\/bdi><\/span> <span aria-hidden=\"true\">&#8211;<\/span> <span class=\"woocommerce-Price-amount amount\" aria-hidden=\"true\"><bdi>42,00<span class=\"woocommerce-Price-currencySymbol\">&euro;<\/span><\/bdi><\/span><span class=\"screen-reader-text\">Rango de precios: desde 39,00&euro; hasta 42,00&euro;<\/span><span>\n    <\/div>\n  <\/div>\n    <\/a>\n<a href=\"https:\/\/dmd.eu\/es\/prodotto\/cascos-jet\/accessorios-cascos\/flip-up-bubble-visor\/\" class=\"product-preview w-inline-block\" data-ix=\"hover-product\">\n    <img decoding=\"async\" src=\"https:\/\/dmd.eu\/wp-content\/webp-express\/webp-images\/uploads\/2025\/07\/DMD-Accessory-Flip-up-bubble-visor-clear-singolo-1.jpg.webp\" loading=\"lazy\" alt=\"dmd.eu - FLIP-UP BUBBLE VISOR\" class=\"product-image\">\n  <div class=\"title-product-content\">\n    <h3 class=\"extra-small-title\">FLIP-UP BUBBLE VISOR<\/h3>\n    <div>\n      <span class=\"woocommerce-Price-amount amount\" aria-hidden=\"true\"><bdi>65,00<span class=\"woocommerce-Price-currencySymbol\">&euro;<\/span><\/bdi><\/span> <span aria-hidden=\"true\">&#8211;<\/span> <span class=\"woocommerce-Price-amount amount\" aria-hidden=\"true\"><bdi>71,00<span class=\"woocommerce-Price-currencySymbol\">&euro;<\/span><\/bdi><\/span><span class=\"screen-reader-text\">Rango de precios: desde 65,00&euro; hasta 71,00&euro;<\/span><span>\n    <\/div>\n  <\/div>\n    <\/a>\n<a href=\"https:\/\/dmd.eu\/es\/prodotto\/cascos-jet\/accessorios-cascos\/flip-up-visor\/\" class=\"product-preview w-inline-block\" data-ix=\"hover-product\">\n    <img decoding=\"async\" src=\"https:\/\/dmd.eu\/wp-content\/webp-express\/webp-images\/uploads\/2023\/08\/DMD-Accessory-Flip-up-visor-clear-singolo.jpg.webp\" loading=\"lazy\" alt=\"dmd.eu - FLIP-UP VISOR\" class=\"product-image\">\n  <div class=\"title-product-content\">\n    <h3 class=\"extra-small-title\">FLIP-UP VISOR<\/h3>\n    <div>\n      <span class=\"woocommerce-Price-amount amount\" aria-hidden=\"true\"><bdi>66,00<span class=\"woocommerce-Price-currencySymbol\">&euro;<\/span><\/bdi><\/span> <span aria-hidden=\"true\">&#8211;<\/span> <span class=\"woocommerce-Price-amount amount\" aria-hidden=\"true\"><bdi>100,00<span class=\"woocommerce-Price-currencySymbol\">&euro;<\/span><\/bdi><\/span><span class=\"screen-reader-text\">Rango de precios: desde 66,00&euro; hasta 100,00&euro;<\/span><span>\n    <\/div>\n  <\/div>\n    <\/a>\n<a href=\"https:\/\/dmd.eu\/es\/prodotto\/cascos-jet\/accessorios-cascos\/p1-cover-visor\/\" class=\"product-preview w-inline-block\" data-ix=\"hover-product\">\n    <img decoding=\"async\" src=\"https:\/\/dmd.eu\/wp-content\/webp-express\/webp-images\/uploads\/2023\/08\/DMD-Accessory-P1-cover-visor-clear-singolo.jpg.webp\" loading=\"lazy\" alt=\"dmd.eu - P1 COVER VISOR\" class=\"product-image\">\n  <div class=\"title-product-content\">\n    <h3 class=\"extra-small-title\">P1 COVER VISOR<\/h3>\n    <div>\n      <span class=\"woocommerce-Price-amount amount\" aria-hidden=\"true\"><bdi>45,00<span class=\"woocommerce-Price-currencySymbol\">&euro;<\/span><\/bdi><\/span> <span aria-hidden=\"true\">&#8211;<\/span> <span class=\"woocommerce-Price-amount amount\" aria-hidden=\"true\"><bdi>54,00<span class=\"woocommerce-Price-currencySymbol\">&euro;<\/span><\/bdi><\/span><span class=\"screen-reader-text\">Rango de precios: desde 45,00&euro; hasta 54,00&euro;<\/span><span>\n    <\/div>\n  <\/div>\n    <\/a>\n<a href=\"https:\/\/dmd.eu\/es\/prodotto\/cascos-integrales\/accessorios-integrales\/goggle-retainer\/\" class=\"product-preview w-inline-block\" data-ix=\"hover-product\">\n    <img decoding=\"async\" src=\"https:\/\/dmd.eu\/wp-content\/webp-express\/webp-images\/uploads\/2023\/08\/DMD-Goggle-retainer.jpg.webp\" loading=\"lazy\" alt=\"dmd.eu - GOGGLE RETAINER\" class=\"product-image\">\n  <div class=\"title-product-content\">\n    <h3 class=\"extra-small-title\">GOGGLE RETAINER<\/h3>\n    <div>\n      <span class=\"woocommerce-Price-amount amount\"><bdi>12,00<span class=\"woocommerce-Price-currencySymbol\">&euro;<\/span><\/bdi><\/span><span>\n    <\/div>\n  <\/div>\n    <\/a>\n<a href=\"https:\/\/dmd.eu\/es\/prodotto\/cascos-jet\/accessorios-cascos\/inner-lining-vintage\/\" class=\"product-preview w-inline-block\" data-ix=\"hover-product\">\n    <img decoding=\"async\" src=\"https:\/\/dmd.eu\/wp-content\/webp-express\/webp-images\/uploads\/2023\/08\/DMD-Accessory-inner-lining-P1-1.jpg.webp\" loading=\"lazy\" alt=\"dmd.eu - INNER LINING VINTAGE\" class=\"product-image\">\n  <div class=\"title-product-content\">\n    <h3 class=\"extra-small-title\">INNER LINING VINTAGE<\/h3>\n    <div>\n      <span class=\"woocommerce-Price-amount amount\"><bdi>52,00<span class=\"woocommerce-Price-currencySymbol\">&euro;<\/span><\/bdi><\/span><span>\n    <\/div>\n  <\/div>\n    <\/a>\n<a href=\"https:\/\/dmd.eu\/es\/prodotto\/cascos-jet\/accessorios-cascos\/inner-lining-retro\/\" class=\"product-preview w-inline-block\" data-ix=\"hover-product\">\n    <img decoding=\"async\" src=\"https:\/\/dmd.eu\/wp-content\/webp-express\/webp-images\/uploads\/2025\/01\/DMD-Accessory-inner-lining-Retro.jpg.webp\" loading=\"lazy\" alt=\"dmd.eu - INNER LINING RETRO\" class=\"product-image\">\n  <div class=\"title-product-content\">\n    <h3 class=\"extra-small-title\">INNER LINING RETRO<\/h3>\n    <div>\n      <span class=\"woocommerce-Price-amount amount\"><bdi>52,00<span class=\"woocommerce-Price-currencySymbol\">&euro;<\/span><\/bdi><\/span><span>\n    <\/div>\n  <\/div>\n    <\/a>\n<a href=\"https:\/\/dmd.eu\/es\/prodotto\/cascos-jet\/accessorios-cascos\/inner-lining-p1ece-05\/\" class=\"product-preview w-inline-block\" data-ix=\"hover-product\">\n    <img decoding=\"async\" src=\"https:\/\/dmd.eu\/wp-content\/webp-express\/webp-images\/uploads\/2023\/08\/DMD-Accessory-inner-lining-P1.jpg.webp\" loading=\"lazy\" alt=\"dmd.eu - INNER LINING P1 ECE 05\" class=\"product-image\">\n  <div class=\"title-product-content\">\n    <h3 class=\"extra-small-title\">INNER LINING P1 ECE 05<\/h3>\n    <div>\n      <span class=\"woocommerce-Price-amount amount\"><bdi>52,00<span class=\"woocommerce-Price-currencySymbol\">&euro;<\/span><\/bdi><\/span><span>\n    <\/div>\n  <\/div>\n    <\/a>  <\/div>","protected":false},"excerpt":{"rendered":"","protected":false},"author":2,"featured_media":0,"parent":12625,"menu_order":0,"comment_status":"closed","ping_status":"closed","template":"","meta":{"_acf_changed":true,"footnotes":""},"class_list":["post-12627","page","type-page","status-publish","hentry"],"acf":[],"jetpack_sharing_enabled":true,"_links":{"self":[{"href":"https:\/\/dmd.eu\/es\/wp-json\/wp\/v2\/pages\/12627","targetHints":{"allow":["GET"]}}],"collection":[{"href":"https:\/\/dmd.eu\/es\/wp-json\/wp\/v2\/pages"}],"about":[{"href":"https:\/\/dmd.eu\/es\/wp-json\/wp\/v2\/types\/page"}],"author":[{"embeddable":true,"href":"https:\/\/dmd.eu\/es\/wp-json\/wp\/v2\/users\/2"}],"replies":[{"embeddable":true,"href":"https:\/\/dmd.eu\/es\/wp-json\/wp\/v2\/comments?post=12627"}],"version-history":[{"count":0,"href":"https:\/\/dmd.eu\/es\/wp-json\/wp\/v2\/pages\/12627\/revisions"}],"up":[{"embeddable":true,"href":"https:\/\/dmd.eu\/es\/wp-json\/wp\/v2\/pages\/12625"}],"wp:attachment":[{"href":"https:\/\/dmd.eu\/es\/wp-json\/wp\/v2\/media?parent=12627"}],"curies":[{"name":"wp","href":"https:\/\/api.w.org\/{rel}","templated":true}]}}