{"id":12623,"date":"2023-10-04T14:39:11","date_gmt":"2023-10-04T12:39:11","guid":{"rendered":"https:\/\/www.dmd.eu\/caschi-moto-integrali\/seventyfive\/"},"modified":"2025-02-03T12:07:44","modified_gmt":"2025-02-03T11:07:44","slug":"seventyfive","status":"publish","type":"page","link":"https:\/\/dmd.eu\/es\/cascos-moto-integrales\/seventyfive\/","title":{"rendered":"SEVENTYFIVE"},"content":{"rendered":"  <div id=\"b-categorypage-block_e854dc991bfa1b36e200aa1c15e341e9\" class=\"conteiner\">\n    <div class=\"header-category\">\n      <h1 class=\"big-text\">CASCOS INTEGRALES SEVENTYFIVE<\/h1>\n      <div class=\"category-text--desktop\">\n        <p>Los <strong>cascos integrales Seventyfive<\/strong> recuperan el design del famoso y querido casco de los a\u00f1os 70.<br \/>\nProtectores y seguros, estos modelos son muy ligeros. La gran abertura frontal y las rendijas les dan un toque agresivo.<br \/>\nLa colecci\u00f3n especial es un homenaje a 1975, a\u00f1o de fundaci\u00f3n de la empresa DMD.<\/p>\n      <\/div>\n      <button class=\"link-anchor more-info-button\">Leer m\u00e1s<\/button>\n    <\/div>\n    <div class=\"image-page\" style=\"background-image:url('https:\/\/dmd.eu\/wp-content\/webp-express\/webp-images\/uploads\/2024\/04\/75.jpg.webp');\">\n    <\/div>\n    \n    <div class=\"more-info\">\n      <div id=\"info\" class=\"conteiner\">\n        <div class=\"box medium category-text--mobile\">\n          <p>Los <strong>cascos integrales Seventyfive<\/strong> recuperan el design del famoso y querido casco de los a\u00f1os 70.<br \/>\nProtectores y seguros, estos modelos son muy ligeros. La gran abertura frontal y las rendijas les dan un toque agresivo.<br \/>\nLa colecci\u00f3n especial es un homenaje a 1975, a\u00f1o de fundaci\u00f3n de la empresa DMD.<\/p>\n        <\/div>\n        <div class=\"box medium\">\n          <h4>POR QU\u00c9 ELEGIR LOS CASCOS INTEGRALES DE MOTO SEVENTYFIVE?<\/h4>\n<p>Los <strong>cascos integrales Seventyfive<\/strong> tienen una calota \u00fanica fabricada con Kevlar de carbono, ligera pero resistente a los impactos. Su moderno design permite a cada motorista revivir la emoci\u00f3n de las carreras de los a\u00f1os setenta. Al modificar el aspecto t\u00edpico, los convertimos en verdaderos accesorios de moda, dise\u00f1ados para vestir cualquier estilo y completar tambi\u00e9n tu look, sin<br \/>\ncomprometer nunca la seguridad y la comodidad.<br \/>\nEl estilo de los cascos integrales Seventyfive DMD se adapta perfectamente a las motos Custom, Vintage, Caf\u00e9 racer, Harley Davidson, Triumph, BMW, Honda, Guzzi e Indian. Para elegir la talla correcta, siga la gu\u00eda de tallas que encontrar\u00e1 en el interior de cada cha de producto y encuentre la talla que corresponde al tama\u00f1o de tu cabeza. Recuerde que es posible modificar el interior delcasco, cambiando la talla, si la talla de la calota es la misma.<\/p>\n        <\/div>\n        <div class=\"box medium\">\n          <h4>UN PAR DE INFORMACIONES \u00daTILES PARA TODO MOTORISTA:<\/h4>\n<ul>\n<li>Todos los cascos integrales Seventyfive incorporan un cierre de doble anilla para garantizarle una seguridad absoluta;<\/li>\n<li>Todos los cascos de la colecci\u00f3n tienen botones de visera integrados en la calota.<\/li>\n<\/ul>\n<p>Descubre los cascos integrales en todas las versiones disponibles: b\u00e1sico, gr\u00e1fico o metalizado. Conduzca con con anza y estilo con un casco integral de la colecci\u00f3n Seventyfive.<\/p>\n        <\/div>\n      <\/div>\n    <\/div>\n\n    <div class=\"filter-row\">\n                <\/div>\n\n          <div class=\"box full-width\">\n        <h2>Ning\u00fan producto encontrado<\/h2>\n      <\/div>\n    <\/div>","protected":false},"excerpt":{"rendered":"","protected":false},"author":2,"featured_media":0,"parent":12614,"menu_order":0,"comment_status":"closed","ping_status":"closed","template":"","meta":{"_acf_changed":true,"footnotes":""},"class_list":["post-12623","page","type-page","status-publish","hentry"],"acf":[],"jetpack_sharing_enabled":true,"_links":{"self":[{"href":"https:\/\/dmd.eu\/es\/wp-json\/wp\/v2\/pages\/12623","targetHints":{"allow":["GET"]}}],"collection":[{"href":"https:\/\/dmd.eu\/es\/wp-json\/wp\/v2\/pages"}],"about":[{"href":"https:\/\/dmd.eu\/es\/wp-json\/wp\/v2\/types\/page"}],"author":[{"embeddable":true,"href":"https:\/\/dmd.eu\/es\/wp-json\/wp\/v2\/users\/2"}],"replies":[{"embeddable":true,"href":"https:\/\/dmd.eu\/es\/wp-json\/wp\/v2\/comments?post=12623"}],"version-history":[{"count":0,"href":"https:\/\/dmd.eu\/es\/wp-json\/wp\/v2\/pages\/12623\/revisions"}],"up":[{"embeddable":true,"href":"https:\/\/dmd.eu\/es\/wp-json\/wp\/v2\/pages\/12614"}],"wp:attachment":[{"href":"https:\/\/dmd.eu\/es\/wp-json\/wp\/v2\/media?parent=12623"}],"curies":[{"name":"wp","href":"https:\/\/api.w.org\/{rel}","templated":true}]}}