{"id":12621,"date":"2023-10-04T14:21:34","date_gmt":"2023-10-04T12:21:34","guid":{"rendered":"https:\/\/www.dmd.eu\/caschi-moto-integrali\/rocket\/"},"modified":"2025-02-03T12:07:35","modified_gmt":"2025-02-03T11:07:35","slug":"rocket","status":"publish","type":"page","link":"https:\/\/dmd.eu\/es\/cascos-moto-integrales\/rocket\/","title":{"rendered":"ROCKET"},"content":{"rendered":"  <div id=\"b-categorypage-block_4e7fa96d7c54a58c2e9e54e90d8d416c\" class=\"conteiner\">\n    <div class=\"header-category\">\n      <h1 class=\"big-text\">CASCOS INTEGRALES ROCKET<\/h1>\n      <div class=\"category-text--desktop\">\n        <p>Los <strong>cascos integrales Rocket<\/strong> tienen una visera integrada al estilo de los a\u00f1os 70 con cierre magn\u00e9tico.<br \/>\nLas gr\u00e1ficas de estilo retro y el estilo vintage los hacen perfectos para quienes buscan modelos inspirados en las carreras de motos de aquellos a\u00f1os, sin renunciar a los est\u00e1ndares de seguridad modernos.<\/p>\n      <\/div>\n      <button class=\"link-anchor more-info-button\">Leer m\u00e1s<\/button>\n    <\/div>\n    <div class=\"image-page\" style=\"background-image:url('https:\/\/dmd.eu\/wp-content\/webp-express\/webp-images\/uploads\/2024\/04\/rocket.jpg.webp');\">\n    <\/div>\n    \n    <div class=\"more-info\">\n      <div id=\"info\" class=\"conteiner\">\n        <div class=\"box medium category-text--mobile\">\n          <p>Los <strong>cascos integrales Rocket<\/strong> tienen una visera integrada al estilo de los a\u00f1os 70 con cierre magn\u00e9tico.<br \/>\nLas gr\u00e1ficas de estilo retro y el estilo vintage los hacen perfectos para quienes buscan modelos inspirados en las carreras de motos de aquellos a\u00f1os, sin renunciar a los est\u00e1ndares de seguridad modernos.<\/p>\n        <\/div>\n        <div class=\"box medium\">\n          <h4>POR QU\u00c9 ELEGIR UN CASCO DE LA COLECCI\u00d3N ROCKET?<\/h4>\n<p>La serie de <strong>cascos integrales Rocket<\/strong> se basa en el design del primer casco integral, al que se han a\u00f1adido todas las normas de homologaci\u00f3n modernas. Para los nost\u00e1lgicos del pasado, pero que no quieren renunciar a la protecci\u00f3n de un casco integral, el modelo Rocket es el producto ideal.<\/p>\n        <\/div>\n        <div class=\"box medium\">\n          <h4>UN PAR DE INFORMACIONES \u00daTILES PARA TODO MOTORISTA:<\/h4>\n<ul>\n<li>El cierre magn\u00e9tico facilita el movimiento de la visera sin sacri car la seguridad;<\/li>\n<li>La visera integrada no es la \u00fanica disponible. Puede adquirir un segundo modelo como accesorio en las variantes transparente y oscura.<\/li>\n<\/ul>\n<p>\u00bfQu\u00e9 te parece probar un modelo Rocket para la pr\u00f3xima temporada? Elige entre la colecci\u00f3n de cascos cascos integrales con visera DMD.<\/p>\n        <\/div>\n      <\/div>\n    <\/div>\n\n    <div class=\"filter-row\">\n                <\/div>\n\n          <div class=\"box full-width\">\n        <h2>Ning\u00fan producto encontrado<\/h2>\n      <\/div>\n    <\/div>","protected":false},"excerpt":{"rendered":"","protected":false},"author":2,"featured_media":0,"parent":12614,"menu_order":0,"comment_status":"closed","ping_status":"closed","template":"","meta":{"_acf_changed":true,"footnotes":""},"class_list":["post-12621","page","type-page","status-publish","hentry"],"acf":[],"jetpack_sharing_enabled":true,"_links":{"self":[{"href":"https:\/\/dmd.eu\/es\/wp-json\/wp\/v2\/pages\/12621","targetHints":{"allow":["GET"]}}],"collection":[{"href":"https:\/\/dmd.eu\/es\/wp-json\/wp\/v2\/pages"}],"about":[{"href":"https:\/\/dmd.eu\/es\/wp-json\/wp\/v2\/types\/page"}],"author":[{"embeddable":true,"href":"https:\/\/dmd.eu\/es\/wp-json\/wp\/v2\/users\/2"}],"replies":[{"embeddable":true,"href":"https:\/\/dmd.eu\/es\/wp-json\/wp\/v2\/comments?post=12621"}],"version-history":[{"count":0,"href":"https:\/\/dmd.eu\/es\/wp-json\/wp\/v2\/pages\/12621\/revisions"}],"up":[{"embeddable":true,"href":"https:\/\/dmd.eu\/es\/wp-json\/wp\/v2\/pages\/12614"}],"wp:attachment":[{"href":"https:\/\/dmd.eu\/es\/wp-json\/wp\/v2\/media?parent=12621"}],"curies":[{"name":"wp","href":"https:\/\/api.w.org\/{rel}","templated":true}]}}