{"id":12617,"date":"2023-10-04T14:12:35","date_gmt":"2023-10-04T12:12:35","guid":{"rendered":"https:\/\/www.dmd.eu\/caschi-moto-integrali\/racer\/"},"modified":"2025-02-17T11:33:04","modified_gmt":"2025-02-17T10:33:04","slug":"racer","status":"publish","type":"page","link":"https:\/\/dmd.eu\/es\/cascos-moto-integrales\/racer\/","title":{"rendered":"RACER"},"content":{"rendered":"  <div id=\"b-categorypage-block_9f152b63a8880da5e717ba188da24765\" class=\"conteiner\">\n    <div class=\"header-category\">\n      <h1 class=\"big-text\">CASCOS INTEGRALES RACER<\/h1>\n      <div class=\"category-text--desktop\">\n        <p>Los <strong>cascos integrales Racer<\/strong> est\u00e1n fabricados en carbono Kevlar para ofrecer la m\u00e1xima comodidad y ligereza.<br \/>\nEquipados con tres botones para montar una visera m\u00f3vil, tambi\u00e9n disponen del espacio necesario para insertar la visera.<br \/>\nSi te gusta la velocidad, el casco Racer es seguro porque es un casco integral, pero tambi\u00e9n es un producto de design disponible en monocolor o con gr\u00e1ficos exclusivos.<\/p>\n      <\/div>\n      <button class=\"link-anchor more-info-button\">Leer m\u00e1s<\/button>\n    <\/div>\n    <div class=\"image-page\" style=\"background-image:url('https:\/\/dmd.eu\/wp-content\/webp-express\/webp-images\/uploads\/2025\/02\/RACER_SPA.jpg.webp');\">\n    <\/div>\n    \n    <div class=\"more-info\">\n      <div id=\"info\" class=\"conteiner\">\n        <div class=\"box medium category-text--mobile\">\n          <p>Los <strong>cascos integrales Racer<\/strong> est\u00e1n fabricados en carbono Kevlar para ofrecer la m\u00e1xima comodidad y ligereza.<br \/>\nEquipados con tres botones para montar una visera m\u00f3vil, tambi\u00e9n disponen del espacio necesario para insertar la visera.<br \/>\nSi te gusta la velocidad, el casco Racer es seguro porque es un casco integral, pero tambi\u00e9n es un producto de design disponible en monocolor o con gr\u00e1ficos exclusivos.<\/p>\n        <\/div>\n        <div class=\"box medium\">\n          <h4>POR QU\u00c9 ELEGIR UN CASCO INTEGRAL RACER?<\/h4>\n<p>Si eres un gran a cionado y te gusta conducir con seguridad, prueba un <strong>casco Racer<\/strong>. Nacido de la evoluci\u00f3n del primer modelo off-road introducido en el mercado en 1975, se trata de un casco seguro, muy protector y adecuado para los amantes de la conducci\u00f3n vertiginosa en moto.<br \/>\nTanto si tienes una Custom, Vintage, Caf\u00e9 racer, Harley Davidson, Triumph, BMW, Honda, Guzzi o Indian, la colecci\u00f3n Racer te ofrece cascos monocolor, pero tambi\u00e9n gr\u00e1 cos exclusivos, que puedes elegir seg\u00fan la moto, tu look y el estilo motero que sientas m\u00e1s tuyo.<\/p>\n        <\/div>\n        <div class=\"box medium\">\n          <h4>UN PAR DE INFORMACIONES \u00daTILES PARA TODO MOTORISTA:<\/h4>\n<ul>\n<li>Existe una visera ja y una m\u00e1scara facial para este modelo de casco. Visite la secci\u00f3n de accesorios de cascos integrales;<\/li>\n<li>Puedes probar la m\u00e1scara Ghost, que recuerda el modelo utilizado en los 1970s.<\/li>\n<\/ul>\n<p>La l\u00ednea de cascos Racer es para los amantes de la modernidad. \u00bfQu\u00e9 te parece encontrar el modelo que m\u00e1s te guste de la gama DMD?<\/p>\n        <\/div>\n      <\/div>\n    <\/div>\n\n    <div class=\"filter-row\">\n                <\/div>\n\n          <div class=\"box full-width\">\n        <h2>Ning\u00fan producto encontrado<\/h2>\n      <\/div>\n    <\/div>","protected":false},"excerpt":{"rendered":"","protected":false},"author":2,"featured_media":0,"parent":12614,"menu_order":0,"comment_status":"closed","ping_status":"closed","template":"","meta":{"_acf_changed":true,"footnotes":""},"class_list":["post-12617","page","type-page","status-publish","hentry"],"acf":[],"jetpack_sharing_enabled":true,"_links":{"self":[{"href":"https:\/\/dmd.eu\/es\/wp-json\/wp\/v2\/pages\/12617","targetHints":{"allow":["GET"]}}],"collection":[{"href":"https:\/\/dmd.eu\/es\/wp-json\/wp\/v2\/pages"}],"about":[{"href":"https:\/\/dmd.eu\/es\/wp-json\/wp\/v2\/types\/page"}],"author":[{"embeddable":true,"href":"https:\/\/dmd.eu\/es\/wp-json\/wp\/v2\/users\/2"}],"replies":[{"embeddable":true,"href":"https:\/\/dmd.eu\/es\/wp-json\/wp\/v2\/comments?post=12617"}],"version-history":[{"count":0,"href":"https:\/\/dmd.eu\/es\/wp-json\/wp\/v2\/pages\/12617\/revisions"}],"up":[{"embeddable":true,"href":"https:\/\/dmd.eu\/es\/wp-json\/wp\/v2\/pages\/12614"}],"wp:attachment":[{"href":"https:\/\/dmd.eu\/es\/wp-json\/wp\/v2\/media?parent=12617"}],"curies":[{"name":"wp","href":"https:\/\/api.w.org\/{rel}","templated":true}]}}