{"id":12615,"date":"2023-10-04T11:25:27","date_gmt":"2023-10-04T09:25:27","guid":{"rendered":"https:\/\/www.dmd.eu\/caschi-moto-integrali\/accessori-integrali\/"},"modified":"2025-12-02T11:01:10","modified_gmt":"2025-12-02T10:01:10","slug":"accesorios-integrales","status":"publish","type":"page","link":"https:\/\/dmd.eu\/es\/cascos-moto-integrales\/accesorios-integrales\/","title":{"rendered":"ACCESORIOS INTEGRALES"},"content":{"rendered":"  <div id=\"b-categorypage-block_1b10e63030a63b2ac1f351e9ea160694\" class=\"conteiner\">\n    <div class=\"header-category\">\n      <h1 class=\"big-text\">ACCESORIOS PARA CASCOS INTEGRALES<\/h1>\n      <div class=\"category-text--desktop\">\n        <p>Cada l\u00ednea de <strong>cascos<\/strong> se completa con <strong>accesorios<\/strong> espec\u00edficos dise\u00f1ados para completar tu look.<\/p>\n      <\/div>\n      <button class=\"link-anchor more-info-button\">Leer m\u00e1s<\/button>\n    <\/div>\n    <div class=\"image-page\" style=\"background-image:url('https:\/\/dmd.eu\/wp-content\/webp-express\/webp-images\/uploads\/2025\/12\/ACCESSORI-INT.jpg.webp');\">\n    <\/div>\n    \n    <div class=\"more-info\">\n      <div id=\"info\" class=\"conteiner\">\n        <div class=\"box medium category-text--mobile\">\n          <p>Cada l\u00ednea de <strong>cascos<\/strong> se completa con <strong>accesorios<\/strong> espec\u00edficos dise\u00f1ados para completar tu look.<\/p>\n        <\/div>\n        <div class=\"box medium\">\n          <h4>POR QU\u00c9 COMPRAR ACCESORIOS PARA UN CASCO INTEGRAL?<\/h4>\n<p>En primer lugar, las viseras de los cascos integrales DMD son resistentes a los ara\u00f1azos y al vaho, lo que los hace \u00fanicos y c\u00f3modos de llevar. Se pueden llevar encima de gafas de vista y de sol y proporcionan protecci\u00f3n, pero tambi\u00e9n personalidad.<br \/>\nCuando se viaja a un lugar lejano y se conduce durante muchos d\u00edas, las condiciones meteorol\u00f3gicas no siempre son excelentes. Los cascos integrales con visera son insuperables en protecci\u00f3n gracias a sus accesorios mientras conduce su moto Custom, Vintage, Caf\u00e9 racer, Harley Davidson, Triumph, BMW, Honda, Guzzi, Indian.<\/p>\n        <\/div>\n        <div class=\"box medium\">\n          <h4>UN PAR DE INFORMACIONES \u00daTILES PARA TODO MOTORISTA:<\/h4>\n<ul>\n<li>Las viseras resisten altas velocidades manteniendo su grado de protecci\u00f3n;<\/li>\n<li>El\u00edgelas para tu casco sea cual sea tu moto: son vers\u00e1tiles y siempre est\u00e1n de moda.<\/li>\n<\/ul>\n<p>\u00bfSe te hace dif\u00edcil elegir? En DMD siempre puedes recibir consejos sobre la compra de accesorios para cascos casco integral con visera.<\/p>\n        <\/div>\n      <\/div>\n    <\/div>\n\n    <div class=\"filter-row\">\n                <\/div>\n\n          \n<a href=\"https:\/\/dmd.eu\/es\/prodotto\/cascos-integrales\/accessorios-integrales\/soporte-para-cascos\/\" class=\"product-preview w-inline-block\" data-ix=\"hover-product\">\n    <img decoding=\"async\" src=\"https:\/\/dmd.eu\/wp-content\/webp-express\/webp-images\/uploads\/2025\/07\/DMD-Accessory-Porta-Casco.jpg.webp\" loading=\"lazy\" alt=\"dmd.eu - SOPORTE PARA CASCOS\" class=\"product-image\">\n  <div class=\"title-product-content\">\n    <h3 class=\"extra-small-title\">SOPORTE PARA CASCOS<\/h3>\n    <div>\n      <span class=\"woocommerce-Price-amount amount\"><bdi>25,00<span class=\"woocommerce-Price-currencySymbol\">&euro;<\/span><\/bdi><\/span><span>\n    <\/div>\n  <\/div>\n    <\/a>\n<a href=\"https:\/\/dmd.eu\/es\/prodotto\/cascos-integrales\/accessorios-integrales\/rivale-visor\/\" class=\"product-preview w-inline-block\" data-ix=\"hover-product\">\n    <img decoding=\"async\" src=\"https:\/\/dmd.eu\/wp-content\/webp-express\/webp-images\/uploads\/2023\/09\/DMD-Rivale-Visor-singolo-trasp.jpg.webp\" loading=\"lazy\" alt=\"dmd.eu - RIVALE VISOR ECE 22.05\" class=\"product-image\">\n  <div class=\"title-product-content\">\n    <h3 class=\"extra-small-title\">RIVALE VISOR ECE 22.05<\/h3>\n    <div>\n      <span class=\"woocommerce-Price-amount amount\" aria-hidden=\"true\"><bdi>66,00<span class=\"woocommerce-Price-currencySymbol\">&euro;<\/span><\/bdi><\/span> <span aria-hidden=\"true\">&#8211;<\/span> <span class=\"woocommerce-Price-amount amount\" aria-hidden=\"true\"><bdi>76,00<span class=\"woocommerce-Price-currencySymbol\">&euro;<\/span><\/bdi><\/span><span class=\"screen-reader-text\">Rango de precios: desde 66,00&euro; hasta 76,00&euro;<\/span><span>\n    <\/div>\n  <\/div>\n    <\/a>\n<a href=\"https:\/\/dmd.eu\/es\/prodotto\/cascos-integrales\/accessorios-integrales\/rivale-pinlock\/\" class=\"product-preview w-inline-block\" data-ix=\"hover-product\">\n    <img decoding=\"async\" src=\"https:\/\/dmd.eu\/wp-content\/webp-express\/webp-images\/uploads\/2024\/05\/DMD-Accessory-Pinlock-2.jpg.webp\" loading=\"lazy\" alt=\"dmd.eu - RIVALE PINLOCK\" class=\"product-image\">\n  <div class=\"title-product-content\">\n    <h3 class=\"extra-small-title\">RIVALE PINLOCK<\/h3>\n    <div>\n      <span class=\"woocommerce-Price-amount amount\"><bdi>43,00<span class=\"woocommerce-Price-currencySymbol\">&euro;<\/span><\/bdi><\/span><span>\n    <\/div>\n  <\/div>\n    <\/a>\n<a href=\"https:\/\/dmd.eu\/es\/prodotto\/cascos-integrales\/accessorios-integrales\/rivale-visor-ece-22-06\/\" class=\"product-preview w-inline-block\" data-ix=\"hover-product\">\n    <img decoding=\"async\" src=\"https:\/\/dmd.eu\/wp-content\/webp-express\/webp-images\/uploads\/2024\/11\/DMD-Rivale-Visor-06-singolo-trasp-1.jpg.webp\" loading=\"lazy\" alt=\"dmd.eu - RIVALE VISOR ECE 22.06\" class=\"product-image\">\n  <div class=\"title-product-content\">\n    <h3 class=\"extra-small-title\">RIVALE VISOR ECE 22.06<\/h3>\n    <div>\n      <span class=\"woocommerce-Price-amount amount\" aria-hidden=\"true\"><bdi>66,00<span class=\"woocommerce-Price-currencySymbol\">&euro;<\/span><\/bdi><\/span> <span aria-hidden=\"true\">&#8211;<\/span> <span class=\"woocommerce-Price-amount amount\" aria-hidden=\"true\"><bdi>76,00<span class=\"woocommerce-Price-currencySymbol\">&euro;<\/span><\/bdi><\/span><span class=\"screen-reader-text\">Rango de precios: desde 66,00&euro; hasta 76,00&euro;<\/span><span>\n    <\/div>\n  <\/div>\n    <\/a>\n<a href=\"https:\/\/dmd.eu\/es\/prodotto\/cascos-integrales\/accessorios-integrales\/seventyfive-goggle\/\" class=\"product-preview w-inline-block\" data-ix=\"hover-product\">\n    <img decoding=\"async\" src=\"https:\/\/dmd.eu\/wp-content\/webp-express\/webp-images\/uploads\/2023\/09\/DMD-Accessory-Seventyfive-Goggle-fume.jpg.webp\" loading=\"lazy\" alt=\"dmd.eu - SEVENTYFIVE GOGGLE\" class=\"product-image\">\n  <div class=\"title-product-content\">\n    <h3 class=\"extra-small-title\">SEVENTYFIVE GOGGLE<\/h3>\n    <div>\n      <span class=\"woocommerce-Price-amount amount\" aria-hidden=\"true\"><bdi>54,00<span class=\"woocommerce-Price-currencySymbol\">&euro;<\/span><\/bdi><\/span> <span aria-hidden=\"true\">&#8211;<\/span> <span class=\"woocommerce-Price-amount amount\" aria-hidden=\"true\"><bdi>59,00<span class=\"woocommerce-Price-currencySymbol\">&euro;<\/span><\/bdi><\/span><span class=\"screen-reader-text\">Rango de precios: desde 54,00&euro; hasta 59,00&euro;<\/span><span>\n    <\/div>\n  <\/div>\n    <\/a>\n<a href=\"https:\/\/dmd.eu\/es\/prodotto\/cascos-integrales\/accessorios-integrales\/seventyseven-goggle\/\" class=\"product-preview w-inline-block\" data-ix=\"hover-product\">\n    <img decoding=\"async\" src=\"https:\/\/dmd.eu\/wp-content\/webp-express\/webp-images\/uploads\/2025\/01\/DMD-Accessory-Seventyseven-Goggle-fume\u0301.jpg.webp\" loading=\"lazy\" alt=\"dmd.eu - SEVENTYSEVEN GOGGLE\" class=\"product-image\">\n  <div class=\"title-product-content\">\n    <h3 class=\"extra-small-title\">SEVENTYSEVEN GOGGLE<\/h3>\n    <div>\n      <span class=\"woocommerce-Price-amount amount\" aria-hidden=\"true\"><bdi>54,00<span class=\"woocommerce-Price-currencySymbol\">&euro;<\/span><\/bdi><\/span> <span aria-hidden=\"true\">&#8211;<\/span> <span class=\"woocommerce-Price-amount amount\" aria-hidden=\"true\"><bdi>59,00<span class=\"woocommerce-Price-currencySymbol\">&euro;<\/span><\/bdi><\/span><span class=\"screen-reader-text\">Rango de precios: desde 54,00&euro; hasta 59,00&euro;<\/span><span>\n    <\/div>\n  <\/div>\n    <\/a>\n<a href=\"https:\/\/dmd.eu\/es\/prodotto\/cascos-integrales\/accessorios-integrales\/seventyfive-cover-visor\/\" class=\"product-preview w-inline-block\" data-ix=\"hover-product\">\n    <img decoding=\"async\" src=\"https:\/\/dmd.eu\/wp-content\/webp-express\/webp-images\/uploads\/2023\/09\/DMD-Accessory-Seventyfive-Cover-visor-clear-sngolo.jpg.webp\" loading=\"lazy\" alt=\"dmd.eu - SEVENTYFIVE COVER VISOR\" class=\"product-image\">\n  <div class=\"title-product-content\">\n    <h3 class=\"extra-small-title\">SEVENTYFIVE COVER VISOR<\/h3>\n    <div>\n      <span class=\"woocommerce-Price-amount amount\" aria-hidden=\"true\"><bdi>42,00<span class=\"woocommerce-Price-currencySymbol\">&euro;<\/span><\/bdi><\/span> <span aria-hidden=\"true\">&#8211;<\/span> <span class=\"woocommerce-Price-amount amount\" aria-hidden=\"true\"><bdi>47,00<span class=\"woocommerce-Price-currencySymbol\">&euro;<\/span><\/bdi><\/span><span class=\"screen-reader-text\">Rango de precios: desde 42,00&euro; hasta 47,00&euro;<\/span><span>\n    <\/div>\n  <\/div>\n    <\/a>\n<a href=\"https:\/\/dmd.eu\/es\/prodotto\/cascos-integrales\/accessorios-integrales\/rocket-cover-visor-cierre-magnetico\/\" class=\"product-preview w-inline-block\" data-ix=\"hover-product\">\n    <img decoding=\"async\" src=\"https:\/\/dmd.eu\/wp-content\/webp-express\/webp-images\/uploads\/2023\/09\/DMD-Accessory-Rocket-Cover-visor-CHIUSURA-MAGNETICA-fume.jpg.webp\" loading=\"lazy\" alt=\"dmd.eu - ROCKET COVER VISOR (CIERRE MAGN\u00c9TICO)\" class=\"product-image\">\n  <div class=\"title-product-content\">\n    <h3 class=\"extra-small-title\">ROCKET COVER VISOR (CIERRE MAGN\u00c9TICO)<\/h3>\n    <div>\n      <span class=\"woocommerce-Price-amount amount\"><bdi>34,00<span class=\"woocommerce-Price-currencySymbol\">&euro;<\/span><\/bdi><\/span><span>\n    <\/div>\n  <\/div>\n    <\/a>\n<a href=\"https:\/\/dmd.eu\/es\/prodotto\/cascos-integrales\/accessorios-integrales\/racer-goggle\/\" class=\"product-preview w-inline-block\" data-ix=\"hover-product\">\n    <img decoding=\"async\" src=\"https:\/\/dmd.eu\/wp-content\/webp-express\/webp-images\/uploads\/2023\/09\/DMD-Accessory-Racer-Goggle-clear-singolo.jpg.webp\" loading=\"lazy\" alt=\"dmd.eu - RACER GOGGLE\" class=\"product-image\">\n  <div class=\"title-product-content\">\n    <h3 class=\"extra-small-title\">RACER GOGGLE<\/h3>\n    <div>\n      <span class=\"woocommerce-Price-amount amount\" aria-hidden=\"true\"><bdi>54,00<span class=\"woocommerce-Price-currencySymbol\">&euro;<\/span><\/bdi><\/span> <span aria-hidden=\"true\">&#8211;<\/span> <span class=\"woocommerce-Price-amount amount\" aria-hidden=\"true\"><bdi>59,00<span class=\"woocommerce-Price-currencySymbol\">&euro;<\/span><\/bdi><\/span><span class=\"screen-reader-text\">Rango de precios: desde 54,00&euro; hasta 59,00&euro;<\/span><span>\n    <\/div>\n  <\/div>\n    <\/a>\n<a href=\"https:\/\/dmd.eu\/es\/prodotto\/cascos-integrales\/accessorios-integrales\/racer-cover-visor\/\" class=\"product-preview w-inline-block\" data-ix=\"hover-product\">\n    <img decoding=\"async\" src=\"https:\/\/dmd.eu\/wp-content\/webp-express\/webp-images\/uploads\/2023\/09\/DMD-Accessory-Racer-Cover-visor-clear-singolo.jpg.webp\" loading=\"lazy\" alt=\"dmd.eu - RACER COVER VISOR\" class=\"product-image\">\n  <div class=\"title-product-content\">\n    <h3 class=\"extra-small-title\">RACER COVER VISOR<\/h3>\n    <div>\n      <span class=\"woocommerce-Price-amount amount\" aria-hidden=\"true\"><bdi>40,00<span class=\"woocommerce-Price-currencySymbol\">&euro;<\/span><\/bdi><\/span> <span aria-hidden=\"true\">&#8211;<\/span> <span class=\"woocommerce-Price-amount amount\" aria-hidden=\"true\"><bdi>51,00<span class=\"woocommerce-Price-currencySymbol\">&euro;<\/span><\/bdi><\/span><span class=\"screen-reader-text\">Rango de precios: desde 40,00&euro; hasta 51,00&euro;<\/span><span>\n    <\/div>\n  <\/div>\n    <\/a>\n<a href=\"https:\/\/dmd.eu\/es\/prodotto\/cascos-integrales\/accessorios-integrales\/ghost-green-2\/\" class=\"product-preview w-inline-block\" data-ix=\"hover-product\">\n    <img decoding=\"async\" src=\"https:\/\/dmd.eu\/wp-content\/webp-express\/webp-images\/uploads\/2024\/03\/DMD-Accessory-Ghost-GREEN-CLEAR-solo.jpg.webp\" loading=\"lazy\" alt=\"dmd.eu - GHOST GREEN\" class=\"product-image\">\n  <div class=\"title-product-content\">\n    <h3 class=\"extra-small-title\">GHOST GREEN<\/h3>\n    <div>\n      <span class=\"woocommerce-Price-amount amount\" aria-hidden=\"true\"><bdi>79,00<span class=\"woocommerce-Price-currencySymbol\">&euro;<\/span><\/bdi><\/span> <span aria-hidden=\"true\">&#8211;<\/span> <span class=\"woocommerce-Price-amount amount\" aria-hidden=\"true\"><bdi>85,00<span class=\"woocommerce-Price-currencySymbol\">&euro;<\/span><\/bdi><\/span><span class=\"screen-reader-text\">Rango de precios: desde 79,00&euro; hasta 85,00&euro;<\/span><span>\n    <\/div>\n  <\/div>\n    <\/a>\n<a href=\"https:\/\/dmd.eu\/es\/prodotto\/cascos-integrales\/accessorios-integrales\/lente-de-reemplazo-ghost\/\" class=\"product-preview w-inline-block\" data-ix=\"hover-product\">\n    <img decoding=\"async\" src=\"https:\/\/dmd.eu\/wp-content\/webp-express\/webp-images\/uploads\/2023\/09\/DMD-accessory-ghost-yellow-lens-1.jpg.webp\" loading=\"lazy\" alt=\"dmd.eu - LENTE DE RECAMBIO GHOST\" class=\"product-image\">\n  <div class=\"title-product-content\">\n    <h3 class=\"extra-small-title\">LENTE DE RECAMBIO GHOST<\/h3>\n    <div>\n      <span class=\"woocommerce-Price-amount amount\" aria-hidden=\"true\"><bdi>18,00<span class=\"woocommerce-Price-currencySymbol\">&euro;<\/span><\/bdi><\/span> <span aria-hidden=\"true\">&#8211;<\/span> <span class=\"woocommerce-Price-amount amount\" aria-hidden=\"true\"><bdi>31,00<span class=\"woocommerce-Price-currencySymbol\">&euro;<\/span><\/bdi><\/span><span class=\"screen-reader-text\">Rango de precios: desde 18,00&euro; hasta 31,00&euro;<\/span><span>\n    <\/div>\n  <\/div>\n    <\/a>\n<a href=\"https:\/\/dmd.eu\/es\/prodotto\/cascos-integrales\/accessorios-integrales\/ghost\/\" class=\"product-preview w-inline-block\" data-ix=\"hover-product\">\n    <img decoding=\"async\" src=\"https:\/\/dmd.eu\/wp-content\/webp-express\/webp-images\/uploads\/2023\/09\/DMD-Accessory-Ghost-clear-solo.jpg.webp\" loading=\"lazy\" alt=\"dmd.eu - GHOST\" class=\"product-image\">\n  <div class=\"title-product-content\">\n    <h3 class=\"extra-small-title\">GHOST<\/h3>\n    <div>\n      <span class=\"woocommerce-Price-amount amount\" aria-hidden=\"true\"><bdi>79,00<span class=\"woocommerce-Price-currencySymbol\">&euro;<\/span><\/bdi><\/span> <span aria-hidden=\"true\">&#8211;<\/span> <span class=\"woocommerce-Price-amount amount\" aria-hidden=\"true\"><bdi>85,00<span class=\"woocommerce-Price-currencySymbol\">&euro;<\/span><\/bdi><\/span><span class=\"screen-reader-text\">Rango de precios: desde 79,00&euro; hasta 85,00&euro;<\/span><span>\n    <\/div>\n  <\/div>\n    <\/a>\n<a href=\"https:\/\/dmd.eu\/es\/prodotto\/cascos-integrales\/accessorios-integrales\/ghost-white\/\" class=\"product-preview w-inline-block\" data-ix=\"hover-product\">\n    <img decoding=\"async\" src=\"https:\/\/dmd.eu\/wp-content\/webp-express\/webp-images\/uploads\/2023\/08\/DMD-Accessory-Ghost-white-clear-solo-1.jpg.webp\" loading=\"lazy\" alt=\"dmd.eu - GHOST WHITE\" class=\"product-image\">\n  <div class=\"title-product-content\">\n    <h3 class=\"extra-small-title\">GHOST WHITE<\/h3>\n    <div>\n      <span class=\"woocommerce-Price-amount amount\" aria-hidden=\"true\"><bdi>79,00<span class=\"woocommerce-Price-currencySymbol\">&euro;<\/span><\/bdi><\/span> <span aria-hidden=\"true\">&#8211;<\/span> <span class=\"woocommerce-Price-amount amount\" aria-hidden=\"true\"><bdi>85,00<span class=\"woocommerce-Price-currencySymbol\">&euro;<\/span><\/bdi><\/span><span class=\"screen-reader-text\">Rango de precios: desde 79,00&euro; hasta 85,00&euro;<\/span><span>\n    <\/div>\n  <\/div>\n    <\/a>\n<a href=\"https:\/\/dmd.eu\/es\/prodotto\/cascos-integrales\/accessorios-integrales\/goggle-retainer\/\" class=\"product-preview w-inline-block\" data-ix=\"hover-product\">\n    <img decoding=\"async\" src=\"https:\/\/dmd.eu\/wp-content\/webp-express\/webp-images\/uploads\/2023\/08\/DMD-Goggle-retainer.jpg.webp\" loading=\"lazy\" alt=\"dmd.eu - GOGGLE RETAINER\" class=\"product-image\">\n  <div class=\"title-product-content\">\n    <h3 class=\"extra-small-title\">GOGGLE RETAINER<\/h3>\n    <div>\n      <span class=\"woocommerce-Price-amount amount\"><bdi>12,00<span class=\"woocommerce-Price-currencySymbol\">&euro;<\/span><\/bdi><\/span><span>\n    <\/div>\n  <\/div>\n    <\/a>\n<a href=\"https:\/\/dmd.eu\/es\/prodotto\/cascos-integrales\/accessorios-integrales\/inner-lining-seventyfive\/\" class=\"product-preview w-inline-block\" data-ix=\"hover-product\">\n    <img decoding=\"async\" src=\"https:\/\/dmd.eu\/wp-content\/webp-express\/webp-images\/uploads\/2023\/09\/DMD-Accessory-inner-lining-Seventyfive.jpg.webp\" loading=\"lazy\" alt=\"dmd.eu - INNER LINING SEVENTYFIVE\" class=\"product-image\">\n  <div class=\"title-product-content\">\n    <h3 class=\"extra-small-title\">INNER LINING SEVENTYFIVE<\/h3>\n    <div>\n      <span class=\"woocommerce-Price-amount amount\"><bdi>72,00<span class=\"woocommerce-Price-currencySymbol\">&euro;<\/span><\/bdi><\/span><span>\n    <\/div>\n  <\/div>\n    <\/a>\n<a href=\"https:\/\/dmd.eu\/es\/prodotto\/cascos-integrales\/accessorios-integrales\/inner-lining-rivale\/\" class=\"product-preview w-inline-block\" data-ix=\"hover-product\">\n    <img decoding=\"async\" src=\"https:\/\/dmd.eu\/wp-content\/webp-express\/webp-images\/uploads\/2024\/05\/DMD-Accessory-inner-lining-Rivale-1.jpg.webp\" loading=\"lazy\" alt=\"dmd.eu - INNER LINING RIVALE ECE 22.06\" class=\"product-image\">\n  <div class=\"title-product-content\">\n    <h3 class=\"extra-small-title\">INNER LINING RIVALE ECE 22.06<\/h3>\n    <div>\n      <span class=\"woocommerce-Price-amount amount\"><bdi>72,00<span class=\"woocommerce-Price-currencySymbol\">&euro;<\/span><\/bdi><\/span><span>\n    <\/div>\n  <\/div>\n    <\/a>\n<a href=\"https:\/\/dmd.eu\/es\/prodotto\/cascos-integrales\/accessorios-integrales\/inner-lining-seventyseven\/\" class=\"product-preview w-inline-block\" data-ix=\"hover-product\">\n    <img decoding=\"async\" src=\"https:\/\/dmd.eu\/wp-content\/webp-express\/webp-images\/uploads\/2025\/07\/DMD-Accessory-inner-lining-Seventyseven.jpg.webp\" loading=\"lazy\" alt=\"dmd.eu - INNER LINING SEVENTYSEVEN\" class=\"product-image\">\n  <div class=\"title-product-content\">\n    <h3 class=\"extra-small-title\">INNER LINING SEVENTYSEVEN<\/h3>\n    <div>\n      <span class=\"woocommerce-Price-amount amount\"><bdi>72,00<span class=\"woocommerce-Price-currencySymbol\">&euro;<\/span><\/bdi><\/span><span>\n    <\/div>\n  <\/div>\n    <\/a>\n<a href=\"https:\/\/dmd.eu\/es\/prodotto\/cascos-integrales\/accessorios-integrales\/inner-lining-rivale-ece-22-05\/\" class=\"product-preview w-inline-block\" data-ix=\"hover-product\">\n    <img decoding=\"async\" src=\"https:\/\/dmd.eu\/wp-content\/webp-express\/webp-images\/uploads\/2024\/05\/DMD-Accessory-inner-lining-Rivale.jpg.webp\" loading=\"lazy\" alt=\"dmd.eu - INNER LINING RIVALE ECE 22.05\" class=\"product-image\">\n  <div class=\"title-product-content\">\n    <h3 class=\"extra-small-title\">INNER LINING RIVALE ECE 22.05<\/h3>\n    <div>\n      <span class=\"woocommerce-Price-amount amount\"><bdi>72,00<span class=\"woocommerce-Price-currencySymbol\">&euro;<\/span><\/bdi><\/span><span>\n    <\/div>\n  <\/div>\n    <\/a>\n<a href=\"https:\/\/dmd.eu\/es\/prodotto\/cascos-integrales\/accessorios-integrales\/inner-lining-rocket\/\" class=\"product-preview w-inline-block\" data-ix=\"hover-product\">\n    <img decoding=\"async\" src=\"https:\/\/dmd.eu\/wp-content\/webp-express\/webp-images\/uploads\/2023\/09\/DMD-Accessory-inner-lining-Rocket.jpg.webp\" loading=\"lazy\" alt=\"dmd.eu - INNER LINING ROCKET\" class=\"product-image\">\n  <div class=\"title-product-content\">\n    <h3 class=\"extra-small-title\">INNER LINING ROCKET<\/h3>\n    <div>\n      <span class=\"woocommerce-Price-amount amount\"><bdi>72,00<span class=\"woocommerce-Price-currencySymbol\">&euro;<\/span><\/bdi><\/span><span>\n    <\/div>\n  <\/div>\n    <\/a>\n<a href=\"https:\/\/dmd.eu\/es\/prodotto\/cascos-integrales\/accessorios-integrales\/inner-lining-racer\/\" class=\"product-preview w-inline-block\" data-ix=\"hover-product\">\n    <img decoding=\"async\" src=\"https:\/\/dmd.eu\/wp-content\/webp-express\/webp-images\/uploads\/2023\/09\/DMD-Accessory-inner-lining-Racer.jpg.webp\" loading=\"lazy\" alt=\"dmd.eu - INNER LINING RACER\" class=\"product-image\">\n  <div class=\"title-product-content\">\n    <h3 class=\"extra-small-title\">INNER LINING RACER<\/h3>\n    <div>\n      <span class=\"woocommerce-Price-amount amount\"><bdi>72,00<span class=\"woocommerce-Price-currencySymbol\">&euro;<\/span><\/bdi><\/span><span>\n    <\/div>\n  <\/div>\n    <\/a>  <\/div>","protected":false},"excerpt":{"rendered":"","protected":false},"author":2,"featured_media":0,"parent":12614,"menu_order":0,"comment_status":"closed","ping_status":"closed","template":"","meta":{"_acf_changed":true,"footnotes":""},"class_list":["post-12615","page","type-page","status-publish","hentry"],"acf":[],"jetpack_sharing_enabled":true,"_links":{"self":[{"href":"https:\/\/dmd.eu\/es\/wp-json\/wp\/v2\/pages\/12615","targetHints":{"allow":["GET"]}}],"collection":[{"href":"https:\/\/dmd.eu\/es\/wp-json\/wp\/v2\/pages"}],"about":[{"href":"https:\/\/dmd.eu\/es\/wp-json\/wp\/v2\/types\/page"}],"author":[{"embeddable":true,"href":"https:\/\/dmd.eu\/es\/wp-json\/wp\/v2\/users\/2"}],"replies":[{"embeddable":true,"href":"https:\/\/dmd.eu\/es\/wp-json\/wp\/v2\/comments?post=12615"}],"version-history":[{"count":0,"href":"https:\/\/dmd.eu\/es\/wp-json\/wp\/v2\/pages\/12615\/revisions"}],"up":[{"embeddable":true,"href":"https:\/\/dmd.eu\/es\/wp-json\/wp\/v2\/pages\/12614"}],"wp:attachment":[{"href":"https:\/\/dmd.eu\/es\/wp-json\/wp\/v2\/media?parent=12615"}],"curies":[{"name":"wp","href":"https:\/\/api.w.org\/{rel}","templated":true}]}}