{"id":12610,"date":"2023-10-04T11:11:24","date_gmt":"2023-10-04T09:11:24","guid":{"rendered":"https:\/\/www.dmd.eu\/abbigliamento-moto\/scaldacollo\/"},"modified":"2025-12-02T11:02:45","modified_gmt":"2025-12-02T10:02:45","slug":"calentadores-de-cuello","status":"publish","type":"page","link":"https:\/\/dmd.eu\/es\/ropa-de-moto\/calentadores-de-cuello\/","title":{"rendered":"CALENTADORES DE CUELLO"},"content":{"rendered":"  <div id=\"b-categorypage-block_2812d6158fc41739c88e47e55cff88eb\" class=\"conteiner\">\n    <div class=\"header-category\">\n      <h1 class=\"big-text\">CALENTADORES DE CUELLO PARA MOTO<\/h1>\n      <div class=\"category-text--desktop\">\n        <p>Completa tu look al perfecto estilo Caf\u00e9 Racer con los <strong>calentadores de cuello<\/strong> <strong>DMD<\/strong>. El accesorio ideal para proteger tu cara y cuello del viento y el fr\u00edo durante tus viajes en moto. Todos los modelos son reversibles, para que puedas marcar tu estilo cada d\u00eda, eligiendo entre varios dise\u00f1os pensados tanto para hombre como para mujer.<\/p>\n<p>\ud83c\uddee\ud83c\uddf9 Hecho en Italia, con pasi\u00f3n.<\/p>\n      <\/div>\n      <button class=\"link-anchor more-info-button\">Leer m\u00e1s<\/button>\n    <\/div>\n    <div class=\"image-page\" style=\"background-image:url('https:\/\/dmd.eu\/wp-content\/webp-express\/webp-images\/uploads\/2025\/12\/SCALDACOLLI.jpg.webp');\">\n    <\/div>\n    \n    <div class=\"more-info\">\n      <div id=\"info\" class=\"conteiner\">\n        <div class=\"box medium category-text--mobile\">\n          <p>Completa tu look al perfecto estilo Caf\u00e9 Racer con los <strong>calentadores de cuello<\/strong> <strong>DMD<\/strong>. El accesorio ideal para proteger tu cara y cuello del viento y el fr\u00edo durante tus viajes en moto. Todos los modelos son reversibles, para que puedas marcar tu estilo cada d\u00eda, eligiendo entre varios dise\u00f1os pensados tanto para hombre como para mujer.<\/p>\n<p>\ud83c\uddee\ud83c\uddf9 Hecho en Italia, con pasi\u00f3n.<\/p>\n        <\/div>\n        <div class=\"box medium\">\n          <h4>\u00bfPOR QU\u00c9 ELEGIR LOS CUBRECUELLOS PARA MOTO?<\/h4>\n<p>Los <strong>calentadores de cuello<\/strong> para moto est\u00e1n fabricados \u00edntegramente en algod\u00f3n (89%) y elastano (11%), son reversibles y tienen un di\u00e1metro de 48 cm. Son un producto indispensable para la pr\u00e1ctica del motociclismo durante todo el a\u00f1o.<\/p>\n        <\/div>\n        <div class=\"box medium\">\n          <h4>UN PAR DE INFORMAZIONES \u00daTILES PARA TODO MOTORISTA:<\/h4>\n<ul>\n<li>Se pueden lavar a m\u00e1quina a 30 grados;<\/li>\n<li>Son totalmente Made in Italy.<\/li>\n<\/ul>\n<p>Con el calentador de cuello para moto DMD, disponible en ocho modelos diferentes, completas tu outfit y te proteges mientras conduces tu moto.<\/p>\n        <\/div>\n      <\/div>\n    <\/div>\n\n    <div class=\"filter-row\">\n                <\/div>\n\n          \n<a href=\"https:\/\/dmd.eu\/es\/prodotto\/ropa-de-moto\/calentador-de-cuello\/gorilla-3\/\" class=\"product-preview w-inline-block\" data-ix=\"hover-product\">\n    <img decoding=\"async\" src=\"https:\/\/dmd.eu\/wp-content\/webp-express\/webp-images\/uploads\/2024\/03\/DMD-Neck-Gaiter-Gorilla.jpg.webp\" loading=\"lazy\" alt=\"dmd.eu - GORILLA\" class=\"product-image\">\n  <div class=\"title-product-content\">\n    <h3 class=\"extra-small-title\">GORILLA<\/h3>\n    <div>\n      <span class=\"woocommerce-Price-amount amount\"><bdi>29,90<span class=\"woocommerce-Price-currencySymbol\">&euro;<\/span><\/bdi><\/span><span>\n    <\/div>\n  <\/div>\n    <\/a>\n<a href=\"https:\/\/dmd.eu\/es\/prodotto\/ropa-de-moto\/calentador-de-cuello\/engine\/\" class=\"product-preview w-inline-block\" data-ix=\"hover-product\">\n    <img decoding=\"async\" src=\"https:\/\/dmd.eu\/wp-content\/webp-express\/webp-images\/uploads\/2023\/09\/DMD-Bandana-Engine.jpg.webp\" loading=\"lazy\" alt=\"dmd.eu - ENGINE\" class=\"product-image\">\n  <div class=\"title-product-content\">\n    <h3 class=\"extra-small-title\">ENGINE<\/h3>\n    <div>\n      <span class=\"woocommerce-Price-amount amount\"><bdi>29,90<span class=\"woocommerce-Price-currencySymbol\">&euro;<\/span><\/bdi><\/span><span>\n    <\/div>\n  <\/div>\n    <\/a>\n<a href=\"https:\/\/dmd.eu\/es\/prodotto\/ropa-de-moto\/calentador-de-cuello\/the-lovers-3\/\" class=\"product-preview w-inline-block\" data-ix=\"hover-product\">\n    <img decoding=\"async\" src=\"https:\/\/dmd.eu\/wp-content\/webp-express\/webp-images\/uploads\/2023\/09\/DMD-Bandana-The-Lovers.jpg.webp\" loading=\"lazy\" alt=\"dmd.eu - THE LOVERS\" class=\"product-image\">\n  <div class=\"title-product-content\">\n    <h3 class=\"extra-small-title\">THE LOVERS<\/h3>\n    <div>\n      <span class=\"woocommerce-Price-amount amount\"><bdi>29,90<span class=\"woocommerce-Price-currencySymbol\">&euro;<\/span><\/bdi><\/span><span>\n    <\/div>\n  <\/div>\n    <\/a>\n<a href=\"https:\/\/dmd.eu\/es\/prodotto\/ropa-de-moto\/calentador-de-cuello\/buccaneer\/\" class=\"product-preview w-inline-block\" data-ix=\"hover-product\">\n    <img decoding=\"async\" src=\"https:\/\/dmd.eu\/wp-content\/webp-express\/webp-images\/uploads\/2023\/08\/DMD-Neck-Gaiter-Buccaneer.jpg.webp\" loading=\"lazy\" alt=\"dmd.eu - BUCCANEER\" class=\"product-image\">\n  <div class=\"title-product-content\">\n    <h3 class=\"extra-small-title\">BUCCANEER<\/h3>\n    <div>\n      <span class=\"woocommerce-Price-amount amount\"><bdi>29,90<span class=\"woocommerce-Price-currencySymbol\">&euro;<\/span><\/bdi><\/span><span>\n    <\/div>\n  <\/div>\n    <\/a>\n<a href=\"https:\/\/dmd.eu\/es\/prodotto\/ropa-de-moto\/calentador-de-cuello\/bandana\/\" class=\"product-preview w-inline-block\" data-ix=\"hover-product\">\n    <img decoding=\"async\" src=\"https:\/\/dmd.eu\/wp-content\/webp-express\/webp-images\/uploads\/2023\/08\/DMD-Neck-Gaiter-Bandana.jpg.webp\" loading=\"lazy\" alt=\"dmd.eu - BANDANA\" class=\"product-image\">\n  <div class=\"title-product-content\">\n    <h3 class=\"extra-small-title\">BANDANA<\/h3>\n    <div>\n      <span class=\"woocommerce-Price-amount amount\"><bdi>29,90<span class=\"woocommerce-Price-currencySymbol\">&euro;<\/span><\/bdi><\/span><span>\n    <\/div>\n  <\/div>\n    <\/a>\n<a href=\"https:\/\/dmd.eu\/es\/prodotto\/ropa-de-moto\/calentador-de-cuello\/striped\/\" class=\"product-preview w-inline-block\" data-ix=\"hover-product\">\n    <img decoding=\"async\" src=\"https:\/\/dmd.eu\/wp-content\/webp-express\/webp-images\/uploads\/2023\/08\/DMD-Neck-Gaiter-Striped.jpg.webp\" loading=\"lazy\" alt=\"dmd.eu - STRIPED\" class=\"product-image\">\n  <div class=\"title-product-content\">\n    <h3 class=\"extra-small-title\">STRIPED<\/h3>\n    <div>\n      <span class=\"woocommerce-Price-amount amount\"><bdi>29,90<span class=\"woocommerce-Price-currencySymbol\">&euro;<\/span><\/bdi><\/span><span>\n    <\/div>\n  <\/div>\n    <\/a>\n<a href=\"https:\/\/dmd.eu\/es\/prodotto\/ropa-de-moto\/calentador-de-cuello\/tartan\/\" class=\"product-preview w-inline-block\" data-ix=\"hover-product\">\n    <img decoding=\"async\" src=\"https:\/\/dmd.eu\/wp-content\/webp-express\/webp-images\/uploads\/2023\/08\/DMD-Neck-Gaiter-Tartan.jpg.webp\" loading=\"lazy\" alt=\"dmd.eu - TARTAN\" class=\"product-image\">\n  <div class=\"title-product-content\">\n    <h3 class=\"extra-small-title\">TARTAN<\/h3>\n    <div>\n      <span class=\"woocommerce-Price-amount amount\"><bdi>29,90<span class=\"woocommerce-Price-currencySymbol\">&euro;<\/span><\/bdi><\/span><span>\n    <\/div>\n  <\/div>\n    <\/a>\n<a href=\"https:\/\/dmd.eu\/es\/prodotto\/ropa-de-moto\/calentador-de-cuello\/smoke\/\" class=\"product-preview w-inline-block\" data-ix=\"hover-product\">\n    <img decoding=\"async\" src=\"https:\/\/dmd.eu\/wp-content\/webp-express\/webp-images\/uploads\/2023\/08\/DMD-Neck-Gaiter-Smoke.jpg.webp\" loading=\"lazy\" alt=\"dmd.eu - SMOKE\" class=\"product-image\">\n  <div class=\"title-product-content\">\n    <h3 class=\"extra-small-title\">SMOKE<\/h3>\n    <div>\n      <span class=\"woocommerce-Price-amount amount\"><bdi>29,90<span class=\"woocommerce-Price-currencySymbol\">&euro;<\/span><\/bdi><\/span><span>\n    <\/div>\n  <\/div>\n    <\/a>\n<a href=\"https:\/\/dmd.eu\/es\/prodotto\/ropa-de-moto\/calentador-de-cuello\/royal\/\" class=\"product-preview w-inline-block\" data-ix=\"hover-product\">\n    <img decoding=\"async\" src=\"https:\/\/dmd.eu\/wp-content\/webp-express\/webp-images\/uploads\/2023\/08\/DMD-Neck-Gaiter-Royal.jpg.webp\" loading=\"lazy\" alt=\"dmd.eu - ROYAL\" class=\"product-image\">\n  <div class=\"title-product-content\">\n    <h3 class=\"extra-small-title\">ROYAL<\/h3>\n    <div>\n      <span class=\"woocommerce-Price-amount amount\"><bdi>29,90<span class=\"woocommerce-Price-currencySymbol\">&euro;<\/span><\/bdi><\/span><span>\n    <\/div>\n  <\/div>\n    <\/a>  <\/div>","protected":false},"excerpt":{"rendered":"","protected":false},"author":2,"featured_media":0,"parent":12542,"menu_order":0,"comment_status":"closed","ping_status":"closed","template":"","meta":{"_acf_changed":true,"footnotes":""},"class_list":["post-12610","page","type-page","status-publish","hentry"],"acf":[],"jetpack_sharing_enabled":true,"_links":{"self":[{"href":"https:\/\/dmd.eu\/es\/wp-json\/wp\/v2\/pages\/12610","targetHints":{"allow":["GET"]}}],"collection":[{"href":"https:\/\/dmd.eu\/es\/wp-json\/wp\/v2\/pages"}],"about":[{"href":"https:\/\/dmd.eu\/es\/wp-json\/wp\/v2\/types\/page"}],"author":[{"embeddable":true,"href":"https:\/\/dmd.eu\/es\/wp-json\/wp\/v2\/users\/2"}],"replies":[{"embeddable":true,"href":"https:\/\/dmd.eu\/es\/wp-json\/wp\/v2\/comments?post=12610"}],"version-history":[{"count":0,"href":"https:\/\/dmd.eu\/es\/wp-json\/wp\/v2\/pages\/12610\/revisions"}],"up":[{"embeddable":true,"href":"https:\/\/dmd.eu\/es\/wp-json\/wp\/v2\/pages\/12542"}],"wp:attachment":[{"href":"https:\/\/dmd.eu\/es\/wp-json\/wp\/v2\/media?parent=12610"}],"curies":[{"name":"wp","href":"https:\/\/api.w.org\/{rel}","templated":true}]}}