{"id":12608,"date":"2023-10-04T11:07:52","date_gmt":"2023-10-04T09:07:52","guid":{"rendered":"https:\/\/www.dmd.eu\/abbigliamento-moto\/pantaloni\/"},"modified":"2025-12-02T11:02:18","modified_gmt":"2025-12-02T10:02:18","slug":"pantalones","status":"publish","type":"page","link":"https:\/\/dmd.eu\/es\/ropa-de-moto\/pantalones\/","title":{"rendered":"PANTALONES"},"content":{"rendered":"  <div id=\"b-categorypage-block_9b2d739aeda26e35e8640fed0fa9fab7\" class=\"conteiner\">\n    <div class=\"header-category\">\n      <h1 class=\"big-text\">PANTALONES DE MOTO<\/h1>\n      <div class=\"category-text--desktop\">\n        <p>Los <strong>pantalones DMD<\/strong> son c\u00f3modos, seguros y adecuados para cualquier motorista. La seguridad est\u00e1 garantizada por la presencia de protectores certificados insertados en las rodillas y las caderas. Es una prenda t\u00e9cnica pero sin renunciar a la comodidad y practicidad de los pantalones informales.<br \/>\nTienen la misma suavidad y ajuste que los pantalones normales de algod\u00f3n.<\/p>\n<p>\ud83c\uddee\ud83c\uddf9 Hecho en Italia, con pasi\u00f3n.<\/p>\n      <\/div>\n      <button class=\"link-anchor more-info-button\">Leer m\u00e1s<\/button>\n    <\/div>\n    <div class=\"image-page\" style=\"background-image:url('https:\/\/dmd.eu\/wp-content\/webp-express\/webp-images\/uploads\/2025\/12\/PANTS.jpg.webp');\">\n    <\/div>\n    \n    <div class=\"more-info\">\n      <div id=\"info\" class=\"conteiner\">\n        <div class=\"box medium category-text--mobile\">\n          <p>Los <strong>pantalones DMD<\/strong> son c\u00f3modos, seguros y adecuados para cualquier motorista. La seguridad est\u00e1 garantizada por la presencia de protectores certificados insertados en las rodillas y las caderas. Es una prenda t\u00e9cnica pero sin renunciar a la comodidad y practicidad de los pantalones informales.<br \/>\nTienen la misma suavidad y ajuste que los pantalones normales de algod\u00f3n.<\/p>\n<p>\ud83c\uddee\ud83c\uddf9 Hecho en Italia, con pasi\u00f3n.<\/p>\n        <\/div>\n        <div class=\"box medium\">\n          <h4>\u00bfPOR QU\u00c9 ELEGIR PANTALONES DE MOTO?<\/h4>\n<p>Los <strong>pantalones de moto DMD<\/strong> se confeccionan totalmente a mano, prestando la m\u00e1xima atenci\u00f3n a los detalles.<br \/>\nEst\u00e1n fabricados con materiales innovadores, algod\u00f3n y otras fibras mixtas, que los hacen ligeros, el\u00e1sticos y al mismo tiempo muy duraderos.<br \/>\nDestacan los bolsillos traseros y los bolsillos laterales parcialmente ocultos.<br \/>\nCuentan con la homologaci\u00f3n CE:A (EN 17092:2020), para que puedas circular con seguridad por la carretera en cualquier moto.<\/p>\n        <\/div>\n        <div class=\"box medium\">\n          <h4>UN PAR DE INFORMAZIONES \u00daTILES PARA TODO MOTORISTA:<\/h4>\n<ul>\n<li>Hechos a mano en Italia;<\/li>\n<li>Se puede lavar a m\u00e1quina a 30 grados.<\/li>\n<\/ul>\n<p>Cuando conduzcas tu moto, elige pantalones con certificaci\u00f3n DMD.<\/p>\n        <\/div>\n      <\/div>\n    <\/div>\n\n    <div class=\"filter-row\">\n                <\/div>\n\n          \n<a href=\"https:\/\/dmd.eu\/es\/prodotto\/ropa-de-moto\/pantalones\/chino-black\/\" class=\"product-preview w-inline-block\" data-ix=\"hover-product\">\n    <img decoding=\"async\" src=\"https:\/\/dmd.eu\/wp-content\/webp-express\/webp-images\/uploads\/2023\/08\/DMD-Pants-Chino-Black-front.jpg.webp\" loading=\"lazy\" alt=\"dmd.eu - CHINO BLACK\" class=\"product-image\">\n  <div class=\"title-product-content\">\n    <h3 class=\"extra-small-title\">CHINO BLACK<\/h3>\n    <div>\n      <del aria-hidden=\"true\"><span class=\"woocommerce-Price-amount amount\"><bdi>150,00<span class=\"woocommerce-Price-currencySymbol\">&euro;<\/span><\/bdi><\/span><\/del> <span class=\"screen-reader-text\">El precio original era: 150,00&euro;.<\/span><ins aria-hidden=\"true\"><span class=\"woocommerce-Price-amount amount\"><bdi>90,00<span class=\"woocommerce-Price-currencySymbol\">&euro;<\/span><\/bdi><\/span><\/ins><span class=\"screen-reader-text\">El precio actual es: 90,00&euro;.<\/span><span>\n    <\/div>\n  <\/div>\n    <\/a>\n<a href=\"https:\/\/dmd.eu\/es\/prodotto\/ropa-de-moto\/pantalones\/chino-sand\/\" class=\"product-preview w-inline-block\" data-ix=\"hover-product\">\n    <img decoding=\"async\" src=\"https:\/\/dmd.eu\/wp-content\/webp-express\/webp-images\/uploads\/2023\/08\/DMD-Pants-Chino-Sand-front.jpg.webp\" loading=\"lazy\" alt=\"dmd.eu - CHINO SAND\" class=\"product-image\">\n  <div class=\"title-product-content\">\n    <h3 class=\"extra-small-title\">CHINO SAND<\/h3>\n    <div>\n      <del aria-hidden=\"true\"><span class=\"woocommerce-Price-amount amount\"><bdi>150,00<span class=\"woocommerce-Price-currencySymbol\">&euro;<\/span><\/bdi><\/span><\/del> <span class=\"screen-reader-text\">El precio original era: 150,00&euro;.<\/span><ins aria-hidden=\"true\"><span class=\"woocommerce-Price-amount amount\"><bdi>90,00<span class=\"woocommerce-Price-currencySymbol\">&euro;<\/span><\/bdi><\/span><\/ins><span class=\"screen-reader-text\">El precio actual es: 90,00&euro;.<\/span><span>\n    <\/div>\n  <\/div>\n    <\/a>\n<a href=\"https:\/\/dmd.eu\/es\/prodotto\/ropa-de-moto\/pantalones\/chino-green\/\" class=\"product-preview w-inline-block\" data-ix=\"hover-product\">\n    <img decoding=\"async\" src=\"https:\/\/dmd.eu\/wp-content\/webp-express\/webp-images\/uploads\/2023\/08\/DMD-Pants-Chino-Green-front.jpg.webp\" loading=\"lazy\" alt=\"dmd.eu - CHINO GREEN\" class=\"product-image\">\n  <div class=\"title-product-content\">\n    <h3 class=\"extra-small-title\">CHINO GREEN<\/h3>\n    <div>\n      <del aria-hidden=\"true\"><span class=\"woocommerce-Price-amount amount\"><bdi>150,00<span class=\"woocommerce-Price-currencySymbol\">&euro;<\/span><\/bdi><\/span><\/del> <span class=\"screen-reader-text\">El precio original era: 150,00&euro;.<\/span><ins aria-hidden=\"true\"><span class=\"woocommerce-Price-amount amount\"><bdi>90,00<span class=\"woocommerce-Price-currencySymbol\">&euro;<\/span><\/bdi><\/span><\/ins><span class=\"screen-reader-text\">El precio actual es: 90,00&euro;.<\/span><span>\n    <\/div>\n  <\/div>\n    <\/a>\n<a href=\"https:\/\/dmd.eu\/es\/prodotto\/ropa-de-moto\/pantalones\/jeans\/\" class=\"product-preview w-inline-block\" data-ix=\"hover-product\">\n    <img decoding=\"async\" src=\"https:\/\/dmd.eu\/wp-content\/webp-express\/webp-images\/uploads\/2023\/08\/DMD-Pants-Jeans-front.jpg.webp\" loading=\"lazy\" alt=\"dmd.eu - JEANS\" class=\"product-image\">\n  <div class=\"title-product-content\">\n    <h3 class=\"extra-small-title\">JEANS<\/h3>\n    <div>\n      <del aria-hidden=\"true\"><span class=\"woocommerce-Price-amount amount\"><bdi>180,00<span class=\"woocommerce-Price-currencySymbol\">&euro;<\/span><\/bdi><\/span><\/del> <span class=\"screen-reader-text\">El precio original era: 180,00&euro;.<\/span><ins aria-hidden=\"true\"><span class=\"woocommerce-Price-amount amount\"><bdi>99,00<span class=\"woocommerce-Price-currencySymbol\">&euro;<\/span><\/bdi><\/span><\/ins><span class=\"screen-reader-text\">El precio actual es: 99,00&euro;.<\/span><span>\n    <\/div>\n  <\/div>\n    <\/a>  <\/div>","protected":false},"excerpt":{"rendered":"","protected":false},"author":2,"featured_media":0,"parent":12542,"menu_order":0,"comment_status":"closed","ping_status":"closed","template":"","meta":{"_acf_changed":true,"footnotes":""},"class_list":["post-12608","page","type-page","status-publish","hentry"],"acf":[],"jetpack_sharing_enabled":true,"_links":{"self":[{"href":"https:\/\/dmd.eu\/es\/wp-json\/wp\/v2\/pages\/12608","targetHints":{"allow":["GET"]}}],"collection":[{"href":"https:\/\/dmd.eu\/es\/wp-json\/wp\/v2\/pages"}],"about":[{"href":"https:\/\/dmd.eu\/es\/wp-json\/wp\/v2\/types\/page"}],"author":[{"embeddable":true,"href":"https:\/\/dmd.eu\/es\/wp-json\/wp\/v2\/users\/2"}],"replies":[{"embeddable":true,"href":"https:\/\/dmd.eu\/es\/wp-json\/wp\/v2\/comments?post=12608"}],"version-history":[{"count":0,"href":"https:\/\/dmd.eu\/es\/wp-json\/wp\/v2\/pages\/12608\/revisions"}],"up":[{"embeddable":true,"href":"https:\/\/dmd.eu\/es\/wp-json\/wp\/v2\/pages\/12542"}],"wp:attachment":[{"href":"https:\/\/dmd.eu\/es\/wp-json\/wp\/v2\/media?parent=12608"}],"curies":[{"name":"wp","href":"https:\/\/api.w.org\/{rel}","templated":true}]}}