{"id":12606,"date":"2023-10-04T11:04:53","date_gmt":"2023-10-04T09:04:53","guid":{"rendered":"https:\/\/www.dmd.eu\/abbigliamento-moto\/guanti\/"},"modified":"2025-12-02T11:02:07","modified_gmt":"2025-12-02T10:02:07","slug":"guantes","status":"publish","type":"page","link":"https:\/\/dmd.eu\/es\/ropa-de-moto\/guantes\/","title":{"rendered":"GUANTES"},"content":{"rendered":"  <div id=\"b-categorypage-block_ba0187a5b87031cf3fe3acc6245bbd68\" class=\"conteiner\">\n    <div class=\"header-category\">\n      <h1 class=\"big-text\">GUANTES DE MOTO<\/h1>\n      <div class=\"category-text--desktop\">\n        <p>Los<strong> guantes de moto<\/strong> <strong>DMD<\/strong> est\u00e1n completamente hechos a mano en cuero italiano aut\u00e9ntico.<br \/>\nOfrecen protecci\u00f3n y comodidad en un design \u00fanico y elegante adecuado para tres temporadas: primavera, verano y oto\u00f1o.<br \/>\nDMD ha elegido las mejores cueros que, con el paso del tiempo, ampl\u00edan sus propiedades y adquieren un aspecto m\u00e1s vintage.<\/p>\n<p>\ud83c\uddee\ud83c\uddf9 Hecho en Italia, con pasi\u00f3n.<\/p>\n      <\/div>\n      <button class=\"link-anchor more-info-button\">Leer m\u00e1s<\/button>\n    <\/div>\n    <div class=\"image-page\" style=\"background-image:url('https:\/\/dmd.eu\/wp-content\/webp-express\/webp-images\/uploads\/2025\/12\/GLOVES.jpg.webp');\">\n    <\/div>\n    \n    <div class=\"more-info\">\n      <div id=\"info\" class=\"conteiner\">\n        <div class=\"box medium category-text--mobile\">\n          <p>Los<strong> guantes de moto<\/strong> <strong>DMD<\/strong> est\u00e1n completamente hechos a mano en cuero italiano aut\u00e9ntico.<br \/>\nOfrecen protecci\u00f3n y comodidad en un design \u00fanico y elegante adecuado para tres temporadas: primavera, verano y oto\u00f1o.<br \/>\nDMD ha elegido las mejores cueros que, con el paso del tiempo, ampl\u00edan sus propiedades y adquieren un aspecto m\u00e1s vintage.<\/p>\n<p>\ud83c\uddee\ud83c\uddf9 Hecho en Italia, con pasi\u00f3n.<\/p>\n        <\/div>\n        <div class=\"box medium\">\n          <h4>\u00bfPOR QU\u00c9 ELEGIR GUANTES DE MOTO?<\/h4>\n<p>Adem\u00e1s de su bonito design, los <strong>guantes de moto DMD<\/strong> son protectores, con la homologaci\u00f3n CE EN 13594 regular en la etiqueta, para que puedas conducir cualquier moto con seguridad en la carretera.<br \/>\nPuedes elegir entre diferentes tipos de cuero: negro, marr\u00f3n y amarillo.<br \/>\nPara garantizar una mayor comodidad, los hemos dise\u00f1ado con los pu\u00f1os cortos y les insertamos un bot\u00f3n met\u00e1lico para abrirlos o cerrarlos. Son muy duraderos, gracias a la doble inserci\u00f3n de cuero y Kevlar.<\/p>\n        <\/div>\n        <div class=\"box medium\">\n          <h4>UN PAR DE INFORMAZIONES \u00daTILES PARA TODO MOTORISTA:<\/h4>\n<ul>\n<li>Como el cuero es un material muy delicado, recomendamos que s\u00f3lo se someta a un lavado especializado;<\/li>\n<li>No deben apretar demasiado; p\u00f3ntelos de forma que no rocen la piel.<\/li>\n<\/ul>\n<p>\u00bfTe faltan guantes de moto? Elige entre los modelos DMD y completa tu look en moto.<\/p>\n        <\/div>\n      <\/div>\n    <\/div>\n\n    <div class=\"filter-row\">\n                <\/div>\n\n          \n<a href=\"https:\/\/dmd.eu\/es\/prodotto\/ropa-de-moto\/guantes\/shield-yellow-perforado\/\" class=\"product-preview w-inline-block\" data-ix=\"hover-product\">\n    <img decoding=\"async\" src=\"https:\/\/dmd.eu\/wp-content\/webp-express\/webp-images\/uploads\/2026\/04\/DMD-Gloves-Shield-Yellow_traforati-1.jpg.webp\" loading=\"lazy\" alt=\"dmd.eu - SHIELD YELLOW LEATHER PERFORADO\" class=\"product-image\">\n  <div class=\"title-product-content\">\n    <h3 class=\"extra-small-title\">SHIELD YELLOW LEATHER PERFORADO<\/h3>\n    <div>\n      <span class=\"woocommerce-Price-amount amount\"><bdi>99,00<span class=\"woocommerce-Price-currencySymbol\">&euro;<\/span><\/bdi><\/span><span>\n    <\/div>\n  <\/div>\n    <\/a>\n<a href=\"https:\/\/dmd.eu\/es\/prodotto\/ropa-de-moto\/guantes\/shield-dark-brown-leather\/\" class=\"product-preview w-inline-block\" data-ix=\"hover-product\">\n    <img decoding=\"async\" src=\"https:\/\/dmd.eu\/wp-content\/webp-express\/webp-images\/uploads\/2023\/08\/DMD-Gloves-Shield-Dark-Brown-Leather_both.jpg.webp\" loading=\"lazy\" alt=\"dmd.eu - SHIELD DARK BROWN LEATHER\" class=\"product-image\">\n  <div class=\"title-product-content\">\n    <h3 class=\"extra-small-title\">SHIELD DARK BROWN LEATHER<\/h3>\n    <div>\n      <span class=\"woocommerce-Price-amount amount\"><bdi>95,00<span class=\"woocommerce-Price-currencySymbol\">&euro;<\/span><\/bdi><\/span><span>\n    <\/div>\n  <\/div>\n    <\/a>\n<a href=\"https:\/\/dmd.eu\/es\/prodotto\/ropa-de-moto\/guantes\/shield-yellow\/\" class=\"product-preview w-inline-block\" data-ix=\"hover-product\">\n    <img decoding=\"async\" src=\"https:\/\/dmd.eu\/wp-content\/webp-express\/webp-images\/uploads\/2023\/08\/DMD-Gloves-Shield-Yellow_both-1.jpg.webp\" loading=\"lazy\" alt=\"dmd.eu - SHIELD YELLOW\" class=\"product-image\">\n  <div class=\"title-product-content\">\n    <h3 class=\"extra-small-title\">SHIELD YELLOW<\/h3>\n    <div>\n      <span class=\"woocommerce-Price-amount amount\"><bdi>95,00<span class=\"woocommerce-Price-currencySymbol\">&euro;<\/span><\/bdi><\/span><span>\n    <\/div>\n  <\/div>\n    <\/a>\n<a href=\"https:\/\/dmd.eu\/es\/prodotto\/ropa-de-moto\/guantes\/shield-black-leather\/\" class=\"product-preview w-inline-block\" data-ix=\"hover-product\">\n    <img decoding=\"async\" src=\"https:\/\/dmd.eu\/wp-content\/webp-express\/webp-images\/uploads\/2023\/08\/DMD-Gloves-Shield-Black-both.jpg.webp\" loading=\"lazy\" alt=\"dmd.eu - SHIELD BLACK LEATHER\" class=\"product-image\">\n  <div class=\"title-product-content\">\n    <h3 class=\"extra-small-title\">SHIELD BLACK LEATHER<\/h3>\n    <div>\n      <span class=\"woocommerce-Price-amount amount\"><bdi>95,00<span class=\"woocommerce-Price-currencySymbol\">&euro;<\/span><\/bdi><\/span><span>\n    <\/div>\n  <\/div>\n    <\/a>\n<a href=\"https:\/\/dmd.eu\/es\/prodotto\/ropa-de-moto\/guantes\/shield-tiger\/\" class=\"product-preview w-inline-block\" data-ix=\"hover-product\">\n    <img decoding=\"async\" src=\"https:\/\/dmd.eu\/wp-content\/webp-express\/webp-images\/uploads\/2023\/08\/DMD-Gloves-Shield-Tiger_both.jpg.webp\" loading=\"lazy\" alt=\"dmd.eu - SHIELD TIGER\" class=\"product-image\">\n  <div class=\"title-product-content\">\n    <h3 class=\"extra-small-title\">SHIELD TIGER<\/h3>\n    <div>\n      <span class=\"woocommerce-Price-amount amount\"><bdi>290,00<span class=\"woocommerce-Price-currencySymbol\">&euro;<\/span><\/bdi><\/span><span>\n    <\/div>\n  <\/div>\n    <\/a>  <\/div>","protected":false},"excerpt":{"rendered":"","protected":false},"author":2,"featured_media":0,"parent":12542,"menu_order":0,"comment_status":"closed","ping_status":"closed","template":"","meta":{"_acf_changed":true,"footnotes":""},"class_list":["post-12606","page","type-page","status-publish","hentry"],"acf":[],"jetpack_sharing_enabled":true,"_links":{"self":[{"href":"https:\/\/dmd.eu\/es\/wp-json\/wp\/v2\/pages\/12606","targetHints":{"allow":["GET"]}}],"collection":[{"href":"https:\/\/dmd.eu\/es\/wp-json\/wp\/v2\/pages"}],"about":[{"href":"https:\/\/dmd.eu\/es\/wp-json\/wp\/v2\/types\/page"}],"author":[{"embeddable":true,"href":"https:\/\/dmd.eu\/es\/wp-json\/wp\/v2\/users\/2"}],"replies":[{"embeddable":true,"href":"https:\/\/dmd.eu\/es\/wp-json\/wp\/v2\/comments?post=12606"}],"version-history":[{"count":0,"href":"https:\/\/dmd.eu\/es\/wp-json\/wp\/v2\/pages\/12606\/revisions"}],"up":[{"embeddable":true,"href":"https:\/\/dmd.eu\/es\/wp-json\/wp\/v2\/pages\/12542"}],"wp:attachment":[{"href":"https:\/\/dmd.eu\/es\/wp-json\/wp\/v2\/media?parent=12606"}],"curies":[{"name":"wp","href":"https:\/\/api.w.org\/{rel}","templated":true}]}}