{"id":12604,"date":"2023-10-04T10:57:08","date_gmt":"2023-10-04T08:57:08","guid":{"rendered":"https:\/\/www.dmd.eu\/abbigliamento-moto\/giacche\/"},"modified":"2025-12-02T11:01:38","modified_gmt":"2025-12-02T10:01:38","slug":"chaquetas","status":"publish","type":"page","link":"https:\/\/dmd.eu\/es\/ropa-de-moto\/chaquetas\/","title":{"rendered":"CHAQUETAS"},"content":{"rendered":"  <div id=\"b-categorypage-block_2312b2f6ed5367cb455b5812bd28be72\" class=\"conteiner\">\n    <div class=\"header-category\">\n      <h1 class=\"big-text\">CHAQUETAS DE MOTO<\/h1>\n      <div class=\"category-text--desktop\">\n        <p>Desde las <strong>chaquetas<\/strong> de cuero, imprescindibles para todo motorista que busque un look vintage, hasta las prendas de algod\u00f3n encerado m\u00e1s adecuadas para los amantes del estilo Caf\u00e9 racer, la colecci\u00f3n de chaquetas de moto de DMD se caracteriza por la calidad, la atenci\u00f3n al detalle y la artesan\u00eda italiana. Las prendas de algod\u00f3n son enceradas, impermeables y cortavientos.<\/p>\n<p>\ud83c\uddee\ud83c\uddf9 Hecho en Italia, con pasi\u00f3n.<\/p>\n      <\/div>\n      <button class=\"link-anchor more-info-button\">Leer m\u00e1s<\/button>\n    <\/div>\n    <div class=\"image-page\" style=\"background-image:url('https:\/\/dmd.eu\/wp-content\/webp-express\/webp-images\/uploads\/2025\/12\/GIACCHE.jpg.webp');\">\n    <\/div>\n    \n    <div class=\"more-info\">\n      <div id=\"info\" class=\"conteiner\">\n        <div class=\"box medium category-text--mobile\">\n          <p>Desde las <strong>chaquetas<\/strong> de cuero, imprescindibles para todo motorista que busque un look vintage, hasta las prendas de algod\u00f3n encerado m\u00e1s adecuadas para los amantes del estilo Caf\u00e9 racer, la colecci\u00f3n de chaquetas de moto de DMD se caracteriza por la calidad, la atenci\u00f3n al detalle y la artesan\u00eda italiana. Las prendas de algod\u00f3n son enceradas, impermeables y cortavientos.<\/p>\n<p>\ud83c\uddee\ud83c\uddf9 Hecho en Italia, con pasi\u00f3n.<\/p>\n        <\/div>\n        <div class=\"box medium\">\n          <h4>\u00bfPOR QU\u00c9 ELEGIR LAS CHAQUETAS DE MOTO?<\/h4>\n<p>Las <strong>chaquetas de moto DMD<\/strong> son prendas de protecci\u00f3n, con la homologaci\u00f3n CE A o AA regular en la etiqueta, para circular con seguridad por la carretera en cualquier moto.<br \/>\nLas chaquetas para moto son Made in Italy y est\u00e1n hechas a mano, con la m\u00e1xima atenci\u00f3n al detalle y la artesan\u00eda; dedicadas a quienes est\u00e1n siempre en movimiento y no renuncian a las prendas t\u00e9cnicas. \u00bfC\u00f3mo elegirlas? En primer lugar hay que tener en cuenta el material: las chaquetas DMD est\u00e1n disponibles tanto en aut\u00e9ntico cuero estampado como en algod\u00f3n encerado cortaviento e impermeable.<br \/>\nCada chaqueta de moto se entrega con una ficha de producto en la que se indica la composici\u00f3n del tejido y las instrucciones de cuidado.<\/p>\n        <\/div>\n        <div class=\"box medium\">\n          <h4>UN PAR DE INFORMAZIONES \u00daTILES PARA TODO MOTORISTA:<\/h4>\n<ul>\n<li>En el interior de cada chaqueta encontrar\u00e1s una gu\u00eda de tallas que podr\u00e1s utilizar para encontrar la talla que corresponde a la tuya;<\/li>\n<li>S\u00f3lo pueden lavarse con lavander\u00eda especializada.<\/li>\n<\/ul>\n<p>En el sill\u00edn de tu moto, elige una prenda segura y protectora y conduce r\u00e1pido con la chaqueta de moto de la marca DMD, fabricada \u00edntegramente en Italia.<\/p>\n        <\/div>\n      <\/div>\n    <\/div>\n\n    <div class=\"filter-row\">\n                <\/div>\n\n          \n<a href=\"https:\/\/dmd.eu\/es\/prodotto\/ropa-de-moto\/cazadoras\/solo-rider-tabaco\/\" class=\"product-preview w-inline-block\" data-ix=\"hover-product\">\n    <img decoding=\"async\" src=\"https:\/\/dmd.eu\/wp-content\/webp-express\/webp-images\/uploads\/2025\/10\/Solo-Rider-Pelosino-Tobacco-front-2.jpg.webp\" loading=\"lazy\" alt=\"dmd.eu - SOLO RIDER TOBACCO\" class=\"product-image\">\n  <div class=\"title-product-content\">\n    <h3 class=\"extra-small-title\">SOLO RIDER TOBACCO<\/h3>\n    <div>\n      <del aria-hidden=\"true\"><span class=\"woocommerce-Price-amount amount\"><bdi>390,00<span class=\"woocommerce-Price-currencySymbol\">&euro;<\/span><\/bdi><\/span><\/del> <span class=\"screen-reader-text\">El precio original era: 390,00&euro;.<\/span><ins aria-hidden=\"true\"><span class=\"woocommerce-Price-amount amount\"><bdi>290,00<span class=\"woocommerce-Price-currencySymbol\">&euro;<\/span><\/bdi><\/span><\/ins><span class=\"screen-reader-text\">El precio actual es: 290,00&euro;.<\/span><span>\n    <\/div>\n  <\/div>\n    <\/a>\n<a href=\"https:\/\/dmd.eu\/es\/prodotto\/ropa-de-moto\/cazadoras\/solo-rider-olive-2\/\" class=\"product-preview w-inline-block\" data-ix=\"hover-product\">\n    <img decoding=\"async\" src=\"https:\/\/dmd.eu\/wp-content\/webp-express\/webp-images\/uploads\/2025\/10\/Solo-Rider-Pelosino-Olive-front-1.jpg.webp\" loading=\"lazy\" alt=\"dmd.eu - SOLO RIDER OLIVE\" class=\"product-image\">\n  <div class=\"title-product-content\">\n    <h3 class=\"extra-small-title\">SOLO RIDER OLIVE<\/h3>\n    <div>\n      <del aria-hidden=\"true\"><span class=\"woocommerce-Price-amount amount\"><bdi>390,00<span class=\"woocommerce-Price-currencySymbol\">&euro;<\/span><\/bdi><\/span><\/del> <span class=\"screen-reader-text\">El precio original era: 390,00&euro;.<\/span><ins aria-hidden=\"true\"><span class=\"woocommerce-Price-amount amount\"><bdi>290,00<span class=\"woocommerce-Price-currencySymbol\">&euro;<\/span><\/bdi><\/span><\/ins><span class=\"screen-reader-text\">El precio actual es: 290,00&euro;.<\/span><span>\n    <\/div>\n  <\/div>\n    <\/a>\n<a href=\"https:\/\/dmd.eu\/es\/prodotto\/ropa-de-moto\/cazadoras\/blouse-black\/\" class=\"product-preview w-inline-block\" data-ix=\"hover-product\">\n    <img decoding=\"async\" src=\"https:\/\/dmd.eu\/wp-content\/webp-express\/webp-images\/uploads\/2023\/09\/DMD-Blouse-Black-Cotton-chiuso.jpg.webp\" loading=\"lazy\" alt=\"dmd.eu - BLOUSE BLACK\" class=\"product-image\">\n  <div class=\"title-product-content\">\n    <h3 class=\"extra-small-title\">BLOUSE BLACK<\/h3>\n    <div>\n      <span class=\"woocommerce-Price-amount amount\"><bdi>295,00<span class=\"woocommerce-Price-currencySymbol\">&euro;<\/span><\/bdi><\/span><span>\n    <\/div>\n  <\/div>\n    <\/a>\n<a href=\"https:\/\/dmd.eu\/es\/prodotto\/ropa-de-moto\/cazadoras\/blouse-green\/\" class=\"product-preview w-inline-block\" data-ix=\"hover-product\">\n    <img decoding=\"async\" src=\"https:\/\/dmd.eu\/wp-content\/webp-express\/webp-images\/uploads\/2023\/09\/DMD-Blouse-Green-Cotton-chiuso.jpg.webp\" loading=\"lazy\" alt=\"dmd.eu - BLOUSE GREEN\" class=\"product-image\">\n  <div class=\"title-product-content\">\n    <h3 class=\"extra-small-title\">BLOUSE GREEN<\/h3>\n    <div>\n      <span class=\"woocommerce-Price-amount amount\"><bdi>295,00<span class=\"woocommerce-Price-currencySymbol\">&euro;<\/span><\/bdi><\/span><span>\n    <\/div>\n  <\/div>\n    <\/a>\n<a href=\"https:\/\/dmd.eu\/es\/prodotto\/ropa-de-moto\/cazadoras\/blouse-sand\/\" class=\"product-preview w-inline-block\" data-ix=\"hover-product\">\n    <img decoding=\"async\" src=\"https:\/\/dmd.eu\/wp-content\/webp-express\/webp-images\/uploads\/2023\/09\/DMD-Blouse-Sand-Cotton-chiuso-1.jpg.webp\" loading=\"lazy\" alt=\"dmd.eu - BLOUSE SAND\" class=\"product-image\">\n  <div class=\"title-product-content\">\n    <h3 class=\"extra-small-title\">BLOUSE SAND<\/h3>\n    <div>\n      <span class=\"woocommerce-Price-amount amount\"><bdi>295,00<span class=\"woocommerce-Price-currencySymbol\">&euro;<\/span><\/bdi><\/span><span>\n    <\/div>\n  <\/div>\n    <\/a>\n<a href=\"https:\/\/dmd.eu\/es\/prodotto\/ropa-de-moto\/cazadoras\/leather-shirt-check-green\/\" class=\"product-preview w-inline-block\" data-ix=\"hover-product\">\n    <img decoding=\"async\" src=\"https:\/\/dmd.eu\/wp-content\/webp-express\/webp-images\/uploads\/2025\/05\/DMD-Shirt-green-front_new.jpg.webp\" loading=\"lazy\" alt=\"dmd.eu - LEATHER SHIRT CHECK GREEN\" class=\"product-image\">\n  <div class=\"title-product-content\">\n    <h3 class=\"extra-small-title\">LEATHER SHIRT CHECK GREEN<\/h3>\n    <div>\n      <span class=\"woocommerce-Price-amount amount\"><bdi>790,00<span class=\"woocommerce-Price-currencySymbol\">&euro;<\/span><\/bdi><\/span><span>\n    <\/div>\n  <\/div>\n    <\/a>\n<a href=\"https:\/\/dmd.eu\/es\/prodotto\/ropa-de-moto\/cazadoras\/leather-shirt-check-brown\/\" class=\"product-preview w-inline-block\" data-ix=\"hover-product\">\n    <img decoding=\"async\" src=\"https:\/\/dmd.eu\/wp-content\/webp-express\/webp-images\/uploads\/2025\/05\/DMD-Shirt-check-brown-leather-front.jpg.webp\" loading=\"lazy\" alt=\"dmd.eu - LEATHER SHIRT CHECK BROWN\" class=\"product-image\">\n  <div class=\"title-product-content\">\n    <h3 class=\"extra-small-title\">LEATHER SHIRT CHECK BROWN<\/h3>\n    <div>\n      <span class=\"woocommerce-Price-amount amount\"><bdi>790,00<span class=\"woocommerce-Price-currencySymbol\">&euro;<\/span><\/bdi><\/span><span>\n    <\/div>\n  <\/div>\n    <\/a>\n<a href=\"https:\/\/dmd.eu\/es\/prodotto\/ropa-de-moto\/cazadoras\/leather-moto-shirt-check-blue\/\" class=\"product-preview w-inline-block\" data-ix=\"hover-product\">\n    <img decoding=\"async\" src=\"https:\/\/dmd.eu\/wp-content\/webp-express\/webp-images\/uploads\/2025\/05\/DMD-Shirt-blue-front-new.jpg.webp\" loading=\"lazy\" alt=\"dmd.eu - LEATHER SHIRT CHECK BLUE\" class=\"product-image\">\n  <div class=\"title-product-content\">\n    <h3 class=\"extra-small-title\">LEATHER SHIRT CHECK BLUE<\/h3>\n    <div>\n      <span class=\"woocommerce-Price-amount amount\"><bdi>790,00<span class=\"woocommerce-Price-currencySymbol\">&euro;<\/span><\/bdi><\/span><span>\n    <\/div>\n  <\/div>\n    <\/a>\n<a href=\"https:\/\/dmd.eu\/es\/prodotto\/ropa-de-moto\/cazadoras\/leather-shirt-check-red\/\" class=\"product-preview w-inline-block\" data-ix=\"hover-product\">\n    <img decoding=\"async\" src=\"https:\/\/dmd.eu\/wp-content\/webp-express\/webp-images\/uploads\/2025\/05\/DMD-Shirt-red-front.jpg.webp\" loading=\"lazy\" alt=\"dmd.eu - LEATHER SHIRT CHECK RED\" class=\"product-image\">\n  <div class=\"title-product-content\">\n    <h3 class=\"extra-small-title\">LEATHER SHIRT CHECK RED<\/h3>\n    <div>\n      <span class=\"woocommerce-Price-amount amount\"><bdi>790,00<span class=\"woocommerce-Price-currencySymbol\">&euro;<\/span><\/bdi><\/span><span>\n    <\/div>\n  <\/div>\n    <\/a>\n<a href=\"https:\/\/dmd.eu\/es\/prodotto\/ropa-de-moto\/cazadoras\/shirt-jeans\/\" class=\"product-preview w-inline-block\" data-ix=\"hover-product\">\n    <img decoding=\"async\" src=\"https:\/\/dmd.eu\/wp-content\/webp-express\/webp-images\/uploads\/2023\/09\/DMD-Shirt-Jeans-front.jpg.webp\" loading=\"lazy\" alt=\"dmd.eu - SHIRT JEANS\" class=\"product-image\">\n  <div class=\"title-product-content\">\n    <h3 class=\"extra-small-title\">SHIRT JEANS<\/h3>\n    <div>\n      <del aria-hidden=\"true\"><span class=\"woocommerce-Price-amount amount\"><bdi>350,00<span class=\"woocommerce-Price-currencySymbol\">&euro;<\/span><\/bdi><\/span><\/del> <span class=\"screen-reader-text\">El precio original era: 350,00&euro;.<\/span><ins aria-hidden=\"true\"><span class=\"woocommerce-Price-amount amount\"><bdi>290,00<span class=\"woocommerce-Price-currencySymbol\">&euro;<\/span><\/bdi><\/span><\/ins><span class=\"screen-reader-text\">El precio actual es: 290,00&euro;.<\/span><span>\n    <\/div>\n  <\/div>\n    <\/a>\n<a href=\"https:\/\/dmd.eu\/es\/prodotto\/ropa-de-moto\/cazadoras\/bunny-blue\/\" class=\"product-preview w-inline-block\" data-ix=\"hover-product\">\n    <img decoding=\"async\" src=\"https:\/\/dmd.eu\/wp-content\/webp-express\/webp-images\/uploads\/2023\/09\/DMD-Bunny-blue-waxed-cotton-front.jpg.webp\" loading=\"lazy\" alt=\"dmd.eu - BUNNY BLUE\" class=\"product-image\">\n  <div class=\"title-product-content\">\n    <h3 class=\"extra-small-title\">BUNNY BLUE<\/h3>\n    <div>\n      <del aria-hidden=\"true\"><span class=\"woocommerce-Price-amount amount\"><bdi>440,00<span class=\"woocommerce-Price-currencySymbol\">&euro;<\/span><\/bdi><\/span><\/del> <span class=\"screen-reader-text\">El precio original era: 440,00&euro;.<\/span><ins aria-hidden=\"true\"><span class=\"woocommerce-Price-amount amount\"><bdi>300,00<span class=\"woocommerce-Price-currencySymbol\">&euro;<\/span><\/bdi><\/span><\/ins><span class=\"screen-reader-text\">El precio actual es: 300,00&euro;.<\/span><span>\n    <\/div>\n  <\/div>\n    <\/a>\n<a href=\"https:\/\/dmd.eu\/es\/prodotto\/ropa-de-moto\/cazadoras\/proteccion-espalda\/\" class=\"product-preview w-inline-block\" data-ix=\"hover-product\">\n    <img decoding=\"async\" src=\"https:\/\/dmd.eu\/wp-content\/webp-express\/webp-images\/uploads\/2024\/03\/DMD-Accessories-Protezione-Schiena.jpg.webp\" loading=\"lazy\" alt=\"dmd.eu - PROTECCI\u00d3N ESPALDA\" class=\"product-image\">\n  <div class=\"title-product-content\">\n    <h3 class=\"extra-small-title\">PROTECCI\u00d3N ESPALDA<\/h3>\n    <div>\n      <span class=\"woocommerce-Price-amount amount\"><bdi>30,00<span class=\"woocommerce-Price-currencySymbol\">&euro;<\/span><\/bdi><\/span><span>\n    <\/div>\n  <\/div>\n    <\/a>  <\/div>","protected":false},"excerpt":{"rendered":"","protected":false},"author":2,"featured_media":0,"parent":12542,"menu_order":0,"comment_status":"closed","ping_status":"closed","template":"","meta":{"_acf_changed":true,"footnotes":""},"class_list":["post-12604","page","type-page","status-publish","hentry"],"acf":[],"jetpack_sharing_enabled":true,"_links":{"self":[{"href":"https:\/\/dmd.eu\/es\/wp-json\/wp\/v2\/pages\/12604","targetHints":{"allow":["GET"]}}],"collection":[{"href":"https:\/\/dmd.eu\/es\/wp-json\/wp\/v2\/pages"}],"about":[{"href":"https:\/\/dmd.eu\/es\/wp-json\/wp\/v2\/types\/page"}],"author":[{"embeddable":true,"href":"https:\/\/dmd.eu\/es\/wp-json\/wp\/v2\/users\/2"}],"replies":[{"embeddable":true,"href":"https:\/\/dmd.eu\/es\/wp-json\/wp\/v2\/comments?post=12604"}],"version-history":[{"count":0,"href":"https:\/\/dmd.eu\/es\/wp-json\/wp\/v2\/pages\/12604\/revisions"}],"up":[{"embeddable":true,"href":"https:\/\/dmd.eu\/es\/wp-json\/wp\/v2\/pages\/12542"}],"wp:attachment":[{"href":"https:\/\/dmd.eu\/es\/wp-json\/wp\/v2\/media?parent=12604"}],"curies":[{"name":"wp","href":"https:\/\/api.w.org\/{rel}","templated":true}]}}