{"id":12602,"date":"2023-10-04T10:53:43","date_gmt":"2023-10-04T08:53:43","guid":{"rendered":"https:\/\/www.dmd.eu\/abbigliamento-moto\/borse\/"},"modified":"2025-02-03T12:03:36","modified_gmt":"2025-02-03T11:03:36","slug":"accessorios-de-cuero","status":"publish","type":"page","link":"https:\/\/dmd.eu\/es\/ropa-de-moto\/accessorios-de-cuero\/","title":{"rendered":"ACCESORIOS DE CUERO"},"content":{"rendered":"  <div id=\"b-categorypage-block_a1d99bf9ef474ed4ef58f614e6131740\" class=\"conteiner\">\n    <div class=\"header-category\">\n      <h1 class=\"big-text\">ACCESORIOS DE CUERO<\/h1>\n      <div class=\"category-text--desktop\">\n        <p>Los <strong>accesorios DMD de piel <\/strong>aut\u00e9ntica italiana son pr\u00e1cticos y c\u00f3modos para tus viajes en moto.<br \/>\nEstudiados para ser compactos y poco voluminosos, os accesorios se caracterizan por l\u00edneas originales y el logotipo DMD en relieve para enfatizar su singularidad.<br \/>\nAdem\u00e1s, la alta calidad del material utilizado garantiza su durabilidad.<\/p>\n      <\/div>\n      <button class=\"link-anchor more-info-button\">Leer m\u00e1s<\/button>\n    <\/div>\n    <div class=\"image-page\" style=\"background-image:url('https:\/\/dmd.eu\/wp-content\/webp-express\/webp-images\/uploads\/2024\/12\/accessori-in-pelle.jpg.webp');\">\n    <\/div>\n    \n    <div class=\"more-info\">\n      <div id=\"info\" class=\"conteiner\">\n        <div class=\"box medium category-text--mobile\">\n          <p>Los <strong>accesorios DMD de piel <\/strong>aut\u00e9ntica italiana son pr\u00e1cticos y c\u00f3modos para tus viajes en moto.<br \/>\nEstudiados para ser compactos y poco voluminosos, os accesorios se caracterizan por l\u00edneas originales y el logotipo DMD en relieve para enfatizar su singularidad.<br \/>\nAdem\u00e1s, la alta calidad del material utilizado garantiza su durabilidad.<\/p>\n        <\/div>\n        <div class=\"box medium\">\n          <h4>\u00bfPOR QU\u00c9 ELEGIR LOS ACCESORIOS DE PIEL?<\/h4>\n<p>Los <strong>accesorios de cuero DMD<\/strong> est\u00e1n hechos con cuidado y para el uso diario, adem\u00e1s de ser perfecto para un viaje en moto.<br \/>\nLa versatilidad, la calidad y la durabilidad de la piel hacen que los accesorios DMD est\u00e9n siempre al d\u00eda.<\/p>\n        <\/div>\n        <div class=\"box medium\">\n          <h4>UN PAR DE INFORMAZIONES \u00daTILES PARA TODO MOTORISTA:<\/h4>\n<ul>\n<li>Color: Marr\u00f3n oscuro;<\/li>\n<li>100% cuero genuino italiano.<\/li>\n<\/ul>\n<p>Compactos, c\u00f3modos y pr\u00e1cticos, los accesorios de cuero DMD satisfacen todas las necesidades durante tus aventuras sobre dos ruedas.<\/p>\n        <\/div>\n      <\/div>\n    <\/div>\n\n    <div class=\"filter-row\">\n                <\/div>\n\n          \n<a href=\"https:\/\/dmd.eu\/es\/prodotto\/ropa-de-moto\/accessorios-de-cuero\/billetera-con-cremallera\/\" class=\"product-preview w-inline-block\" data-ix=\"hover-product\">\n    <img decoding=\"async\" src=\"https:\/\/dmd.eu\/wp-content\/webp-express\/webp-images\/uploads\/2024\/03\/DMD-Portafoglio-a-cerniera-front.jpg.webp\" loading=\"lazy\" alt=\"dmd.eu - BILLETERA CON CREMALLERA\" class=\"product-image\">\n  <div class=\"title-product-content\">\n    <h3 class=\"extra-small-title\">BILLETERA CON CREMALLERA<\/h3>\n    <div>\n      <span class=\"woocommerce-Price-amount amount\"><bdi>49,00<span class=\"woocommerce-Price-currencySymbol\">&euro;<\/span><\/bdi><\/span><span>\n    <\/div>\n  <\/div>\n    <\/a>\n<a href=\"https:\/\/dmd.eu\/es\/prodotto\/ropa-de-moto\/accessorios-de-cuero\/cartera-con-anillo-para-cadena\/\" class=\"product-preview w-inline-block\" data-ix=\"hover-product\">\n    <img decoding=\"async\" src=\"https:\/\/dmd.eu\/wp-content\/webp-express\/webp-images\/uploads\/2024\/03\/DMD-Portafoglio-a-catena-front.jpg.webp\" loading=\"lazy\" alt=\"dmd.eu - CARTERA CON ANILLO PARA CADENA\" class=\"product-image\">\n  <div class=\"title-product-content\">\n    <h3 class=\"extra-small-title\">CARTERA CON ANILLO PARA CADENA<\/h3>\n    <div>\n      <span class=\"woocommerce-Price-amount amount\"><bdi>49,00<span class=\"woocommerce-Price-currencySymbol\">&euro;<\/span><\/bdi><\/span><span>\n    <\/div>\n  <\/div>\n    <\/a>\n<a href=\"https:\/\/dmd.eu\/es\/prodotto\/ropa-de-moto\/accessorios-de-cuero\/monedero\/\" class=\"product-preview w-inline-block\" data-ix=\"hover-product\">\n    <img decoding=\"async\" src=\"https:\/\/dmd.eu\/wp-content\/webp-express\/webp-images\/uploads\/2024\/03\/DMD-Portamonete-front.jpg.webp\" loading=\"lazy\" alt=\"dmd.eu - MONEDERO\" class=\"product-image\">\n  <div class=\"title-product-content\">\n    <h3 class=\"extra-small-title\">MONEDERO<\/h3>\n    <div>\n      <span class=\"woocommerce-Price-amount amount\"><bdi>15,00<span class=\"woocommerce-Price-currencySymbol\">&euro;<\/span><\/bdi><\/span><span>\n    <\/div>\n  <\/div>\n    <\/a>\n<a href=\"https:\/\/dmd.eu\/es\/prodotto\/ropa-de-moto\/accessorios-de-cuero\/porta-documentos\/\" class=\"product-preview w-inline-block\" data-ix=\"hover-product\">\n    <img decoding=\"async\" src=\"https:\/\/dmd.eu\/wp-content\/webp-express\/webp-images\/uploads\/2024\/03\/DMD-Porta-libretto-front.jpg.webp\" loading=\"lazy\" alt=\"dmd.eu - PORTA DOCUMENTOS\" class=\"product-image\">\n  <div class=\"title-product-content\">\n    <h3 class=\"extra-small-title\">PORTA DOCUMENTOS<\/h3>\n    <div>\n      <span class=\"woocommerce-Price-amount amount\"><bdi>29,00<span class=\"woocommerce-Price-currencySymbol\">&euro;<\/span><\/bdi><\/span><span>\n    <\/div>\n  <\/div>\n    <\/a>\n<a href=\"https:\/\/dmd.eu\/es\/prodotto\/ropa-de-moto\/accessorios-de-cuero\/rollo-porta-herramientas\/\" class=\"product-preview w-inline-block\" data-ix=\"hover-product\">\n    <img decoding=\"async\" src=\"https:\/\/dmd.eu\/wp-content\/webp-express\/webp-images\/uploads\/2024\/03\/DMD-Porta-attrezzi-chiuso.jpg.webp\" loading=\"lazy\" alt=\"dmd.eu - ROLLO PORTA HERRAMIENTAS\" class=\"product-image\">\n  <div class=\"title-product-content\">\n    <h3 class=\"extra-small-title\">ROLLO PORTA HERRAMIENTAS<\/h3>\n    <div>\n      <span class=\"woocommerce-Price-amount amount\"><bdi>110,00<span class=\"woocommerce-Price-currencySymbol\">&euro;<\/span><\/bdi><\/span><span>\n    <\/div>\n  <\/div>\n    <\/a>  <\/div>","protected":false},"excerpt":{"rendered":"","protected":false},"author":2,"featured_media":0,"parent":12542,"menu_order":0,"comment_status":"closed","ping_status":"closed","template":"","meta":{"_acf_changed":true,"footnotes":""},"class_list":["post-12602","page","type-page","status-publish","hentry"],"acf":[],"jetpack_sharing_enabled":true,"_links":{"self":[{"href":"https:\/\/dmd.eu\/es\/wp-json\/wp\/v2\/pages\/12602","targetHints":{"allow":["GET"]}}],"collection":[{"href":"https:\/\/dmd.eu\/es\/wp-json\/wp\/v2\/pages"}],"about":[{"href":"https:\/\/dmd.eu\/es\/wp-json\/wp\/v2\/types\/page"}],"author":[{"embeddable":true,"href":"https:\/\/dmd.eu\/es\/wp-json\/wp\/v2\/users\/2"}],"replies":[{"embeddable":true,"href":"https:\/\/dmd.eu\/es\/wp-json\/wp\/v2\/comments?post=12602"}],"version-history":[{"count":0,"href":"https:\/\/dmd.eu\/es\/wp-json\/wp\/v2\/pages\/12602\/revisions"}],"up":[{"embeddable":true,"href":"https:\/\/dmd.eu\/es\/wp-json\/wp\/v2\/pages\/12542"}],"wp:attachment":[{"href":"https:\/\/dmd.eu\/es\/wp-json\/wp\/v2\/media?parent=12602"}],"curies":[{"name":"wp","href":"https:\/\/api.w.org\/{rel}","templated":true}]}}