{"id":12600,"date":"2023-10-04T10:44:05","date_gmt":"2023-10-04T08:44:05","guid":{"rendered":"https:\/\/www.dmd.eu\/abbigliamento-moto\/bandane\/"},"modified":"2026-03-03T16:41:03","modified_gmt":"2026-03-03T15:41:03","slug":"bandanas-panuelos","status":"publish","type":"page","link":"https:\/\/dmd.eu\/es\/ropa-de-moto\/bandanas-panuelos\/","title":{"rendered":"BANDANAS"},"content":{"rendered":"  <div id=\"b-categorypage-block_32ea061a3b00f98773ab31b1692b74d8\" class=\"conteiner\">\n    <div class=\"header-category\">\n      <h1 class=\"big-text\">BANDANAS PARA MOTO DMD<\/h1>\n      <div class=\"category-text--desktop\">\n        <p>Los que llevan poco tiempo sobre dos ruedas quiz\u00e1 no hayan descubierto a\u00fan la importancia de los accesorios. DMD ha creado una colecci\u00f3n de <strong>bandanas para moto<\/strong>, con gr\u00e1ficos creados exclusivamente para cada motorista, tanto hombre como mujer.<\/p>\n<p>\ud83c\uddee\ud83c\uddf9 Hecho en Italia, con pasi\u00f3n.<\/p>\n      <\/div>\n      <button class=\"link-anchor more-info-button\">Leer m\u00e1s<\/button>\n    <\/div>\n    <div class=\"image-page\" style=\"background-image:url('https:\/\/dmd.eu\/wp-content\/webp-express\/webp-images\/uploads\/2026\/03\/BANDANE-ASIAN.jpg.webp');\">\n    <\/div>\n    \n    <div class=\"more-info\">\n      <div id=\"info\" class=\"conteiner\">\n        <div class=\"box medium category-text--mobile\">\n          <p>Los que llevan poco tiempo sobre dos ruedas quiz\u00e1 no hayan descubierto a\u00fan la importancia de los accesorios. DMD ha creado una colecci\u00f3n de <strong>bandanas para moto<\/strong>, con gr\u00e1ficos creados exclusivamente para cada motorista, tanto hombre como mujer.<\/p>\n<p>\ud83c\uddee\ud83c\uddf9 Hecho en Italia, con pasi\u00f3n.<\/p>\n        <\/div>\n        <div class=\"box medium\">\n          <h4>\u00bfPOR QU\u00c9 ELEGIR LAS BANDANAS DE MOTO DMD?<\/h4>\n<p>Confeccionadas en algod\u00f3n y seda, nuestras<strong> bandanas para moto<\/strong> est\u00e1n dise\u00f1adas para ser llevadas especialmente en verano y primavera.<\/p>\n        <\/div>\n        <div class=\"box medium\">\n          <h4>UN PAR DE INFORMAZIONES \u00daTILES PARA TODO MOTORISTA:<\/h4>\n<ul>\n<li>El tama\u00f1o es \u00fanico: 60 x 60 cm;<\/li>\n<li>Son totalmente Made in Italy.<\/li>\n<\/ul>\n<p>Descubre ahora las bandanas para moto DMD, que se pueden utilizar como bufanda o como accesorio para colocar donde prefieras.<\/p>\n        <\/div>\n      <\/div>\n    <\/div>\n\n    <div class=\"filter-row\">\n                <\/div>\n\n          \n<a href=\"https:\/\/dmd.eu\/es\/prodotto\/ropa-de-moto\/bandanas\/asian\/\" class=\"product-preview w-inline-block\" data-ix=\"hover-product\">\n    <img decoding=\"async\" src=\"https:\/\/dmd.eu\/wp-content\/webp-express\/webp-images\/uploads\/2026\/01\/DMD-Bandana-Asian-1.jpg.webp\" loading=\"lazy\" alt=\"dmd.eu - ASIAN\" class=\"product-image\">\n  <div class=\"title-product-content\">\n    <h3 class=\"extra-small-title\">ASIAN<\/h3>\n    <div>\n      <span class=\"woocommerce-Price-amount amount\"><bdi>39,50<span class=\"woocommerce-Price-currencySymbol\">&euro;<\/span><\/bdi><\/span><span>\n    <\/div>\n  <\/div>\n    <\/a>\n<a href=\"https:\/\/dmd.eu\/es\/prodotto\/ropa-de-moto\/bandanas\/blossom\/\" class=\"product-preview w-inline-block\" data-ix=\"hover-product\">\n    <img decoding=\"async\" src=\"https:\/\/dmd.eu\/wp-content\/webp-express\/webp-images\/uploads\/2026\/01\/DMD-Bandana-Blossom-1.jpg.webp\" loading=\"lazy\" alt=\"dmd.eu - BLOSSOM\" class=\"product-image\">\n  <div class=\"title-product-content\">\n    <h3 class=\"extra-small-title\">BLOSSOM<\/h3>\n    <div>\n      <span class=\"woocommerce-Price-amount amount\"><bdi>39,50<span class=\"woocommerce-Price-currencySymbol\">&euro;<\/span><\/bdi><\/span><span>\n    <\/div>\n  <\/div>\n    <\/a>\n<a href=\"https:\/\/dmd.eu\/es\/prodotto\/ropa-de-moto\/bandanas\/checkmate\/\" class=\"product-preview w-inline-block\" data-ix=\"hover-product\">\n    <img decoding=\"async\" src=\"https:\/\/dmd.eu\/wp-content\/webp-express\/webp-images\/uploads\/2026\/01\/DMD-Bandana-Checkmate-1.jpg.webp\" loading=\"lazy\" alt=\"dmd.eu - CHECKMATE\" class=\"product-image\">\n  <div class=\"title-product-content\">\n    <h3 class=\"extra-small-title\">CHECKMATE<\/h3>\n    <div>\n      <span class=\"woocommerce-Price-amount amount\"><bdi>39,50<span class=\"woocommerce-Price-currencySymbol\">&euro;<\/span><\/bdi><\/span><span>\n    <\/div>\n  <\/div>\n    <\/a>\n<a href=\"https:\/\/dmd.eu\/es\/prodotto\/ropa-de-moto\/bandanas\/milestone\/\" class=\"product-preview w-inline-block\" data-ix=\"hover-product\">\n    <img decoding=\"async\" src=\"https:\/\/dmd.eu\/wp-content\/webp-express\/webp-images\/uploads\/2026\/01\/DMD-Bandana-Milestone-1.jpg.webp\" loading=\"lazy\" alt=\"dmd.eu - MILESTONE\" class=\"product-image\">\n  <div class=\"title-product-content\">\n    <h3 class=\"extra-small-title\">MILESTONE<\/h3>\n    <div>\n      <span class=\"woocommerce-Price-amount amount\"><bdi>39,50<span class=\"woocommerce-Price-currencySymbol\">&euro;<\/span><\/bdi><\/span><span>\n    <\/div>\n  <\/div>\n    <\/a>\n<a href=\"https:\/\/dmd.eu\/es\/prodotto\/ropa-de-moto\/bandanas\/peacock\/\" class=\"product-preview w-inline-block\" data-ix=\"hover-product\">\n    <img decoding=\"async\" src=\"https:\/\/dmd.eu\/wp-content\/webp-express\/webp-images\/uploads\/2025\/01\/DMD-Bandana-Peacock.jpg.webp\" loading=\"lazy\" alt=\"dmd.eu - PEACOCK\" class=\"product-image\">\n  <div class=\"title-product-content\">\n    <h3 class=\"extra-small-title\">PEACOCK<\/h3>\n    <div>\n      <span class=\"woocommerce-Price-amount amount\"><bdi>39,50<span class=\"woocommerce-Price-currencySymbol\">&euro;<\/span><\/bdi><\/span><span>\n    <\/div>\n  <\/div>\n    <\/a>\n<a href=\"https:\/\/dmd.eu\/es\/prodotto\/ropa-de-moto\/bandanas\/two-face\/\" class=\"product-preview w-inline-block\" data-ix=\"hover-product\">\n    <img decoding=\"async\" src=\"https:\/\/dmd.eu\/wp-content\/webp-express\/webp-images\/uploads\/2025\/01\/DMD-Bandana-Two-face.jpg.webp\" loading=\"lazy\" alt=\"dmd.eu - TWO-FACE\" class=\"product-image\">\n  <div class=\"title-product-content\">\n    <h3 class=\"extra-small-title\">TWO-FACE<\/h3>\n    <div>\n      <span class=\"woocommerce-Price-amount amount\"><bdi>39,50<span class=\"woocommerce-Price-currencySymbol\">&euro;<\/span><\/bdi><\/span><span>\n    <\/div>\n  <\/div>\n    <\/a>\n<a href=\"https:\/\/dmd.eu\/es\/prodotto\/ropa-de-moto\/bandanas\/pirates\/\" class=\"product-preview w-inline-block\" data-ix=\"hover-product\">\n    <img decoding=\"async\" src=\"https:\/\/dmd.eu\/wp-content\/webp-express\/webp-images\/uploads\/2024\/03\/DMD-Bandana-Pirates.jpg.webp\" loading=\"lazy\" alt=\"dmd.eu - PIRATES\" class=\"product-image\">\n  <div class=\"title-product-content\">\n    <h3 class=\"extra-small-title\">PIRATES<\/h3>\n    <div>\n      <span class=\"woocommerce-Price-amount amount\"><bdi>39,50<span class=\"woocommerce-Price-currencySymbol\">&euro;<\/span><\/bdi><\/span><span>\n    <\/div>\n  <\/div>\n    <\/a>\n<a href=\"https:\/\/dmd.eu\/es\/prodotto\/ropa-de-moto\/bandanas\/grifo\/\" class=\"product-preview w-inline-block\" data-ix=\"hover-product\">\n    <img decoding=\"async\" src=\"https:\/\/dmd.eu\/wp-content\/webp-express\/webp-images\/uploads\/2024\/03\/DMD-Bandana-Grifo.jpg.webp\" loading=\"lazy\" alt=\"dmd.eu - GRIFO\" class=\"product-image\">\n  <div class=\"title-product-content\">\n    <h3 class=\"extra-small-title\">GRIFO<\/h3>\n    <div>\n      <span class=\"woocommerce-Price-amount amount\"><bdi>39,50<span class=\"woocommerce-Price-currencySymbol\">&euro;<\/span><\/bdi><\/span><span>\n    <\/div>\n  <\/div>\n    <\/a>\n<a href=\"https:\/\/dmd.eu\/es\/prodotto\/ropa-de-moto\/bandanas\/bones\/\" class=\"product-preview w-inline-block\" data-ix=\"hover-product\">\n    <img decoding=\"async\" src=\"https:\/\/dmd.eu\/wp-content\/webp-express\/webp-images\/uploads\/2024\/03\/DMD-Bandana-Bones.jpg.webp\" loading=\"lazy\" alt=\"dmd.eu - BONES\" class=\"product-image\">\n  <div class=\"title-product-content\">\n    <h3 class=\"extra-small-title\">BONES<\/h3>\n    <div>\n      <span class=\"woocommerce-Price-amount amount\"><bdi>39,50<span class=\"woocommerce-Price-currencySymbol\">&euro;<\/span><\/bdi><\/span><span>\n    <\/div>\n  <\/div>\n    <\/a>\n<a href=\"https:\/\/dmd.eu\/es\/prodotto\/ropa-de-moto\/bandanas\/magic-swallow-2\/\" class=\"product-preview w-inline-block\" data-ix=\"hover-product\">\n    <img decoding=\"async\" src=\"https:\/\/dmd.eu\/wp-content\/webp-express\/webp-images\/uploads\/2023\/09\/DMD-Bandana-Magic-Swallow.jpg.webp\" loading=\"lazy\" alt=\"dmd.eu - MAGIC SWALLOW\" class=\"product-image\">\n  <div class=\"title-product-content\">\n    <h3 class=\"extra-small-title\">MAGIC SWALLOW<\/h3>\n    <div>\n      <span class=\"woocommerce-Price-amount amount\"><bdi>39,50<span class=\"woocommerce-Price-currencySymbol\">&euro;<\/span><\/bdi><\/span><span>\n    <\/div>\n  <\/div>\n    <\/a>\n<a href=\"https:\/\/dmd.eu\/es\/prodotto\/ropa-de-moto\/bandanas\/gorilla-2\/\" class=\"product-preview w-inline-block\" data-ix=\"hover-product\">\n    <img decoding=\"async\" src=\"https:\/\/dmd.eu\/wp-content\/webp-express\/webp-images\/uploads\/2024\/03\/DMD-Neck-Gaiter-Gorilla.jpg.webp\" loading=\"lazy\" alt=\"dmd.eu - GORILLA\" class=\"product-image\">\n  <div class=\"title-product-content\">\n    <h3 class=\"extra-small-title\">GORILLA<\/h3>\n    <div>\n      <span class=\"woocommerce-Price-amount amount\"><bdi>39,50<span class=\"woocommerce-Price-currencySymbol\">&euro;<\/span><\/bdi><\/span><span>\n    <\/div>\n  <\/div>\n    <\/a>\n<a href=\"https:\/\/dmd.eu\/es\/prodotto\/ropa-de-moto\/bandanas\/balloon-2\/\" class=\"product-preview w-inline-block\" data-ix=\"hover-product\">\n    <img decoding=\"async\" src=\"https:\/\/dmd.eu\/wp-content\/webp-express\/webp-images\/uploads\/2023\/09\/DMD-Bandana-Balloon.jpg.webp\" loading=\"lazy\" alt=\"dmd.eu - BALLOON\" class=\"product-image\">\n  <div class=\"title-product-content\">\n    <h3 class=\"extra-small-title\">BALLOON<\/h3>\n    <div>\n      <span class=\"woocommerce-Price-amount amount\"><bdi>39,50<span class=\"woocommerce-Price-currencySymbol\">&euro;<\/span><\/bdi><\/span><span>\n    <\/div>\n  <\/div>\n    <\/a>\n<a href=\"https:\/\/dmd.eu\/es\/prodotto\/ropa-de-moto\/bandanas\/vibes-2\/\" class=\"product-preview w-inline-block\" data-ix=\"hover-product\">\n    <img decoding=\"async\" src=\"https:\/\/dmd.eu\/wp-content\/webp-express\/webp-images\/uploads\/2023\/09\/DMD-Bandana-Vibes.jpg.webp\" loading=\"lazy\" alt=\"dmd.eu - VIBES\" class=\"product-image\">\n  <div class=\"title-product-content\">\n    <h3 class=\"extra-small-title\">VIBES<\/h3>\n    <div>\n      <span class=\"woocommerce-Price-amount amount\"><bdi>39,50<span class=\"woocommerce-Price-currencySymbol\">&euro;<\/span><\/bdi><\/span><span>\n    <\/div>\n  <\/div>\n    <\/a>\n<a href=\"https:\/\/dmd.eu\/es\/prodotto\/ropa-de-moto\/bandanas\/undercover\/\" class=\"product-preview w-inline-block\" data-ix=\"hover-product\">\n    <img decoding=\"async\" src=\"https:\/\/dmd.eu\/wp-content\/webp-express\/webp-images\/uploads\/2023\/09\/DMD-Bandana-Undercover.jpg.webp\" loading=\"lazy\" alt=\"dmd.eu - UNDERCOVER\" class=\"product-image\">\n  <div class=\"title-product-content\">\n    <h3 class=\"extra-small-title\">UNDERCOVER<\/h3>\n    <div>\n      <span class=\"woocommerce-Price-amount amount\"><bdi>39,50<span class=\"woocommerce-Price-currencySymbol\">&euro;<\/span><\/bdi><\/span><span>\n    <\/div>\n  <\/div>\n    <\/a>\n<a href=\"https:\/\/dmd.eu\/es\/prodotto\/ropa-de-moto\/bandanas\/throttle\/\" class=\"product-preview w-inline-block\" data-ix=\"hover-product\">\n    <img decoding=\"async\" src=\"https:\/\/dmd.eu\/wp-content\/webp-express\/webp-images\/uploads\/2023\/09\/DMD-Bandana-Throttle.jpg.webp\" loading=\"lazy\" alt=\"dmd.eu - THROTTLE\" class=\"product-image\">\n  <div class=\"title-product-content\">\n    <h3 class=\"extra-small-title\">THROTTLE<\/h3>\n    <div>\n      <span class=\"woocommerce-Price-amount amount\"><bdi>39,50<span class=\"woocommerce-Price-currencySymbol\">&euro;<\/span><\/bdi><\/span><span>\n    <\/div>\n  <\/div>\n    <\/a>\n<a href=\"https:\/\/dmd.eu\/es\/prodotto\/ropa-de-moto\/bandanas\/flower-3\/\" class=\"product-preview w-inline-block\" data-ix=\"hover-product\">\n    <img decoding=\"async\" src=\"https:\/\/dmd.eu\/wp-content\/webp-express\/webp-images\/uploads\/2023\/09\/DMD-Bandana-Flower.jpg.webp\" loading=\"lazy\" alt=\"dmd.eu - FLOWER\" class=\"product-image\">\n  <div class=\"title-product-content\">\n    <h3 class=\"extra-small-title\">FLOWER<\/h3>\n    <div>\n      <span class=\"woocommerce-Price-amount amount\"><bdi>39,50<span class=\"woocommerce-Price-currencySymbol\">&euro;<\/span><\/bdi><\/span><span>\n    <\/div>\n  <\/div>\n    <\/a>\n<a href=\"https:\/\/dmd.eu\/es\/prodotto\/ropa-de-moto\/bandanas\/juggler\/\" class=\"product-preview w-inline-block\" data-ix=\"hover-product\">\n    <img decoding=\"async\" src=\"https:\/\/dmd.eu\/wp-content\/webp-express\/webp-images\/uploads\/2023\/09\/DMD-Bandana-Juggler.jpg.webp\" loading=\"lazy\" alt=\"dmd.eu - JUGGLER\" class=\"product-image\">\n  <div class=\"title-product-content\">\n    <h3 class=\"extra-small-title\">JUGGLER<\/h3>\n    <div>\n      <span class=\"woocommerce-Price-amount amount\"><bdi>39,50<span class=\"woocommerce-Price-currencySymbol\">&euro;<\/span><\/bdi><\/span><span>\n    <\/div>\n  <\/div>\n    <\/a>\n<a href=\"https:\/\/dmd.eu\/es\/prodotto\/ropa-de-moto\/bandanas\/aztec-2\/\" class=\"product-preview w-inline-block\" data-ix=\"hover-product\">\n    <img decoding=\"async\" src=\"https:\/\/dmd.eu\/wp-content\/webp-express\/webp-images\/uploads\/2023\/09\/DMD-Bandana-Aztec.jpg.webp\" loading=\"lazy\" alt=\"dmd.eu - AZTEC\" class=\"product-image\">\n  <div class=\"title-product-content\">\n    <h3 class=\"extra-small-title\">AZTEC<\/h3>\n    <div>\n      <span class=\"woocommerce-Price-amount amount\"><bdi>39,50<span class=\"woocommerce-Price-currencySymbol\">&euro;<\/span><\/bdi><\/span><span>\n    <\/div>\n  <\/div>\n    <\/a>\n<a href=\"https:\/\/dmd.eu\/es\/prodotto\/ropa-de-moto\/bandanas\/space\/\" class=\"product-preview w-inline-block\" data-ix=\"hover-product\">\n    <img decoding=\"async\" src=\"https:\/\/dmd.eu\/wp-content\/webp-express\/webp-images\/uploads\/2023\/09\/DMD-Bandana-Space.jpg.webp\" loading=\"lazy\" alt=\"dmd.eu - SPACE\" class=\"product-image\">\n  <div class=\"title-product-content\">\n    <h3 class=\"extra-small-title\">SPACE<\/h3>\n    <div>\n      <span class=\"woocommerce-Price-amount amount\"><bdi>39,50<span class=\"woocommerce-Price-currencySymbol\">&euro;<\/span><\/bdi><\/span><span>\n    <\/div>\n  <\/div>\n    <\/a>\n<a href=\"https:\/\/dmd.eu\/es\/prodotto\/ropa-de-moto\/bandanas\/tigre-2\/\" class=\"product-preview w-inline-block\" data-ix=\"hover-product\">\n    <img decoding=\"async\" src=\"https:\/\/dmd.eu\/wp-content\/webp-express\/webp-images\/uploads\/2023\/09\/DMD-Bandana-Tigre.jpg.webp\" loading=\"lazy\" alt=\"dmd.eu - TIGRE\" class=\"product-image\">\n  <div class=\"title-product-content\">\n    <h3 class=\"extra-small-title\">TIGRE<\/h3>\n    <div>\n      <span class=\"woocommerce-Price-amount amount\"><bdi>39,50<span class=\"woocommerce-Price-currencySymbol\">&euro;<\/span><\/bdi><\/span><span>\n    <\/div>\n  <\/div>\n    <\/a>\n<a href=\"https:\/\/dmd.eu\/es\/prodotto\/ropa-de-moto\/bandanas\/samurai\/\" class=\"product-preview w-inline-block\" data-ix=\"hover-product\">\n    <img decoding=\"async\" src=\"https:\/\/dmd.eu\/wp-content\/webp-express\/webp-images\/uploads\/2023\/09\/DMD-Bandana-Samurai.jpg.webp\" loading=\"lazy\" alt=\"dmd.eu - SAMURAI\" class=\"product-image\">\n  <div class=\"title-product-content\">\n    <h3 class=\"extra-small-title\">SAMURAI<\/h3>\n    <div>\n      <span class=\"woocommerce-Price-amount amount\"><bdi>39,50<span class=\"woocommerce-Price-currencySymbol\">&euro;<\/span><\/bdi><\/span><span>\n    <\/div>\n  <\/div>\n    <\/a>\n<a href=\"https:\/\/dmd.eu\/es\/prodotto\/ropa-de-moto\/bandanas\/circus-4\/\" class=\"product-preview w-inline-block\" data-ix=\"hover-product\">\n    <img decoding=\"async\" src=\"https:\/\/dmd.eu\/wp-content\/webp-express\/webp-images\/uploads\/2023\/09\/DMD-Bandana-Circus.jpg.webp\" loading=\"lazy\" alt=\"dmd.eu - CIRCUS\" class=\"product-image\">\n  <div class=\"title-product-content\">\n    <h3 class=\"extra-small-title\">CIRCUS<\/h3>\n    <div>\n      <span class=\"woocommerce-Price-amount amount\"><bdi>39,50<span class=\"woocommerce-Price-currencySymbol\">&euro;<\/span><\/bdi><\/span><span>\n    <\/div>\n  <\/div>\n    <\/a>\n<a href=\"https:\/\/dmd.eu\/es\/prodotto\/ropa-de-moto\/bandanas\/engine-2\/\" class=\"product-preview w-inline-block\" data-ix=\"hover-product\">\n    <img decoding=\"async\" src=\"https:\/\/dmd.eu\/wp-content\/webp-express\/webp-images\/uploads\/2023\/09\/DMD-Bandana-Engine.jpg.webp\" loading=\"lazy\" alt=\"dmd.eu - ENGINE\" class=\"product-image\">\n  <div class=\"title-product-content\">\n    <h3 class=\"extra-small-title\">ENGINE<\/h3>\n    <div>\n      <span class=\"woocommerce-Price-amount amount\"><bdi>39,50<span class=\"woocommerce-Price-currencySymbol\">&euro;<\/span><\/bdi><\/span><span>\n    <\/div>\n  <\/div>\n    <\/a>\n<a href=\"https:\/\/dmd.eu\/es\/prodotto\/ropa-de-moto\/bandanas\/gasoline\/\" class=\"product-preview w-inline-block\" data-ix=\"hover-product\">\n    <img decoding=\"async\" src=\"https:\/\/dmd.eu\/wp-content\/webp-express\/webp-images\/uploads\/2023\/09\/DMD-Bandana-Gasoline.jpg.webp\" loading=\"lazy\" alt=\"dmd.eu - GASOLINE\" class=\"product-image\">\n  <div class=\"title-product-content\">\n    <h3 class=\"extra-small-title\">GASOLINE<\/h3>\n    <div>\n      <span class=\"woocommerce-Price-amount amount\"><bdi>39,50<span class=\"woocommerce-Price-currencySymbol\">&euro;<\/span><\/bdi><\/span><span>\n    <\/div>\n  <\/div>\n    <\/a>\n<a href=\"https:\/\/dmd.eu\/es\/prodotto\/ropa-de-moto\/bandanas\/respect-2\/\" class=\"product-preview w-inline-block\" data-ix=\"hover-product\">\n    <img decoding=\"async\" src=\"https:\/\/dmd.eu\/wp-content\/webp-express\/webp-images\/uploads\/2023\/09\/DMD-Bandana-Respect.jpg.webp\" loading=\"lazy\" alt=\"dmd.eu - RESPECT\" class=\"product-image\">\n  <div class=\"title-product-content\">\n    <h3 class=\"extra-small-title\">RESPECT<\/h3>\n    <div>\n      <span class=\"woocommerce-Price-amount amount\"><bdi>39,50<span class=\"woocommerce-Price-currencySymbol\">&euro;<\/span><\/bdi><\/span><span>\n    <\/div>\n  <\/div>\n    <\/a>\n<a href=\"https:\/\/dmd.eu\/es\/prodotto\/ropa-de-moto\/bandanas\/seventyfive\/\" class=\"product-preview w-inline-block\" data-ix=\"hover-product\">\n    <img decoding=\"async\" src=\"https:\/\/dmd.eu\/wp-content\/webp-express\/webp-images\/uploads\/2023\/09\/DMD-Bandana-Seventyfive.jpg.webp\" loading=\"lazy\" alt=\"dmd.eu - SEVENTYFIVE\" class=\"product-image\">\n  <div class=\"title-product-content\">\n    <h3 class=\"extra-small-title\">SEVENTYFIVE<\/h3>\n    <div>\n      <span class=\"woocommerce-Price-amount amount\"><bdi>39,50<span class=\"woocommerce-Price-currencySymbol\">&euro;<\/span><\/bdi><\/span><span>\n    <\/div>\n  <\/div>\n    <\/a>\n<a href=\"https:\/\/dmd.eu\/es\/prodotto\/ropa-de-moto\/bandanas\/the-lovers-2\/\" class=\"product-preview w-inline-block\" data-ix=\"hover-product\">\n    <img decoding=\"async\" src=\"https:\/\/dmd.eu\/wp-content\/webp-express\/webp-images\/uploads\/2023\/09\/DMD-Bandana-The-Lovers.jpg.webp\" loading=\"lazy\" alt=\"dmd.eu - THE LOVERS\" class=\"product-image\">\n  <div class=\"title-product-content\">\n    <h3 class=\"extra-small-title\">THE LOVERS<\/h3>\n    <div>\n      <span class=\"woocommerce-Price-amount amount\"><bdi>39,50<span class=\"woocommerce-Price-currencySymbol\">&euro;<\/span><\/bdi><\/span><span>\n    <\/div>\n  <\/div>\n    <\/a>\n<a href=\"https:\/\/dmd.eu\/es\/prodotto\/ropa-de-moto\/bandanas\/trouble-maker\/\" class=\"product-preview w-inline-block\" data-ix=\"hover-product\">\n    <img decoding=\"async\" src=\"https:\/\/dmd.eu\/wp-content\/webp-express\/webp-images\/uploads\/2023\/09\/DMD-Bandana-Trouble-Maker.jpg.webp\" loading=\"lazy\" alt=\"dmd.eu - TROUBLE MAKER\" class=\"product-image\">\n  <div class=\"title-product-content\">\n    <h3 class=\"extra-small-title\">TROUBLE MAKER<\/h3>\n    <div>\n      <span class=\"woocommerce-Price-amount amount\"><bdi>39,50<span class=\"woocommerce-Price-currencySymbol\">&euro;<\/span><\/bdi><\/span><span>\n    <\/div>\n  <\/div>\n    <\/a>\n<a href=\"https:\/\/dmd.eu\/es\/prodotto\/ropa-de-moto\/bandanas\/thunder-2\/\" class=\"product-preview w-inline-block\" data-ix=\"hover-product\">\n    <img decoding=\"async\" src=\"https:\/\/dmd.eu\/wp-content\/webp-express\/webp-images\/uploads\/2023\/09\/DMD-Bandana-Thunder.jpg.webp\" loading=\"lazy\" alt=\"dmd.eu - THUNDER\" class=\"product-image\">\n  <div class=\"title-product-content\">\n    <h3 class=\"extra-small-title\">THUNDER<\/h3>\n    <div>\n      <span class=\"woocommerce-Price-amount amount\"><bdi>39,50<span class=\"woocommerce-Price-currencySymbol\">&euro;<\/span><\/bdi><\/span><span>\n    <\/div>\n  <\/div>\n    <\/a>  <\/div>","protected":false},"excerpt":{"rendered":"","protected":false},"author":2,"featured_media":0,"parent":12542,"menu_order":0,"comment_status":"closed","ping_status":"closed","template":"","meta":{"_acf_changed":true,"footnotes":""},"class_list":["post-12600","page","type-page","status-publish","hentry"],"acf":[],"jetpack_sharing_enabled":true,"_links":{"self":[{"href":"https:\/\/dmd.eu\/es\/wp-json\/wp\/v2\/pages\/12600","targetHints":{"allow":["GET"]}}],"collection":[{"href":"https:\/\/dmd.eu\/es\/wp-json\/wp\/v2\/pages"}],"about":[{"href":"https:\/\/dmd.eu\/es\/wp-json\/wp\/v2\/types\/page"}],"author":[{"embeddable":true,"href":"https:\/\/dmd.eu\/es\/wp-json\/wp\/v2\/users\/2"}],"replies":[{"embeddable":true,"href":"https:\/\/dmd.eu\/es\/wp-json\/wp\/v2\/comments?post=12600"}],"version-history":[{"count":0,"href":"https:\/\/dmd.eu\/es\/wp-json\/wp\/v2\/pages\/12600\/revisions"}],"up":[{"embeddable":true,"href":"https:\/\/dmd.eu\/es\/wp-json\/wp\/v2\/pages\/12542"}],"wp:attachment":[{"href":"https:\/\/dmd.eu\/es\/wp-json\/wp\/v2\/media?parent=12600"}],"curies":[{"name":"wp","href":"https:\/\/api.w.org\/{rel}","templated":true}]}}