{"id":57609,"date":"2026-05-15T15:55:12","date_gmt":"2026-05-15T13:55:12","guid":{"rendered":"https:\/\/dmd.eu\/?post_type=product&#038;p=57609"},"modified":"2026-05-15T16:28:43","modified_gmt":"2026-05-15T14:28:43","slug":"off-road-peak-rot","status":"publish","type":"product","link":"https:\/\/dmd.eu\/de\/prodotto\/jet-helme\/accessoires\/off-road-peak-rot\/","title":{"rendered":"OFF-ROAD PEAK ROT"},"content":{"rendered":"<p>Das <strong>Off-Road Peak<\/strong> <strong>Zubeh\u00f6r<\/strong> ist eine Cross-\/Enduro Sonnenschirm Frontblende, die mit 3 verstellbaren Druckkn\u00f6pfen ausgestattet ist. Dieses Zubeh\u00f6r gilt f\u00fcr alle Jet-Helme und stammt aus dem ber\u00fchmten MX-Frontino (MX Frontblende) aus den 70er Jahren. Erh\u00e4ltlich in vier Farben: Wei\u00df, Rot, Blau und Schwarz.<\/p>\n","protected":false},"excerpt":{"rendered":"<p>Das Off-Road Peak Zubeh\u00f6r ist eine Cross-\/Enduro Sonnenschirm Frontblende, die mit 3 verstellbaren Druckkn\u00f6pfen ausgestattet ist. Dieses Zubeh\u00f6r gilt f\u00fcr alle Jet-Helme und stammt aus dem ber\u00fchmten MX-Frontino (MX Frontblende) aus den 70er Jahren. Erh\u00e4ltlich in vier Farben: Wei\u00df, Rot, Blau und Schwarz.<\/p>\n","protected":false},"featured_media":57669,"comment_status":"closed","ping_status":"closed","template":"","meta":{"_acf_changed":false},"product_brand":[],"product_cat":[183,121],"product_tag":[],"giftcard-category":[],"class_list":{"0":"post-57609","1":"product","2":"type-product","3":"status-publish","4":"has-post-thumbnail","6":"product_cat-accessoires","7":"product_cat-jet-helme","9":"first","10":"outofstock","11":"taxable","12":"shipping-taxable","13":"purchasable","14":"product-type-simple"},"acf":[],"jetpack_sharing_enabled":true,"_links":{"self":[{"href":"https:\/\/dmd.eu\/de\/wp-json\/wp\/v2\/product\/57609","targetHints":{"allow":["GET"]}}],"collection":[{"href":"https:\/\/dmd.eu\/de\/wp-json\/wp\/v2\/product"}],"about":[{"href":"https:\/\/dmd.eu\/de\/wp-json\/wp\/v2\/types\/product"}],"replies":[{"embeddable":true,"href":"https:\/\/dmd.eu\/de\/wp-json\/wp\/v2\/comments?post=57609"}],"wp:featuredmedia":[{"embeddable":true,"href":"https:\/\/dmd.eu\/de\/wp-json\/wp\/v2\/media\/57669"}],"wp:attachment":[{"href":"https:\/\/dmd.eu\/de\/wp-json\/wp\/v2\/media?parent=57609"}],"wp:term":[{"taxonomy":"product_brand","embeddable":true,"href":"https:\/\/dmd.eu\/de\/wp-json\/wp\/v2\/product_brand?post=57609"},{"taxonomy":"product_cat","embeddable":true,"href":"https:\/\/dmd.eu\/de\/wp-json\/wp\/v2\/product_cat?post=57609"},{"taxonomy":"product_tag","embeddable":true,"href":"https:\/\/dmd.eu\/de\/wp-json\/wp\/v2\/product_tag?post=57609"},{"taxonomy":"giftcard-category","embeddable":true,"href":"https:\/\/dmd.eu\/de\/wp-json\/wp\/v2\/giftcard-category?post=57609"}],"curies":[{"name":"wp","href":"https:\/\/api.w.org\/{rel}","templated":true}]}}