{"id":57573,"date":"2026-05-15T11:47:51","date_gmt":"2026-05-15T09:47:51","guid":{"rendered":"https:\/\/dmd.eu\/?post_type=product&#038;p=57573"},"modified":"2026-05-15T12:01:18","modified_gmt":"2026-05-15T10:01:18","slug":"rivale-visor-gold-verspiegelt-ece-22-06","status":"publish","type":"product","link":"https:\/\/dmd.eu\/de\/prodotto\/integralhelme\/accessoires-integralhelme\/rivale-visor-gold-verspiegelt-ece-22-06\/","title":{"rendered":"RIVALE VISOR GOLD VERSPIEGELT &#8211; ECE 22.06"},"content":{"rendered":"<p>Das Zubeh\u00f6r <strong>Rivale Visor<\/strong> ist f\u00fcr die Integralhelme von DMD, genauer gesagt f\u00fcr die Rivale-Serie, konzipiert. Es handelt sich um ein Visier, das zum Schutz von Gesicht und Augen mit Pinlock-Verschluss entwickelt wurde.<br \/>\nErh\u00e4ltlich in den Farben Transparent, Get\u00f6nt und Gold Verspiegelt (beide Kategorie 3).<\/p>\n<p>Dieses Visier ist nur f\u00fcr die Modelle der Rivale-Serie mit der ECE 22.06-Zulassung kompatibel.<\/p>\n","protected":false},"excerpt":{"rendered":"<p>Das Zubeh\u00f6r Rivale Visor ist f\u00fcr die Integralhelme von DMD, genauer gesagt f\u00fcr die Rivale-Serie, konzipiert. Es handelt sich um ein Visier, das zum Schutz von Gesicht und Augen mit Pinlock-Verschluss entwickelt wurde. Erh\u00e4ltlich in den Farben Transparent, Get\u00f6nt und Gold Verspiegelt (beide Kategorie 3). Dieses Visier ist nur f\u00fcr die Modelle der Rivale-Serie mit [&hellip;]<\/p>\n","protected":false},"featured_media":57582,"comment_status":"closed","ping_status":"closed","template":"","meta":{"_acf_changed":false},"product_brand":[],"product_cat":[363,130],"product_tag":[],"giftcard-category":[],"class_list":{"0":"post-57573","1":"product","2":"type-product","3":"status-publish","4":"has-post-thumbnail","6":"product_cat-accessoires-integralhelme","7":"product_cat-integralhelme","9":"first","10":"instock","11":"taxable","12":"shipping-taxable","13":"purchasable","14":"product-type-simple"},"acf":[],"jetpack_sharing_enabled":true,"_links":{"self":[{"href":"https:\/\/dmd.eu\/de\/wp-json\/wp\/v2\/product\/57573","targetHints":{"allow":["GET"]}}],"collection":[{"href":"https:\/\/dmd.eu\/de\/wp-json\/wp\/v2\/product"}],"about":[{"href":"https:\/\/dmd.eu\/de\/wp-json\/wp\/v2\/types\/product"}],"replies":[{"embeddable":true,"href":"https:\/\/dmd.eu\/de\/wp-json\/wp\/v2\/comments?post=57573"}],"wp:featuredmedia":[{"embeddable":true,"href":"https:\/\/dmd.eu\/de\/wp-json\/wp\/v2\/media\/57582"}],"wp:attachment":[{"href":"https:\/\/dmd.eu\/de\/wp-json\/wp\/v2\/media?parent=57573"}],"wp:term":[{"taxonomy":"product_brand","embeddable":true,"href":"https:\/\/dmd.eu\/de\/wp-json\/wp\/v2\/product_brand?post=57573"},{"taxonomy":"product_cat","embeddable":true,"href":"https:\/\/dmd.eu\/de\/wp-json\/wp\/v2\/product_cat?post=57573"},{"taxonomy":"product_tag","embeddable":true,"href":"https:\/\/dmd.eu\/de\/wp-json\/wp\/v2\/product_tag?post=57573"},{"taxonomy":"giftcard-category","embeddable":true,"href":"https:\/\/dmd.eu\/de\/wp-json\/wp\/v2\/giftcard-category?post=57573"}],"curies":[{"name":"wp","href":"https:\/\/api.w.org\/{rel}","templated":true}]}}