{"id":56669,"date":"2026-04-17T12:35:02","date_gmt":"2026-04-17T10:35:02","guid":{"rendered":"https:\/\/dmd.eu\/?post_type=product&#038;p=56669"},"modified":"2026-05-03T21:26:02","modified_gmt":"2026-05-03T19:26:02","slug":"shield-yellow-perforierter","status":"publish","type":"product","link":"https:\/\/dmd.eu\/de\/prodotto\/motorradbekleidung\/handschuhe\/shield-yellow-perforierter\/","title":{"rendered":"SHIELD YELLOW LEATHER PERFORIERTER"},"content":{"rendered":"<p>Die <strong>Shield Yellow Perforated<\/strong> Motorradhandschuhe von DMD bestehen aus echtem italienischem Leder und sind f\u00fcr Fahrer gedacht, die auf der Suche nach anspruchsvoller Ausr\u00fcstung sind. Das perforierte Leder in Gelb sorgt f\u00fcr eine hervorragende Bel\u00fcftung und h\u00e4lt die H\u00e4nde auch an den hei\u00dfesten Tagen k\u00fchl und trocken. Weich und bequem bieten sie ein hervorragendes Gef\u00fchl f\u00fcr die Bedienelemente und eine pr\u00e4zise Kontrolle in jeder Situation. Markantes Design und maximale Funktionalit\u00e4t, von DMD.<\/p>\n<p>Zudem sind sie CE-zertifiziert und gew\u00e4hrleisten h\u00f6chste Sicherheit im Stra\u00dfenverkehr.<\/p>\n","protected":false},"excerpt":{"rendered":"<p>Die Shield Yellow Perforated Motorradhandschuhe von DMD bestehen aus echtem italienischem Leder und sind f\u00fcr Fahrer gedacht, die auf der Suche nach anspruchsvoller Ausr\u00fcstung sind. Das perforierte Leder in Gelb sorgt f\u00fcr eine hervorragende Bel\u00fcftung und h\u00e4lt die H\u00e4nde auch an den hei\u00dfesten Tagen k\u00fchl und trocken. Weich und bequem bieten sie ein hervorragendes Gef\u00fchl [&hellip;]<\/p>\n","protected":false},"featured_media":56717,"comment_status":"closed","ping_status":"closed","template":"","meta":{"_acf_changed":false},"product_brand":[],"product_cat":[264,353],"product_tag":[],"giftcard-category":[],"class_list":{"0":"post-56669","1":"product","2":"type-product","3":"status-publish","4":"has-post-thumbnail","6":"product_cat-motorradbekleidung","7":"product_cat-handschuhe","9":"first","10":"instock","11":"taxable","12":"shipping-taxable","13":"purchasable","14":"product-type-variable"},"acf":[],"jetpack_sharing_enabled":true,"_links":{"self":[{"href":"https:\/\/dmd.eu\/de\/wp-json\/wp\/v2\/product\/56669","targetHints":{"allow":["GET"]}}],"collection":[{"href":"https:\/\/dmd.eu\/de\/wp-json\/wp\/v2\/product"}],"about":[{"href":"https:\/\/dmd.eu\/de\/wp-json\/wp\/v2\/types\/product"}],"replies":[{"embeddable":true,"href":"https:\/\/dmd.eu\/de\/wp-json\/wp\/v2\/comments?post=56669"}],"wp:featuredmedia":[{"embeddable":true,"href":"https:\/\/dmd.eu\/de\/wp-json\/wp\/v2\/media\/56717"}],"wp:attachment":[{"href":"https:\/\/dmd.eu\/de\/wp-json\/wp\/v2\/media?parent=56669"}],"wp:term":[{"taxonomy":"product_brand","embeddable":true,"href":"https:\/\/dmd.eu\/de\/wp-json\/wp\/v2\/product_brand?post=56669"},{"taxonomy":"product_cat","embeddable":true,"href":"https:\/\/dmd.eu\/de\/wp-json\/wp\/v2\/product_cat?post=56669"},{"taxonomy":"product_tag","embeddable":true,"href":"https:\/\/dmd.eu\/de\/wp-json\/wp\/v2\/product_tag?post=56669"},{"taxonomy":"giftcard-category","embeddable":true,"href":"https:\/\/dmd.eu\/de\/wp-json\/wp\/v2\/giftcard-category?post=56669"}],"curies":[{"name":"wp","href":"https:\/\/api.w.org\/{rel}","templated":true}]}}